{"id":164,"date":"2017-11-30T16:23:26","date_gmt":"2017-11-30T16:23:26","guid":{"rendered":"http:\/\/cityofmercy.lt\/?page_id=164"},"modified":"2021-05-27T13:53:15","modified_gmt":"2021-05-27T10:53:15","slug":"visu-sventuju-baznycia","status":"publish","type":"page","link":"https:\/\/cityofmercy.lt\/lt_LT\/objektai\/visu-sventuju-baznycia\/","title":{"rendered":"Vis\u0173 \u0160vent\u0173j\u0173 ba\u017eny\u010dia"},"content":{"rendered":"[vc_row type=&#8221;in_container&#8221; full_screen_row_position=&#8221;middle&#8221; scene_position=&#8221;center&#8221; text_color=&#8221;dark&#8221; text_align=&#8221;left&#8221; overlay_strength=&#8221;0.3&#8243; shape_divider_position=&#8221;bottom&#8221;][vc_column centered_text=&#8221;true&#8221; column_padding=&#8221;no-extra-padding&#8221; column_padding_position=&#8221;all&#8221; background_color_opacity=&#8221;1&#8243; background_hover_color_opacity=&#8221;1&#8243; column_shadow=&#8221;none&#8221; column_border_radius=&#8221;none&#8221; width=&#8221;1\/1&#8243; tablet_text_alignment=&#8221;default&#8221; phone_text_alignment=&#8221;default&#8221; column_border_width=&#8221;none&#8221; column_border_style=&#8221;solid&#8221;][vc_column_text]\n<h4><strong>Vis\u0173 \u0160vent\u0173j\u0173 ba\u017eny\u010dia\u00a0<\/strong><\/h4>\n[\/vc_column_text]<div class=\"divider-wrap\"><div style=\"margin-top: 25px; height: 1px; margin-bottom: 25px;\" data-width=\"100%\" data-animate=\"\" data-animation-delay=\"\" data-color=\"default\" class=\"divider-border\"><\/div><\/div>[\/vc_column][\/vc_row][vc_row type=&#8221;in_container&#8221; full_screen_row_position=&#8221;middle&#8221; scene_position=&#8221;center&#8221; text_color=&#8221;dark&#8221; text_align=&#8221;left&#8221; overlay_strength=&#8221;0.3&#8243; shape_divider_position=&#8221;bottom&#8221;][vc_column column_padding=&#8221;no-extra-padding&#8221; column_padding_position=&#8221;all&#8221; background_color_opacity=&#8221;1&#8243; background_hover_color_opacity=&#8221;1&#8243; column_shadow=&#8221;none&#8221; column_border_radius=&#8221;none&#8221; top_margin=&#8221;-30&#8243; width=&#8221;1\/1&#8243; tablet_text_alignment=&#8221;default&#8221; phone_text_alignment=&#8221;default&#8221; column_border_width=&#8221;none&#8221; column_border_style=&#8221;solid&#8221;][vc_row_inner column_margin=&#8221;default&#8221; text_align=&#8221;left&#8221;][vc_column_inner column_padding=&#8221;no-extra-padding&#8221; column_padding_position=&#8221;all&#8221; background_color_opacity=&#8221;1&#8243; background_hover_color_opacity=&#8221;1&#8243; column_shadow=&#8221;none&#8221; column_border_radius=&#8221;none&#8221; width=&#8221;1\/2&#8243; column_border_width=&#8221;none&#8221; column_border_style=&#8221;solid&#8221;][nectar_image_with_hotspots image=&#8221;479&#8243; preview=&#8221;http:\/\/cityofmercy.lt\/wp-content\/uploads\/2017\/12\/2.visu_.jpg&#8221; color_1=&#8221;Accent-Color&#8221; hotspot_icon=&#8221;plus_sign&#8221; tooltip=&#8221;hover&#8221; tooltip_shadow=&#8221;medium_depth&#8221; animation=&#8221;true&#8221;][nectar_hotspot left=&#8221;9.41326530612245%&#8221; top=&#8221;75.91743119266054%&#8221; position=&#8221;right&#8221;]Gerasis Ganytojas[\/nectar_hotspot][nectar_hotspot left=&#8221;32.68813775510204%&#8221; top=&#8221;58.63914373088684%&#8221; position=&#8221;right&#8221;]Juozapo ir Marijos vestuv\u0117s[\/nectar_hotspot][nectar_hotspot left=&#8221;43.797831632653065%&#8221; top=&#8221;52.522935779816514%&#8221; position=&#8221;top&#8221;]\u010censtachovos Marijos paveikslo kopija[\/nectar_hotspot][nectar_hotspot left=&#8221;55.545280612244895%&#8221; top=&#8221;51.83008409785933%&#8221; position=&#8221;top&#8221;] XVII a. karmeliti\u0161kos ikonografijos Dievo Motinos, Skaistyklos Siel\u0173 Gelb\u0117tojos, atvaizdas[\/nectar_hotspot][nectar_hotspot left=&#8221;60.58354591836734%&#8221; top=&#8221;59.207759938837924%&#8221; position=&#8221;top&#8221;]\u0160v. Petras Veronietis XIII a. itak\u0173 katalik\u0173 kunigas, dominikonas, Lombardijos inkvizitorius. Nu\u017eudytas samdomo \u017eudiko po 11 m\u0117nesi\u0173 paskelbtas \u0161ventuoju. Tai grei\u010diausiai istorijoje \u012fvykusi kanonizacija. [\/nectar_hotspot][\/nectar_image_with_hotspots]<div class=\"divider-wrap\"><div style=\"height: 20px;\" class=\"divider\"><\/div><\/div>[vc_column_text]<strong>Ba\u017eny\u010dia patenka \u012f<\/strong> <a href=\"http:\/\/cityofmercy.lt\/marsrutai\/marijos-gerbimo-vietos\/\" target=\"_blank\" rel=\"noopener\">Marijos gerbimo viet\u0173<\/a> mar\u0161rut\u0105[\/vc_column_text]<div class=\"divider-wrap\"><div style=\"height: 20px;\" class=\"divider\"><\/div><\/div>[vc_column_text]\n<div class=\"wpb_text_column wpb_content_element \">\n<div class=\"wpb_wrapper\">\n<p align=\"JUSTIFY\"><span lang=\"lt-LT\">Vilniaus Vis\u0173 \u0160vent\u0173j\u0173 ba\u017eny\u010dia Lietuvos ir Lenkijos karaliaus Zigmanto III Vazos sekretoriaus Vaitiekaus Adalberto Chlud\u017einskio iniciatyva buvo pastatyta 1632 m. tuometiniame miesto pakra\u0161tyje \u2013 prie pietvakarin\u0117s miesto gynybin\u0117s sienos ir \u0161iandien nebei\u0161likusi\u0173 R\u016bdinink\u0173 vart\u0173. 1628 m. sujungus ankstesnius pastatus, baigtas statyti vienuolynas. Jis buvo vienas i\u0161 pagrindini\u0173 Lietuvos Did\u017eiosios Kunigaik\u0161tyst\u0117s senosios regulos karmelit\u0173 centr\u0173. <\/span>1810 m. prie Vis\u0173 \u0160vent\u0173j\u0173 ba\u017eny\u010dios susik\u016br\u0117 viena did\u017eiausi\u0173 parapij\u0173 Vilniuje (1830 m. jai priklaus\u0117 12 250 parapijie\u010di\u0173).<\/p>\n<p align=\"JUSTIFY\"><span lang=\"lt-LT\">1743\u00a0m. prie kair\u0117s fasado pus\u0117s pristatyta v\u0117lyvojo baroko form\u0173 varpin\u0117, atspindinti Vilniaus baroko mokyklos tradicijas ir tapusi vienu i\u0161 senamies\u010dio ry\u0161kiausiai matom\u0173 statini\u0173. XVIII a. pabaigoje perstatyta ir pati ba\u017eny\u010dia. Ji yra trinav\u0117, bazilikin\u0117, su gilia presbiterija ir dviem kupolin\u0117mis koply\u010diomis i\u0161 \u0161on\u0173. Ba\u017eny\u010dioje yra 18 altori\u0173, papuo\u0161t\u0173 paveikslais, ry\u0161kiai da\u017eytomis skulpt\u016bromis ir aukso spalvos puo\u0161ybiniais elementais.<\/span><\/p>\n<p align=\"JUSTIFY\"><span lang=\"lt-LT\">Po 1831 ir 1863 m. sukilim\u0173 vienuolyne \u012fkurdinti u\u017edaryt\u0173 vienuolyn\u0173 vienuoliai, prad\u0117jo veikti kunig\u0173 kal\u0117jimas. 1886 m. vienuolynas u\u017edarytas, ir tai v\u0117liausiai u\u017edarytas Romos katalik\u0173 vienuolynas Vilniuje. 1887 m. j\u012f per\u0117m\u0117 vaik\u0173 prieglaud\u0173 draugija, jame buvo \u012frengti butai, parduotuv\u0117s. Sovietme\u010diu vienuolyno pastatuose buvo butai, pirmame auk\u0161te veik\u0117 bakal\u0117jos parduotuv\u0117s, \u012frengtas LTSR Dail\u0117s muziejaus liaudies meno skyrius. Ba\u017eny\u010dioje veik\u0117 sand\u0117lis, o 1975\u20131990 m. Vilniaus dail\u0117s muziejaus ekspozicija. <\/span><\/p>\n<p align=\"JUSTIFY\"><span lang=\"lt-LT\">Ba\u017eny\u010dios altoriuose iki jos u\u017edarymo kabojo 11 paveiksl\u0173 su aptaisais, kurie liudijo apie malones, teikiamas tikintiesiems per \u0161iuos paveikslus. 1991 m. gr\u0105\u017einus ba\u017eny\u010di\u0105 tikintiesiems, \u0161ventov\u0117 buvo atnaujinta ir sugr\u0105\u017einti kai kurie jai priklaus\u0119 paveikslai. Ba\u017eny\u010dios kairiajame \u0161oniniame altoriuje gerbiamas karmelitams priklaus\u0119s aptaisais puo\u0161tas Dievo Motinos su K\u016bdikiu paveikslas, o kitoje pus\u0117je, de\u0161iniajame altoriuje, kabo taip pat vertingas XVII a. karmeliti\u0161kos ikonografijos paveikslas Dievo Motinos, Skaistyklos Siel\u0173 Gelb\u0117tojos, atvaizdas. <\/span><\/p>\n<p align=\"JUSTIFY\"><span lang=\"lt-LT\">Dievo Motina, Skaistyklos Siel\u0173 Gelb\u0117toja ir karmelit\u0173 pamaldumas Marijai. Karmelitai \u0160v\u010d. Mergel\u0119 Marij\u0105 laik\u0117 tobulo maldos gyvenimo pavyzd\u017eiu, rodan\u010diu keli\u0105 pas Diev\u0105. Lietuvoje karmelitai ypa\u010d skleid\u0117 maldos u\u017e mirusiuosius praktik\u0105, susiet\u0105 su pamaldumu Dievo Motinai. To meto religin\u0117je vaizduot\u0117je svarbi\u0105 viet\u0105 u\u017e\u0117m\u0117 skaistykla, kurioje mirusieji prie\u0161 am\u017ein\u0105j\u012f gyvenim\u0105 apvalomi nuo yd\u0173 ir tr\u016bkum\u0173. Dievo Motina laikoma svarbiausia sielos sutaikymo su Dievu palydove ir tarpininke. <\/span><\/p>\n<\/div>\n<\/div>\n[\/vc_column_text][\/vc_column_inner][vc_column_inner column_padding=&#8221;no-extra-padding&#8221; column_padding_position=&#8221;all&#8221; background_color_opacity=&#8221;1&#8243; background_hover_color_opacity=&#8221;1&#8243; column_shadow=&#8221;none&#8221; column_border_radius=&#8221;none&#8221; width=&#8221;1\/2&#8243; column_border_width=&#8221;none&#8221; column_border_style=&#8221;solid&#8221;]<div class=\"iwithtext\"><div class=\"iwt-icon\"> <i class=\"icon-default-style icon-map-marker accent-color\"><\/i> <\/div><div class=\"iwt-text\"> <a href=\"https:\/\/www.google.com\/maps\/place\/R\u016bdnink\u0173+g.+20,+Vilnius+01307\/@54.6757538,25.2818368,17z\/data=!3m1!4b1!4m5!3m4!1s0x46dd946ac7f520e7:0x5ca66a3f24ffefac!8m2!3d54.6757507!4d25.2840255\" target=\"_blank\" rel=\"noopener\">R\u016bdnink\u0173 g. 20\/1, Vilnius<\/a> <\/div><div class=\"clear\"><\/div><\/div><div class=\"iwithtext\"><div class=\"iwt-icon\"> <i class=\"icon-default-style icon-time accent-color\"><\/i> <\/div><div class=\"iwt-text\"> <strong>Ba\u017eny\u010dia atidaryta<\/strong><br \/>\nI: 15.00\u201319.30<br \/>\nII\u2013V: 11.00\u201319.30<br \/>\nVI: 8.00\u201318.00<br \/>\nVII: 8.00\u201317.00 <\/div><div class=\"clear\"><\/div><\/div><div class=\"iwithtext\"><div class=\"iwt-icon\"> <img decoding=\"async\" src=\"https:\/\/cityofmercy.lt\/wp-content\/uploads\/2017\/12\/taurinis.png\" alt=\"\" \/> <\/div><div class=\"iwt-text\"> <strong>\u0160v. Mi\u0161ios (lietuvi\u0173 k.)<\/strong><br \/>\nI\u2013V: 18.30<br \/>\nVI: 10.00<br \/>\nVII: 9.00, 12.00 <\/div><div class=\"clear\"><\/div><\/div><div class=\"iwithtext\"><div class=\"iwt-icon\">  <\/div><div class=\"iwt-text\"> <strong>\u0160v. Mi\u0161ios (lenk\u0173 k.)<\/strong><br \/>\nI\u2013V: 17.30<br \/>\nVI: 9.00<br \/>\nVII: 10.30 <\/div><div class=\"clear\"><\/div><\/div><div class=\"iwithtext\"><div class=\"iwt-icon\"> <i class=\"icon-default-style icon-phone accent-color\"><\/i> <\/div><div class=\"iwt-text\"> +370 6 700 1405 <\/div><div class=\"clear\"><\/div><\/div><div class=\"iwithtext\"><div class=\"iwt-icon\"> <i class=\"icon-default-style icon-globe accent-color\"><\/i> <\/div><div class=\"iwt-text\"> <a href=\"http:\/\/www.vvsventujuparapija.lt\" target=\"_blank\" rel=\"noopener\">www.vvsventujuparapija.lt<\/a> <\/div><div class=\"clear\"><\/div><\/div>[\/vc_column_inner][\/vc_row_inner][\/vc_column][\/vc_row][vc_row type=&#8221;in_container&#8221; full_screen_row_position=&#8221;middle&#8221; scene_position=&#8221;center&#8221; text_color=&#8221;dark&#8221; text_align=&#8221;left&#8221; overlay_strength=&#8221;0.3&#8243; shape_divider_position=&#8221;bottom&#8221;][vc_column column_padding=&#8221;no-extra-padding&#8221; column_padding_position=&#8221;all&#8221; background_color_opacity=&#8221;1&#8243; background_hover_color_opacity=&#8221;1&#8243; column_shadow=&#8221;none&#8221; column_border_radius=&#8221;none&#8221; width=&#8221;1\/1&#8243; tablet_text_alignment=&#8221;default&#8221; phone_text_alignment=&#8221;default&#8221; column_border_width=&#8221;none&#8221; column_border_style=&#8221;solid&#8221;]<div class=\"divider-wrap\"><div style=\"height: 200px;\" class=\"divider\"><\/div><\/div>[\/vc_column][\/vc_row]\n","protected":false},"excerpt":{"rendered":"<p>[vc_row type=&#8221;in_container&#8221; full_screen_row_position=&#8221;middle&#8221; scene_position=&#8221;center&#8221; text_color=&#8221;dark&#8221; text_align=&#8221;left&#8221; overlay_strength=&#8221;0.3&#8243; shape_divider_position=&#8221;bottom&#8221;][vc_column centered_text=&#8221;true&#8221; column_padding=&#8221;no-extra-padding&#8221; column_&#8230;<\/p>\n","protected":false},"author":2,"featured_media":293,"parent":38,"menu_order":0,"comment_status":"closed","ping_status":"closed","template":"","meta":{"footnotes":""},"class_list":["post-164","page","type-page","status-publish","has-post-thumbnail","hentry"],"_links":{"self":[{"href":"https:\/\/cityofmercy.lt\/lt_LT\/wp-json\/wp\/v2\/pages\/164","targetHints":{"allow":["GET"]}}],"collection":[{"href":"https:\/\/cityofmercy.lt\/lt_LT\/wp-json\/wp\/v2\/pages"}],"about":[{"href":"https:\/\/cityofmercy.lt\/lt_LT\/wp-json\/wp\/v2\/types\/page"}],"author":[{"embeddable":true,"href":"https:\/\/cityofmercy.lt\/lt_LT\/wp-json\/wp\/v2\/users\/2"}],"replies":[{"embeddable":true,"href":"https:\/\/cityofmercy.lt\/lt_LT\/wp-json\/wp\/v2\/comments?post=164"}],"version-history":[{"count":47,"href":"https:\/\/cityofmercy.lt\/lt_LT\/wp-json\/wp\/v2\/pages\/164\/revisions"}],"predecessor-version":[{"id":6030,"href":"https:\/\/cityofmercy.lt\/lt_LT\/wp-json\/wp\/v2\/pages\/164\/revisions\/6030"}],"up":[{"embeddable":true,"href":"https:\/\/cityofmercy.lt\/lt_LT\/wp-json\/wp\/v2\/pages\/38"}],"wp:featuredmedia":[{"embeddable":true,"href":"https:\/\/cityofmercy.lt\/lt_LT\/wp-json\/wp\/v2\/media\/293"}],"wp:attachment":[{"href":"https:\/\/cityofmercy.lt\/lt_LT\/wp-json\/wp\/v2\/media?parent=164"}],"curies":[{"name":"wp","href":"https:\/\/api.w.org\/{rel}","templated":true}]}}