{"id":1629,"date":"2017-12-19T15:40:43","date_gmt":"2017-12-19T15:40:43","guid":{"rendered":"http:\/\/cityofmercy.lt\/?page_id=1629"},"modified":"2021-06-08T10:32:27","modified_gmt":"2021-06-08T07:32:27","slug":"zemelapiu-atsisiuntimas","status":"publish","type":"page","link":"https:\/\/cityofmercy.lt\/lt_LT\/planavimas\/zemelapiu-atsisiuntimas\/","title":{"rendered":"\u017dem\u0117lapi\u0173 atsisiuntimas"},"content":{"rendered":"[vc_row type=&#8221;in_container&#8221; full_screen_row_position=&#8221;middle&#8221; scene_position=&#8221;center&#8221; text_color=&#8221;dark&#8221; text_align=&#8221;left&#8221; overlay_strength=&#8221;0.3&#8243; shape_divider_position=&#8221;bottom&#8221;][vc_column centered_text=&#8221;true&#8221; column_padding=&#8221;no-extra-padding&#8221; column_padding_position=&#8221;all&#8221; background_color_opacity=&#8221;1&#8243; background_hover_color_opacity=&#8221;1&#8243; column_shadow=&#8221;none&#8221; column_border_radius=&#8221;none&#8221; width=&#8221;1\/1&#8243; tablet_text_alignment=&#8221;default&#8221; phone_text_alignment=&#8221;default&#8221; column_border_width=&#8221;none&#8221; column_border_style=&#8221;solid&#8221;][vc_column_text]\n<h4><strong>\u017dem\u0117lapiai.<\/strong> Atsisi\u0173sk norim\u0105 \u017eem\u0117lap\u012f.<\/h4>\n[\/vc_column_text]<div class=\"divider-wrap\"><div style=\"margin-top: 20px; height: 1px; margin-bottom: 20px;\" data-width=\"100%\" data-animate=\"\" data-animation-delay=\"\" data-color=\"default\" class=\"divider-border\"><\/div><\/div>[\/vc_column][\/vc_row][vc_row type=&#8221;in_container&#8221; full_screen_row_position=&#8221;middle&#8221; scene_position=&#8221;center&#8221; text_color=&#8221;dark&#8221; text_align=&#8221;left&#8221; overlay_strength=&#8221;0.3&#8243; shape_divider_position=&#8221;bottom&#8221;][vc_column centered_text=&#8221;true&#8221; column_padding=&#8221;padding-15-percent&#8221; column_padding_position=&#8221;top-bottom&#8221; background_color=&#8221;#1e73be&#8221; background_color_opacity=&#8221;0.3&#8243; background_color_hover=&#8221;#1e73be&#8221; background_hover_color_opacity=&#8221;0.6&#8243; background_image=&#8221;250&#8243; enable_bg_scale=&#8221;true&#8221; column_shadow=&#8221;none&#8221; column_border_radius=&#8221;3px&#8221; width=&#8221;1\/2&#8243; tablet_text_alignment=&#8221;default&#8221; phone_text_alignment=&#8221;default&#8221; column_border_width=&#8221;none&#8221; column_link=&#8221;https:\/\/drive.google.com\/file\/d\/1F3ahA4w94mewpksBZGbCw5&#8211;Q3F6gux5\/view?usp=sharing&#8221;]<div class=\"divider-wrap\"><div style=\"height: 20px;\" class=\"divider\"><\/div><\/div>[vc_column_text]\n<h6 style=\"text-align: center;\"><span style=\"color: #ffffff;\">ATSISI\u0172STI<\/span><\/h6>\n[\/vc_column_text]<div class=\"divider-wrap\"><div style=\"margin-top: 7px; width: 200px; height: 1px; margin-bottom: 7px;\" data-width=\"200\" data-animate=\"\" data-animation-delay=\"\" data-color=\"default\" class=\"divider-small-border\"><\/div><\/div>[vc_column_text]\n<h2 style=\"color: #ffffff;\">GAILESTINGUMO KELIAS<\/h2>\n[\/vc_column_text][\/vc_column][vc_column centered_text=&#8221;true&#8221; column_padding=&#8221;padding-15-percent&#8221; column_padding_position=&#8221;top-bottom&#8221; background_color=&#8221;#1e73be&#8221; background_color_opacity=&#8221;0.3&#8243; background_color_hover=&#8221;#1e73be&#8221; background_hover_color_opacity=&#8221;0.6&#8243; background_image=&#8221;276&#8243; enable_bg_scale=&#8221;true&#8221; column_shadow=&#8221;none&#8221; column_border_radius=&#8221;3px&#8221; width=&#8221;1\/2&#8243; tablet_text_alignment=&#8221;default&#8221; phone_text_alignment=&#8221;default&#8221; column_border_width=&#8221;none&#8221; column_link=&#8221;https:\/\/drive.google.com\/file\/d\/1E8k-Jir4AecB2lGam7IgBH8O2UXypuLq\/view?usp=sharing&#8221;]<div class=\"divider-wrap\"><div style=\"height: 20px;\" class=\"divider\"><\/div><\/div>[vc_column_text]\n<h6 style=\"text-align: center;\"><span style=\"color: #ffffff;\">ATSISI\u0172STI<\/span><\/h6>\n[\/vc_column_text]<div class=\"divider-wrap\"><div style=\"margin-top: 7px; width: 200px; height: 1px; margin-bottom: 7px;\" data-width=\"200\" data-animate=\"\" data-animation-delay=\"\" data-color=\"default\" class=\"divider-small-border\"><\/div><\/div>[vc_column_text]\n<h2 style=\"text-align: center;\"><span style=\"color: #ffffff;\">\u0160V. JONO PAULIAUS II-OJO KELIAS<\/span><\/h2>\n[\/vc_column_text][\/vc_column][\/vc_row][vc_row type=&#8221;in_container&#8221; full_screen_row_position=&#8221;middle&#8221; scene_position=&#8221;center&#8221; text_color=&#8221;dark&#8221; text_align=&#8221;left&#8221; overlay_strength=&#8221;0.3&#8243; shape_divider_position=&#8221;bottom&#8221;][vc_column centered_text=&#8221;true&#8221; column_padding=&#8221;padding-15-percent&#8221; column_padding_position=&#8221;top-bottom&#8221; background_color=&#8221;#1e73be&#8221; background_color_opacity=&#8221;0.3&#8243; background_color_hover=&#8221;#1e73be&#8221; background_hover_color_opacity=&#8221;0.6&#8243; background_image=&#8221;270&#8243; enable_bg_scale=&#8221;true&#8221; column_shadow=&#8221;none&#8221; column_border_radius=&#8221;3px&#8221; width=&#8221;1\/4&#8243; tablet_text_alignment=&#8221;default&#8221; phone_text_alignment=&#8221;default&#8221; column_border_width=&#8221;none&#8221; column_link=&#8221;https:\/\/drive.google.com\/file\/d\/19V0wgrIr8cCDCDjB9bPTV0tbtnpty_2E\/view?usp=sharing&#8221;]<div class=\"divider-wrap\"><div style=\"height: 20px;\" class=\"divider\"><\/div><\/div>[vc_column_text]\n<h6 style=\"text-align: center;\"><span style=\"color: #ffffff;\">ATSISI\u0172STI<\/span><\/h6>\n[\/vc_column_text]<div class=\"divider-wrap\"><div style=\"margin-top: 7px; width: 200px; height: 1px; margin-bottom: 7px;\" data-width=\"200\" data-animate=\"\" data-animation-delay=\"\" data-color=\"default\" class=\"divider-small-border\"><\/div><\/div>[vc_column_text]\n<h2 style=\"text-align: center;\"><span style=\"color: #ffffff;\">VILNIAUS KALVARIJ\u0172 KRY\u017dIAUS KELIAS<\/span><\/h2>\n[\/vc_column_text][\/vc_column][vc_column centered_text=&#8221;true&#8221; column_padding=&#8221;padding-15-percent&#8221; column_padding_position=&#8221;top-bottom&#8221; background_color=&#8221;#2a79bf&#8221; background_color_opacity=&#8221;0.3&#8243; background_color_hover=&#8221;#1e73be&#8221; background_hover_color_opacity=&#8221;0.6&#8243; background_image=&#8221;271&#8243; enable_bg_scale=&#8221;true&#8221; column_shadow=&#8221;none&#8221; column_border_radius=&#8221;3px&#8221; width=&#8221;1\/4&#8243; tablet_text_alignment=&#8221;default&#8221; phone_text_alignment=&#8221;default&#8221; column_border_width=&#8221;none&#8221; column_link=&#8221;https:\/\/drive.google.com\/file\/d\/1Elu-WkCUnQYEC0et8lbYJT5lTenmlELl\/view?usp=sharing&#8221;]<div class=\"divider-wrap\"><div style=\"height: 20px;\" class=\"divider\"><\/div><\/div>[vc_column_text]\n<h6 style=\"text-align: center;\"><span style=\"color: #ffffff;\">ATSISI\u0172STI<\/span><\/h6>\n[\/vc_column_text]<div class=\"divider-wrap\"><div style=\"margin-top: 7px; width: 200px; height: 1px; margin-bottom: 7px;\" data-width=\"200\" data-animate=\"\" data-animation-delay=\"\" data-color=\"default\" class=\"divider-small-border\"><\/div><\/div>[vc_column_text]\n<h2 style=\"text-align: center;\"><span style=\"color: #ffffff;\">MARIJOS GERBIMO<br \/>\nVIETOS<\/span><\/h2>\n[\/vc_column_text][\/vc_column][vc_column centered_text=&#8221;true&#8221; column_padding=&#8221;padding-15-percent&#8221; column_padding_position=&#8221;top-bottom&#8221; background_color=&#8221;#1e73be&#8221; background_color_opacity=&#8221;0.3&#8243; background_color_hover=&#8221;#1e73be&#8221; background_hover_color_opacity=&#8221;0.6&#8243; background_image=&#8221;263&#8243; enable_bg_scale=&#8221;true&#8221; column_shadow=&#8221;none&#8221; column_border_radius=&#8221;3px&#8221; width=&#8221;1\/4&#8243; tablet_text_alignment=&#8221;default&#8221; phone_text_alignment=&#8221;default&#8221; column_border_width=&#8221;none&#8221; column_link=&#8221;https:\/\/drive.google.com\/file\/d\/1JnyhtJZ3DwoxK9cd546Sp7Lu7K6tSJNJ\/view?usp=sharing&#8221;]<div class=\"divider-wrap\"><div style=\"height: 20px;\" class=\"divider\"><\/div><\/div>[vc_column_text]\n<h6 style=\"text-align: center;\"><span style=\"color: #ffffff;\">ATSISI\u0172STI<\/span><\/h6>\n[\/vc_column_text]<div class=\"divider-wrap\"><div style=\"margin-top: 7px; width: 200px; height: 1px; margin-bottom: 7px;\" data-width=\"200\" data-animate=\"\" data-animation-delay=\"\" data-color=\"default\" class=\"divider-small-border\"><\/div><\/div>[vc_column_text]\n<h2 style=\"text-align: center;\"><span style=\"color: #ffffff;\">VILNIAUS<br \/>\n\u0160VENTIEJI<\/span><\/h2>\n[\/vc_column_text][\/vc_column][vc_column centered_text=&#8221;true&#8221; column_padding=&#8221;padding-15-percent&#8221; column_padding_position=&#8221;top-bottom&#8221; background_color=&#8221;#1e73be&#8221; background_color_opacity=&#8221;0.3&#8243; background_color_hover=&#8221;#1e73be&#8221; background_hover_color_opacity=&#8221;0.6&#8243; background_image=&#8221;273&#8243; enable_bg_scale=&#8221;true&#8221; column_shadow=&#8221;none&#8221; column_border_radius=&#8221;3px&#8221; width=&#8221;1\/4&#8243; tablet_text_alignment=&#8221;default&#8221; phone_text_alignment=&#8221;default&#8221; column_border_width=&#8221;none&#8221; column_link=&#8221;https:\/\/drive.google.com\/file\/d\/1DaC5sZEy2HrfxLrLU46HiIvHkYPBykrm\/view?usp=sharing&#8221;]<div class=\"divider-wrap\"><div style=\"height: 20px;\" class=\"divider\"><\/div><\/div>[vc_column_text]\n<h6 style=\"text-align: center;\"><span style=\"color: #ffffff;\">ATSISI\u0172STI<\/span><\/h6>\n[\/vc_column_text]<div class=\"divider-wrap\"><div style=\"margin-top: 7px; width: 200px; height: 1px; margin-bottom: 7px;\" data-width=\"200\" data-animate=\"\" data-animation-delay=\"\" data-color=\"default\" class=\"divider-small-border\"><\/div><\/div>[vc_column_text]\n<h2 style=\"text-align: center;\">\u00a0<span style=\"color: #ffffff;\">KATEDRA. VARPIN\u0116. LOBYNAS<\/span><\/h2>\n[\/vc_column_text][\/vc_column][\/vc_row][vc_row type=&#8221;in_container&#8221; full_screen_row_position=&#8221;middle&#8221; scene_position=&#8221;center&#8221; text_color=&#8221;dark&#8221; text_align=&#8221;left&#8221; overlay_strength=&#8221;0.3&#8243; shape_divider_position=&#8221;bottom&#8221;][vc_column centered_text=&#8221;true&#8221; column_padding=&#8221;padding-15-percent&#8221; column_padding_position=&#8221;top-bottom&#8221; background_color=&#8221;#1e73be&#8221; background_color_opacity=&#8221;0.3&#8243; background_color_hover=&#8221;#1e73be&#8221; background_hover_color_opacity=&#8221;0.6&#8243; background_image=&#8221;268&#8243; enable_bg_scale=&#8221;true&#8221; column_shadow=&#8221;none&#8221; column_border_radius=&#8221;3px&#8221; width=&#8221;1\/4&#8243; tablet_text_alignment=&#8221;default&#8221; phone_text_alignment=&#8221;default&#8221; column_border_width=&#8221;none&#8221; column_link=&#8221;https:\/\/drive.google.com\/file\/d\/1UcKTqP5GEXzogPI1HpBSc-KCMGQAqq9S\/view?usp=sharing&#8221;]<div class=\"divider-wrap\"><div style=\"height: 20px;\" class=\"divider\"><\/div><\/div>[vc_column_text]\n<h6 style=\"text-align: center;\"><span style=\"color: #ffffff;\">ATSISI\u0172STI<\/span><\/h6>\n[\/vc_column_text]<div class=\"divider-wrap\"><div style=\"margin-top: 7px; width: 200px; height: 1px; margin-bottom: 7px;\" data-width=\"200\" data-animate=\"\" data-animation-delay=\"\" data-color=\"default\" class=\"divider-small-border\"><\/div><\/div>[vc_column_text]\n<h2 style=\"text-align: center;\"><span style=\"color: #ffffff;\">\u0160V. JOK\u016aBO KELIAS VILNIUJE<\/span><\/h2>\n[\/vc_column_text][\/vc_column][vc_column centered_text=&#8221;true&#8221; column_padding=&#8221;padding-15-percent&#8221; column_padding_position=&#8221;top-bottom&#8221; background_color=&#8221;#1e73be&#8221; background_color_opacity=&#8221;0.3&#8243; background_color_hover=&#8221;#1e73be&#8221; background_hover_color_opacity=&#8221;0.6&#8243; background_image=&#8221;266&#8243; enable_bg_scale=&#8221;true&#8221; column_shadow=&#8221;none&#8221; column_border_radius=&#8221;3px&#8221; width=&#8221;1\/4&#8243; tablet_text_alignment=&#8221;default&#8221; phone_text_alignment=&#8221;default&#8221; column_border_width=&#8221;none&#8221; column_link=&#8221;https:\/\/drive.google.com\/file\/d\/1glsYai4FuIJbw2bgPvknu1jm5y2YI2ql\/view?usp=sharing&#8221;]<div class=\"divider-wrap\"><div style=\"height: 20px;\" class=\"divider\"><\/div><\/div>[vc_column_text]\n<h6 style=\"text-align: center;\"><span style=\"color: #ffffff;\">ATSISI\u0172STI<\/span><\/h6>\n[\/vc_column_text]<div class=\"divider-wrap\"><div style=\"margin-top: 7px; width: 200px; height: 1px; margin-bottom: 7px;\" data-width=\"200\" data-animate=\"\" data-animation-delay=\"\" data-color=\"default\" class=\"divider-small-border\"><\/div><\/div>[vc_column_text]\n<h2 style=\"text-align: center;\"><span style=\"color: #ffffff;\">J\u0116ZUIT\u0172 KELIAS<br \/>\nVILNIUJE<\/span><\/h2>\n[\/vc_column_text][\/vc_column][vc_column centered_text=&#8221;true&#8221; column_padding=&#8221;padding-15-percent&#8221; column_padding_position=&#8221;top-bottom&#8221; background_color=&#8221;#1e73be&#8221; background_color_opacity=&#8221;0.3&#8243; background_color_hover=&#8221;#268bff&#8221; background_hover_color_opacity=&#8221;0.6&#8243; background_image=&#8221;267&#8243; enable_bg_scale=&#8221;true&#8221; column_shadow=&#8221;none&#8221; column_border_radius=&#8221;3px&#8221; width=&#8221;1\/4&#8243; tablet_text_alignment=&#8221;default&#8221; phone_text_alignment=&#8221;default&#8221; column_border_width=&#8221;none&#8221; column_link=&#8221;https:\/\/drive.google.com\/file\/d\/1O-O0bvtyV007Kti8KQAzA5ubClnU86m0\/view?usp=sharing&#8221;]<div class=\"divider-wrap\"><div style=\"height: 20px;\" class=\"divider\"><\/div><\/div>[vc_column_text]\n<h6 style=\"text-align: center;\"><span style=\"color: #ffffff;\">ATSISI\u0172STI<\/span><\/h6>\n[\/vc_column_text]<div class=\"divider-wrap\"><div style=\"margin-top: 7px; width: 200px; height: 1px; margin-bottom: 7px;\" data-width=\"200\" data-animate=\"\" data-animation-delay=\"\" data-color=\"default\" class=\"divider-small-border\"><\/div><\/div>[vc_column_text]\n<h2 style=\"text-align: center;\"><span style=\"color: #ffffff;\">PRANCI\u0160KON\u0172 KELIAS VILNIUJE<\/span><\/h2>\n[\/vc_column_text][\/vc_column][vc_column centered_text=&#8221;true&#8221; column_padding=&#8221;padding-15-percent&#8221; column_padding_position=&#8221;top-bottom&#8221; background_color=&#8221;#1e73be&#8221; background_color_opacity=&#8221;0.3&#8243; background_color_hover=&#8221;#1e73be&#8221; background_hover_color_opacity=&#8221;0.6&#8243; background_image=&#8221;6157&#8243; enable_bg_scale=&#8221;true&#8221; column_shadow=&#8221;none&#8221; column_border_radius=&#8221;3px&#8221; width=&#8221;1\/4&#8243; tablet_text_alignment=&#8221;default&#8221; phone_text_alignment=&#8221;default&#8221; column_border_width=&#8221;none&#8221; column_link=&#8221;https:\/\/drive.google.com\/file\/d\/14ooGGHYe9jLruXcJ-C6-_LoThaHuJHqO\/view?usp=sharing&#8221;]<div class=\"divider-wrap\"><div style=\"height: 20px;\" class=\"divider\"><\/div><\/div>[vc_column_text]\n<h6 style=\"text-align: center;\"><span style=\"color: #ffffff;\">ATSISI\u0172STI<\/span><\/h6>\n[\/vc_column_text]<div class=\"divider-wrap\"><div style=\"margin-top: 7px; width: 200px; height: 1px; margin-bottom: 7px;\" data-width=\"200\" data-animate=\"\" data-animation-delay=\"\" data-color=\"default\" class=\"divider-small-border\"><\/div><\/div>[vc_column_text]\n<h2 style=\"text-align: center;\"><span style=\"color: #ffffff;\">DOMINIKON\u0172 KELIAS VILNIUJE<\/span><\/h2>\n[\/vc_column_text][\/vc_column][\/vc_row][vc_row type=&#8221;in_container&#8221; full_screen_row_position=&#8221;middle&#8221; scene_position=&#8221;center&#8221; text_color=&#8221;dark&#8221; text_align=&#8221;left&#8221; overlay_strength=&#8221;0.3&#8243; shape_divider_position=&#8221;bottom&#8221;][vc_column column_padding=&#8221;no-extra-padding&#8221; column_padding_position=&#8221;all&#8221; background_color_opacity=&#8221;1&#8243; background_hover_color_opacity=&#8221;1&#8243; column_shadow=&#8221;none&#8221; column_border_radius=&#8221;none&#8221; width=&#8221;1\/1&#8243; tablet_text_alignment=&#8221;default&#8221; phone_text_alignment=&#8221;default&#8221; column_border_width=&#8221;none&#8221; column_border_style=&#8221;solid&#8221;]<div class=\"divider-wrap\"><div style=\"height: 25px;\" class=\"divider\"><\/div><\/div>[\/vc_column][\/vc_row]\n","protected":false},"excerpt":{"rendered":"<p>[vc_row type=&#8221;in_container&#8221; full_screen_row_position=&#8221;middle&#8221; scene_position=&#8221;center&#8221; text_color=&#8221;dark&#8221; text_align=&#8221;left&#8221; overlay_strength=&#8221;0.3&#8243; shape_divider_position=&#8221;bottom&#8221;][vc_column centered_text=&#8221;true&#8221; column_padding=&#8221;no-extra-padding&#8221; colu&#8230;<\/p>\n","protected":false},"author":2,"featured_media":244,"parent":49,"menu_order":0,"comment_status":"closed","ping_status":"closed","template":"","meta":{"footnotes":""},"class_list":["post-1629","page","type-page","status-publish","has-post-thumbnail","hentry"],"_links":{"self":[{"href":"https:\/\/cityofmercy.lt\/lt_LT\/wp-json\/wp\/v2\/pages\/1629","targetHints":{"allow":["GET"]}}],"collection":[{"href":"https:\/\/cityofmercy.lt\/lt_LT\/wp-json\/wp\/v2\/pages"}],"about":[{"href":"https:\/\/cityofmercy.lt\/lt_LT\/wp-json\/wp\/v2\/types\/page"}],"author":[{"embeddable":true,"href":"https:\/\/cityofmercy.lt\/lt_LT\/wp-json\/wp\/v2\/users\/2"}],"replies":[{"embeddable":true,"href":"https:\/\/cityofmercy.lt\/lt_LT\/wp-json\/wp\/v2\/comments?post=1629"}],"version-history":[{"count":39,"href":"https:\/\/cityofmercy.lt\/lt_LT\/wp-json\/wp\/v2\/pages\/1629\/revisions"}],"predecessor-version":[{"id":7031,"href":"https:\/\/cityofmercy.lt\/lt_LT\/wp-json\/wp\/v2\/pages\/1629\/revisions\/7031"}],"up":[{"embeddable":true,"href":"https:\/\/cityofmercy.lt\/lt_LT\/wp-json\/wp\/v2\/pages\/49"}],"wp:featuredmedia":[{"embeddable":true,"href":"https:\/\/cityofmercy.lt\/lt_LT\/wp-json\/wp\/v2\/media\/244"}],"wp:attachment":[{"href":"https:\/\/cityofmercy.lt\/lt_LT\/wp-json\/wp\/v2\/media?parent=1629"}],"curies":[{"name":"wp","href":"https:\/\/api.w.org\/{rel}","templated":true}]}}