{"id":162,"date":"2017-11-30T16:22:43","date_gmt":"2017-11-30T16:22:43","guid":{"rendered":"http:\/\/cityofmercy.lt\/?page_id=162"},"modified":"2021-05-27T17:44:44","modified_gmt":"2021-05-27T14:44:44","slug":"vilniaus-kalvariju-sv-kryziaus-atradimo-baznycia","status":"publish","type":"page","link":"https:\/\/cityofmercy.lt\/lt_LT\/objektai\/vilniaus-kalvariju-sv-kryziaus-atradimo-baznycia\/","title":{"rendered":"Vilniaus Kalvarij\u0173 \u0160v. Kry\u017eiaus Atradimo ba\u017eny\u010dia"},"content":{"rendered":"[vc_row type=&#8221;in_container&#8221; full_screen_row_position=&#8221;middle&#8221; scene_position=&#8221;center&#8221; text_color=&#8221;dark&#8221; text_align=&#8221;left&#8221; overlay_strength=&#8221;0.3&#8243; shape_divider_position=&#8221;bottom&#8221;][vc_column centered_text=&#8221;true&#8221; column_padding=&#8221;no-extra-padding&#8221; column_padding_position=&#8221;all&#8221; background_color_opacity=&#8221;1&#8243; background_hover_color_opacity=&#8221;1&#8243; column_shadow=&#8221;none&#8221; column_border_radius=&#8221;none&#8221; width=&#8221;1\/1&#8243; tablet_text_alignment=&#8221;default&#8221; phone_text_alignment=&#8221;default&#8221; column_border_width=&#8221;none&#8221; column_border_style=&#8221;solid&#8221;][vc_column_text]\n<h4><strong>Vilniaus Kalvarij\u0173 \u0160v. Kry\u017eiaus Atradimo ba\u017eny\u010dia<\/strong><\/h4>\n[\/vc_column_text]<div class=\"divider-wrap\"><div style=\"margin-top: 25px; height: 1px; margin-bottom: 25px;\" data-width=\"100%\" data-animate=\"\" data-animation-delay=\"\" data-color=\"default\" class=\"divider-border\"><\/div><\/div>[\/vc_column][\/vc_row][vc_row type=&#8221;in_container&#8221; full_screen_row_position=&#8221;middle&#8221; scene_position=&#8221;center&#8221; text_color=&#8221;dark&#8221; text_align=&#8221;left&#8221; overlay_strength=&#8221;0.3&#8243; shape_divider_position=&#8221;bottom&#8221;][vc_column column_padding=&#8221;no-extra-padding&#8221; column_padding_position=&#8221;all&#8221; background_color_opacity=&#8221;1&#8243; background_hover_color_opacity=&#8221;1&#8243; column_shadow=&#8221;none&#8221; column_border_radius=&#8221;none&#8221; top_margin=&#8221;-30&#8243; width=&#8221;1\/1&#8243; tablet_text_alignment=&#8221;default&#8221; phone_text_alignment=&#8221;default&#8221; column_border_width=&#8221;none&#8221; column_border_style=&#8221;solid&#8221;][vc_row_inner column_margin=&#8221;default&#8221; text_align=&#8221;left&#8221;][vc_column_inner column_padding=&#8221;no-extra-padding&#8221; column_padding_position=&#8221;all&#8221; background_color_opacity=&#8221;1&#8243; background_hover_color_opacity=&#8221;1&#8243; column_shadow=&#8221;none&#8221; column_border_radius=&#8221;none&#8221; width=&#8221;1\/2&#8243; column_border_width=&#8221;none&#8221; column_border_style=&#8221;solid&#8221;][nectar_video_lightbox link_style=&#8221;play_button_2&#8243; nectar_play_button_color=&#8221;Default-Accent-Color&#8221; image_url=&#8221;489&#8243; hover_effect=&#8221;defaut&#8221; box_shadow=&#8221;none&#8221; border_radius=&#8221;none&#8221; play_button_size=&#8221;default&#8221; video_url=&#8221;https:\/\/www.youtube.com\/watch?v=UEvLqkA-0N8&#8243;]<div class=\"divider-wrap\"><div style=\"height: 20px;\" class=\"divider\"><\/div><\/div>[vc_column_text]<strong>Ba\u017eny\u010dia patenka \u012f<\/strong> <a href=\"http:\/\/cityofmercy.lt\/marsrutai\/marijos-gerbimo-vietos\/\" target=\"_blank\" rel=\"noopener\">Marijos gerbimo viet\u0173<\/a>, <a href=\"http:\/\/cityofmercy.lt\/marsrutai\/dominikonai-vilniuje\/\" target=\"_blank\" rel=\"noopener\">Dominikon\u0173 kelio Vilniuje<\/a>, <a href=\"http:\/\/cityofmercy.lt\/lt_LT\/marsrutai\/sv-jono-pauliaus-ii-ojo-kelias\/\" target=\"_blank\" rel=\"noopener\">\u0160v. Jono Pauliaus II kelio<\/a> ir <a href=\"http:\/\/cityofmercy.lt\/marsrutai\/vilniaus-kalvariju-kryziaus-kelias\/\" target=\"_blank\" rel=\"noopener\">Kalvarij\u0173 Kry\u017eiaus kelio<\/a> mar\u0161rutus.[\/vc_column_text]<div class=\"divider-wrap\"><div style=\"height: 20px;\" class=\"divider\"><\/div><\/div>[vc_column_text]\n<div class=\"wpb_text_column wpb_content_element \">\n<div class=\"wpb_wrapper\">\n<p style=\"text-align: justify;\">Vilniaus Kalvarij\u0173 Kry\u017eiaus kelias oficialiai pa\u0161ventintas 1669 m. d\u0117kojant Dievui u\u017e pergal\u0119 prie\u0161 Rusijos kariuomen\u0119, kelet\u0105 met\u0173 niokojusi\u0105 Vilniaus kra\u0161t\u0105. 1772 m. \u0161ia vieta besir\u016bpinantys Vilniaus \u0160ventosios Dvasios vienuolyno dominikonai, remiami didik\u0173 ir i\u0161kili\u0173 dvasinink\u0173, pastat\u0117 \u010dia \u0160v. Kry\u017eiaus Atradimo ba\u017eny\u010di\u0105 ir 20 nauj\u0173 koply\u010di\u0173. Iki XX a. ansamblis keit\u0117si ma\u017eai. Daugiau nuostoli\u0173 padar\u0117 tik Napoleono kariuomen\u0117 ir sovietmetis. Sovietin\u0117s vald\u017eios \u012fsakymu 1962 m. per vien\u0105 nakt\u012f susprogdintos beveik visos Kry\u017eiaus kelio stotys, ta\u010diau tai nesustabd\u0117 \u017emoni\u0173 pamaldumo Kristaus kan\u010diai. Kalvarij\u0173 keli\u0105 eidavo slapt\u0173 vienuolij\u0173 nariai ir tikin\u010di\u0173j\u0173 grup\u0117s. Kry\u017eiaus kelio sto\u010di\u0173 atstatymas prad\u0117tas tik atgavus Lietuvos nepriklausomyb\u0119 ir u\u017ebaigtas 2002 m. Dabartin\u012f 7 km ilgio keli\u0105 sudaro 35 stotys.<\/p>\n<p style=\"text-align: justify;\">\u0160v. Kry\u017eiaus Atradimo ba\u017eny\u010dia yra kompozicinis ir id\u0117jinis Vilniaus Kalvarij\u0173 centras. Auk\u0161ta kalva, ant kurios pastatyta ba\u017eny\u010dia, Kalvarij\u0173 topografijoje atitinka Golgotos kaln\u0105. Didysis altorius, dar vadinamas Nukry\u017eiuotojo, yra svarbiausia Kry\u017eiaus kelio stotis, skirta I\u0161ganytojo mir\u010diai ant Kry\u017eiaus pamin\u0117ti. Altoriuje esan\u010di\u0105 Nukry\u017eiuotojo fig\u016br\u0105 tikintieji laiko stebuklinga. Sopulingosios Dievo Motinos altoriuje po stikliniu gaubtu i\u0161statyta \u0160v. Kry\u017eiaus relikvija. Ba\u017eny\u010dios sienas ir skliautus puo\u0161ia \u012fsp\u016bdingos XVIII a. pabaigos freskos.<\/p>\n<p>Kairin\u0117s navos \u0160v\u010d. Mergel\u0117s Marijos altoriuje gerbiamas \u0160v\u010d. Mergel\u0117s Marijos Sopulingosios paveikslas. Vir\u0161 Gailestingojo J\u0117zaus paveikslo yra dominikon\u0173 ba\u017eny\u010dioms b\u016bdingas XVII a. sukurtas Ro\u017einio \u0160v\u010d. Mergel\u0117s Marijos paveikslas. Kairin\u0117je navoje yra dominikon\u0173 laikus menantis \u0161v. Hiacinto (Jackaus) altorius.<\/p>\n<\/div>\n<\/div>\n[\/vc_column_text][\/vc_column_inner][vc_column_inner column_padding=&#8221;no-extra-padding&#8221; column_padding_position=&#8221;all&#8221; background_color_opacity=&#8221;1&#8243; background_hover_color_opacity=&#8221;1&#8243; column_shadow=&#8221;none&#8221; column_border_radius=&#8221;none&#8221; width=&#8221;1\/2&#8243; column_border_width=&#8221;none&#8221; column_border_style=&#8221;solid&#8221;]<div class=\"iwithtext\"><div class=\"iwt-icon\"> <i class=\"icon-default-style icon-map-marker accent-color\"><\/i> <\/div><div class=\"iwt-text\"> <a href=\"https:\/\/goo.gl\/maps\/mMBBVYJdeXaTEQQ48\" target=\"_blank\" rel=\"noopener\">Kalvarij\u0173 g. 327<\/a> <\/div><div class=\"clear\"><\/div><\/div><div class=\"iwithtext\"><div class=\"iwt-icon\"> <i class=\"icon-default-style icon-time accent-color\"><\/i> <\/div><div class=\"iwt-text\"> Ba\u017eny\u010dia atidaroma likus valandai iki \u0161v. Mi\u0161i\u0173. <\/div><div class=\"clear\"><\/div><\/div><div class=\"iwithtext\"><div class=\"iwt-icon\"> <img decoding=\"async\" src=\"https:\/\/cityofmercy.lt\/wp-content\/uploads\/2017\/12\/taurinis.png\" alt=\"\" \/> <\/div><div class=\"iwt-text\"> <strong>\u0160v. Mi\u0161ios (lietuvi\u0173 k.)<\/strong><br \/>\nI\u2013V: 7.00, 19.00<br \/>\nVI: 19.00<br \/>\nVII: 10.30 (vaikams), 12.00, 16.00 (jaunimui) <\/div><div class=\"clear\"><\/div><\/div><div class=\"iwithtext\"><div class=\"iwt-icon\">  <\/div><div class=\"iwt-text\"> <strong>\u0160v. Mi\u0161ios (lenk\u0173 k.)<\/strong><br \/>\nI\u2013VI: 13.00, 18.00<br \/>\nVII: 7.00, 9.00, 13.30 <\/div><div class=\"clear\"><\/div><\/div><div class=\"iwithtext\"><div class=\"iwt-icon\"> <i class=\"icon-default-style icon-calendar accent-color\"><\/i> <\/div><div class=\"iwt-text\"> <strong>Atlaidai<\/strong><br \/>\n<a href=\"https:\/\/cityofmercy.lt\/lt_LT\/renginiai\/sekmines-vilniaus-kalvarijose\/\" target=\"_blank\" rel=\"noopener\">Sekmin\u0117s<\/a><br \/>\n\u0160v. Kry\u017eiaus relikvijos pagerbimas \u2013 kiekvieno m\u0117nesio 14 dien\u0105<br \/>\nKry\u017eiaus keli\u0105 einantiems maldininkams atlaidai suteikiami nuo pirmojo gegu\u017e\u0117s m\u0117nesio sekmadienio iki rugs\u0117jo 14 dienos. <\/div><div class=\"clear\"><\/div><\/div><div class=\"iwithtext\"><div class=\"iwt-icon\"> <i class=\"icon-default-style icon-envelope accent-color\"><\/i> <\/div><div class=\"iwt-text\"> info@vilniauskalvarijos.lt <\/div><div class=\"clear\"><\/div><\/div><div class=\"iwithtext\"><div class=\"iwt-icon\"> <i class=\"icon-default-style icon-globe accent-color\"><\/i> <\/div><div class=\"iwt-text\"> <a href=\"http:\/\/www.vilniauskalvarijos.lt\" target=\"_blank\" rel=\"noopener\">www.vilniauskalvarijos.lt<\/a> <\/div><div class=\"clear\"><\/div><\/div>[\/vc_column_inner][\/vc_row_inner][\/vc_column][\/vc_row][vc_row type=&#8221;in_container&#8221; full_screen_row_position=&#8221;middle&#8221; scene_position=&#8221;center&#8221; text_color=&#8221;dark&#8221; text_align=&#8221;left&#8221; overlay_strength=&#8221;0.3&#8243; shape_divider_position=&#8221;bottom&#8221;][vc_column column_padding=&#8221;no-extra-padding&#8221; column_padding_position=&#8221;all&#8221; background_color_opacity=&#8221;1&#8243; background_hover_color_opacity=&#8221;1&#8243; column_shadow=&#8221;none&#8221; column_border_radius=&#8221;none&#8221; width=&#8221;1\/1&#8243; tablet_text_alignment=&#8221;default&#8221; phone_text_alignment=&#8221;default&#8221; column_border_width=&#8221;none&#8221; column_border_style=&#8221;solid&#8221;]<div class=\"divider-wrap\"><div style=\"height: 200px;\" class=\"divider\"><\/div><\/div>[\/vc_column][\/vc_row]\n","protected":false},"excerpt":{"rendered":"<p>[vc_row type=&#8221;in_container&#8221; full_screen_row_position=&#8221;middle&#8221; scene_position=&#8221;center&#8221; text_color=&#8221;dark&#8221; text_align=&#8221;left&#8221; overlay_strength=&#8221;0.3&#8243; shape_divider_position=&#8221;bottom&#8221;][vc_column centered_text=&#8221;true&#8221; column_padding=&#8221;no-extra-padding&#8221; column_&#8230;<\/p>\n","protected":false},"author":2,"featured_media":545,"parent":38,"menu_order":0,"comment_status":"closed","ping_status":"closed","template":"","meta":{"footnotes":""},"class_list":["post-162","page","type-page","status-publish","has-post-thumbnail","hentry"],"_links":{"self":[{"href":"https:\/\/cityofmercy.lt\/lt_LT\/wp-json\/wp\/v2\/pages\/162","targetHints":{"allow":["GET"]}}],"collection":[{"href":"https:\/\/cityofmercy.lt\/lt_LT\/wp-json\/wp\/v2\/pages"}],"about":[{"href":"https:\/\/cityofmercy.lt\/lt_LT\/wp-json\/wp\/v2\/types\/page"}],"author":[{"embeddable":true,"href":"https:\/\/cityofmercy.lt\/lt_LT\/wp-json\/wp\/v2\/users\/2"}],"replies":[{"embeddable":true,"href":"https:\/\/cityofmercy.lt\/lt_LT\/wp-json\/wp\/v2\/comments?post=162"}],"version-history":[{"count":71,"href":"https:\/\/cityofmercy.lt\/lt_LT\/wp-json\/wp\/v2\/pages\/162\/revisions"}],"predecessor-version":[{"id":6058,"href":"https:\/\/cityofmercy.lt\/lt_LT\/wp-json\/wp\/v2\/pages\/162\/revisions\/6058"}],"up":[{"embeddable":true,"href":"https:\/\/cityofmercy.lt\/lt_LT\/wp-json\/wp\/v2\/pages\/38"}],"wp:featuredmedia":[{"embeddable":true,"href":"https:\/\/cityofmercy.lt\/lt_LT\/wp-json\/wp\/v2\/media\/545"}],"wp:attachment":[{"href":"https:\/\/cityofmercy.lt\/lt_LT\/wp-json\/wp\/v2\/media?parent=162"}],"curies":[{"name":"wp","href":"https:\/\/api.w.org\/{rel}","templated":true}]}}