{"id":160,"date":"2017-11-30T16:21:28","date_gmt":"2017-11-30T16:21:28","guid":{"rendered":"http:\/\/cityofmercy.lt\/?page_id=160"},"modified":"2021-05-27T18:24:41","modified_gmt":"2021-05-27T15:24:41","slug":"vilniaus-arkikatedra-bazilika","status":"publish","type":"page","link":"https:\/\/cityofmercy.lt\/lt_LT\/objektai\/vilniaus-arkikatedra-bazilika\/","title":{"rendered":"Vilniaus arkikatedra bazilika"},"content":{"rendered":"[vc_row type=&#8221;in_container&#8221; full_screen_row_position=&#8221;middle&#8221; scene_position=&#8221;center&#8221; text_color=&#8221;dark&#8221; text_align=&#8221;left&#8221; overlay_strength=&#8221;0.3&#8243; shape_divider_position=&#8221;bottom&#8221;][vc_column centered_text=&#8221;true&#8221; column_padding=&#8221;no-extra-padding&#8221; column_padding_position=&#8221;all&#8221; background_color_opacity=&#8221;1&#8243; background_hover_color_opacity=&#8221;1&#8243; column_shadow=&#8221;none&#8221; column_border_radius=&#8221;none&#8221; width=&#8221;1\/1&#8243; tablet_text_alignment=&#8221;default&#8221; phone_text_alignment=&#8221;default&#8221; column_border_width=&#8221;none&#8221; column_border_style=&#8221;solid&#8221;][vc_column_text]\n<h4><strong>Vilniaus \u0160v. vysk. Stanislovo ir \u0161v. Vladislovo arkikatedra bazilika<\/strong><\/h4>\n[\/vc_column_text]<div class=\"divider-wrap\"><div style=\"margin-top: 25px; height: 1px; margin-bottom: 25px;\" data-width=\"100%\" data-animate=\"\" data-animation-delay=\"\" data-color=\"default\" class=\"divider-border\"><\/div><\/div>[\/vc_column][\/vc_row][vc_row type=&#8221;in_container&#8221; full_screen_row_position=&#8221;middle&#8221; scene_position=&#8221;center&#8221; text_color=&#8221;dark&#8221; text_align=&#8221;left&#8221; overlay_strength=&#8221;0.3&#8243; shape_divider_position=&#8221;bottom&#8221;][vc_column column_padding=&#8221;no-extra-padding&#8221; column_padding_position=&#8221;all&#8221; background_color_opacity=&#8221;1&#8243; background_hover_color_opacity=&#8221;1&#8243; column_shadow=&#8221;none&#8221; column_border_radius=&#8221;none&#8221; top_margin=&#8221;-30&#8243; width=&#8221;1\/1&#8243; tablet_text_alignment=&#8221;default&#8221; phone_text_alignment=&#8221;default&#8221; column_border_width=&#8221;none&#8221; column_border_style=&#8221;solid&#8221;][vc_row_inner column_margin=&#8221;default&#8221; text_align=&#8221;left&#8221;][vc_column_inner column_padding=&#8221;no-extra-padding&#8221; column_padding_position=&#8221;all&#8221; background_color_opacity=&#8221;1&#8243; background_hover_color_opacity=&#8221;1&#8243; column_shadow=&#8221;none&#8221; column_border_radius=&#8221;none&#8221; width=&#8221;1\/2&#8243; column_border_width=&#8221;none&#8221; column_border_style=&#8221;solid&#8221;][nectar_image_with_hotspots image=&#8221;6004&#8243; preview=&#8221;https:\/\/cityofmercy.lt\/wp-content\/uploads\/2021\/01\/IMG_3120-min.jpg&#8221; color_1=&#8221;Accent-Color&#8221; hotspot_icon=&#8221;plus_sign&#8221; tooltip=&#8221;hover&#8221; tooltip_shadow=&#8221;medium_depth&#8221; animation=&#8221;true&#8221;][nectar_hotspot left=&#8221;49.2015%&#8221; top=&#8221;35.1097%&#8221; position=&#8221;right&#8221;]Katedros fronton\u0105 puo\u0161ia trys skulpt\u016bros. Kair\u0117je \u2013 Krokuvos vyskupas ir Vilniaus katedros glob\u0117jas \u0161v. Stanislovas. Viduryje \u2013 \u0161v. Elena \u2013 Romos imperatoriaus Konstantino motina, Palestinoje atradusi kry\u017ei\u0173, ant kurio buvo nukry\u017eiuotas Kristus. De\u0161in\u0117je \u2013 karalaitis \u0161v. Kazimieras \u2013 Lietuvos ir Lenkijos bei jaunimo glob\u0117jas. K. Jelskio sukurtos \u0161vent\u0173j\u0173 skulpt\u016bros sovietme\u010diu buvo nugriautos. 1997 m. jas atk\u016br\u0117 skulptorius Stanislovas Kuzma.[\/nectar_hotspot][nectar_hotspot left=&#8221;44.8815%&#8221; top=&#8221;55.3814%&#8221; position=&#8221;right&#8221;]Timpane vaizduojama Nojaus auka. Biblijoje pasakojama, kaip Nojus d\u0117l savo teisumo buvo Dievo i\u0161gelb\u0117tas nuo tvano. Kartu su \u017emona, s\u016bnumis ir j\u0173 \u017emonomis Nojus \u012f laiv\u0105 pa\u0117m\u0117 vis\u0173 r\u016b\u0161i\u0173 gyv\u016bn\u0173. Skulptorius Tommaso Righi pavaizdavo, kaip nusl\u016bgus vandeniui i\u0161sigelb\u0117jusieji skyr\u0117 Dievui pad\u0117kos auk\u0105. Nojus ir jo \u0161eimos nariai \u017evelgia \u012f kry\u017ei\u0173, i\u0161kelt\u0105 vir\u0161 ba\u017eny\u010dios stogo, simbolizuojant\u012f \u017emonijos i\u0161gelb\u0117jim\u0105 per Kristaus auk\u0105.[\/nectar_hotspot][\/nectar_image_with_hotspots]<div class=\"divider-wrap\"><div style=\"height: 20px;\" class=\"divider\"><\/div><\/div>[vc_column_text]<strong>Ba\u017eny\u010dia patenka \u012f<\/strong> <a href=\"http:\/\/cityofmercy.lt\/lt_LT\/marsrutai\/gailestingumo-kelias\/\" target=\"_blank\" rel=\"noopener\">Gailestingumo kelio<\/a>, <a href=\"http:\/\/cityofmercy.lt\/lt_LT\/marsrutai\/sv-jono-pauliaus-ii-ojo-kelias\/\" target=\"_blank\" rel=\"noopener\">\u0160V. Jono Pauliaus II kelio<\/a>, <a href=\"http:\/\/cityofmercy.lt\/lt_LT\/marsrutai\/marijos-gerbimo-vietos\/\" target=\"_blank\" rel=\"noopener\">Marijos gerbimo viet\u0173<\/a>, <a href=\"http:\/\/cityofmercy.lt\/lt_LT\/marsrutai\/katedra-varpine-lobynas\/\" target=\"_blank\" rel=\"noopener\">Katedra.Varpin\u0117.Lobynas.<\/a> mar\u0161rutus[\/vc_column_text]<div class=\"divider-wrap\"><div style=\"height: 20px;\" class=\"divider\"><\/div><\/div>[vc_column_text]\n<p style=\"text-align: justify;\">Istorin\u0119 kelion\u0119 Lietuvoje \u0161v. Jonas Paulius II prad\u0117jo malda Vilniaus arkikatedroje bazilikoje primindamas, kad \u0161ioje \u0161ventov\u0117je plaka lietuvi\u0173 tautos \u0161irdis. Vilniaus arkikatedra yra viena seniausi\u0173 Lietuvos ba\u017eny\u010di\u0173. Pirm\u0105 kart\u0105 istoriniuose \u0161altiniuose ji pamin\u0117ta 1387-aisiais, Lietuvos krik\u0161to metais. \u0160v. Vladislovo (Vengrijos karaliaus ir glob\u0117jo) titulas katedrai suteiktas pagal to meto Lietuvos ir Lenkijos valdovo Jogailos krik\u0161to vard\u0105. Centriniame altoriuje esantis paveikslas, nutapytas \u017eymaus lietuvi\u0173 dailininko Pranci\u0161kaus Smuglevi\u010diaus, vaizduoja kito Vilniaus katedros glob\u0117jo Krokuvos vyskupo \u0161v. Stanislovo mirt\u012f. Pasakojama, kad jis kritikavo Lenkijos karaliaus Boleslovo II nederam\u0105 \u017eiaurum\u0105 bei amoral\u0173 elges\u012f ir galiausiai atskyr\u0117 Boleslov\u0105 II nuo Ba\u017eny\u010dios. Karalius vyskup\u0105 nu\u017eud\u0117 per \u0161v. Mi\u0161ias.<\/p>\n<p style=\"text-align: justify;\">Per daugiau nei 600 met\u0173 ne kart\u0105 perstatyta Katedra dabartin\u0119 neoklasicistinio stiliaus i\u0161vaizd\u0105 \u012fgavo XIX a. prad\u017eioje (architektas Laurynas Gucevi\u010dius). Sovietiniu laikotarpiu (1949\u20131988) Arkikatedra buvo u\u017edaryta, joje ilg\u0105 laik\u0105 veik\u0117 Vilniaus paveiksl\u0173 galerija. Tik 1988 m. ji gr\u0105\u017einta tikintiesiems ir i\u0161kilmingai at\u0161ventinta, \u012f j\u0105 taip pat sugr\u0105\u017eintos \u0161v. Kazimiero \u2013 Lietuvos ir jaunimo glob\u0117jo relikvijos, gerbiamos puo\u0161nioje \u0160v. Kazimiero koply\u010dioje, kuri yra vienas i\u0161 vertingiausi\u0173 baroko paminkl\u0173 Lietuvoje. Katedra pastatyta XVII a. I pus\u0117je, gausiai papuo\u0161ta marmuru, stiuko lipdiniais, freskomis. De\u0161in\u0117je navoje esan\u010dioje Go\u0161taut\u0173 koply\u010dioje gerbiamas \u0160v. Mykolo Dievo Motinos<b>,<\/b> arba Sapieg\u0173 Madonos, paveikslas, d\u0117l daugyb\u0117s tikin\u010di\u0173j\u0173 patiriam\u0173 maloni\u0173 1750 m. kar\u016bnuotas popie\u017eiaus palaimintomis kar\u016bnomis. Katedroje buvo \u012frengta 11 koply\u010di\u0173, o \u0161iandien melstis pritaikytos \u0161e\u0161ios. Be anks\u010diau min\u0117t\u0173 de\u0161in\u0117je navoje \u012frengt\u0173 \u0161v. Kazimiero ir Go\u0161taut\u0173 koply\u010di\u0173 piligrimai gali melstis \u0160v\u010d. Sakramento ir Tremtini\u0173 koply\u010diose, o kairin\u0117je navoje \u2013 \u0160v. Vladislovo ir Valavi\u010di\u0173 koply\u010diose.<\/p>\n<p style=\"text-align: justify;\">Arkikatedros po\u017eemiuose buvo laidojami Lietuvos Did\u017eiajai Kunigaik\u0161tystei nusipeln\u0119 didikai, valdovai, vyskupai ir kapitulos nariai. Karali\u0161kajame mauzoliejuje palaidotas Lenkijos karalius ir Lietuvos didysis kunigaik\u0161tis Aleksandras Jogailaitis, karalien\u0117s Barbora Radvilait\u0117 ir El\u017ebieta Habsburgait\u0117,\u00a0valdovo Vladislovo IV Vazos \u0161irdis. 1985 m. atrastas arkikatedros lobynas. Tai Lietuvos auksakalyst\u0117s \u0161edevrai, kurie 1939 m. ruden\u012f, prasid\u0117jus karui, paskubomis pasl\u0117pti ni\u0161oje tarp Go\u0161taut\u0173 ir dabartin\u0117s Tremtini\u0173 koply\u010dios. \u0160iandien arkikatedros lobynas eksponuojamas <a href=\"http:\/\/www.bpmuziejus.lt\/\" target=\"_blank\" rel=\"noopener\">Ba\u017enytinio paveldo muziejuje<\/a>.<\/p>\n[\/vc_column_text][\/vc_column_inner][vc_column_inner column_padding=&#8221;no-extra-padding&#8221; column_padding_position=&#8221;all&#8221; background_color_opacity=&#8221;1&#8243; background_hover_color_opacity=&#8221;1&#8243; column_shadow=&#8221;none&#8221; column_border_radius=&#8221;none&#8221; width=&#8221;1\/2&#8243; column_border_width=&#8221;none&#8221; column_border_style=&#8221;solid&#8221;]<div class=\"iwithtext\"><div class=\"iwt-icon\"> <i class=\"icon-default-style icon-map-marker accent-color\"><\/i> <\/div><div class=\"iwt-text\"> <a href=\"https:\/\/www.google.com\/maps\/place\/Vilniaus+katedra\/@54.6858517,25.2855455,17z\/data=!3m1!4b1!4m5!3m4!1s0x46dd941734223bd9:0xb3b1c213c35f7e61!8m2!3d54.6858486!4d25.2877342\" target=\"_blank\" rel=\"noopener\">Katedros a. 2, Vilnius<\/a> <\/div><div class=\"clear\"><\/div><\/div><div class=\"iwithtext\"><div class=\"iwt-icon\"> <i class=\"icon-default-style icon-time accent-color\"><\/i> <\/div><div class=\"iwt-text\"> <strong>Katedra atidaryta<\/strong><br \/>\nI\u2013VII: 7.00\u201319.00<br \/>\nPamald\u0173 metu ekskursijos ne\u012fleid\u017eiamos. <\/div><div class=\"clear\"><\/div><\/div><div class=\"iwithtext\"><div class=\"iwt-icon\"> <img decoding=\"async\" src=\"https:\/\/cityofmercy.lt\/wp-content\/uploads\/2017\/12\/taurinis.png\" alt=\"\" \/> <\/div><div class=\"iwt-text\"> <strong>\u0160v. Mi\u0161ios (lietuvi\u0173 k.)<\/strong><br \/>\nI\u2013VI: 8.00, 17.30<br \/>\nVII: 8.00, 9.00, 10.00, 11.15, 12.30, 17.30 <\/div><div class=\"clear\"><\/div><\/div><div class=\"iwithtext\"><div class=\"iwt-icon\">  <\/div><div class=\"iwt-text\"> <strong>\u0160v. Mi\u0161ios (lotyn\u0173 k.)<\/strong><br \/>\nVII: 18.30 <\/div><div class=\"clear\"><\/div><\/div><div class=\"iwithtext\"><div class=\"iwt-icon\"> <i class=\"icon-default-style icon-info accent-color\"><\/i> <\/div><div class=\"iwt-text\"> <strong>Informacija apie katedros po\u017eemi\u0173 lankym\u0105:<\/strong><br \/>\n<a href=\"https:\/\/cityofmercy.lt\/lt_LT\/objektai\/sv-arkangelo-mykolo-baznycia-baznytinio-paveldo-muziejus\/\" target=\"_blank\" rel=\"noopener\">Ba\u017enytinio paveldo muziejus<\/a><br \/>\n+370 600 12080<br \/>\nkatedrospozemiai@bpmuziejus.lt<br \/>\n<a href=\"http:\/\/www.bpmuziejus.lt\" target=\"_blank\" rel=\"noopener\">www.bpmuziejus.lt<\/a> <\/div><div class=\"clear\"><\/div><\/div><div class=\"iwithtext\"><div class=\"iwt-icon\"> <i class=\"icon-default-style icon-calendar accent-color\"><\/i> <\/div><div class=\"iwt-text\"> <strong>Atlaidai<\/strong><br \/>\n<a href=\"https:\/\/cityofmercy.lt\/lt_LT\/renginiai\/sv-kazimiero-svente\/\" target=\"_blank\" rel=\"noopener\">\u0160v. Kazimiero \u0161vent\u0117<\/a>\u00a0\u2013 Kovo 4 d. <\/div><div class=\"clear\"><\/div><\/div><div class=\"iwithtext\"><div class=\"iwt-icon\"> <i class=\"icon-default-style icon-globe accent-color\"><\/i> <\/div><div class=\"iwt-text\"> <a href=\"http:\/\/www.katedra.lt\" target=\"_blank\" rel=\"noopener\">www.katedra.lt<\/a> <\/div><div class=\"clear\"><\/div><\/div>[\/vc_column_inner][\/vc_row_inner][\/vc_column][\/vc_row][vc_row type=&#8221;in_container&#8221; full_screen_row_position=&#8221;middle&#8221; scene_position=&#8221;center&#8221; text_color=&#8221;dark&#8221; text_align=&#8221;left&#8221; overlay_strength=&#8221;0.3&#8243; shape_divider_position=&#8221;bottom&#8221;][vc_column column_padding=&#8221;no-extra-padding&#8221; column_padding_position=&#8221;all&#8221; background_color_opacity=&#8221;1&#8243; background_hover_color_opacity=&#8221;1&#8243; column_shadow=&#8221;none&#8221; column_border_radius=&#8221;none&#8221; width=&#8221;1\/1&#8243; tablet_text_alignment=&#8221;default&#8221; phone_text_alignment=&#8221;default&#8221; column_border_width=&#8221;none&#8221; column_border_style=&#8221;solid&#8221;]<div class=\"divider-wrap\"><div style=\"height: 200px;\" class=\"divider\"><\/div><\/div>[\/vc_column][\/vc_row]\n","protected":false},"excerpt":{"rendered":"<p>[vc_row type=&#8221;in_container&#8221; full_screen_row_position=&#8221;middle&#8221; scene_position=&#8221;center&#8221; text_color=&#8221;dark&#8221; text_align=&#8221;left&#8221; overlay_strength=&#8221;0.3&#8243; shape_divider_position=&#8221;bottom&#8221;][vc_column centered_text=&#8221;true&#8221; column_padding=&#8221;no-extra-padding&#8221; column_&#8230;<\/p>\n","protected":false},"author":2,"featured_media":562,"parent":38,"menu_order":0,"comment_status":"closed","ping_status":"closed","template":"","meta":{"footnotes":""},"class_list":["post-160","page","type-page","status-publish","has-post-thumbnail","hentry"],"_links":{"self":[{"href":"https:\/\/cityofmercy.lt\/lt_LT\/wp-json\/wp\/v2\/pages\/160","targetHints":{"allow":["GET"]}}],"collection":[{"href":"https:\/\/cityofmercy.lt\/lt_LT\/wp-json\/wp\/v2\/pages"}],"about":[{"href":"https:\/\/cityofmercy.lt\/lt_LT\/wp-json\/wp\/v2\/types\/page"}],"author":[{"embeddable":true,"href":"https:\/\/cityofmercy.lt\/lt_LT\/wp-json\/wp\/v2\/users\/2"}],"replies":[{"embeddable":true,"href":"https:\/\/cityofmercy.lt\/lt_LT\/wp-json\/wp\/v2\/comments?post=160"}],"version-history":[{"count":73,"href":"https:\/\/cityofmercy.lt\/lt_LT\/wp-json\/wp\/v2\/pages\/160\/revisions"}],"predecessor-version":[{"id":6773,"href":"https:\/\/cityofmercy.lt\/lt_LT\/wp-json\/wp\/v2\/pages\/160\/revisions\/6773"}],"up":[{"embeddable":true,"href":"https:\/\/cityofmercy.lt\/lt_LT\/wp-json\/wp\/v2\/pages\/38"}],"wp:featuredmedia":[{"embeddable":true,"href":"https:\/\/cityofmercy.lt\/lt_LT\/wp-json\/wp\/v2\/media\/562"}],"wp:attachment":[{"href":"https:\/\/cityofmercy.lt\/lt_LT\/wp-json\/wp\/v2\/media?parent=160"}],"curies":[{"name":"wp","href":"https:\/\/api.w.org\/{rel}","templated":true}]}}