{"id":155,"date":"2017-11-30T16:20:15","date_gmt":"2017-11-30T16:20:15","guid":{"rendered":"http:\/\/cityofmercy.lt\/?page_id=155"},"modified":"2021-05-27T18:16:16","modified_gmt":"2021-05-27T15:16:16","slug":"traku-svc-mergeles-marijos-apsilankymo-bazilika","status":"publish","type":"page","link":"https:\/\/cityofmercy.lt\/lt_LT\/objektai\/traku-svc-mergeles-marijos-apsilankymo-bazilika\/","title":{"rendered":"Trak\u0173 \u0160v\u010d. Mergel\u0117s Marijos Apsilankymo bazilika"},"content":{"rendered":"[vc_row type=&#8221;in_container&#8221; full_screen_row_position=&#8221;middle&#8221; scene_position=&#8221;center&#8221; text_color=&#8221;dark&#8221; text_align=&#8221;left&#8221; overlay_strength=&#8221;0.3&#8243; shape_divider_position=&#8221;bottom&#8221;][vc_column centered_text=&#8221;true&#8221; column_padding=&#8221;no-extra-padding&#8221; column_padding_position=&#8221;all&#8221; background_color_opacity=&#8221;1&#8243; background_hover_color_opacity=&#8221;1&#8243; column_shadow=&#8221;none&#8221; column_border_radius=&#8221;none&#8221; width=&#8221;1\/1&#8243; tablet_text_alignment=&#8221;default&#8221; phone_text_alignment=&#8221;default&#8221; column_border_width=&#8221;none&#8221; column_border_style=&#8221;solid&#8221;][vc_column_text]\n<h4><strong>Trak\u0173 \u0160v\u010d. Mergel\u0117s Marijos Apsilankymo bazilika<\/strong><\/h4>\n[\/vc_column_text]<div class=\"divider-wrap\"><div style=\"margin-top: 25px; height: 1px; margin-bottom: 25px;\" data-width=\"100%\" data-animate=\"\" data-animation-delay=\"\" data-color=\"default\" class=\"divider-border\"><\/div><\/div>[\/vc_column][\/vc_row][vc_row type=&#8221;in_container&#8221; full_screen_row_position=&#8221;middle&#8221; scene_position=&#8221;center&#8221; text_color=&#8221;dark&#8221; text_align=&#8221;left&#8221; overlay_strength=&#8221;0.3&#8243; shape_divider_position=&#8221;bottom&#8221;][vc_column column_padding=&#8221;no-extra-padding&#8221; column_padding_position=&#8221;all&#8221; background_color_opacity=&#8221;1&#8243; background_hover_color_opacity=&#8221;1&#8243; column_shadow=&#8221;none&#8221; column_border_radius=&#8221;none&#8221; top_margin=&#8221;-30&#8243; width=&#8221;1\/1&#8243; tablet_text_alignment=&#8221;default&#8221; phone_text_alignment=&#8221;default&#8221; column_border_width=&#8221;none&#8221; column_border_style=&#8221;solid&#8221;][vc_row_inner column_margin=&#8221;default&#8221; text_align=&#8221;left&#8221;][vc_column_inner column_padding=&#8221;no-extra-padding&#8221; column_padding_position=&#8221;all&#8221; background_color_opacity=&#8221;1&#8243; background_hover_color_opacity=&#8221;1&#8243; column_shadow=&#8221;none&#8221; column_border_radius=&#8221;none&#8221; width=&#8221;1\/2&#8243; column_border_width=&#8221;none&#8221; column_border_style=&#8221;solid&#8221;][nectar_video_lightbox link_style=&#8221;play_button_2&#8243; nectar_play_button_color=&#8221;Default-Accent-Color&#8221; image_url=&#8221;504&#8243; hover_effect=&#8221;defaut&#8221; box_shadow=&#8221;none&#8221; border_radius=&#8221;none&#8221; play_button_size=&#8221;default&#8221; video_url=&#8221;https:\/\/youtu.be\/KLpwL1aUQBc&#8221;]<div class=\"divider-wrap\"><div style=\"height: 20px;\" class=\"divider\"><\/div><\/div>[vc_column_text]<strong>Ba\u017eny\u010dia patenka \u012f<\/strong>\u00a0<a href=\"http:\/\/cityofmercy.lt\/marsrutai\/sv-jono-pauliaus-ii-ojo-kelias\/\" target=\"_blank\" rel=\"noopener\" data-saferedirecturl=\"https:\/\/www.google.com\/url?hl=lt&amp;q=http:\/\/elephantastronaut.com\/lt_LT\/marsrutai\/jono-pauliaus\/&amp;source=gmail&amp;ust=1510982581198000&amp;usg=AFQjCNGx2NjnktO6pZgSHqhR0fgMU29O2g\">\u0160v. Jono Pauliaus II kelio<\/a>\u00a0ir\u00a0<a href=\"http:\/\/cityofmercy.lt\/marsrutai\/marijos-gerbimo-vietos\/\" target=\"_blank\" rel=\"noopener\" data-saferedirecturl=\"https:\/\/www.google.com\/url?hl=lt&amp;q=http:\/\/elephantastronaut.com\/lt_LT\/marsrutai\/marijos-gerbimo-vietos\/&amp;source=gmail&amp;ust=1510982581198000&amp;usg=AFQjCNElgc8ImUex2vZWJZt_ilElvlZt9w\">Marijos gerbimo viet\u0173<\/a>\u00a0mar\u0161rutus[\/vc_column_text]<div class=\"divider-wrap\"><div style=\"height: 20px;\" class=\"divider\"><\/div><\/div>[vc_column_text]\n<p style=\"text-align: justify;\" align=\"JUSTIFY\">\u0160v. Jonas Paulius II pasi\u017eym\u0117jo ypatingu pamaldumu Dievo Motinai. Savo \u0161\u016bkiu jis pasirinko meil\u0117s ir i\u0161tikimyb\u0117s \u0160v\u010d. Mergelei Marijai i\u0161pa\u017einim\u0105 \u201eTotus tuus\u201c (visas tavo). Trak\u0173 \u0160v\u010d. Mergel\u0117s Marijos apsilankymo ba\u017eny\u010dia, kurios altori\u0173 puo\u0161ia malon\u0117mis gars\u0117jantis Trak\u0173 Dievo Motinos \u2013 Lietuvos glob\u0117jos paveikslas, liudija gil\u0173 lietuvi\u0173 pamaldum\u0105 Marijai. Tai pirmasis Lietuvoje 1718 m. rugs\u0117jo 4 d. popie\u017eiaus kar\u016bnomis vainikuotas Marijos atvaizdas, kuriam suteiktas Ligoni\u0173 U\u017etar\u0117jos titulas.<\/p>\n<p style=\"text-align: justify;\">Ba\u017eny\u010dia pastatyta Lietuvos did\u017eiojo kunigaik\u0161\u010dio Vytauto iniciatyva 1409 m. ir jai suteiktas \u0160v\u010d. Mergel\u0117s Marijos Apsilankymo pas El\u017ebiet\u0105 titulas. Krik\u0161\u010dioni\u0161koje tradicijoje \u0161is \u012fvykis suvokiamas kaip senosios ir naujosios sandoros susitikimas. XV a. ba\u017eny\u010dios vidaus sienos buvo puo\u0161tos bizantinio stiliaus tapyba, pirmieji jos fragmentai atidengti 2006 metais. Freskose vaizduojamos Senojo ir Naujojo Testament\u0173 scenos. \u0160ioje ba\u017eny\u010dioje nuo seno itin gerbta ro\u017einio malda, tod\u0117l prie \u0161iaur\u0117s ryt\u0173 pilioriaus \u012frengto \u0161oninio Ro\u017einio \u0161v\u010d. Mergel\u0117s Marijos altoriaus \u012fkomponuotas XVII a. nutapytas paveikslas \u201eRo\u017einio Dievo Motina su \u0161v. Dominyku ir \u0161v. Kotryna Sieniete\u201c. Ba\u017eny\u010dia niekada nebuvo u\u017edaryta, perduota kitai konfesijai ar naudota ne pagal paskirt\u012f, tod\u0117l ji yra unikalus tik\u0117jimo ir Lietuvos kult\u016bros istorijos paminklas, saugantis \u0161e\u0161i\u0173 \u0161imtme\u010di\u0173 Ba\u017eny\u010dios ir dail\u0117s paveld\u0105.<\/p>\n<p style=\"text-align: justify;\">Did\u017eiojo altoriaus paveiksle vaizduojama bizantiniu stiliumi nutapyta Dievo Motina Hodegetria (i\u0161 gr. k. kelrod\u0117). Ant jos kairio kelio s\u0117di purpurine tunika vilkintis Vaikelis J\u0117zus, kair\u0117je rankoje laikantis knyg\u0105, o de\u0161in\u0119 tiesiantis link Motinos laikomos tris ro\u017einio sl\u0117pinius simbolizuojan\u010dios tri\u017eied\u0117s ro\u017e\u0117s. Paveikslas glaud\u017eiai siejamas su kunigaik\u0161\u010dio Vytauto atminimu. XVII a. \u012fra\u0161as kitoje paveikslo pus\u0117je skelbia, kad j\u012f Vytautui krik\u0161to proga padovanoj\u0119s Bizantijos imperatorius Emanuelis II Paleologas. Primindamas Vytaut\u0105 ir jo didingus laikus, \u0161is Marijos atvaizdas stiprino taut\u0105, tod\u0117l prie jo melstis keliavo auk\u0161\u010diausieji valstyb\u0117s valdovai, didikai, \u017emoni\u0173 procesijos atvykdavo i\u0161 \u012fvairiausi\u0173 viet\u0173.<\/p>\n[\/vc_column_text][\/vc_column_inner][vc_column_inner column_padding=&#8221;no-extra-padding&#8221; column_padding_position=&#8221;all&#8221; background_color_opacity=&#8221;1&#8243; background_hover_color_opacity=&#8221;1&#8243; column_shadow=&#8221;none&#8221; column_border_radius=&#8221;none&#8221; width=&#8221;1\/2&#8243; column_border_width=&#8221;none&#8221; column_border_style=&#8221;solid&#8221;]<div class=\"iwithtext\"><div class=\"iwt-icon\"> <i class=\"icon-default-style icon-map-marker accent-color\"><\/i> <\/div><div class=\"iwt-text\"> <a href=\"https:\/\/goo.gl\/maps\/7ccps4U54PHzLoMg8\" target=\"_blank\" rel=\"noopener\">Birut\u0117s skg. 5, Trakai<\/a> <\/div><div class=\"clear\"><\/div><\/div><div class=\"iwithtext\"><div class=\"iwt-icon\"> <i class=\"icon-default-style icon-time accent-color\"><\/i> <\/div><div class=\"iwt-text\"> <strong>Ba\u017eny\u010dia atidaryta<\/strong><br \/>\nI\u2013VII: 9.00\u201319.00 <\/div><div class=\"clear\"><\/div><\/div><div class=\"iwithtext\"><div class=\"iwt-icon\"> <img decoding=\"async\" src=\"https:\/\/cityofmercy.lt\/wp-content\/uploads\/2017\/12\/taurinis.png\" alt=\"\" \/> <\/div><div class=\"iwt-text\"> <strong>\u0160v. Mi\u0161ios (lietuvi\u0173 k.)<\/strong><br \/>\nI\u2013VI: 18.00<br \/>\nVII: 12.00 <\/div><div class=\"clear\"><\/div><\/div><div class=\"iwithtext\"><div class=\"iwt-icon\">  <\/div><div class=\"iwt-text\"> <strong>\u0160v. Mi\u0161ios (lenk\u0173 k.)<\/strong><br \/>\nI\u2013VI: 17.00<br \/>\nVII: 10.00 <\/div><div class=\"clear\"><\/div><\/div><div class=\"iwithtext\"><div class=\"iwt-icon\">  <\/div><div class=\"iwt-text\"> Akatistas Dievo Motinos garbei giedamas pirm\u0105j\u012f m\u0117nesio sekmadien\u012f \u2013 11.20 (lietuvi\u0173 k.) <\/div><div class=\"clear\"><\/div><\/div><div class=\"iwithtext\"><div class=\"iwt-icon\"> <i class=\"icon-default-style icon-calendar accent-color\"><\/i> <\/div><div class=\"iwt-text\"> <strong>Atlaidai<\/strong><br \/>\n<a href=\"https:\/\/cityofmercy.lt\/lt_LT\/renginiai\/traku-dievo-motinos-atlaidai-ir-paveikslo-karunavimo-300-metiniu-jubiliejus\/\" target=\"_blank\" rel=\"noopener\">Dievo Motinos Gimimo atlaidai (Trakin\u0117s)<\/a> <\/div><div class=\"clear\"><\/div><\/div><div class=\"iwithtext\"><div class=\"iwt-icon\"> <i class=\"icon-default-style icon-globe accent-color\"><\/i> <\/div><div class=\"iwt-text\"> <a href=\"http:\/\/trakubazilika.lt\" target=\"_blank\" rel=\"noopener\">trakubazilika.lt<\/a> <\/div><div class=\"clear\"><\/div><\/div>[\/vc_column_inner][\/vc_row_inner][\/vc_column][\/vc_row][vc_row type=&#8221;in_container&#8221; full_screen_row_position=&#8221;middle&#8221; scene_position=&#8221;center&#8221; text_color=&#8221;dark&#8221; text_align=&#8221;left&#8221; overlay_strength=&#8221;0.3&#8243; shape_divider_position=&#8221;bottom&#8221;][vc_column column_padding=&#8221;no-extra-padding&#8221; column_padding_position=&#8221;all&#8221; background_color_opacity=&#8221;1&#8243; background_hover_color_opacity=&#8221;1&#8243; column_shadow=&#8221;none&#8221; column_border_radius=&#8221;none&#8221; width=&#8221;1\/1&#8243; tablet_text_alignment=&#8221;default&#8221; phone_text_alignment=&#8221;default&#8221; column_border_width=&#8221;none&#8221; column_border_style=&#8221;solid&#8221;]<div class=\"divider-wrap\"><div style=\"height: 200px;\" class=\"divider\"><\/div><\/div>[\/vc_column][\/vc_row]\n","protected":false},"excerpt":{"rendered":"<p>[vc_row type=&#8221;in_container&#8221; full_screen_row_position=&#8221;middle&#8221; scene_position=&#8221;center&#8221; text_color=&#8221;dark&#8221; text_align=&#8221;left&#8221; overlay_strength=&#8221;0.3&#8243; shape_divider_position=&#8221;bottom&#8221;][vc_column centered_text=&#8221;true&#8221; column_padding=&#8221;no-extra-padding&#8221; column_&#8230;<\/p>\n","protected":false},"author":2,"featured_media":632,"parent":38,"menu_order":0,"comment_status":"closed","ping_status":"closed","template":"","meta":{"footnotes":""},"class_list":["post-155","page","type-page","status-publish","has-post-thumbnail","hentry"],"_links":{"self":[{"href":"https:\/\/cityofmercy.lt\/lt_LT\/wp-json\/wp\/v2\/pages\/155","targetHints":{"allow":["GET"]}}],"collection":[{"href":"https:\/\/cityofmercy.lt\/lt_LT\/wp-json\/wp\/v2\/pages"}],"about":[{"href":"https:\/\/cityofmercy.lt\/lt_LT\/wp-json\/wp\/v2\/types\/page"}],"author":[{"embeddable":true,"href":"https:\/\/cityofmercy.lt\/lt_LT\/wp-json\/wp\/v2\/users\/2"}],"replies":[{"embeddable":true,"href":"https:\/\/cityofmercy.lt\/lt_LT\/wp-json\/wp\/v2\/comments?post=155"}],"version-history":[{"count":67,"href":"https:\/\/cityofmercy.lt\/lt_LT\/wp-json\/wp\/v2\/pages\/155\/revisions"}],"predecessor-version":[{"id":7869,"href":"https:\/\/cityofmercy.lt\/lt_LT\/wp-json\/wp\/v2\/pages\/155\/revisions\/7869"}],"up":[{"embeddable":true,"href":"https:\/\/cityofmercy.lt\/lt_LT\/wp-json\/wp\/v2\/pages\/38"}],"wp:featuredmedia":[{"embeddable":true,"href":"https:\/\/cityofmercy.lt\/lt_LT\/wp-json\/wp\/v2\/media\/632"}],"wp:attachment":[{"href":"https:\/\/cityofmercy.lt\/lt_LT\/wp-json\/wp\/v2\/media?parent=155"}],"curies":[{"name":"wp","href":"https:\/\/api.w.org\/{rel}","templated":true}]}}