{"id":153,"date":"2017-11-30T16:19:24","date_gmt":"2017-11-30T16:19:24","guid":{"rendered":"http:\/\/cityofmercy.lt\/?page_id=153"},"modified":"2021-05-27T15:51:36","modified_gmt":"2021-05-27T12:51:36","slug":"tabariskiu-sv-arkangelo-mykolo-baznycia","status":"publish","type":"page","link":"https:\/\/cityofmercy.lt\/lt_LT\/objektai\/tabariskiu-sv-arkangelo-mykolo-baznycia\/","title":{"rendered":"Tabari\u0161ki\u0173 \u0160v. arkangelo Mykolo ba\u017eny\u010dia"},"content":{"rendered":"[vc_row type=&#8221;in_container&#8221; full_screen_row_position=&#8221;middle&#8221; scene_position=&#8221;center&#8221; text_color=&#8221;dark&#8221; text_align=&#8221;left&#8221; overlay_strength=&#8221;0.3&#8243; shape_divider_position=&#8221;bottom&#8221;][vc_column centered_text=&#8221;true&#8221; column_padding=&#8221;no-extra-padding&#8221; column_padding_position=&#8221;all&#8221; background_color_opacity=&#8221;1&#8243; background_hover_color_opacity=&#8221;1&#8243; column_shadow=&#8221;none&#8221; column_border_radius=&#8221;none&#8221; width=&#8221;1\/1&#8243; tablet_text_alignment=&#8221;default&#8221; phone_text_alignment=&#8221;default&#8221; column_border_width=&#8221;none&#8221; column_border_style=&#8221;solid&#8221;][vc_column_text]\n<h4 style=\"text-align: center;\"><strong>Tabari\u0161ki\u0173 \u0160v. arkangelo Mykolo ba\u017eny\u010dia<\/strong><\/h4>\n[\/vc_column_text]<div class=\"divider-wrap\"><div style=\"margin-top: 25px; height: 1px; margin-bottom: 25px;\" data-width=\"100%\" data-animate=\"\" data-animation-delay=\"\" data-color=\"default\" class=\"divider-border\"><\/div><\/div>[\/vc_column][\/vc_row][vc_row type=&#8221;in_container&#8221; full_screen_row_position=&#8221;middle&#8221; scene_position=&#8221;center&#8221; text_color=&#8221;dark&#8221; text_align=&#8221;left&#8221; overlay_strength=&#8221;0.3&#8243; shape_divider_position=&#8221;bottom&#8221;][vc_column column_padding=&#8221;no-extra-padding&#8221; column_padding_position=&#8221;all&#8221; background_color_opacity=&#8221;1&#8243; background_hover_color_opacity=&#8221;1&#8243; column_shadow=&#8221;none&#8221; column_border_radius=&#8221;none&#8221; top_margin=&#8221;-30&#8243; width=&#8221;1\/1&#8243; tablet_text_alignment=&#8221;default&#8221; phone_text_alignment=&#8221;default&#8221; column_border_width=&#8221;none&#8221; column_border_style=&#8221;solid&#8221;][vc_row_inner column_margin=&#8221;default&#8221; text_align=&#8221;left&#8221;][vc_column_inner column_padding=&#8221;no-extra-padding&#8221; column_padding_position=&#8221;all&#8221; background_color_opacity=&#8221;1&#8243; background_hover_color_opacity=&#8221;1&#8243; column_shadow=&#8221;none&#8221; column_border_radius=&#8221;none&#8221; width=&#8221;1\/2&#8243; column_border_width=&#8221;none&#8221; column_border_style=&#8221;solid&#8221;][nectar_image_with_hotspots image=&#8221;503&#8243; preview=&#8221;http:\/\/cityofmercy.lt\/wp-content\/uploads\/2017\/12\/TABARI\u0160K\u0116S2.jpg&#8221; color_1=&#8221;Accent-Color&#8221; hotspot_icon=&#8221;plus_sign&#8221; tooltip=&#8221;hover&#8221; tooltip_shadow=&#8221;medium_depth&#8221; animation=&#8221;true&#8221;][nectar_hotspot left=&#8221;41.0971363635433%&#8221; top=&#8221;62.463311729191226%&#8221; position=&#8221;right&#8221;]Centriniame altoriuje &#8211; karmelit\u0173 ba\u017eny\u010dioms b\u016bdingas \u0160v\u010d. Mergel\u0117s Marijos \u0160kaplierin\u0117s paveikslas (paveikslas yra kei\u010diamas). Nors dabartinis paveikslas sukurtas jau po vienuolyno u\u017edarymo, jo ikonografija liudija karmelit\u0173 tradicij\u0105 ir j\u0173 \u012fdiegt\u0105 pamaldum\u0105 \u0160kaplieriaus Karalienei.[\/nectar_hotspot][\/nectar_image_with_hotspots]<div class=\"divider-wrap\"><div style=\"height: 20px;\" class=\"divider\"><\/div><\/div>[vc_column_text]<strong>Ba\u017eny\u010dia patenka \u012f<\/strong> <a href=\"http:\/\/cityofmercy.lt\/lt_LT\/marsrutai\/gailestingumo-kelias\/\" target=\"_blank\" rel=\"noopener\">Gailestingumo kelio<\/a> mar\u0161rut\u0105.[\/vc_column_text]<div class=\"divider-wrap\"><div style=\"height: 20px;\" class=\"divider\"><\/div><\/div>[vc_column_text]\n<div class=\"wpb_text_column wpb_content_element \">\n<div class=\"wpb_wrapper\">\n<p align=\"JUSTIFY\">Tabari\u0161ki\u0173 \u0160v. arkangelo Mykolo parapijoje tik \u012f\u0161ventintas kunigu Mykolas Sopo\u010dka buvo paskirtas vikaru ir dirbo 1914\u20131918 metais. Mok\u0117 jaunim\u0105 ir vaikus religijos, \u012fk\u016br\u0117 parapijos chor\u0105, bibliotek\u0105. Taip pat lank\u0117 u\u017e keliolikos kilometr\u0173 esan\u010dius Medinink\u0173 ir An\u017eadavos kaimus, kur v\u0117liau \u012freng\u0117 koply\u010dias. Viena pagrindini\u0173 miestelio gatvi\u0173 pavadinta pal. M. Sopo\u010dkos vardu.<\/p>\n<p align=\"JUSTIFY\">Manoma, kad pirm\u0105j\u0105 ba\u017eny\u010di\u0105 \u0161ioje vietoje dar XVI a. prad\u017eioje pastatydino Vaitiekus Taboras, nuo kurio pavard\u0117s kilo ir vald\u0173 pavadinimas. Ta\u010diau tikslesni\u0173 \u017eini\u0173 apie \u0161ios ba\u017eny\u010dios likim\u0105 neturima. Naujos ba\u017eny\u010dios ir vienuolyno fundatoriumi buvo karaliaus Augusto III favoritas, Lietuvos Did\u017eiosios Kunigaik\u0161tyst\u0117s ra\u0161tininkas Mykolas Va\u017einskis. \u0160ventov\u0117, kuriai parinktas fundatoriaus glob\u0117jo \u0160v. Mykolo arkangelo titulas, jau statant buvo numatyta kaip \u0161eimos mauzoliejus, o prie jos \u012fkurdinti senosios regulos karmelitai tur\u0117jo nuolat melstis u\u017e savo geradarius. XIX a. prad\u017eioje karmelitams pavesta r\u016bpintis ir parapija. Iki vienuolyno u\u017edarymo jie buvo tikra parapijos siela \u2013 r\u016bpinosi mokykla, i\u0161laik\u0117 ligonin\u0119 ir varg\u0161\u0173 prieglaud\u0105. 1832 m. vienuolyn\u0105 panaikinus, ba\u017eny\u010dia liko veikianti.<\/p>\n<p align=\"JUSTIFY\">Liaudies architekt\u016bros form\u0173 ba\u017eny\u010dios pastat\u0105 i\u0161skiria tik banguotas fasado frontonas, bandantis atkartoti m\u016brini\u0173 barokini\u0173 statini\u0173 plasti\u0161kum\u0105. Ba\u017eny\u010dios viduje gausu medini\u0173 gausiai dro\u017ein\u0117t\u0173 barokini\u0173 altori\u0173 ir autenti\u0161k\u0173 senosios \u012frangos detali\u0173, \u012fvairi\u0173 form\u0173 ry\u0161kiai spalvot\u0173 medini\u0173 ir metalini\u0173 relikvijori\u0173, saugan\u010di\u0173 \u012fvairi\u0173 kankini\u0173 bei \u0161vent\u0173j\u0173 relikvijas. Tai liudija baroko epochos paprast\u0173 \u017emoni\u0173 ir bajorijos gil\u0173 tik\u0117jim\u0105 \u0161vent\u0173j\u0173 u\u017etarimu ir bendravimu. I\u0161lik\u0119 senieji liturginiai drabu\u017eiai, indai, XIX a. prad\u017eioje Vilniuje i\u0161lietas varpas. Tarp altori\u0173 paveiksl\u0173 i\u0161liko ir keletas itin verting\u0173 k\u016brini\u0173. Vienas i\u0161 gra\u017eiausi\u0173 tapybos darb\u0173 \u0161ioje ba\u017eny\u010dioje \u2013 Kristaus su nendre atvaizdas.<\/p>\n<\/div>\n<\/div>\n[\/vc_column_text][\/vc_column_inner][vc_column_inner column_padding=&#8221;no-extra-padding&#8221; column_padding_position=&#8221;all&#8221; background_color_opacity=&#8221;1&#8243; background_hover_color_opacity=&#8221;1&#8243; column_shadow=&#8221;none&#8221; column_border_radius=&#8221;none&#8221; width=&#8221;1\/2&#8243; column_border_width=&#8221;none&#8221; column_border_style=&#8221;solid&#8221;]<div class=\"iwithtext\"><div class=\"iwt-icon\"> <i class=\"icon-default-style icon-map-marker accent-color\"><\/i> <\/div><div class=\"iwt-text\"> <a href=\"https:\/\/www.google.com\/maps\/place\/Tabari\u0161ki\u0173+\u0160v.+Arkangelo+Mykolo+ba\u017eny\u010dia\/@54.4389707,25.6057515,17z\/data=!3m1!4b1!4m5!3m4!1s0x46ddcecb289892f3:0xcd298fe1a5e98029!8m2!3d54.4389676!4d25.6079402\" target=\"_blank\" rel=\"noopener\">Tabari\u0161ki\u0173 k., \u0160al\u010dinink\u0173 raj.<\/a> <\/div><div class=\"clear\"><\/div><\/div><div class=\"iwithtext\"><div class=\"iwt-icon\"> <img decoding=\"async\" src=\"https:\/\/cityofmercy.lt\/wp-content\/uploads\/2017\/12\/taurinis.png\" alt=\"\" \/> <\/div><div class=\"iwt-text\"> <strong>\u0160v. Mi\u0161ios (lenk\u0173 k.)<\/strong><br \/>\nVII: 13.00 <\/div><div class=\"clear\"><\/div><\/div>[\/vc_column_inner][\/vc_row_inner][\/vc_column][\/vc_row][vc_row type=&#8221;in_container&#8221; full_screen_row_position=&#8221;middle&#8221; scene_position=&#8221;center&#8221; text_color=&#8221;dark&#8221; text_align=&#8221;left&#8221; overlay_strength=&#8221;0.3&#8243; shape_divider_position=&#8221;bottom&#8221;][vc_column column_padding=&#8221;no-extra-padding&#8221; column_padding_position=&#8221;all&#8221; background_color_opacity=&#8221;1&#8243; background_hover_color_opacity=&#8221;1&#8243; column_shadow=&#8221;none&#8221; column_border_radius=&#8221;none&#8221; width=&#8221;1\/1&#8243; tablet_text_alignment=&#8221;default&#8221; phone_text_alignment=&#8221;default&#8221; column_border_width=&#8221;none&#8221; column_border_style=&#8221;solid&#8221;]<div class=\"divider-wrap\"><div style=\"height: 200px;\" class=\"divider\"><\/div><\/div>[\/vc_column][\/vc_row]\n","protected":false},"excerpt":{"rendered":"<p>[vc_row type=&#8221;in_container&#8221; full_screen_row_position=&#8221;middle&#8221; scene_position=&#8221;center&#8221; text_color=&#8221;dark&#8221; text_align=&#8221;left&#8221; overlay_strength=&#8221;0.3&#8243; shape_divider_position=&#8221;bottom&#8221;][vc_column centered_text=&#8221;true&#8221; column_padding=&#8221;no-extra-padding&#8221; column_&#8230;<\/p>\n","protected":false},"author":2,"featured_media":283,"parent":38,"menu_order":0,"comment_status":"closed","ping_status":"closed","template":"","meta":{"footnotes":""},"class_list":["post-153","page","type-page","status-publish","has-post-thumbnail","hentry"],"_links":{"self":[{"href":"https:\/\/cityofmercy.lt\/lt_LT\/wp-json\/wp\/v2\/pages\/153","targetHints":{"allow":["GET"]}}],"collection":[{"href":"https:\/\/cityofmercy.lt\/lt_LT\/wp-json\/wp\/v2\/pages"}],"about":[{"href":"https:\/\/cityofmercy.lt\/lt_LT\/wp-json\/wp\/v2\/types\/page"}],"author":[{"embeddable":true,"href":"https:\/\/cityofmercy.lt\/lt_LT\/wp-json\/wp\/v2\/users\/2"}],"replies":[{"embeddable":true,"href":"https:\/\/cityofmercy.lt\/lt_LT\/wp-json\/wp\/v2\/comments?post=153"}],"version-history":[{"count":41,"href":"https:\/\/cityofmercy.lt\/lt_LT\/wp-json\/wp\/v2\/pages\/153\/revisions"}],"predecessor-version":[{"id":5578,"href":"https:\/\/cityofmercy.lt\/lt_LT\/wp-json\/wp\/v2\/pages\/153\/revisions\/5578"}],"up":[{"embeddable":true,"href":"https:\/\/cityofmercy.lt\/lt_LT\/wp-json\/wp\/v2\/pages\/38"}],"wp:featuredmedia":[{"embeddable":true,"href":"https:\/\/cityofmercy.lt\/lt_LT\/wp-json\/wp\/v2\/media\/283"}],"wp:attachment":[{"href":"https:\/\/cityofmercy.lt\/lt_LT\/wp-json\/wp\/v2\/media?parent=153"}],"curies":[{"name":"wp","href":"https:\/\/api.w.org\/{rel}","templated":true}]}}