{"id":151,"date":"2017-11-30T16:18:12","date_gmt":"2017-11-30T16:18:12","guid":{"rendered":"http:\/\/cityofmercy.lt\/?page_id=151"},"modified":"2021-05-27T16:00:23","modified_gmt":"2021-05-27T13:00:23","slug":"svc-mergeles-marijos-emimo-i-dangu-baznycia-ir-pranciskonu-konventualu-vienuolynas","status":"publish","type":"page","link":"https:\/\/cityofmercy.lt\/lt_LT\/objektai\/svc-mergeles-marijos-emimo-i-dangu-baznycia-ir-pranciskonu-konventualu-vienuolynas\/","title":{"rendered":"\u0160v\u010d. Mergel\u0117s Marijos \u0116mimo \u012f dang\u0173 ba\u017eny\u010dia ir pranci\u0161kon\u0173 konventual\u0173 vienuolynas"},"content":{"rendered":"[vc_row type=&#8221;in_container&#8221; full_screen_row_position=&#8221;middle&#8221; scene_position=&#8221;center&#8221; text_color=&#8221;dark&#8221; text_align=&#8221;left&#8221; overlay_strength=&#8221;0.3&#8243; shape_divider_position=&#8221;bottom&#8221;][vc_column centered_text=&#8221;true&#8221; column_padding=&#8221;no-extra-padding&#8221; column_padding_position=&#8221;all&#8221; background_color_opacity=&#8221;1&#8243; background_hover_color_opacity=&#8221;1&#8243; column_shadow=&#8221;none&#8221; column_border_radius=&#8221;none&#8221; width=&#8221;1\/1&#8243; tablet_text_alignment=&#8221;default&#8221; phone_text_alignment=&#8221;default&#8221; column_border_width=&#8221;none&#8221; column_border_style=&#8221;solid&#8221;][vc_column_text]\n<h4><strong>\u0160v\u010d. Mergel\u0117s Marijos \u0116mimo \u012f dang\u0173 ba\u017eny\u010dia prie pranci\u0161kon\u0173 konventual\u0173 vienuolyno<\/strong><\/h4>\n[\/vc_column_text]<div class=\"divider-wrap\"><div style=\"margin-top: 25px; height: 1px; margin-bottom: 25px;\" data-width=\"100%\" data-animate=\"\" data-animation-delay=\"\" data-color=\"default\" class=\"divider-border\"><\/div><\/div>[\/vc_column][\/vc_row][vc_row type=&#8221;in_container&#8221; full_screen_row_position=&#8221;middle&#8221; scene_position=&#8221;center&#8221; text_color=&#8221;dark&#8221; text_align=&#8221;left&#8221; overlay_strength=&#8221;0.3&#8243; shape_divider_position=&#8221;bottom&#8221;][vc_column column_padding=&#8221;no-extra-padding&#8221; column_padding_position=&#8221;all&#8221; background_color_opacity=&#8221;1&#8243; background_hover_color_opacity=&#8221;1&#8243; column_shadow=&#8221;none&#8221; column_border_radius=&#8221;none&#8221; top_margin=&#8221;-30&#8243; width=&#8221;1\/1&#8243; tablet_text_alignment=&#8221;default&#8221; phone_text_alignment=&#8221;default&#8221; column_border_width=&#8221;none&#8221; column_border_style=&#8221;solid&#8221;][vc_row_inner column_margin=&#8221;default&#8221; text_align=&#8221;left&#8221;][vc_column_inner column_padding=&#8221;no-extra-padding&#8221; column_padding_position=&#8221;all&#8221; background_color_opacity=&#8221;1&#8243; background_hover_color_opacity=&#8221;1&#8243; column_shadow=&#8221;none&#8221; column_border_radius=&#8221;none&#8221; width=&#8221;1\/2&#8243; column_border_width=&#8221;none&#8221; column_border_style=&#8221;solid&#8221;][nectar_image_with_hotspots image=&#8221;494&#8243; preview=&#8221;http:\/\/cityofmercy.lt\/wp-content\/uploads\/2017\/12\/MARIJOS-\u0116MIMO2.jpg&#8221; color_1=&#8221;Accent-Color&#8221; hotspot_icon=&#8221;plus_sign&#8221; tooltip=&#8221;hover&#8221; tooltip_shadow=&#8221;medium_depth&#8221; animation=&#8221;true&#8221;][nectar_hotspot left=&#8221;41.8134%&#8221; top=&#8221;46.7138%&#8221; position=&#8221;right&#8221;]De\u0161in\u0117je ba\u017eny\u010dios navoje \u0160v. Lauryno koply\u010dioje Baltoji Madona, arba \u0160v\u010d. Mergel\u0117s Marijos Nekaltojo Prasid\u0117jimo statula, mieste malon\u0117mis gars\u0117jo nuo XVIII a. Marija vaizduojama besilaukianti, kaip apra\u0161yta Aprei\u0161kime Jonui. Baltoji Madona gerbiama kaip \u0161eimos serg\u0117toja, nedarni\u0173 \u0161eim\u0173 taikytoja ir \u0161eim\u0173, negalin\u010di\u0173 susilaukti vaik\u0173, u\u017etar\u0117ja bei negimusi\u0173 k\u016bdiki\u0173 glob\u0117ja. Rusijos carui u\u017edarius vienuolyn\u0105, o v\u0117liau Lietuv\u0105 okupavus sovietams statula buvo u\u017etinkuota ni\u0161oje taip j\u0105 apsaugant nuo sunaikinimo. [\/nectar_hotspot][\/nectar_image_with_hotspots]<div class=\"divider-wrap\"><div style=\"height: 20px;\" class=\"divider\"><\/div><\/div>[vc_column_text]<strong>Ba\u017eny\u010dia patenka \u012f<\/strong> <a href=\"http:\/\/cityofmercy.lt\/lt_LT\/marsrutai\/marijos-gerbimo-vietos\/\" target=\"_blank\" rel=\"noopener\">Marijos gerbimo viet\u0173<\/a> mar\u0161rut\u0105[\/vc_column_text]<div class=\"divider-wrap\"><div style=\"height: 20px;\" class=\"divider\"><\/div><\/div>[vc_column_text]\n<div class=\"wpb_text_column wpb_content_element \">\n<div class=\"wpb_wrapper\">\n<p style=\"text-align: justify;\">Archeologiniais tyrimais nustatyta, kad vieta Trak\u0173 gatv\u0117je, kur stovi pranci\u0161kon\u0173 konventual\u0173 ba\u017eny\u010dia, yra viena ankstyviausi\u0173 kataliki\u0161k\u0173 Vilniaus viet\u0173. \u010cia rasti radiniai byloja apie krik\u0161\u010dioni\u0161kai laidotus palaikus dar prie\u0161 pastatant pirm\u0105j\u0105 m\u016brin\u0119 ba\u017eny\u010di\u0105 XIII a. pabaigoje. Kaip ir dauguma kunigaik\u0161\u010dio Vytauto ir karaliaus Jogailos statyt\u0173 \u0161ventovi\u0173, \u0161i pranci\u0161kon\u0173 ba\u017eny\u010dia konsekruota \u0160v\u010d. Mergel\u0117s Marijos Dievo Motinos \u0116mimo \u012f dang\u0173 titulu. Jos vardas ra\u0161ytas ir su pried\u0117liu \u201ein Arena\u201c, t.\u00a0y. Smiltyn\u0117je, kadangi taip vadinta \u0161i miesto vieta.<\/p>\n<p style=\"text-align: justify;\">1390 m. kry\u017eiuo\u010diai, puldami Vilniaus pilis, kartu sudegino ir pranci\u0161kon\u0173 statinius. 1421\u00a0m. pastatyta nauja ba\u017eny\u010dia ir pana\u0161iu metu \u2013 vienuolynas. Verting\u0173 vienuolyno architekt\u016bros fragment\u0173, ankstesni\u0173 nei XVIII a., kiek daugiau i\u0161liko ba\u017eny\u010dioje nei vienuolyno pastate. XIX a. po sukilim\u0173 vienuolynas ir ba\u017eny\u010dia buvo u\u017edaryti, atimta turtinga biblioteka. Sovietme\u010diu ba\u017eny\u010dioje buvo \u012fkurtas archyvas. 1998\u00a0m. ba\u017eny\u010dia buvo sugr\u0105\u017einta pranci\u0161konams konventualams.<\/p>\n<p style=\"text-align: justify;\">Prie \u012f\u0117jimo \u012f ba\u017eny\u010dios ir vienuolyno teritorij\u0105 prie tvoros stovi barokin\u0117 Suzin\u0173 \u0161eimos koply\u010dia, pastatyta kazok\u0173 nu\u017eudytiems vilnie\u010diams.<\/p>\n<p style=\"text-align: justify;\">Baltoji Madona, arba \u0160v\u010d. Mergel\u0117s Marijos Nekaltojo Prasid\u0117jimo statula, mieste malon\u0117mis gars\u0117jo nuo XVIII a. Tuomet ji stov\u0117jo vienuolyno sal\u0117je, kur buvo priimami lankytojai. Marija vaizduojama besilaukianti, kaip apra\u0161yta Aprei\u0161kime Jonui. Grei\u010diausiai tai ir l\u0117m\u0117, kad Baltoji Madona gerbiama kaip \u0161eimos serg\u0117toja, nedarni\u0173 \u0161eim\u0173 taikytoja ir \u0161eim\u0173, negalin\u010di\u0173 susilaukti vaik\u0173, u\u017etar\u0117ja bei negimusi\u0173 k\u016bdiki\u0173 glob\u0117ja. 1864 m. carui u\u017edarius vienuolyn\u0105 Marijos statula buvo pasl\u0117pta u\u017etinkuojant j\u0105 ni\u0161oje. 1935 m. pranci\u0161konai statul\u0105 perne\u0161\u0117 \u012f \u0160v. Lauryno koply\u010di\u0105. Sovietme\u010diu statula v\u0117l buvo u\u017etinkuota koply\u010dios ni\u0161oje ir niekas ne\u012ftar\u0117, kas pasl\u0117pta valstyb\u0117s archyvo sand\u0117lio sienoje. Ba\u017eny\u010di\u0105 sugr\u0105\u017einus pranci\u0161konams statula buvo atidengta.<\/p>\n<\/div>\n<\/div>\n[\/vc_column_text][\/vc_column_inner][vc_column_inner column_padding=&#8221;no-extra-padding&#8221; column_padding_position=&#8221;all&#8221; background_color_opacity=&#8221;1&#8243; background_hover_color_opacity=&#8221;1&#8243; column_shadow=&#8221;none&#8221; column_border_radius=&#8221;none&#8221; width=&#8221;1\/2&#8243; column_border_width=&#8221;none&#8221; column_border_style=&#8221;solid&#8221;]<div class=\"iwithtext\"><div class=\"iwt-icon\"> <i class=\"icon-default-style icon-map-marker accent-color\"><\/i> <\/div><div class=\"iwt-text\"> <a href=\"https:\/\/goo.gl\/maps\/MMJ2rAkrNk5e7wsX7\" target=\"_blank\" rel=\"noopener\">Trak\u0173 g. 9, Vilnius<\/a> <\/div><div class=\"clear\"><\/div><\/div><div class=\"iwithtext\"><div class=\"iwt-icon\"> <img decoding=\"async\" src=\"https:\/\/cityofmercy.lt\/wp-content\/uploads\/2017\/12\/taurinis.png\" alt=\"\" \/> <\/div><div class=\"iwt-text\"> <strong>\u0160v. Mi\u0161ios (lietuvi\u0173 k.)<\/strong><br \/>\nI\u2013V: 17.30<br \/>\nVII: 10.00 <\/div><div class=\"clear\"><\/div><\/div><div class=\"iwithtext\"><div class=\"iwt-icon\">  <\/div><div class=\"iwt-text\"> <strong>\u0160v. Mi\u0161ios (lenk\u0173 k.)<\/strong><br \/>\nI\u2013V: 19.00<br \/>\nVII: 11.30, 13.00 <\/div><div class=\"clear\"><\/div><\/div><div class=\"iwithtext\"><div class=\"iwt-icon\"> <i class=\"icon-default-style icon-phone accent-color\"><\/i> <\/div><div class=\"iwt-text\"> +370 555 24569 <\/div><div class=\"clear\"><\/div><\/div><div class=\"iwithtext\"><div class=\"iwt-icon\"> <i class=\"icon-default-style icon-globe accent-color\"><\/i> <\/div><div class=\"iwt-text\"> <a href=\"http:\/\/www.pranciskonai.lt\" target=\"_blank\" rel=\"noopener\">www.pranciskonai.lt<\/a> <\/div><div class=\"clear\"><\/div><\/div>[\/vc_column_inner][\/vc_row_inner][\/vc_column][\/vc_row][vc_row type=&#8221;in_container&#8221; full_screen_row_position=&#8221;middle&#8221; scene_position=&#8221;center&#8221; text_color=&#8221;dark&#8221; text_align=&#8221;left&#8221; overlay_strength=&#8221;0.3&#8243; shape_divider_position=&#8221;bottom&#8221;][vc_column column_padding=&#8221;no-extra-padding&#8221; column_padding_position=&#8221;all&#8221; background_color_opacity=&#8221;1&#8243; background_hover_color_opacity=&#8221;1&#8243; column_shadow=&#8221;none&#8221; column_border_radius=&#8221;none&#8221; width=&#8221;1\/1&#8243; tablet_text_alignment=&#8221;default&#8221; phone_text_alignment=&#8221;default&#8221; column_border_width=&#8221;none&#8221; column_border_style=&#8221;solid&#8221;]<div class=\"divider-wrap\"><div style=\"height: 200px;\" class=\"divider\"><\/div><\/div>[\/vc_column][\/vc_row]\n","protected":false},"excerpt":{"rendered":"<p>[vc_row type=&#8221;in_container&#8221; full_screen_row_position=&#8221;middle&#8221; scene_position=&#8221;center&#8221; text_color=&#8221;dark&#8221; text_align=&#8221;left&#8221; overlay_strength=&#8221;0.3&#8243; shape_divider_position=&#8221;bottom&#8221;][vc_column centered_text=&#8221;true&#8221; column_padding=&#8221;no-extra-padding&#8221; column_&#8230;<\/p>\n","protected":false},"author":2,"featured_media":971,"parent":38,"menu_order":0,"comment_status":"closed","ping_status":"closed","template":"","meta":{"footnotes":""},"class_list":["post-151","page","type-page","status-publish","has-post-thumbnail","hentry"],"_links":{"self":[{"href":"https:\/\/cityofmercy.lt\/lt_LT\/wp-json\/wp\/v2\/pages\/151","targetHints":{"allow":["GET"]}}],"collection":[{"href":"https:\/\/cityofmercy.lt\/lt_LT\/wp-json\/wp\/v2\/pages"}],"about":[{"href":"https:\/\/cityofmercy.lt\/lt_LT\/wp-json\/wp\/v2\/types\/page"}],"author":[{"embeddable":true,"href":"https:\/\/cityofmercy.lt\/lt_LT\/wp-json\/wp\/v2\/users\/2"}],"replies":[{"embeddable":true,"href":"https:\/\/cityofmercy.lt\/lt_LT\/wp-json\/wp\/v2\/comments?post=151"}],"version-history":[{"count":51,"href":"https:\/\/cityofmercy.lt\/lt_LT\/wp-json\/wp\/v2\/pages\/151\/revisions"}],"predecessor-version":[{"id":6739,"href":"https:\/\/cityofmercy.lt\/lt_LT\/wp-json\/wp\/v2\/pages\/151\/revisions\/6739"}],"up":[{"embeddable":true,"href":"https:\/\/cityofmercy.lt\/lt_LT\/wp-json\/wp\/v2\/pages\/38"}],"wp:featuredmedia":[{"embeddable":true,"href":"https:\/\/cityofmercy.lt\/lt_LT\/wp-json\/wp\/v2\/media\/971"}],"wp:attachment":[{"href":"https:\/\/cityofmercy.lt\/lt_LT\/wp-json\/wp\/v2\/media?parent=151"}],"curies":[{"name":"wp","href":"https:\/\/api.w.org\/{rel}","templated":true}]}}