{"id":149,"date":"2017-11-30T16:17:08","date_gmt":"2017-11-30T16:17:08","guid":{"rendered":"http:\/\/cityofmercy.lt\/?page_id=149"},"modified":"2021-05-27T17:09:35","modified_gmt":"2021-05-27T14:09:35","slug":"sv-pranciskaus-asyziecio-bernardinu-baznycia-ir-pranciskonu-vienuolynas","status":"publish","type":"page","link":"https:\/\/cityofmercy.lt\/lt_LT\/objektai\/sv-pranciskaus-asyziecio-bernardinu-baznycia-ir-pranciskonu-vienuolynas\/","title":{"rendered":"\u0160v. Pranci\u0161kaus Asy\u017eie\u010dio (Bernardin\u0173) ba\u017eny\u010dia ir pranci\u0161kon\u0173 vienuolynas"},"content":{"rendered":"[vc_row type=&#8221;in_container&#8221; full_screen_row_position=&#8221;middle&#8221; scene_position=&#8221;center&#8221; text_color=&#8221;dark&#8221; text_align=&#8221;left&#8221; overlay_strength=&#8221;0.3&#8243; shape_divider_position=&#8221;bottom&#8221;][vc_column centered_text=&#8221;true&#8221; column_padding=&#8221;no-extra-padding&#8221; column_padding_position=&#8221;all&#8221; background_color_opacity=&#8221;1&#8243; background_hover_color_opacity=&#8221;1&#8243; column_shadow=&#8221;none&#8221; column_border_radius=&#8221;none&#8221; width=&#8221;1\/1&#8243; tablet_text_alignment=&#8221;default&#8221; phone_text_alignment=&#8221;default&#8221; column_border_width=&#8221;none&#8221; column_border_style=&#8221;solid&#8221;][vc_column_text]\n<h4><strong>\u0160v. Pranci\u0161kaus Asy\u017eie\u010dio (Bernardin\u0173) ba\u017eny\u010dia prie pranci\u0161kon\u0173 vienuolyno<\/strong><\/h4>\n[\/vc_column_text]<div class=\"divider-wrap\"><div style=\"margin-top: 25px; height: 1px; margin-bottom: 25px;\" data-width=\"100%\" data-animate=\"\" data-animation-delay=\"\" data-color=\"default\" class=\"divider-border\"><\/div><\/div>[\/vc_column][\/vc_row][vc_row type=&#8221;in_container&#8221; full_screen_row_position=&#8221;middle&#8221; scene_position=&#8221;center&#8221; text_color=&#8221;dark&#8221; text_align=&#8221;left&#8221; overlay_strength=&#8221;0.3&#8243; shape_divider_position=&#8221;bottom&#8221;][vc_column column_padding=&#8221;no-extra-padding&#8221; column_padding_position=&#8221;all&#8221; background_color_opacity=&#8221;1&#8243; background_hover_color_opacity=&#8221;1&#8243; column_shadow=&#8221;none&#8221; column_border_radius=&#8221;none&#8221; top_margin=&#8221;-30&#8243; width=&#8221;1\/1&#8243; tablet_text_alignment=&#8221;default&#8221; phone_text_alignment=&#8221;default&#8221; column_border_width=&#8221;none&#8221; column_border_style=&#8221;solid&#8221;][vc_row_inner column_margin=&#8221;default&#8221; text_align=&#8221;left&#8221;][vc_column_inner column_padding=&#8221;no-extra-padding&#8221; column_padding_position=&#8221;all&#8221; background_color_opacity=&#8221;1&#8243; background_hover_color_opacity=&#8221;1&#8243; column_shadow=&#8221;none&#8221; column_border_radius=&#8221;none&#8221; width=&#8221;1\/2&#8243; column_border_width=&#8221;none&#8221; column_border_style=&#8221;solid&#8221;][nectar_image_with_hotspots image=&#8221;480&#8243; preview=&#8221;http:\/\/cityofmercy.lt\/wp-content\/uploads\/2017\/12\/BERNARDINU.jpg&#8221; color_1=&#8221;Accent-Color&#8221; hotspot_icon=&#8221;plus_sign&#8221; tooltip=&#8221;hover&#8221; tooltip_shadow=&#8221;medium_depth&#8221; animation=&#8221;true&#8221;][nectar_hotspot left=&#8221;61.4186%&#8221; top=&#8221;42.521%&#8221; position=&#8221;left&#8221;]XVI a. gotikin\u0117s polichromin\u0117s freskos \u0161v. Pranci\u0161kaus Asy\u017eie\u010dio gyvenimo temomis.[\/nectar_hotspot][\/nectar_image_with_hotspots]<div class=\"divider-wrap\"><div style=\"height: 20px;\" class=\"divider\"><\/div><\/div>[vc_column_text]<strong>Ba\u017eny\u010dia patenka \u012f<\/strong> <a href=\"http:\/\/cityofmercy.lt\/lt_LT\/marsrutai\/gailestingumo-kelias\/\" target=\"_blank\" rel=\"noopener\">Gailestingumo kelio<\/a>, <a href=\"http:\/\/cityofmercy.lt\/lt_LT\/marsrutai\/marijos-gerbimo-vietos\/\" target=\"_blank\" rel=\"noopener\">Marijos gerbimo viet\u0173<\/a> ir <a href=\"http:\/\/elephantastronaut.com\/marsrutai\/pranciskonu-kelias\/\" target=\"_blank\" rel=\"noopener\">Pranci\u0161kon\u0173 kelio Vilniuje<\/a> mar\u0161rutus[\/vc_column_text]<div class=\"divider-wrap\"><div style=\"height: 20px;\" class=\"divider\"><\/div><\/div>[vc_column_text]\n<p style=\"text-align: justify;\">Bernardin\u0173 vienuoliai su misijomis \u012f Lietuvos Did\u017ei\u0105j\u0105 Kunigaik\u0161tyst\u0119 atkeliavo XV a. viduryje. Pirm\u0105j\u0105 medin\u0119 ba\u017eny\u010di\u0105 pastat\u0117 XV a. Vilniuje \u012fsik\u016br\u0119 bernardinai \u2013 pranci\u0161konai observantai, siek\u0119 gyventi pagal \u0161v. Pranci\u0161kaus Asy\u017eie\u010dio (1182\u20131226) vienuolinio gyvenimo ideal\u0105. Medin\u0117 ba\u017eny\u010dia sudeg\u0117, o v\u0117liau pastatytos m\u016brin\u0117s ba\u017eny\u010dios did\u017ei\u0105j\u0105 dal\u012f teko i\u0161ardyti d\u0117l konstrukcini\u0173 klaid\u0173.<\/p>\n<p style=\"text-align: justify;\">1506\u20131516 m. pastatyta dabartin\u0117 ba\u017eny\u010dia, kurioje i\u0161liko nugriautos ba\u017eny\u010dios presbiterija \u2013 vienuoli\u0173 choras ir zakristija. Ba\u017eny\u010dia laikyta vienu i\u0161 did\u017eiausi\u0173 ir puo\u0161niausi\u0173 miesto pastat\u0173. Bernardin\u0173 vienuolynas statytas kartu su ba\u017eny\u010dia, \u010dia veik\u0117 noviciatas, seminarija, skriptorijus, sukaupta biblioteka. Bernardinai ypa\u010d gars\u0117jo savo pamokslininkais, tur\u0117jo sav\u0173 amatinink\u0173. XIX a. po sukilim\u0173 caro vald\u017eia vienuolyn\u0105 u\u017edar\u0117. Po Antrojo pasaulinio karo buvo \u012fkurtas Vilniaus dail\u0117s institutas (dabartin\u0117 Dail\u0117s akademija). Sovietme\u010diu ba\u017eny\u010dia buvo paversta Dail\u0117s instituto sand\u0117liu. Pranci\u0161konai jiems sugr\u0105\u017eint\u0105 ba\u017eny\u010di\u0105 at\u0161ventino 1994 m.<\/p>\n<p style=\"text-align: justify;\">Iki \u0161i\u0173 dien\u0173 yra i\u0161lik\u0119 ir restauruoti trylika v\u0117lyvojo baroko stiliaus medini\u0173 altori\u0173. \u0160onin\u0117se ba\u017eny\u010dios navose galima gro\u017e\u0117tis gotikiniais kri\u0161toliniais, kry\u017eminiais ir \u017evaig\u017ediniais skliautais. Nav\u0173 sienas puo\u0161ia gotikin\u0117s polichromin\u0117s freskos. Tai spalvingos fig\u016brin\u0117s kompozicijos Biblijos, \u0161v. Pranci\u0161kaus Asy\u017eie\u010dio gyvenimo ir hagiografin\u0117mis temomis. \u0160i tapyba sukurta XVI a. ir laikoma unikalia.<\/p>\n<p style=\"text-align: justify;\">Ba\u017eny\u010dioje saugoma seniausia \u017einoma Lietuvoje XV a. Nukry\u017eiuotojo skulpt\u016bra \u2013 dabar ji kabo de\u0161in\u0117s navos \u0160v. Florijono (Trij\u0173 Karali\u0173) koply\u010dioje. Bernardinams b\u016bding\u0105 pamaldum\u0105 ken\u010dian\u010diam Kristui liudijo ir XVII a. ba\u017eny\u010dios \u0161ventoriuje prad\u0117ta kurti Kalvarija. V\u0117liau, Kalvarijai sunykus, Kry\u017eiaus keliai \u012frengti koply\u010dioje \u0161alia ba\u017eny\u010dios. I\u0161 \u0161ios Kalvarijos i\u0161liko tik viena \u201eKristaus laipt\u0173\u201c (Scala Sancta) stotis. Joje \u012frengta \u0160vent\u0173j\u0173 laipt\u0173, \u0161v. Elenos atve\u017et\u0173 i\u0161 Jeruzal\u0117s \u012f Rom\u0105, kopija. \u012e \u0161i\u0105 koply\u010di\u0105 galima patekti ir meld\u017eiantis kilti \u201eKristaus laiptais\u201c per 1874 m. pristatyt\u0105 neogotikin\u0119 varpin\u0119, esan\u010di\u0105 lauke.<\/p>\n<p style=\"text-align: justify;\">Sopulingosios Dievo Motinos atvaizdas buvo nutapytas 1699 m., gavus teis\u0119 \u012f to paties pavadinimo atlaidus. Paveikslas su apkaustais pakabintas Sokalio arba Rusi\u0161kosios Dievo Motinos altoriuje, kuris yra kair\u0117je pus\u0117je \u0161alia centrinio altoriaus. \u0160is atvaizdas yra vienas garsiausi\u0173 malon\u0117mis pagars\u0117jusi\u0173 Marijos atvaizd\u0173, susijusi\u0173 su Lietuvos ir Lenkijos bernardinais.<\/p>\n[\/vc_column_text][\/vc_column_inner][vc_column_inner column_padding=&#8221;no-extra-padding&#8221; column_padding_position=&#8221;all&#8221; background_color_opacity=&#8221;1&#8243; background_hover_color_opacity=&#8221;1&#8243; column_shadow=&#8221;none&#8221; column_border_radius=&#8221;none&#8221; width=&#8221;1\/2&#8243; column_border_width=&#8221;none&#8221; column_border_style=&#8221;solid&#8221;]<div class=\"iwithtext\"><div class=\"iwt-icon\"> <i class=\"icon-default-style icon-map-marker accent-color\"><\/i> <\/div><div class=\"iwt-text\"> <a href=\"https:\/\/goo.gl\/maps\/hREBHqG2AfJgwfbS8\" target=\"_blank\" rel=\"noopener\">Maironio g. 10, Vilnius<\/a> <\/div><div class=\"clear\"><\/div><\/div><div class=\"iwithtext\"><div class=\"iwt-icon\"> <i class=\"icon-default-style icon-time accent-color\"><\/i> <\/div><div class=\"iwt-text\"> <strong>Ba\u017eny\u010dia atidaryta<\/strong><br \/>\nI: 9.00\u201318.00<br \/>\nII: 7.30\u201318.00<br \/>\nIII\u2013V: 7.30\u201319.00<br \/>\nVI: 8.30\u201319.00<br \/>\nVII: 8.30\u201318.00 <\/div><div class=\"clear\"><\/div><\/div><div class=\"iwithtext\"><div class=\"iwt-icon\"> <img decoding=\"async\" src=\"https:\/\/cityofmercy.lt\/wp-content\/uploads\/2017\/12\/taurinis.png\" alt=\"\" \/> <\/div><div class=\"iwt-text\"> <strong>\u0160v. Mi\u0161ios (lietuvi\u0173 k.)<\/strong><br \/>\nI: 12.00<br \/>\nII: 7.30<br \/>\nIII\u2013V: 7.30, 18.00<br \/>\nVI: 9.00, 18.00<br \/>\nVII: 10.30, 13.00 (su vertimu \u012f gest\u0173 kalb\u0105), 17.00 <\/div><div class=\"clear\"><\/div><\/div><div class=\"iwithtext\"><div class=\"iwt-icon\">  <\/div><div class=\"iwt-text\"> <strong>\u0160v. Mi\u0161ios (angl\u0173 k.)<\/strong><br \/>\nVII: 9.00 <\/div><div class=\"clear\"><\/div><\/div><div class=\"iwithtext\"><div class=\"iwt-icon\"> <i class=\"icon-default-style icon-info accent-color\"><\/i> <\/div><div class=\"iwt-text\"> <strong>Informacija apie architekt\u016brin\u012f ansambl\u012f ir organizuojamas ekskursijas:<\/strong><br \/>\n<a href=\"http:\/\/www.bernardinuansamblis.lt\" target=\"_blank\" rel=\"noopener\">www.bernardinuansamblis.lt<\/a> <\/div><div class=\"clear\"><\/div><\/div><div class=\"iwithtext\"><div class=\"iwt-icon\"> <i class=\"icon-default-style icon-globe accent-color\"><\/i> <\/div><div class=\"iwt-text\"> <a href=\"http:\/\/www.bernardinuparapija.lt\" target=\"_blank\" rel=\"noopener\">www.bernardinuparapija.lt<\/a> <\/div><div class=\"clear\"><\/div><\/div>[\/vc_column_inner][\/vc_row_inner][\/vc_column][\/vc_row][vc_row type=&#8221;in_container&#8221; full_screen_row_position=&#8221;middle&#8221; scene_position=&#8221;center&#8221; text_color=&#8221;dark&#8221; text_align=&#8221;left&#8221; overlay_strength=&#8221;0.3&#8243; shape_divider_position=&#8221;bottom&#8221;][vc_column column_padding=&#8221;no-extra-padding&#8221; column_padding_position=&#8221;all&#8221; background_color_opacity=&#8221;1&#8243; background_hover_color_opacity=&#8221;1&#8243; column_shadow=&#8221;none&#8221; column_border_radius=&#8221;none&#8221; width=&#8221;1\/1&#8243; tablet_text_alignment=&#8221;default&#8221; phone_text_alignment=&#8221;default&#8221; column_border_width=&#8221;none&#8221; column_border_style=&#8221;solid&#8221;]<div class=\"divider-wrap\"><div style=\"height: 200px;\" class=\"divider\"><\/div><\/div>[\/vc_column][\/vc_row]\n","protected":false},"excerpt":{"rendered":"<p>[vc_row type=&#8221;in_container&#8221; full_screen_row_position=&#8221;middle&#8221; scene_position=&#8221;center&#8221; text_color=&#8221;dark&#8221; text_align=&#8221;left&#8221; overlay_strength=&#8221;0.3&#8243; shape_divider_position=&#8221;bottom&#8221;][vc_column centered_text=&#8221;true&#8221; column_padding=&#8221;no-extra-padding&#8221; column_&#8230;<\/p>\n","protected":false},"author":2,"featured_media":620,"parent":38,"menu_order":0,"comment_status":"closed","ping_status":"closed","template":"","meta":{"footnotes":""},"class_list":["post-149","page","type-page","status-publish","has-post-thumbnail","hentry"],"_links":{"self":[{"href":"https:\/\/cityofmercy.lt\/lt_LT\/wp-json\/wp\/v2\/pages\/149","targetHints":{"allow":["GET"]}}],"collection":[{"href":"https:\/\/cityofmercy.lt\/lt_LT\/wp-json\/wp\/v2\/pages"}],"about":[{"href":"https:\/\/cityofmercy.lt\/lt_LT\/wp-json\/wp\/v2\/types\/page"}],"author":[{"embeddable":true,"href":"https:\/\/cityofmercy.lt\/lt_LT\/wp-json\/wp\/v2\/users\/2"}],"replies":[{"embeddable":true,"href":"https:\/\/cityofmercy.lt\/lt_LT\/wp-json\/wp\/v2\/comments?post=149"}],"version-history":[{"count":56,"href":"https:\/\/cityofmercy.lt\/lt_LT\/wp-json\/wp\/v2\/pages\/149\/revisions"}],"predecessor-version":[{"id":6746,"href":"https:\/\/cityofmercy.lt\/lt_LT\/wp-json\/wp\/v2\/pages\/149\/revisions\/6746"}],"up":[{"embeddable":true,"href":"https:\/\/cityofmercy.lt\/lt_LT\/wp-json\/wp\/v2\/pages\/38"}],"wp:featuredmedia":[{"embeddable":true,"href":"https:\/\/cityofmercy.lt\/lt_LT\/wp-json\/wp\/v2\/media\/620"}],"wp:attachment":[{"href":"https:\/\/cityofmercy.lt\/lt_LT\/wp-json\/wp\/v2\/media?parent=149"}],"curies":[{"name":"wp","href":"https:\/\/api.w.org\/{rel}","templated":true}]}}