{"id":147,"date":"2017-11-30T16:16:21","date_gmt":"2017-11-30T16:16:21","guid":{"rendered":"http:\/\/cityofmercy.lt\/?page_id=147"},"modified":"2021-05-27T16:48:32","modified_gmt":"2021-05-27T13:48:32","slug":"sv-onos-baznycia","status":"publish","type":"page","link":"https:\/\/cityofmercy.lt\/lt_LT\/objektai\/sv-onos-baznycia\/","title":{"rendered":"\u0160v. Onos ba\u017eny\u010dia"},"content":{"rendered":"[vc_row type=&#8221;in_container&#8221; full_screen_row_position=&#8221;middle&#8221; scene_position=&#8221;center&#8221; text_color=&#8221;dark&#8221; text_align=&#8221;left&#8221; overlay_strength=&#8221;0.3&#8243; shape_divider_position=&#8221;bottom&#8221;][vc_column column_padding=&#8221;no-extra-padding&#8221; column_padding_position=&#8221;all&#8221; background_color_opacity=&#8221;1&#8243; background_hover_color_opacity=&#8221;1&#8243; column_shadow=&#8221;none&#8221; column_border_radius=&#8221;none&#8221; width=&#8221;1\/1&#8243; tablet_text_alignment=&#8221;default&#8221; phone_text_alignment=&#8221;default&#8221; column_border_width=&#8221;none&#8221; column_border_style=&#8221;solid&#8221;][vc_column_text]\n<h4 style=\"text-align: center;\"><strong>\u0160v. Onos ba\u017eny\u010dia<\/strong><\/h4>\n[\/vc_column_text]<div class=\"divider-wrap\"><div style=\"margin-top: 25px; height: 1px; margin-bottom: 25px;\" data-width=\"100%\" data-animate=\"\" data-animation-delay=\"\" data-color=\"default\" class=\"divider-border\"><\/div><\/div>[\/vc_column][\/vc_row][vc_row type=&#8221;in_container&#8221; full_screen_row_position=&#8221;middle&#8221; scene_position=&#8221;center&#8221; text_color=&#8221;dark&#8221; text_align=&#8221;left&#8221; overlay_strength=&#8221;0.3&#8243; shape_divider_position=&#8221;bottom&#8221;][vc_column column_padding=&#8221;no-extra-padding&#8221; column_padding_position=&#8221;all&#8221; background_color_opacity=&#8221;1&#8243; background_hover_color_opacity=&#8221;1&#8243; column_shadow=&#8221;none&#8221; column_border_radius=&#8221;none&#8221; top_margin=&#8221;-30&#8243; width=&#8221;1\/1&#8243; tablet_text_alignment=&#8221;default&#8221; phone_text_alignment=&#8221;default&#8221; column_border_width=&#8221;none&#8221; column_border_style=&#8221;solid&#8221;][vc_row_inner column_margin=&#8221;default&#8221; text_align=&#8221;left&#8221;][vc_column_inner column_padding=&#8221;no-extra-padding&#8221; column_padding_position=&#8221;all&#8221; background_color_opacity=&#8221;1&#8243; background_hover_color_opacity=&#8221;1&#8243; column_shadow=&#8221;none&#8221; column_border_radius=&#8221;none&#8221; width=&#8221;1\/2&#8243; column_border_width=&#8221;none&#8221; column_border_style=&#8221;solid&#8221;][nectar_image_with_hotspots image=&#8221;496&#8243; preview=&#8221;http:\/\/cityofmercy.lt\/wp-content\/uploads\/2017\/12\/ONOS-1.jpg&#8221; color_1=&#8221;Accent-Color&#8221; hotspot_icon=&#8221;plus_sign&#8221; tooltip=&#8221;hover&#8221; tooltip_shadow=&#8221;medium_depth&#8221; animation=&#8221;true&#8221;][nectar_hotspot left=&#8221;43.37875718090769%&#8221; top=&#8221;57.88260405918337%&#8221; position=&#8221;right&#8221;]Centriniame altoriuje kabo \u0161ventov\u0117s titul\u0105 nusakantis \u0160v\u010d. Mergel\u0117s Marijos su K\u016bdikiu ir \u0161v. Onos paveikslas (liaudyje pritaikytas vertinys i\u0161 vokie\u010di\u0173 kalbos \u201e\u0160v. Ona, pati tre\u010dioji\u201c). Jame pavaizduotos trys kartos: ba\u017eny\u010dios glob\u0117ja \u0161v. Ona, jos dukt\u0117 \u0161v\u010d. Mergel\u0117 Marija ir k\u016bdik\u0117lis J\u0117zus \u2013 Mergel\u0117s Marijos S\u016bnus ir \u0161v. Onos Vaikaitis. [\/nectar_hotspot][\/nectar_image_with_hotspots]<div class=\"divider-wrap\"><div style=\"height: 20px;\" class=\"divider\"><\/div><\/div>[vc_column_text]<strong>Ba\u017eny\u010dia patenka \u012f <\/strong><a href=\"http:\/\/cityofmercy.lt\/lt_LT\/marsrutai\/marijos-gerbimo-vietos\/\" target=\"_blank\" rel=\"noopener\">Marijos gerbimo viet\u0173<\/a> mar\u0161rut\u0105.[\/vc_column_text]<div class=\"divider-wrap\"><div style=\"height: 20px;\" class=\"divider\"><\/div><\/div>[vc_column_text]\n<div class=\"wpb_text_column wpb_content_element \">\n<div class=\"wpb_wrapper\">\n<p align=\"JUSTIFY\"><span lang=\"lt-LT\">\u0160v. Onos ba\u017eny\u010dia da\u017enai vadinama gotikos \u0161edevru, liepsnojan\u010dios gotikos perlu. Ji statyta apie 1495\u20131500 m. kaip \u0160v. Onos brolijos koply\u010dia prie tada dar medin\u0117s Bernardin\u0173 ba\u017eny\u010dios. Svarbiausias tai \u012frodantis dokumentas \u2013 1501 m. popie\u017eiaus Aleksandro VI suteikta atlaid\u0173 privilegija Vilniaus \u0160v. Onos ba\u017eny\u010diai, skatinusi tikin\u010diuosius gausiai j\u0105 lankyti ir pri\u017ei\u016br\u0117ti. Prie ba\u017eny\u010dios taip pat veik\u0117 ir vokie\u010dius bei kit\u0173 \u0161ali\u0173 katalikus vienijanti \u0160v. Martyno brolija.<\/span><\/p>\n<p align=\"JUSTIFY\"><span lang=\"lt-LT\">1747 m. pagal \u017eymaus architekto Jono Kristupo Glaubico projekt\u0105 buvo \u012frengti trys m\u016briniai barokiniai altoriai, i\u0161lik\u0119 nepakeisti iki \u0161i\u0173 dien\u0173. Dar du dideli remontai atlikti 1902\u20131909 m. ir 1969\u20131971 m. Nors, pasak legendos, Napoleonas Bonapartas taip susi\u017eav\u0117j\u0119s ba\u017eny\u010dios gro\u017eiu, kad net nor\u0117j\u0119s ant delno nusine\u0161ti j\u0105 \u012f Pary\u017ei\u0173, jo kariuomen\u0117 ba\u017eny\u010dioje buvo \u012frengusi amunicijos sand\u0117l\u012f, v\u0117liau laik\u0117 belaisvius, tod\u0117l ba\u017eny\u010dios vidus buvo smarkiai nuniokotas.<\/span><\/p>\n<p><span lang=\"lt-LT\">Centriniame altoriuje kabo \u0161ventov\u0117s titul\u0105 nusakantis \u0160v\u010d. Mergel\u0117s Marijos su K\u016bdikiu ir \u0161v. Onos paveikslas (liaudyje pritaikytas vertinys i\u0161 vokie\u010di\u0173 kalbos \u201e\u0160v. Ona, pati tre\u010dioji\u201c). Jame pavaizduotos trys kartos: ba\u017eny\u010dios glob\u0117ja \u0161v. Ona, jos dukt\u0117 \u0161v\u010d. Mergel\u0117 Marija ir k\u016bdik\u0117lis J\u0117zus \u2013 Mergel\u0117s Marijos S\u016bnus ir \u0161v. Onos Vaikaitis. \u0160iam paveikslui rodyt\u0105 ypating\u0105 pagarb\u0105 liudija puo\u0161n\u016bs aptaisai, o \u0161v. Onos kulto i\u0161plitim\u0105 Lietuvoje liudija daugelio vyresniosios kartos moter\u0173 tur\u0117tas Onos vardas. <\/span><\/p>\n<\/div>\n<\/div>\n[\/vc_column_text][\/vc_column_inner][vc_column_inner column_padding=&#8221;no-extra-padding&#8221; column_padding_position=&#8221;all&#8221; background_color_opacity=&#8221;1&#8243; background_hover_color_opacity=&#8221;1&#8243; column_shadow=&#8221;none&#8221; column_border_radius=&#8221;none&#8221; width=&#8221;1\/2&#8243; column_border_width=&#8221;none&#8221; column_border_style=&#8221;solid&#8221;]<div class=\"iwithtext\"><div class=\"iwt-icon\"> <i class=\"icon-default-style icon-map-marker accent-color\"><\/i> <\/div><div class=\"iwt-text\"> <a href=\"https:\/\/www.google.com\/maps\/place\/Maironio+g.+8,+Vilnius+01124\/@54.6831481,25.2910033,17z\/data=!3m1!4b1!4m5!3m4!1s0x46dd94162c62461b:0xf6a36af3a0097c0a!8m2!3d54.683145!4d25.293192\">Maironio g. 8-1, Vilnius<\/a> <\/div><div class=\"clear\"><\/div><\/div><div class=\"iwithtext\"><div class=\"iwt-icon\"> <i class=\"icon-default-style icon-time accent-color\"><\/i> <\/div><div class=\"iwt-text\"> <strong>Ba\u017eny\u010dia atidaryta<\/strong><br \/>\nI\u2013VII 11.00\u201318.00 <\/div><div class=\"clear\"><\/div><\/div><div class=\"iwithtext\"><div class=\"iwt-icon\"> <img decoding=\"async\" src=\"https:\/\/cityofmercy.lt\/wp-content\/uploads\/2017\/12\/taurinis.png\" alt=\"\" \/> <\/div><div class=\"iwt-text\"> <strong>\u0160v. Mi\u0161ios (lietuvi\u0173 k.)<\/strong><br \/>\nI\u2013VI: 18.00<br \/>\nVII: 9.00 (Missa lecta), 11.00 (Missa cantata) <\/div><div class=\"clear\"><\/div><\/div><div class=\"iwithtext\"><div class=\"iwt-icon\"> <i class=\"icon-default-style icon-globe accent-color\"><\/i> <\/div><div class=\"iwt-text\"> <a href=\"https:\/\/vilniausonosbaznycia.net\/\" target=\"_blank\" rel=\"noopener\">vilniausonosbaznycia.net<\/a> <\/div><div class=\"clear\"><\/div><\/div>[\/vc_column_inner][\/vc_row_inner][\/vc_column][\/vc_row][vc_row type=&#8221;in_container&#8221; full_screen_row_position=&#8221;middle&#8221; scene_position=&#8221;center&#8221; text_color=&#8221;dark&#8221; text_align=&#8221;left&#8221; overlay_strength=&#8221;0.3&#8243; shape_divider_position=&#8221;bottom&#8221;][vc_column column_padding=&#8221;no-extra-padding&#8221; column_padding_position=&#8221;all&#8221; background_color_opacity=&#8221;1&#8243; background_hover_color_opacity=&#8221;1&#8243; column_shadow=&#8221;none&#8221; column_border_radius=&#8221;none&#8221; width=&#8221;1\/1&#8243; tablet_text_alignment=&#8221;default&#8221; phone_text_alignment=&#8221;default&#8221; column_border_width=&#8221;none&#8221; column_border_style=&#8221;solid&#8221;]<div class=\"divider-wrap\"><div style=\"height: 200px;\" class=\"divider\"><\/div><\/div>[\/vc_column][\/vc_row]\n","protected":false},"excerpt":{"rendered":"<p>[vc_row type=&#8221;in_container&#8221; full_screen_row_position=&#8221;middle&#8221; scene_position=&#8221;center&#8221; text_color=&#8221;dark&#8221; text_align=&#8221;left&#8221; overlay_strength=&#8221;0.3&#8243; shape_divider_position=&#8221;bottom&#8221;][vc_column column_padding=&#8221;no-extra-padding&#8221; column_padding_position=&#8221;all&#8230;<\/p>\n","protected":false},"author":2,"featured_media":290,"parent":38,"menu_order":0,"comment_status":"closed","ping_status":"closed","template":"","meta":{"footnotes":""},"class_list":["post-147","page","type-page","status-publish","has-post-thumbnail","hentry"],"_links":{"self":[{"href":"https:\/\/cityofmercy.lt\/lt_LT\/wp-json\/wp\/v2\/pages\/147","targetHints":{"allow":["GET"]}}],"collection":[{"href":"https:\/\/cityofmercy.lt\/lt_LT\/wp-json\/wp\/v2\/pages"}],"about":[{"href":"https:\/\/cityofmercy.lt\/lt_LT\/wp-json\/wp\/v2\/types\/page"}],"author":[{"embeddable":true,"href":"https:\/\/cityofmercy.lt\/lt_LT\/wp-json\/wp\/v2\/users\/2"}],"replies":[{"embeddable":true,"href":"https:\/\/cityofmercy.lt\/lt_LT\/wp-json\/wp\/v2\/comments?post=147"}],"version-history":[{"count":55,"href":"https:\/\/cityofmercy.lt\/lt_LT\/wp-json\/wp\/v2\/pages\/147\/revisions"}],"predecessor-version":[{"id":6740,"href":"https:\/\/cityofmercy.lt\/lt_LT\/wp-json\/wp\/v2\/pages\/147\/revisions\/6740"}],"up":[{"embeddable":true,"href":"https:\/\/cityofmercy.lt\/lt_LT\/wp-json\/wp\/v2\/pages\/38"}],"wp:featuredmedia":[{"embeddable":true,"href":"https:\/\/cityofmercy.lt\/lt_LT\/wp-json\/wp\/v2\/media\/290"}],"wp:attachment":[{"href":"https:\/\/cityofmercy.lt\/lt_LT\/wp-json\/wp\/v2\/media?parent=147"}],"curies":[{"name":"wp","href":"https:\/\/api.w.org\/{rel}","templated":true}]}}