{"id":144,"date":"2017-11-30T16:15:29","date_gmt":"2017-11-30T16:15:29","guid":{"rendered":"http:\/\/cityofmercy.lt\/?page_id=144"},"modified":"2021-05-27T14:14:00","modified_gmt":"2021-05-27T11:14:00","slug":"sv-mikalojaus-baznycia","status":"publish","type":"page","link":"https:\/\/cityofmercy.lt\/lt_LT\/objektai\/sv-mikalojaus-baznycia\/","title":{"rendered":"\u0160v. Mikalojaus ba\u017eny\u010dia"},"content":{"rendered":"[vc_row type=&#8221;in_container&#8221; full_screen_row_position=&#8221;middle&#8221; scene_position=&#8221;center&#8221; text_color=&#8221;dark&#8221; text_align=&#8221;left&#8221; overlay_strength=&#8221;0.3&#8243; shape_divider_position=&#8221;bottom&#8221;][vc_column centered_text=&#8221;true&#8221; column_padding=&#8221;no-extra-padding&#8221; column_padding_position=&#8221;all&#8221; background_color_opacity=&#8221;1&#8243; background_hover_color_opacity=&#8221;1&#8243; column_shadow=&#8221;none&#8221; column_border_radius=&#8221;none&#8221; width=&#8221;1\/1&#8243; tablet_text_alignment=&#8221;default&#8221; phone_text_alignment=&#8221;default&#8221; column_border_width=&#8221;none&#8221; column_border_style=&#8221;solid&#8221;][vc_column_text]\n<h4><strong>\u0160v. Mikalojaus ba\u017eny\u010dia<\/strong><\/h4>\n[\/vc_column_text]<div class=\"divider-wrap\"><div style=\"margin-top: 25px; height: 1px; margin-bottom: 25px;\" data-width=\"100%\" data-animate=\"\" data-animation-delay=\"\" data-color=\"default\" class=\"divider-border\"><\/div><\/div>[\/vc_column][\/vc_row][vc_row type=&#8221;in_container&#8221; full_screen_row_position=&#8221;middle&#8221; scene_position=&#8221;center&#8221; text_color=&#8221;dark&#8221; text_align=&#8221;left&#8221; overlay_strength=&#8221;0.3&#8243; shape_divider_position=&#8221;bottom&#8221;][vc_column column_padding=&#8221;no-extra-padding&#8221; column_padding_position=&#8221;all&#8221; background_color_opacity=&#8221;1&#8243; background_hover_color_opacity=&#8221;1&#8243; column_shadow=&#8221;none&#8221; column_border_radius=&#8221;none&#8221; top_margin=&#8221;-30&#8243; width=&#8221;1\/1&#8243; tablet_text_alignment=&#8221;default&#8221; phone_text_alignment=&#8221;default&#8221; column_border_width=&#8221;none&#8221; column_border_style=&#8221;solid&#8221;][vc_row_inner column_margin=&#8221;default&#8221; text_align=&#8221;left&#8221;][vc_column_inner column_padding=&#8221;no-extra-padding&#8221; column_padding_position=&#8221;all&#8221; background_color_opacity=&#8221;1&#8243; background_hover_color_opacity=&#8221;1&#8243; column_shadow=&#8221;none&#8221; column_border_radius=&#8221;none&#8221; width=&#8221;1\/2&#8243; column_border_width=&#8221;none&#8221; column_border_style=&#8221;solid&#8221;][nectar_image_with_hotspots image=&#8221;495&#8243; preview=&#8221;http:\/\/cityofmercy.lt\/wp-content\/uploads\/2017\/12\/MIKALOJAUS4.jpg&#8221; color_1=&#8221;Accent-Color&#8221; hotspot_icon=&#8221;plus_sign&#8221; tooltip=&#8221;hover&#8221; tooltip_shadow=&#8221;medium_depth&#8221; animation=&#8221;true&#8221;][nectar_hotspot left=&#8221;35.601%&#8221; top=&#8221;42.5183%&#8221; position=&#8221;right&#8221;]1959 m. \u0161alia ba\u017eny\u010dios pastatyta skulptoriaus Antano Kmieliausko sukurta Vilniaus glob\u0117jo \u0161v. Kristoforo skulpt\u016bra. Tai buvo rezistencijos aktas, nes miesto herb\u0105, kuriame vaizduojamas \u0161is \u0161ventasis, soviet\u0173 re\u017eimas buvo u\u017edraud\u0119s. Skulptorius buvo pa\u0161alintas i\u0161 Dailinink\u0173 s\u0105jungos, ta\u010diau skulpt\u016bra liko nenugriauta.[\/nectar_hotspot][nectar_hotspot left=&#8221;83.1866%&#8221; top=&#8221;46.2435%&#8221; position=&#8221;left&#8221;]Sovietme\u010diu u\u017edarius Vilniaus katedr\u0105 \u0160v. Mikalojaus parapijos namuose veik\u0117 Vilniaus arkivyskupijos kurija, o pati ba\u017eny\u010dia atliko prokatedros funkcijas. [\/nectar_hotspot][\/nectar_image_with_hotspots]<div class=\"divider-wrap\"><div style=\"height: 20px;\" class=\"divider\"><\/div><\/div>[vc_column_text]<strong><span lang=\"EN-US\">Ba<\/span>\u017eny\u010dia patenka \u012f<\/strong> <a href=\"http:\/\/cityofmercy.lt\/lt_LT\/marsrutai\/marijos-gerbimo-vietos\/\" target=\"_blank\" rel=\"noopener\">Marijos gerbimo viet\u0173<\/a> ir <a href=\"http:\/\/cityofmercy.lt\/lt_LT\/marsrutai\/pranciskonu-kelias\/\" target=\"_blank\" rel=\"noopener\">Pranci\u0161kon\u0173 kelio Vilniuje<\/a> Mar\u0161rutus[\/vc_column_text]<div class=\"divider-wrap\"><div style=\"height: 20px;\" class=\"divider\"><\/div><\/div>[vc_column_text]\n<div class=\"wpb_text_column wpb_content_element \">\n<div class=\"wpb_wrapper\">\n<p style=\"text-align: justify;\">Tai pati seniausia Vilniaus ba\u017eny\u010dia, pirm\u0105 kart\u0105 istoriniuose \u0161altiniuose pamin\u0117ta 1320 m., kai Lietuvos didysis kunigaik\u0161tis Gediminas pakviet\u0117 krik\u0161\u010dioni\u0161kosios Europos amatininkus ir pirklius atvykti \u012f Vilni\u0173. 1323 m. lai\u0161ke pranci\u0161konams jis ra\u0161\u0117, kad Vilniuje jiems pastatyta ba\u017eny\u010dia. Tai, kad ba\u017eny\u010dia buvo susijusi su pirkli\u0173 atvykimu \u012f miest\u0105, liudija jai suteiktas Vidurio Europos regiono tradicinis \u0161v.\u00a0vyskupo Mikalojaus Mirie\u010dio \u2013 keliautoj\u0173, pirkli\u0173, amatinink\u0173, belaisvi\u0173, vaik\u0173 glob\u0117jo \u2013 titulas.<\/p>\n<p style=\"text-align: justify;\">Ba\u017eny\u010dia buvo i\u0161m\u016bryta 1382\u20131387 m. LDK vietininko Vilniuje J. Jaunio (Janulio) r\u016bpes\u010diu ir l\u0117\u0161omis. \u0160\u012f statybos laik\u0105 patvirtina archaji\u0161kos architekt\u016brin\u0117s ankstyvosios gotikos ba\u017eny\u010dios formos. Ba\u017eny\u010dia rekonstruota ir atnaujinta kelis kartus, tod\u0117l i\u0161ry\u0161k\u0117ja interjero (skliaut\u0173, altori\u0173) XVI\u00a0a. prad\u017eios v\u0117lyvosios gotikos ir XVIII\u00a0a. vidurio v\u0117lyvojo baroko formos.<br \/>\nBa\u017eny\u010di\u0105 \u012f tris navas dalija grak\u0161t\u016bs stulpai, besiremiantys \u012f \u017evaig\u017edinius skliautus. \u00a0Did\u017eiajame altoriuje \u2013 Nukry\u017eiuotasis. Kairiajame altoriuje \u2013 \u0161v. Mikalojaus paveikslas. De\u0161iniajame altoriuje gerbiamas i\u0161skaptuotas i\u0161 med\u017eio, da\u017eytas ir paauksuotomis plok\u0161t\u0117mis u\u017edengtas Sopulingosios Dievo Motinos paveikslas.<\/p>\n<p style=\"text-align: justify;\">1901\u20131939 m. \u0160v. Mikalojaus ba\u017eny\u010dia buvo vienintel\u0117 Vilniaus ba\u017eny\u010dia, kurioje vyko lietuvi\u0161kos pamaldos, tod\u0117l ji tapo \u017einoma kaip lietuvi\u0173 kult\u016bros \u017eidinys. 1930 m. Vilniaus lietuvi\u0173 pastangomis ba\u017eny\u010dioje pastatytas paminklas Vytauto Did\u017eiojo 500 met\u0173 mirties sukak\u010diai pamin\u0117ti. Pokario metais, u\u017edarius Vilniaus arkikatedr\u0105 bazilik\u0105, ba\u017eny\u010dia atliko prokatedros funkcij\u0105. 1959 m. \u0161alia ba\u017eny\u010dios pastatyta skulptoriaus Antano Kmieliausko sukurta Vilniaus glob\u0117jo \u0161v. Kristoforo skulpt\u016bra. Tai buvo savoti\u0161kas rezistencijos aktas, nes miesto herb\u0105, kuriame vaizduojamas \u0161is \u0161ventasis, soviet\u0173 re\u017eimas buvo u\u017edraud\u0119s.<\/p>\n<\/div>\n<\/div>\n[\/vc_column_text][\/vc_column_inner][vc_column_inner column_padding=&#8221;no-extra-padding&#8221; column_padding_position=&#8221;all&#8221; background_color_opacity=&#8221;1&#8243; background_hover_color_opacity=&#8221;1&#8243; column_shadow=&#8221;none&#8221; column_border_radius=&#8221;none&#8221; width=&#8221;1\/2&#8243; column_border_width=&#8221;none&#8221; column_border_style=&#8221;solid&#8221;]<div class=\"iwithtext\"><div class=\"iwt-icon\"> <i class=\"icon-default-style icon-map-marker accent-color\"><\/i> <\/div><div class=\"iwt-text\"> <a href=\"https:\/\/www.google.com\/maps\/place\/\u0160v.+Mikalojaus+g.+4,+Vilnius+01133\/@54.678331,25.2807172,17z\/data=!3m1!4b1!4m5!3m4!1s0x46dd9414e7f0603b:0xa0c5cd4aa64fd38f!8m2!3d54.6783279!4d25.2829059\" target=\"_blank\" rel=\"noopener\">\u0160v. Mikalojaus g. 4, Vilnius<\/a> <\/div><div class=\"clear\"><\/div><\/div><div class=\"iwithtext\"><div class=\"iwt-icon\"> <i class=\"icon-default-style icon-time accent-color\"><\/i> <\/div><div class=\"iwt-text\"> <strong>Ba\u017eny\u010dia atidaryta<\/strong><br \/>\nI\u2013V: 15.30\u201318.30<br \/>\nVII: 7.15\u201315.00 <\/div><div class=\"clear\"><\/div><\/div><div class=\"iwithtext\"><div class=\"iwt-icon\"> <img decoding=\"async\" src=\"https:\/\/cityofmercy.lt\/wp-content\/uploads\/2017\/12\/taurinis.png\" alt=\"\" \/> <\/div><div class=\"iwt-text\"> <strong>\u0160v. Mi\u0161ios (lietuvi\u0173 k.)<\/strong><br \/>\nI\u2013V: 18.00<br \/>\nVI (ir per valstybines \u0161ventes): 9.00<br \/>\nVII: 8.00, 10.00 (su vertimu \u012f gest\u0173 kalb\u0105), 14.00 <\/div><div class=\"clear\"><\/div><\/div><div class=\"iwithtext\"><div class=\"iwt-icon\"> <i class=\"icon-default-style icon-phone accent-color\"><\/i> <\/div><div class=\"iwt-text\"> +370 5 262 3069 <\/div><div class=\"clear\"><\/div><\/div><div class=\"iwithtext\"><div class=\"iwt-icon\"> <i class=\"icon-default-style icon-globe accent-color\"><\/i> <\/div><div class=\"iwt-text\"> <a href=\"http:\/\/www.mikalojus.lt\" target=\"_blank\" rel=\"noopener\">www.mikalojus.lt<\/a> <\/div><div class=\"clear\"><\/div><\/div>[\/vc_column_inner][\/vc_row_inner][\/vc_column][\/vc_row][vc_row type=&#8221;in_container&#8221; full_screen_row_position=&#8221;middle&#8221; scene_position=&#8221;center&#8221; text_color=&#8221;dark&#8221; text_align=&#8221;left&#8221; overlay_strength=&#8221;0.3&#8243; shape_divider_position=&#8221;bottom&#8221;][vc_column column_padding=&#8221;no-extra-padding&#8221; column_padding_position=&#8221;all&#8221; background_color_opacity=&#8221;1&#8243; background_hover_color_opacity=&#8221;1&#8243; column_shadow=&#8221;none&#8221; column_border_radius=&#8221;none&#8221; width=&#8221;1\/1&#8243; tablet_text_alignment=&#8221;default&#8221; phone_text_alignment=&#8221;default&#8221; column_border_width=&#8221;none&#8221; column_border_style=&#8221;solid&#8221;]<div class=\"divider-wrap\"><div style=\"height: 200px;\" class=\"divider\"><\/div><\/div>[\/vc_column][\/vc_row]\n","protected":false},"excerpt":{"rendered":"<p>[vc_row type=&#8221;in_container&#8221; full_screen_row_position=&#8221;middle&#8221; scene_position=&#8221;center&#8221; text_color=&#8221;dark&#8221; text_align=&#8221;left&#8221; overlay_strength=&#8221;0.3&#8243; shape_divider_position=&#8221;bottom&#8221;][vc_column centered_text=&#8221;true&#8221; column_padding=&#8221;no-extra-padding&#8221; column_&#8230;<\/p>\n","protected":false},"author":2,"featured_media":0,"parent":38,"menu_order":0,"comment_status":"closed","ping_status":"closed","template":"","meta":{"footnotes":""},"class_list":["post-144","page","type-page","status-publish","hentry"],"_links":{"self":[{"href":"https:\/\/cityofmercy.lt\/lt_LT\/wp-json\/wp\/v2\/pages\/144","targetHints":{"allow":["GET"]}}],"collection":[{"href":"https:\/\/cityofmercy.lt\/lt_LT\/wp-json\/wp\/v2\/pages"}],"about":[{"href":"https:\/\/cityofmercy.lt\/lt_LT\/wp-json\/wp\/v2\/types\/page"}],"author":[{"embeddable":true,"href":"https:\/\/cityofmercy.lt\/lt_LT\/wp-json\/wp\/v2\/users\/2"}],"replies":[{"embeddable":true,"href":"https:\/\/cityofmercy.lt\/lt_LT\/wp-json\/wp\/v2\/comments?post=144"}],"version-history":[{"count":49,"href":"https:\/\/cityofmercy.lt\/lt_LT\/wp-json\/wp\/v2\/pages\/144\/revisions"}],"predecessor-version":[{"id":6037,"href":"https:\/\/cityofmercy.lt\/lt_LT\/wp-json\/wp\/v2\/pages\/144\/revisions\/6037"}],"up":[{"embeddable":true,"href":"https:\/\/cityofmercy.lt\/lt_LT\/wp-json\/wp\/v2\/pages\/38"}],"wp:attachment":[{"href":"https:\/\/cityofmercy.lt\/lt_LT\/wp-json\/wp\/v2\/media?parent=144"}],"curies":[{"name":"wp","href":"https:\/\/api.w.org\/{rel}","templated":true}]}}