{"id":142,"date":"2017-11-30T16:14:34","date_gmt":"2017-11-30T16:14:34","guid":{"rendered":"http:\/\/cityofmercy.lt\/?page_id=142"},"modified":"2021-05-27T16:41:18","modified_gmt":"2021-05-27T13:41:18","slug":"sv-kryziaus-baznycia","status":"publish","type":"page","link":"https:\/\/cityofmercy.lt\/lt_LT\/objektai\/sv-kryziaus-baznycia\/","title":{"rendered":"\u0160v. Kry\u017eiaus ba\u017eny\u010dia"},"content":{"rendered":"[vc_row type=&#8221;in_container&#8221; full_screen_row_position=&#8221;middle&#8221; scene_position=&#8221;center&#8221; text_color=&#8221;dark&#8221; text_align=&#8221;left&#8221; overlay_strength=&#8221;0.3&#8243; shape_divider_position=&#8221;bottom&#8221;][vc_column centered_text=&#8221;true&#8221; column_padding=&#8221;no-extra-padding&#8221; column_padding_position=&#8221;all&#8221; background_color_opacity=&#8221;1&#8243; background_hover_color_opacity=&#8221;1&#8243; column_shadow=&#8221;none&#8221; column_border_radius=&#8221;none&#8221; width=&#8221;1\/1&#8243; tablet_text_alignment=&#8221;default&#8221; phone_text_alignment=&#8221;default&#8221; column_border_width=&#8221;none&#8221; column_border_style=&#8221;solid&#8221;][vc_column_text]\n<h4><strong>\u0160v. Kry\u017eiaus ba\u017eny\u010dia<\/strong><\/h4>\n[\/vc_column_text]<div class=\"divider-wrap\"><div style=\"margin-top: 25px; height: 1px; margin-bottom: 25px;\" data-width=\"100%\" data-animate=\"\" data-animation-delay=\"\" data-color=\"default\" class=\"divider-border\"><\/div><\/div>[\/vc_column][\/vc_row][vc_row type=&#8221;in_container&#8221; full_screen_row_position=&#8221;middle&#8221; scene_position=&#8221;center&#8221; text_color=&#8221;dark&#8221; text_align=&#8221;left&#8221; overlay_strength=&#8221;0.3&#8243; shape_divider_position=&#8221;bottom&#8221;][vc_column column_padding=&#8221;no-extra-padding&#8221; column_padding_position=&#8221;all&#8221; background_color_opacity=&#8221;1&#8243; background_hover_color_opacity=&#8221;1&#8243; column_shadow=&#8221;none&#8221; column_border_radius=&#8221;none&#8221; top_margin=&#8221;-30&#8243; width=&#8221;1\/1&#8243; tablet_text_alignment=&#8221;default&#8221; phone_text_alignment=&#8221;default&#8221; column_border_width=&#8221;none&#8221; column_border_style=&#8221;solid&#8221;][vc_row_inner column_margin=&#8221;default&#8221; text_align=&#8221;left&#8221;][vc_column_inner column_padding=&#8221;no-extra-padding&#8221; column_padding_position=&#8221;all&#8221; background_color_opacity=&#8221;1&#8243; background_hover_color_opacity=&#8221;1&#8243; column_shadow=&#8221;none&#8221; column_border_radius=&#8221;none&#8221; width=&#8221;1\/2&#8243; column_border_width=&#8221;none&#8221; column_border_style=&#8221;solid&#8221;][nectar_image_with_hotspots image=&#8221;502&#8243; preview=&#8221;http:\/\/cityofmercy.lt\/wp-content\/uploads\/2017\/12\/\u0160V-KRY\u017dIAUS4.jpg&#8221; color_1=&#8221;Accent-Color&#8221; hotspot_icon=&#8221;plus_sign&#8221; tooltip=&#8221;hover&#8221; tooltip_shadow=&#8221;medium_depth&#8221; animation=&#8221;true&#8221;][nectar_hotspot left=&#8221;38.5325%&#8221; top=&#8221;51.3941%&#8221; position=&#8221;bottom&#8221;]Dievo Motinos Ligoni\u0173 sveikatos u\u017etarimo ir pagalbos ypa\u010d pra\u0161o ligoniai ir reg\u0117jimo problem\u0173 turintys \u017emon\u0117s.[\/nectar_hotspot][\/nectar_image_with_hotspots]<div class=\"divider-wrap\"><div style=\"height: 20px;\" class=\"divider\"><\/div><\/div>[vc_column_text]<strong>Ba\u017eny\u010dia patenka \u012f <\/strong><a href=\"http:\/\/cityofmercy.lt\/lt_LT\/marsrutai\/marijos-gerbimo-vietos\/\" target=\"_blank\" rel=\"noopener\">Marijos gerbimo viet\u0173<\/a> ir <a href=\"http:\/\/cityofmercy.lt\/lt_LT\/marsrutai\/pranciskonu-kelias\/\" target=\"_blank\" rel=\"noopener\">Pranci\u0161kon\u0173 kelio Vilniuje<\/a> mar\u0161rutus.[\/vc_column_text]<div class=\"divider-wrap\"><div style=\"height: 20px;\" class=\"divider\"><\/div><\/div>[vc_column_text]\n<div class=\"wpb_text_column wpb_content_element \" style=\"text-align: justify;\">\n<div class=\"wpb_wrapper\">\n<p>Ra\u0161ytiniai \u0161altiniai mini, kad Lietuvos Did\u017eiosios Kunigaik\u0161tyst\u0117s didikas Albertas Go\u0161tautas XIV a. \u012f Vilni\u0173 pasikviet\u0117 14 pranci\u0161kon\u0173, kurie, didikui i\u0161vykus, vilnie\u010di\u0173 buvo nukirsdinti arba nukry\u017eiuoti. Ant kankini\u0173 kapo A. Go\u0161tautas pastat\u0117 kry\u017ei\u0173, kurio nepaliet\u0117 ir didysis miesto gaisras, o kankini\u0173 u\u017etarimu buvo patiriama maloni\u0173. 1543 m. kry\u017eiaus vietoje buvo pastatyta \u0160v. Kry\u017eiaus koply\u010dia. 1635 m. vyskupas Abraomas Vaina pakviet\u0117 \u012f Vilni\u0173 vienuolius bonifratrus (lot. boni fratres \u2013 gerieji broliai) ir patik\u0117jo jiems slaugyti senus ligotus kunigus ir varg\u0161us pasaulie\u010dius. Broliai r\u016bpinosi ir psichin\u0119 negali\u0105 turin\u010diais \u017emon\u0117mis, o tai anuo metu buvo ne\u012fprasta. \u012esik\u016br\u0119 Vilniuje, bonifratrai \u0161alia \u0160v. Kry\u017eiaus koply\u010dios pastat\u0117 vienuolyn\u0105 ir ba\u017eny\u010di\u0105.<\/p>\n<p>Dabartin\u0117 ba\u017eny\u010dios puo\u0161yba sukurta XVIII a. po Vilni\u0173 nusiaubusio gaisro. \u0160v. Kry\u017eiaus ba\u017eny\u010dios i\u0161or\u0117 gana kukli, puo\u0161n\u016bs tik jos kvadratini\u0173 bok\u0161teli\u0173 vir\u0161\u016bnes u\u017ebaigiantys a\u017e\u016briniai kry\u017eiai. Ba\u017eny\u010dios vidus turtingesnis, ta\u010diau kiek ne\u012fprastas Vilniaus miesto v\u0117lyvojo baroko stiliaus ba\u017eny\u010dioms. Svarbu pamin\u0117ti jos r\u016bsyje tekant\u012f \u0161altin\u0117l\u012f, kuris, sakoma, i\u0161try\u0161ko tada, kai buvo nukirsdinti vienuoliai pranci\u0161konai. \u017dmon\u0117s tiki, kad \u0161is vanduo gydo aki\u0173 ligas.<\/p>\n<p>Vienuolius bonifratrus i\u0161 Vilniaus i\u0161varius, 1843 m. \u0160v. Kry\u017eiaus ba\u017eny\u010dia buvo u\u017edaryta. Tarpukariu broliai v\u0117l sugr\u012f\u017eo ir \u012fk\u016br\u0117 seneli\u0173 prieglaud\u0105 ir valgykl\u0105 varg\u0161ams. Po Antrojo pasaulinio karo ba\u017eny\u010dia buvo v\u0117l u\u017edaryta. \u010cia buvo komplektuojamos knygos bibliotekoms papildyti. Vienuolyno patalpose gyveno \u017emon\u0117s, kita pastato dalis priklaus\u0117 Vilniaus kra\u0161totyros muziejui. 1976 m. ba\u017eny\u010dia buvo kruop\u0161\u010diai restauruota ir pritaikyta vargon\u0173 muzikos koncert\u0173 salei. Nuo 1995 m. pastatai buvo perduoti Nekaltai Prad\u0117tosios \u0160v\u010d. Mergel\u0117s Marijos Vargdieni\u0173 seser\u0173 kongregacijai, vienuolynas rekonstruotas. Prie ba\u017eny\u010dios veikia seser\u0173 koordinuojamas socialinis centras \u201e\u0160v. Kry\u017eiaus namai\u201c, kuriame r\u016bpinamasi sunkumus patirian\u010diais \u017emon\u0117mis.<\/p>\n<p>Dievo Motinos Ligoni\u0173 Sveikatos, arba \u0160v\u010d. Mergel\u0117 Marijos Sniegin\u0117s, paveikslas mena broli\u0173 bonifratr\u0173 laikus. Tiksli paveikslo atsiradimo istorija n\u0117ra \u017einoma, ta\u010diau apie j\u012f jau ra\u0161oma XVIII a. viduryje ba\u017eny\u010dios inventorizacijos dokumentuose. Apie malones, teikiamas per paveiksl\u0105, liudija apkaustai bei votai \u2013 pad\u0117kos \u017eenklai. Dievo Motinos Ligoni\u0173 sveikatos u\u017etarimo ir pagalbos ypa\u010d pra\u0161o ligoniai ir reg\u0117jimo problem\u0173 turintys \u017emon\u0117s. Ba\u017eny\u010dios fasad\u0105 puo\u0161ia \u0161io paveikslo kopija.<\/p>\n<\/div>\n<\/div>\n[\/vc_column_text][\/vc_column_inner][vc_column_inner column_padding=&#8221;no-extra-padding&#8221; column_padding_position=&#8221;all&#8221; background_color_opacity=&#8221;1&#8243; background_hover_color_opacity=&#8221;1&#8243; column_shadow=&#8221;none&#8221; column_border_radius=&#8221;none&#8221; width=&#8221;1\/2&#8243; column_border_width=&#8221;none&#8221; column_border_style=&#8221;solid&#8221;]<div class=\"iwithtext\"><div class=\"iwt-icon\"> <i class=\"icon-default-style icon-map-marker accent-color\"><\/i> <\/div><div class=\"iwt-text\"> <a href=\"https:\/\/www.google.com\/maps\/place\/S.+Daukanto+a.+1,+Vilnius+01122\/@54.6839009,25.2825803,17z\/data=!3m1!4b1!4m5!3m4!1s0x46dd9416cadda5bd:0x53403c0f47f97ece!8m2!3d54.6838978!4d25.284769\" target=\"_blank\" rel=\"noopener\">S. Daukanto a. 1, Vilnius<\/a> <\/div><div class=\"clear\"><\/div><\/div><div class=\"iwithtext\"><div class=\"iwt-icon\"> <i class=\"icon-default-style icon-time accent-color\"><\/i> <\/div><div class=\"iwt-text\"> Ba\u017eny\u010dia atidaryta valand\u0105 iki \u0161v. Mi\u0161i\u0173. <\/div><div class=\"clear\"><\/div><\/div><div class=\"iwithtext\"><div class=\"iwt-icon\"> <img decoding=\"async\" src=\"https:\/\/cityofmercy.lt\/wp-content\/uploads\/2017\/12\/taurinis.png\" alt=\"\" \/> <\/div><div class=\"iwt-text\"> <strong>\u0160v. Mi\u0161ios (lietuvi\u0173 k.)<\/strong><br \/>\nI\u2013V: 18.00<br \/>\nVI: 11.00<br \/>\nVII: 11.00, 19.00 (studentams) <\/div><div class=\"clear\"><\/div><\/div><div class=\"iwithtext\"><div class=\"iwt-icon\"> <i class=\"icon-default-style icon-phone accent-color\"><\/i> <\/div><div class=\"iwt-text\"> +370 672 46648 <\/div><div class=\"clear\"><\/div><\/div>[\/vc_column_inner][\/vc_row_inner][\/vc_column][\/vc_row][vc_row type=&#8221;in_container&#8221; full_screen_row_position=&#8221;middle&#8221; scene_position=&#8221;center&#8221; text_color=&#8221;dark&#8221; text_align=&#8221;left&#8221; overlay_strength=&#8221;0.3&#8243; shape_divider_position=&#8221;bottom&#8221;][vc_column column_padding=&#8221;no-extra-padding&#8221; column_padding_position=&#8221;all&#8221; background_color_opacity=&#8221;1&#8243; background_hover_color_opacity=&#8221;1&#8243; column_shadow=&#8221;none&#8221; column_border_radius=&#8221;none&#8221; width=&#8221;1\/1&#8243; tablet_text_alignment=&#8221;default&#8221; phone_text_alignment=&#8221;default&#8221; column_border_width=&#8221;none&#8221; column_border_style=&#8221;solid&#8221;]<div class=\"divider-wrap\"><div style=\"height: 200px;\" class=\"divider\"><\/div><\/div>[\/vc_column][\/vc_row]\n","protected":false},"excerpt":{"rendered":"<p>[vc_row type=&#8221;in_container&#8221; full_screen_row_position=&#8221;middle&#8221; scene_position=&#8221;center&#8221; text_color=&#8221;dark&#8221; text_align=&#8221;left&#8221; overlay_strength=&#8221;0.3&#8243; shape_divider_position=&#8221;bottom&#8221;][vc_column centered_text=&#8221;true&#8221; column_padding=&#8221;no-extra-padding&#8221; column_&#8230;<\/p>\n","protected":false},"author":2,"featured_media":603,"parent":38,"menu_order":0,"comment_status":"closed","ping_status":"closed","template":"","meta":{"footnotes":""},"class_list":["post-142","page","type-page","status-publish","has-post-thumbnail","hentry"],"_links":{"self":[{"href":"https:\/\/cityofmercy.lt\/lt_LT\/wp-json\/wp\/v2\/pages\/142","targetHints":{"allow":["GET"]}}],"collection":[{"href":"https:\/\/cityofmercy.lt\/lt_LT\/wp-json\/wp\/v2\/pages"}],"about":[{"href":"https:\/\/cityofmercy.lt\/lt_LT\/wp-json\/wp\/v2\/types\/page"}],"author":[{"embeddable":true,"href":"https:\/\/cityofmercy.lt\/lt_LT\/wp-json\/wp\/v2\/users\/2"}],"replies":[{"embeddable":true,"href":"https:\/\/cityofmercy.lt\/lt_LT\/wp-json\/wp\/v2\/comments?post=142"}],"version-history":[{"count":46,"href":"https:\/\/cityofmercy.lt\/lt_LT\/wp-json\/wp\/v2\/pages\/142\/revisions"}],"predecessor-version":[{"id":8093,"href":"https:\/\/cityofmercy.lt\/lt_LT\/wp-json\/wp\/v2\/pages\/142\/revisions\/8093"}],"up":[{"embeddable":true,"href":"https:\/\/cityofmercy.lt\/lt_LT\/wp-json\/wp\/v2\/pages\/38"}],"wp:featuredmedia":[{"embeddable":true,"href":"https:\/\/cityofmercy.lt\/lt_LT\/wp-json\/wp\/v2\/media\/603"}],"wp:attachment":[{"href":"https:\/\/cityofmercy.lt\/lt_LT\/wp-json\/wp\/v2\/media?parent=142"}],"curies":[{"name":"wp","href":"https:\/\/api.w.org\/{rel}","templated":true}]}}