{"id":140,"date":"2017-11-30T16:13:20","date_gmt":"2017-11-30T16:13:20","guid":{"rendered":"http:\/\/cityofmercy.lt\/?page_id=140"},"modified":"2021-05-27T17:12:19","modified_gmt":"2021-05-27T14:12:19","slug":"sv-kazimiero-baznycia-ir-jezuitu-vienuolynas","status":"publish","type":"page","link":"https:\/\/cityofmercy.lt\/lt_LT\/objektai\/sv-kazimiero-baznycia-ir-jezuitu-vienuolynas\/","title":{"rendered":"\u0160v. Kazimiero ba\u017eny\u010dia ir j\u0117zuit\u0173 vienuolynas"},"content":{"rendered":"[vc_row type=&#8221;in_container&#8221; full_screen_row_position=&#8221;middle&#8221; scene_position=&#8221;center&#8221; text_color=&#8221;dark&#8221; text_align=&#8221;left&#8221; overlay_strength=&#8221;0.3&#8243; shape_divider_position=&#8221;bottom&#8221;][vc_column centered_text=&#8221;true&#8221; column_padding=&#8221;no-extra-padding&#8221; column_padding_position=&#8221;all&#8221; background_color_opacity=&#8221;1&#8243; background_hover_color_opacity=&#8221;1&#8243; column_shadow=&#8221;none&#8221; column_border_radius=&#8221;none&#8221; width=&#8221;1\/1&#8243; tablet_text_alignment=&#8221;default&#8221; phone_text_alignment=&#8221;default&#8221; column_border_width=&#8221;none&#8221; column_border_style=&#8221;solid&#8221;][vc_column_text]\n<h4><strong>\u0160v. Kazimiero ba\u017eny\u010dia prie j\u0117zuit\u0173 vienuolyno<\/strong><\/h4>\n[\/vc_column_text]<div class=\"divider-wrap\"><div style=\"margin-top: 25px; height: 1px; margin-bottom: 25px;\" data-width=\"100%\" data-animate=\"\" data-animation-delay=\"\" data-color=\"default\" class=\"divider-border\"><\/div><\/div>[\/vc_column][\/vc_row][vc_row type=&#8221;in_container&#8221; full_screen_row_position=&#8221;middle&#8221; scene_position=&#8221;center&#8221; text_color=&#8221;dark&#8221; text_align=&#8221;left&#8221; overlay_strength=&#8221;0.3&#8243; shape_divider_position=&#8221;bottom&#8221;][vc_column column_padding=&#8221;no-extra-padding&#8221; column_padding_position=&#8221;all&#8221; background_color_opacity=&#8221;1&#8243; background_hover_color_opacity=&#8221;1&#8243; column_shadow=&#8221;none&#8221; column_border_radius=&#8221;none&#8221; top_margin=&#8221;-30&#8243; width=&#8221;1\/1&#8243; tablet_text_alignment=&#8221;default&#8221; phone_text_alignment=&#8221;default&#8221; column_border_width=&#8221;none&#8221; column_border_style=&#8221;solid&#8221;][vc_row_inner column_margin=&#8221;default&#8221; text_align=&#8221;left&#8221;][vc_column_inner column_padding=&#8221;no-extra-padding&#8221; column_padding_position=&#8221;all&#8221; background_color_opacity=&#8221;1&#8243; background_hover_color_opacity=&#8221;1&#8243; column_shadow=&#8221;none&#8221; column_border_radius=&#8221;none&#8221; width=&#8221;1\/2&#8243; column_border_width=&#8221;none&#8221; column_border_style=&#8221;solid&#8221;][nectar_image_with_hotspots image=&#8221;492&#8243; preview=&#8221;http:\/\/cityofmercy.lt\/wp-content\/uploads\/2017\/12\/KAZIMIERAS3.jpg&#8221; color_1=&#8221;Accent-Color&#8221; hotspot_icon=&#8221;plus_sign&#8221; tooltip=&#8221;hover&#8221; tooltip_shadow=&#8221;medium_depth&#8221; animation=&#8221;true&#8221;][nectar_hotspot left=&#8221;41.3522%&#8221; top=&#8221;71.5409%&#8221; position=&#8221;right&#8221;]XVII a. po did\u017eiuoju Nukry\u017eiuotojo J\u0117zaus altoriumi \u012frengta j\u0117zuit\u0173 laidojimo vieta, papuo\u0161ta vienspalviai nutapytais Nukry\u017eiuotojo, Kristaus Prisik\u0117limo, \u0160v\u010d. Mergel\u0117s Marijos ir karstuose kl\u016bpan\u010di\u0173 bei besimeld\u017eian\u010di\u0173 mirusi\u0173 vienuoli\u0173 atvaizdais. Manoma, kad kripta buvo u\u017epilta atstatant ba\u017eny\u010di\u0105 po rus\u0173 kazok\u0173 antpuoli\u0173 XVII a. viduryje. Kripta atsitiktinai atrasta 1991 m. \u012e j\u0105 perlaidota apie 200 palaik\u0173, rast\u0173 kituose ba\u017eny\u010dios r\u016bsiuose. Kriptoje gerbiama \u0161v. Andriejaus Bobolos, relikvija. [\/nectar_hotspot][\/nectar_image_with_hotspots]<div class=\"divider-wrap\"><div style=\"height: 20px;\" class=\"divider\"><\/div><\/div>[vc_column_text]<strong>Ba\u017eny\u010dia patenka \u012f<\/strong>\u00a0<a href=\"http:\/\/cityofmercy.lt\/lt_LT\/marsrutai\/jezuitai-vilniuje\/\" target=\"_blank\" rel=\"noopener\">J\u0117zuit\u0173 kelio Vilniuje<\/a> mar\u0161rut\u0105[\/vc_column_text]<div class=\"divider-wrap\"><div style=\"height: 20px;\" class=\"divider\"><\/div><\/div>[vc_column_text]\n<div class=\"wpb_text_column wpb_content_element \" style=\"text-align: justify;\">\n<div class=\"wpb_wrapper\">\n<p>Tai antroji (po <a href=\"https:\/\/cityofmercy.lt\/lt_LT\/objektai\/sv-jono-krikstytojo-ir-sv-jono-evangelisto-ir-apastalo-baznycia\/\" target=\"_blank\" rel=\"noopener\">\u0160v. Jon\u0173<\/a>) j\u0117zuit\u0173 \u012fsteigta ba\u017eny\u010dia Vilniuje, pastatyta Lietuvos glob\u0117jo \u0160v. Kazimiero garbei. Ji prad\u0117ta statyti i\u0161kart po \u0161v. Kazimiero kanonizacijos i\u0161kilmi\u0173 1604 m. ir sumanyta kaip svarbiausia j\u0117zuit\u0173 ba\u017eny\u010dia Lietuvos Did\u017eiojoje Kunigaik\u0161tyst\u0117je. Jos ir profes\u0173 nam\u0173 statyba sutapo su Lietuvos j\u0117zuit\u0173 provincijos steigimu. \u0160ie profes\u0173 namai buvo svarbiausias ir reik\u0161mingiausias j\u0117zuit\u0173 provincijos strukt\u016brinis vienetas, kadangi jame gyvendavo t\u0117vas provincijolas ir kiti vienuoliai, kurie pra\u0117j\u0119 vis\u0105 formacij\u0105 ir dav\u0119 paskutinius i\u0161kilminguosius \u012f\u017eadus: tris \u012fprastinius vienuolinius ir ketvirt\u0105j\u012f \u2013 klusnumo popie\u017eiui (lot. professio).<\/p>\n<p>\u0160v. Kazimiero ba\u017eny\u010dia pastatyta pagal j\u0117zuit\u0173 m\u0117giam\u0105 Romos Il Ges\u00f9 (J\u0117zaus vardo) pavyzd\u012f ir priklauso moderniausioms ankstyvojo baroko lotyni\u0161ko kry\u017eiaus plano su kupolu \u0161ventov\u0117ms. Po paskutiniojo gaisro 1749 m., ba\u017eny\u010dia buvo rekonstruota, pastatytas naujas keliapakopis kupolas, vainikuotas kar\u016bna. Tai vienas puikiausi\u0173 kupol\u0173 Europoje.<\/p>\n<p>XVII a. po did\u017eiuoju Nukry\u017eiuotojo J\u0117zaus altoriumi \u012frengta j\u0117zuit\u0173 laidojimo vieta, papuo\u0161ta vienspalviai nutapytais Nukry\u017eiuotojo, Kristaus Prisik\u0117limo, \u0160v\u010d. Mergel\u0117s Marijos ir karstuose kl\u016bpan\u010di\u0173 bei besimeld\u017eian\u010di\u0173 mirusi\u0173 vienuoli\u0173 atvaizdais. Manoma, kad kripta buvo u\u017epilta atstatant ba\u017eny\u010di\u0105 po rus\u0173 kazok\u0173 antpuoli\u0173 XVII a. viduryje. Kripta atsitiktinai atrasta 1991 m. \u012e j\u0105 perlaidota apie 200 palaik\u0173, rast\u0173 kituose ba\u017eny\u010dios r\u016bsiuose. Kriptoje gerbiama \u0161v. Andriejaus Bobolos, 1622 m. \u0161ioje ba\u017eny\u010dioje \u012f\u0161ventinto kunigu ir \u010dia dirbusio 12 met\u0173, relikvija.<\/p>\n<p>XVIII a. \u0160v. Kazimiero ba\u017eny\u010dioje buvo pastatyta 13 m\u016brini\u0173 altori\u0173, i\u0161liko tik centrinis ir du altoriai, esantys centrinio altoriaus kair\u0117je ir de\u0161in\u0117je. Kai kurie sugriaut\u0173 altori\u0173 paveikslai dabar yra \u0160v. Jon\u0173 ba\u017eny\u010dioje. Pagrindiniame XVIII a. baroko altoriuje \u2013 jau \u0161i\u0173 laik\u0173 \u017eymaus dailininko Antano Kmieliausko k\u016briniai.<\/p>\n<p>Po 1831 m. sukilimo ba\u017eny\u010dia u\u017edaryta, o 1864\u20131868 m. rekonstruota \u012f \u0160v. Nikolajaus sobor\u0105. Tuomet buvo pa\u017eeminti bok\u0161tai, ba\u017eny\u010dia vainikuota svog\u016bno formos kupolais. Tarpukariu ba\u017eny\u010dia gr\u0105\u017einta katalikams, sovietme\u010diu \u010dia veik\u0117 ateizmo muziejus, o Lietuvai atgavus nepriklausomyb\u0119 ba\u017eny\u010dia v\u0117l sugr\u0105\u017einta j\u0117zuitams.<\/p>\n<\/div>\n<\/div>\n[\/vc_column_text][\/vc_column_inner][vc_column_inner column_padding=&#8221;no-extra-padding&#8221; column_padding_position=&#8221;all&#8221; background_color_opacity=&#8221;1&#8243; background_hover_color_opacity=&#8221;1&#8243; column_shadow=&#8221;none&#8221; column_border_radius=&#8221;none&#8221; width=&#8221;1\/2&#8243; column_border_width=&#8221;none&#8221; column_border_style=&#8221;solid&#8221;]<div class=\"iwithtext\"><div class=\"iwt-icon\"> <i class=\"icon-default-style icon-map-marker accent-color\"><\/i> <\/div><div class=\"iwt-text\"> <a href=\"https:\/\/goo.gl\/maps\/qe21mUzsuvKKCD5VA\" target=\"_blank\" rel=\"noopener\">Did\u017eioji g. 34, Vilnius<\/a> <\/div><div class=\"clear\"><\/div><\/div><div class=\"iwithtext\"><div class=\"iwt-icon\"> <i class=\"icon-default-style icon-time accent-color\"><\/i> <\/div><div class=\"iwt-text\"> <strong>Ba\u017eny\u010dia atidaryta<\/strong><br \/>\nI\u2013VI: 11.00\u201319.00<br \/>\nVII: 8.00\u201319.00 <\/div><div class=\"clear\"><\/div><\/div><div class=\"iwithtext\"><div class=\"iwt-icon\"> <img decoding=\"async\" src=\"https:\/\/cityofmercy.lt\/wp-content\/uploads\/2017\/12\/taurinis.png\" alt=\"\" \/> <\/div><div class=\"iwt-text\"> <strong>\u0160v. Mi\u0161ios (lietuvi\u0173 k.)<\/strong><br \/>\nI\u2013V: 17.30<br \/>\nVII: 10.30, 12.00 <\/div><div class=\"clear\"><\/div><\/div><div class=\"iwithtext\"><div class=\"iwt-icon\">  <\/div><div class=\"iwt-text\"> <strong>\u0160v. Mi\u0161ios (rus\u0173 k.)<\/strong><br \/>\nVII: 9.00 <\/div><div class=\"clear\"><\/div><\/div><div class=\"iwithtext\"><div class=\"iwt-icon\"> <i class=\"icon-default-style icon-phone accent-color\"><\/i> <\/div><div class=\"iwt-text\"> +370 5 212 1715<br \/>\n <\/div><div class=\"clear\"><\/div><\/div><div class=\"iwithtext\"><div class=\"iwt-icon\"> <i class=\"icon-default-style icon-globe accent-color\"><\/i> <\/div><div class=\"iwt-text\"> <a href=\"http:\/\/www.kazimiero.lt\" target=\"_blank\" rel=\"noopener\">www.kazimiero.lt<\/a> <\/div><div class=\"clear\"><\/div><\/div>[\/vc_column_inner][\/vc_row_inner][\/vc_column][\/vc_row][vc_row type=&#8221;in_container&#8221; full_screen_row_position=&#8221;middle&#8221; scene_position=&#8221;center&#8221; text_color=&#8221;dark&#8221; text_align=&#8221;left&#8221; overlay_strength=&#8221;0.3&#8243; shape_divider_position=&#8221;bottom&#8221;][vc_column column_padding=&#8221;no-extra-padding&#8221; column_padding_position=&#8221;all&#8221; background_color_opacity=&#8221;1&#8243; background_hover_color_opacity=&#8221;1&#8243; column_shadow=&#8221;none&#8221; column_border_radius=&#8221;none&#8221; width=&#8221;1\/1&#8243; tablet_text_alignment=&#8221;default&#8221; phone_text_alignment=&#8221;default&#8221; column_border_width=&#8221;none&#8221; column_border_style=&#8221;solid&#8221;]<div class=\"divider-wrap\"><div style=\"height: 200px;\" class=\"divider\"><\/div><\/div>[\/vc_column][\/vc_row]\n","protected":false},"excerpt":{"rendered":"<p>[vc_row type=&#8221;in_container&#8221; full_screen_row_position=&#8221;middle&#8221; scene_position=&#8221;center&#8221; text_color=&#8221;dark&#8221; text_align=&#8221;left&#8221; overlay_strength=&#8221;0.3&#8243; shape_divider_position=&#8221;bottom&#8221;][vc_column centered_text=&#8221;true&#8221; column_padding=&#8221;no-extra-padding&#8221; column_&#8230;<\/p>\n","protected":false},"author":2,"featured_media":292,"parent":38,"menu_order":0,"comment_status":"closed","ping_status":"closed","template":"","meta":{"footnotes":""},"class_list":["post-140","page","type-page","status-publish","has-post-thumbnail","hentry"],"_links":{"self":[{"href":"https:\/\/cityofmercy.lt\/lt_LT\/wp-json\/wp\/v2\/pages\/140","targetHints":{"allow":["GET"]}}],"collection":[{"href":"https:\/\/cityofmercy.lt\/lt_LT\/wp-json\/wp\/v2\/pages"}],"about":[{"href":"https:\/\/cityofmercy.lt\/lt_LT\/wp-json\/wp\/v2\/types\/page"}],"author":[{"embeddable":true,"href":"https:\/\/cityofmercy.lt\/lt_LT\/wp-json\/wp\/v2\/users\/2"}],"replies":[{"embeddable":true,"href":"https:\/\/cityofmercy.lt\/lt_LT\/wp-json\/wp\/v2\/comments?post=140"}],"version-history":[{"count":47,"href":"https:\/\/cityofmercy.lt\/lt_LT\/wp-json\/wp\/v2\/pages\/140\/revisions"}],"predecessor-version":[{"id":6751,"href":"https:\/\/cityofmercy.lt\/lt_LT\/wp-json\/wp\/v2\/pages\/140\/revisions\/6751"}],"up":[{"embeddable":true,"href":"https:\/\/cityofmercy.lt\/lt_LT\/wp-json\/wp\/v2\/pages\/38"}],"wp:featuredmedia":[{"embeddable":true,"href":"https:\/\/cityofmercy.lt\/lt_LT\/wp-json\/wp\/v2\/media\/292"}],"wp:attachment":[{"href":"https:\/\/cityofmercy.lt\/lt_LT\/wp-json\/wp\/v2\/media?parent=140"}],"curies":[{"name":"wp","href":"https:\/\/api.w.org\/{rel}","templated":true}]}}