{"id":138,"date":"2017-11-30T16:12:36","date_gmt":"2017-11-30T16:12:36","guid":{"rendered":"http:\/\/cityofmercy.lt\/?page_id=138"},"modified":"2021-05-27T17:14:52","modified_gmt":"2021-05-27T14:14:52","slug":"sv-jurgio-baznycia","status":"publish","type":"page","link":"https:\/\/cityofmercy.lt\/lt_LT\/objektai\/sv-jurgio-baznycia\/","title":{"rendered":"\u0160v. Jurgio ba\u017eny\u010dia"},"content":{"rendered":"[vc_row type=&#8221;in_container&#8221; full_screen_row_position=&#8221;middle&#8221; scene_position=&#8221;center&#8221; text_color=&#8221;dark&#8221; text_align=&#8221;left&#8221; overlay_strength=&#8221;0.3&#8243; shape_divider_position=&#8221;bottom&#8221;][vc_column centered_text=&#8221;true&#8221; column_padding=&#8221;no-extra-padding&#8221; column_padding_position=&#8221;all&#8221; background_color_opacity=&#8221;1&#8243; background_hover_color_opacity=&#8221;1&#8243; column_shadow=&#8221;none&#8221; column_border_radius=&#8221;none&#8221; width=&#8221;1\/1&#8243; tablet_text_alignment=&#8221;default&#8221; phone_text_alignment=&#8221;default&#8221; column_border_width=&#8221;none&#8221; column_border_style=&#8221;solid&#8221;][vc_column_text]\n<h4 style=\"text-align: center;\"><strong>\u0160v. Jurgio ba\u017eny\u010dia<\/strong><\/h4>\n[\/vc_column_text]<div class=\"divider-wrap\"><div style=\"margin-top: 25px; height: 1px; margin-bottom: 25px;\" data-width=\"100%\" data-animate=\"\" data-animation-delay=\"\" data-color=\"default\" class=\"divider-border\"><\/div><\/div>[\/vc_column][\/vc_row][vc_row type=&#8221;in_container&#8221; full_screen_row_position=&#8221;middle&#8221; scene_position=&#8221;center&#8221; text_color=&#8221;dark&#8221; text_align=&#8221;left&#8221; overlay_strength=&#8221;0.3&#8243; shape_divider_position=&#8221;bottom&#8221;][vc_column column_padding=&#8221;no-extra-padding&#8221; column_padding_position=&#8221;all&#8221; background_color_opacity=&#8221;1&#8243; background_hover_color_opacity=&#8221;1&#8243; column_shadow=&#8221;none&#8221; column_border_radius=&#8221;none&#8221; top_margin=&#8221;-30&#8243; width=&#8221;1\/1&#8243; tablet_text_alignment=&#8221;default&#8221; phone_text_alignment=&#8221;default&#8221; column_border_width=&#8221;none&#8221; column_border_style=&#8221;solid&#8221;][vc_row_inner column_margin=&#8221;default&#8221; text_align=&#8221;left&#8221;][vc_column_inner column_padding=&#8221;no-extra-padding&#8221; column_padding_position=&#8221;all&#8221; background_color_opacity=&#8221;1&#8243; background_hover_color_opacity=&#8221;1&#8243; column_shadow=&#8221;none&#8221; column_border_radius=&#8221;none&#8221; width=&#8221;1\/2&#8243; column_border_width=&#8221;none&#8221; column_border_style=&#8221;solid&#8221;][nectar_image_with_hotspots image=&#8221;488&#8243; preview=&#8221;http:\/\/cityofmercy.lt\/wp-content\/uploads\/2017\/12\/JURGIO-1.jpg&#8221; color_1=&#8221;Accent-Color&#8221; hotspot_icon=&#8221;plus_sign&#8221; tooltip=&#8221;hover&#8221; tooltip_shadow=&#8221;medium_depth&#8221; animation=&#8221;true&#8221;][nectar_hotspot left=&#8221;42.86512778740009%&#8221; top=&#8221;37.82494502997248%&#8221; position=&#8221;bottom&#8221;]Viduje yra itin retos fresk\u0173 kompozicijos, vaizduojan\u010dios \u0161v. Jurgio gyvenim\u0105 ir kan\u010dias.[\/nectar_hotspot][\/nectar_image_with_hotspots]<div class=\"divider-wrap\"><div style=\"height: 20px;\" class=\"divider\"><\/div><\/div>[vc_column_text]<strong>Ba\u017eny\u010dia patenka \u012f<\/strong> <a href=\"http:\/\/cityofmercy.lt\/lt_LT\/marsrutai\/gailestingumo-kelias\/\" target=\"_blank\" rel=\"noopener\">Gailestingumo kelio<\/a> mar\u0161rut\u0105.[\/vc_column_text]<div class=\"divider-wrap\"><div style=\"height: 20px;\" class=\"divider\"><\/div><\/div>[vc_column_text]\n<div class=\"wpb_text_column wpb_content_element \">\n<div class=\"wpb_wrapper\">\n<p align=\"JUSTIFY\">\u0160v. Jurgio ba\u017eny\u010dioje ir buvusiame karmelit\u0173 vienuolyne nuo XVIII a. pabaigos veik\u0117 kunig\u0173 seminarija, kuri XX a. 3-iajame de\u0161imtmetyje buvo sujungta su Vilniaus (tuo metu Stepono Batoro) universiteto Teologijos fakultetu. Pal. kun. M. Sopo\u010dka ne tik studijavo \u0161ioje seminarijoje, bet did\u017ei\u0105j\u0105 savo kunigi\u0161ko gyvenimo dal\u012f buvo seminarijos profesoriumi, klierik\u0173 dvasios t\u0117vu. Seminarijoje praleist\u0105 laik\u0105 jis priskyr\u0117 vaisingiausiems savo gyvenimo metams. Dirbdamas su studentais vadovavosi po\u017ei\u016briu, kad nuo\u0161irdi meil\u0117 \u2013 geriausia aukl\u0117jimo priemon\u0117. Aukl\u0117tini\u0173 kunig\u0173 prisiminimuose i\u0161liko kaip giliu vidiniu gyvenimu i\u0161siskiriantis dvasininkas, \u012fk\u016bnijantis tikr\u0105 dvasios t\u0117v\u0105.<\/p>\n<p align=\"JUSTIFY\">XVI a. statyta gotikin\u0117 \u0160v. Jurgio ba\u017eny\u010dia priklaus\u0117 pirmajam Lietuvoje senosios regulos karmelit\u0173 vienuolynui. XVIII a. sudegusi, ba\u017eny\u010diai atstatyta v\u0117lyvojo baroko stiliumi. XVIII a. pab. karmelitai pastatus perleido Vilniaus kunig\u0173 seminarijai, kuri veik\u0117 iki Antrojo pasaulinio karo pabaigos. \u0160iandien i\u0161lik\u0119s beveik visas architekt\u016bros ansamblis, j\u012f sudaro ba\u017eny\u010dia, varpin\u0117-vartai, vienuolyno namai, pagalbiniai ir \u016bkiniai pastatai, viduje yra itin retos fresk\u0173 kompozicijos, vaizduojan\u010dios \u0161v. Jurgio gyvenim\u0105 ir kan\u010dias.<\/p>\n<p align=\"JUSTIFY\">Po karo Vilniaus ir kit\u0173 kra\u0161t\u0173 gyventojai, kult\u016bros darbuotojai i\u0161 u\u017edaryt\u0173 kult\u016bros organizacij\u0173, i\u0161tremt\u0173 \u017emoni\u0173 nam\u0173, \u017eyd\u0173 geto surinko knygas ir atve\u017e\u0117 \u012f \u0161i\u0105 ba\u017eny\u010di\u0105, \u010dia j\u0173 buvo apie 3 mln. \u010cia buvo \u012fkurta Nacionalin\u0117s Martyno Ma\u017evydo bibliotekos Bibliotekininkyst\u0117s, meno ir muzikos saugykla. Neseniai knygos perkeltos \u012f Nacionalin\u0119 Martyno Ma\u017evydo bibliotek\u0105.<\/p>\n<\/div>\n<\/div>\n[\/vc_column_text][\/vc_column_inner][vc_column_inner column_padding=&#8221;no-extra-padding&#8221; column_padding_position=&#8221;all&#8221; background_color_opacity=&#8221;1&#8243; background_hover_color_opacity=&#8221;1&#8243; column_shadow=&#8221;none&#8221; column_border_radius=&#8221;none&#8221; width=&#8221;1\/2&#8243; column_border_width=&#8221;none&#8221; column_border_style=&#8221;solid&#8221;]<div class=\"iwithtext\"><div class=\"iwt-icon\"> <i class=\"icon-default-style icon-map-marker accent-color\"><\/i> <\/div><div class=\"iwt-text\"> <a href=\"https:\/\/www.google.com\/maps\/place\/K.+Sirvydo+g.+4,+Vilnius+01101\/@54.687621,25.2805272,17z\/data=!3m1!4b1!4m5!3m4!1s0x46dd9410638bd2db:0xa13927df8e880765!8m2!3d54.6876179!4d25.2827159\" target=\"_blank\" rel=\"noopener\">K. Sirvydo g. 4, Vilnius<\/a> <\/div><div class=\"clear\"><\/div><\/div><div class=\"divider-wrap\"><div style=\"height: 25px;\" class=\"divider\"><\/div><\/div><div class=\"iwithtext\"><div class=\"iwt-icon\"> <i class=\"icon-default-style icon-info accent-color\"><\/i> <\/div><div class=\"iwt-text\"> Ba\u017eny\u010dia u\u017edaryta <\/div><div class=\"clear\"><\/div><\/div>[\/vc_column_inner][\/vc_row_inner][\/vc_column][\/vc_row][vc_row type=&#8221;in_container&#8221; full_screen_row_position=&#8221;middle&#8221; scene_position=&#8221;center&#8221; text_color=&#8221;dark&#8221; text_align=&#8221;left&#8221; overlay_strength=&#8221;0.3&#8243; shape_divider_position=&#8221;bottom&#8221;][vc_column column_padding=&#8221;no-extra-padding&#8221; column_padding_position=&#8221;all&#8221; background_color_opacity=&#8221;1&#8243; background_hover_color_opacity=&#8221;1&#8243; column_shadow=&#8221;none&#8221; column_border_radius=&#8221;none&#8221; width=&#8221;1\/1&#8243; tablet_text_alignment=&#8221;default&#8221; phone_text_alignment=&#8221;default&#8221; column_border_width=&#8221;none&#8221; column_border_style=&#8221;solid&#8221;]<div class=\"divider-wrap\"><div style=\"height: 200px;\" class=\"divider\"><\/div><\/div>[\/vc_column][\/vc_row]\n","protected":false},"excerpt":{"rendered":"<p>[vc_row type=&#8221;in_container&#8221; full_screen_row_position=&#8221;middle&#8221; scene_position=&#8221;center&#8221; text_color=&#8221;dark&#8221; text_align=&#8221;left&#8221; overlay_strength=&#8221;0.3&#8243; shape_divider_position=&#8221;bottom&#8221;][vc_column centered_text=&#8221;true&#8221; column_padding=&#8221;no-extra-padding&#8221; column_&#8230;<\/p>\n","protected":false},"author":2,"featured_media":288,"parent":38,"menu_order":0,"comment_status":"closed","ping_status":"closed","template":"","meta":{"footnotes":""},"class_list":["post-138","page","type-page","status-publish","has-post-thumbnail","hentry"],"_links":{"self":[{"href":"https:\/\/cityofmercy.lt\/lt_LT\/wp-json\/wp\/v2\/pages\/138","targetHints":{"allow":["GET"]}}],"collection":[{"href":"https:\/\/cityofmercy.lt\/lt_LT\/wp-json\/wp\/v2\/pages"}],"about":[{"href":"https:\/\/cityofmercy.lt\/lt_LT\/wp-json\/wp\/v2\/types\/page"}],"author":[{"embeddable":true,"href":"https:\/\/cityofmercy.lt\/lt_LT\/wp-json\/wp\/v2\/users\/2"}],"replies":[{"embeddable":true,"href":"https:\/\/cityofmercy.lt\/lt_LT\/wp-json\/wp\/v2\/comments?post=138"}],"version-history":[{"count":50,"href":"https:\/\/cityofmercy.lt\/lt_LT\/wp-json\/wp\/v2\/pages\/138\/revisions"}],"predecessor-version":[{"id":6752,"href":"https:\/\/cityofmercy.lt\/lt_LT\/wp-json\/wp\/v2\/pages\/138\/revisions\/6752"}],"up":[{"embeddable":true,"href":"https:\/\/cityofmercy.lt\/lt_LT\/wp-json\/wp\/v2\/pages\/38"}],"wp:featuredmedia":[{"embeddable":true,"href":"https:\/\/cityofmercy.lt\/lt_LT\/wp-json\/wp\/v2\/media\/288"}],"wp:attachment":[{"href":"https:\/\/cityofmercy.lt\/lt_LT\/wp-json\/wp\/v2\/media?parent=138"}],"curies":[{"name":"wp","href":"https:\/\/api.w.org\/{rel}","templated":true}]}}