{"id":136,"date":"2017-11-30T16:11:19","date_gmt":"2017-11-30T16:11:19","guid":{"rendered":"http:\/\/cityofmercy.lt\/?page_id=136"},"modified":"2021-05-27T14:19:19","modified_gmt":"2021-05-27T11:19:19","slug":"sv-jono-krikstytojo-ir-sv-jono-evangelisto-ir-apastalo-baznycia","status":"publish","type":"page","link":"https:\/\/cityofmercy.lt\/lt_LT\/objektai\/sv-jono-krikstytojo-ir-sv-jono-evangelisto-ir-apastalo-baznycia\/","title":{"rendered":"\u0160v. Jono Krik\u0161tytojo ir \u0161v. Jono evangelisto ir apa\u0161talo ba\u017eny\u010dia"},"content":{"rendered":"[vc_row type=&#8221;in_container&#8221; full_screen_row_position=&#8221;middle&#8221; scene_position=&#8221;center&#8221; text_color=&#8221;dark&#8221; text_align=&#8221;left&#8221; overlay_strength=&#8221;0.3&#8243; shape_divider_position=&#8221;bottom&#8221;][vc_column centered_text=&#8221;true&#8221; column_padding=&#8221;no-extra-padding&#8221; column_padding_position=&#8221;all&#8221; background_color_opacity=&#8221;1&#8243; background_hover_color_opacity=&#8221;1&#8243; column_shadow=&#8221;none&#8221; column_border_radius=&#8221;none&#8221; width=&#8221;1\/1&#8243; tablet_text_alignment=&#8221;default&#8221; phone_text_alignment=&#8221;default&#8221; column_border_width=&#8221;none&#8221; column_border_style=&#8221;solid&#8221;][vc_column_text]\n<h4><strong>\u0160v. Jono Krik\u0161tytojo ir \u0161v. Jono evangelisto ir apa\u0161talo ba\u017eny\u010dia<\/strong><\/h4>\n[\/vc_column_text]<div class=\"divider-wrap\"><div style=\"margin-top: 25px; height: 1px; margin-bottom: 25px;\" data-width=\"100%\" data-animate=\"\" data-animation-delay=\"\" data-color=\"default\" class=\"divider-border\"><\/div><\/div>[\/vc_column][\/vc_row][vc_row type=&#8221;in_container&#8221; full_screen_row_position=&#8221;middle&#8221; scene_position=&#8221;center&#8221; text_color=&#8221;dark&#8221; text_align=&#8221;left&#8221; overlay_strength=&#8221;0.3&#8243; shape_divider_position=&#8221;bottom&#8221;][vc_column column_padding=&#8221;no-extra-padding&#8221; column_padding_position=&#8221;all&#8221; background_color_opacity=&#8221;1&#8243; background_hover_color_opacity=&#8221;1&#8243; column_shadow=&#8221;none&#8221; column_border_radius=&#8221;none&#8221; top_margin=&#8221;-30&#8243; width=&#8221;1\/1&#8243; tablet_text_alignment=&#8221;default&#8221; phone_text_alignment=&#8221;default&#8221; column_border_width=&#8221;none&#8221; column_border_style=&#8221;solid&#8221;][vc_row_inner column_margin=&#8221;default&#8221; text_align=&#8221;left&#8221;][vc_column_inner column_padding=&#8221;no-extra-padding&#8221; column_padding_position=&#8221;all&#8221; background_color_opacity=&#8221;1&#8243; background_hover_color_opacity=&#8221;1&#8243; column_shadow=&#8221;none&#8221; column_border_radius=&#8221;none&#8221; width=&#8221;1\/2&#8243; column_border_width=&#8221;none&#8221; column_border_style=&#8221;solid&#8221;][nectar_video_lightbox link_style=&#8221;play_button_2&#8243; nectar_play_button_color=&#8221;Default-Accent-Color&#8221; image_url=&#8221;608&#8243; hover_effect=&#8221;defaut&#8221; box_shadow=&#8221;none&#8221; border_radius=&#8221;none&#8221; play_button_size=&#8221;default&#8221; video_url=&#8221;https:\/\/www.youtube.com\/watch?v=yhRZJFozgZE&#8221;]<div class=\"divider-wrap\"><div style=\"height: 20px;\" class=\"divider\"><\/div><\/div>[vc_column_text]<strong>Ba\u017eny\u010dia patenka \u012f<\/strong> <a href=\"http:\/\/cityofmercy.lt\/lt_LT\/marsrutai\/gailestingumo-kelias\/\" target=\"_blank\" rel=\"noopener\">Gailestingumo kelio<\/a>, <a href=\"http:\/\/cityofmercy.lt\/lt_LT\/marsrutai\/marijos-gerbimo-vietos\/\" target=\"_blank\" rel=\"noopener\">Marijos gerbimo viet\u0173<\/a>, <a href=\"http:\/\/cityofmercy.lt\/lt_LT\/marsrutai\/jezuitai-vilniuje\/\" target=\"_blank\" rel=\"noopener\">J\u0117zuit\u0173 kelio Vilniuje<\/a> mar\u0161rutus[\/vc_column_text]<div class=\"divider-wrap\"><div style=\"height: 20px;\" class=\"divider\"><\/div><\/div>[vc_column_text]\n<p style=\"text-align: justify;\">Pal. M. Sopo\u010dka Vilniaus universiteto Teologijos fakultete dirbo 1927\u20131945 m. Atstatant \u0160v. Ignoto ba\u017eny\u010di\u0105, \u0160v. Jon\u0173 ba\u017eny\u010dioje aukodavo \u0161v. Mi\u0161ias kariuomenei, pats kur\u012f laik\u0105 gyveno ba\u017eny\u010dios klebonijoje. Soviet\u0173 vald\u017eios laikotarpiu zakristijoje reng\u0117 katekizmo kursus pasaulie\u010diams, kad jie gal\u0117t\u0173 slapta mokyti tik\u0117jimo ties\u0173, populiarino Dievo gailestingumo \u017eini\u0105.<\/p>\n<p style=\"text-align: justify;\">Ba\u017eny\u010dios statyba siejama su Lietuvos krik\u0161tu \u2013 ba\u017eny\u010di\u0105 1386 m. prie turgaus aik\u0161t\u0117s prad\u0117jo statyti Lenkijos karalius ir Lietuvos didysis kunigaik\u0161tis Jogaila. 1571 m. karalius \u017dygimantas Augustas parapin\u0119 ba\u017eny\u010di\u0105 perdav\u0117 j\u0117zuitams. Jie \u0161alia ba\u017eny\u010dios \u012fsteig\u0117 Vilniaus j\u0117zuit\u0173 kolegij\u0105 (dabar Vilniaus universitetas). Istorin\u0117s aplinkyb\u0117s l\u0117m\u0117, kad ba\u017eny\u010dios paskirtis ne kart\u0105 keit\u0117si, ta\u010diau j\u0105 visada supo akademin\u0117 bendruomen\u0117, ji tapo svarbiausio ir seniausio Vidurio ir Ryt\u0173 Europoje Vilniaus universiteto ansamblio dalimi.<\/p>\n<p style=\"text-align: justify;\">1737 m. gotikin\u0117 ba\u017eny\u010dia buvo perstatyta, \u012fgavo v\u0117lyvojo baroko formas ir vien\u0105 gra\u017eiausi\u0173 Europoje ba\u017eny\u010di\u0173 fasad\u0173 (architektas Kristupas Glaubicas). 1826 m. pristatyta pietin\u0117 dalis, 1902 m. sukurti vitra\u017eai. 1948 m. ba\u017eny\u010dia buvo u\u017edaryta ir paversta sand\u0117liu, v\u0117liau \u010dia \u012fkurtas Mokslo muziejus. J\u0117zuitai r\u016bpinosi ba\u017eny\u010dia 1570\u20131800 m., joje tarnauja ir dabar nuo at\u0161ventinimo 1991 m. spalio 11 d.<\/p>\n<p style=\"text-align: justify;\">Ba\u017eny\u010dios pilioriai glaud\u017eia dvylika \u0161v. Jon\u0173 ir kit\u0173 \u0161vent\u0173j\u0173, atstovaujan\u010di\u0173 visuotinei Ba\u017eny\u010diai, statul\u0173 \u2013 tai \u0161vent\u0173j\u0173 ir kankini\u0173 Jon\u0173 panteonas, l\u0117m\u0119s ir ba\u017eny\u010dios titul\u0105. Seniau buvusi\u0173 altori\u0173 vietos pa\u017eym\u0117tos reik\u0161ming\u0173 asmenybi\u0173 paminklais. Centriniame altoriuje dominuoja puo\u0161nus tabernakulis, Nukry\u017eiuotasis, J\u0117zaus krik\u0161to ir \u0161vent\u0173j\u0173 skulpt\u016bros, taip pat \u0161ventov\u0117s glob\u0117j\u0173 paveikslai, j\u0117zuit\u0173 \u0161vent\u0173j\u0173 atvaizdai.<\/p>\n<p style=\"text-align: justify;\">De\u0161in\u0117je navoje prie altoriaus 2016 m. \u012frengta prie\u0161 Antr\u0105j\u012f pasaulin\u012f kar\u0105 \u010dia dirbusio kunigo Alfonso Lipni\u016bno vardu pavadinta koply\u010dia yra skirta Vilniaus universiteto bendruomen\u0117s sielovadai ir kartu jau modernus prisilietimas prie i\u0161taikingos barokin\u0117s ba\u017eny\u010dios erdv\u0117s.<\/p>\n<p style=\"text-align: justify;\">Pro altoriaus ark\u0105 matoma tradicin\u0117 Loreto Marijos statul\u0117l\u0117, atve\u017eta i\u0161 Italijos 1647 m. Netrukus ji prad\u0117jo gars\u0117ti stebuklais ir tapo \u017einoma Europoje. Egzamin\u0173 metu prie jos melsdavosi studentai. Po Antrojo pasaulinio karo statul\u0117l\u0117 buvo perduota \u012f Vilniaus dail\u0117s muziej\u0173, v\u0117liau restauruota ir perduota Ba\u017enytinio Paveldo muziejuje. \u0160v. Jon\u0173 ba\u017eny\u010dioje gerbiama restauratori\u0173 sukurta statul\u0117l\u0117s kopija. Tarp \u0161e\u0161i\u0173 ba\u017eny\u010dios koply\u010di\u0173 yra \u0160v\u010d. Mergel\u0117s Marijos Paguodos koply\u010dia (kairin\u0117je navoje pirmoji nuo pagrindinio \u012f\u0117jimo). Jos centre \u2013 altorius su XVIII a. Mergel\u0117s Marijos su K\u016bdikiu paveikslu, puo\u0161tu apkaustais. Antroji koply\u010dia skirta \u0161v. Onai, dar vadinama \u0160v\u010d. Mergel\u0117s Marijos Nekaltojo Prasid\u0117jimo koply\u010dia, nes jos portalas (puo\u0161nus \u012f\u0117jimas \u012f koply\u010di\u0105) vaizduoja Dievo Motin\u0105 debesyse, apsupt\u0105 dviej\u0173 angel\u0173 sarg\u0173. Ketvirtoje koply\u010dioje, kuri vadinama Dievo K\u016bno (Oginski\u0173) vardu, yra saugomas \u0160ven\u010diausiasis Sakramentas ir gerbiamas dar vienas Mergel\u0117s Marijos atvaizdas su K\u016bdikiu rankose.<\/p>\n[\/vc_column_text][\/vc_column_inner][vc_column_inner column_padding=&#8221;no-extra-padding&#8221; column_padding_position=&#8221;all&#8221; background_color_opacity=&#8221;1&#8243; background_hover_color_opacity=&#8221;1&#8243; column_shadow=&#8221;none&#8221; column_border_radius=&#8221;none&#8221; width=&#8221;1\/2&#8243; column_border_width=&#8221;none&#8221; column_border_style=&#8221;solid&#8221;]<div class=\"iwithtext\"><div class=\"iwt-icon\"> <i class=\"icon-default-style icon-map-marker accent-color\"><\/i> <\/div><div class=\"iwt-text\"> <a href=\"https:\/\/www.google.com\/maps\/place\/\u0160v.+Jono+g.+12,+Vilnius+01123\/@54.682517,25.2864542,17z\/data=!3m1!4b1!4m5!3m4!1s0x46dd94168a61bf1f:0x1e2c419ecc59ad18!8m2!3d54.6825139!4d25.2886429\" target=\"_blank\" rel=\"noopener\">\u0160v. Jono g. 12, Vilnius<\/a> <\/div><div class=\"clear\"><\/div><\/div><div class=\"iwithtext\"><div class=\"iwt-icon\"> <img decoding=\"async\" src=\"https:\/\/cityofmercy.lt\/wp-content\/uploads\/2017\/12\/taurinis.png\" alt=\"\" \/> <\/div><div class=\"iwt-text\"> <strong>\u0160v. Mi\u0161ios (lietuvi\u0173 k.)<\/strong><\/p>\n<p><strong>Rugs\u0117j\u012f\u2013gegu\u017e\u0119<\/strong><br \/>\nII\u2013IV: 18.00 (koply\u010dioje)<br \/>\nV: 18.00 (studentams)<br \/>\nVII: 11.00, 13.00<\/p>\n<p><strong>Bir\u017eel\u012f\u2013rugpj\u016bt\u012f<\/strong><br \/>\nVII: 11.00 <\/div><div class=\"clear\"><\/div><\/div><div class=\"iwithtext\"><div class=\"iwt-icon\"> <i class=\"icon-default-style icon-info-sign accent-color\"><\/i> <\/div><div class=\"iwt-text\"> Daugiau informacijos apie Vilniaus universiteto ansambl\u012f <a href=\"http:\/\/www.muziejus.vu.lt\" target=\"_blank\" rel=\"noopener\">www.muziejus.vu.lt<\/a> <\/div><div class=\"clear\"><\/div><\/div><div class=\"iwithtext\"><div class=\"iwt-icon\"> <i class=\"icon-default-style icon-globe accent-color\"><\/i> <\/div><div class=\"iwt-text\"> <a href=\"http:\/\/www.jonai.lt\" target=\"_blank\" rel=\"noopener\">www.jonai.lt<\/a> <\/div><div class=\"clear\"><\/div><\/div>[\/vc_column_inner][\/vc_row_inner][\/vc_column][\/vc_row][vc_row type=&#8221;in_container&#8221; full_screen_row_position=&#8221;middle&#8221; scene_position=&#8221;center&#8221; text_color=&#8221;dark&#8221; text_align=&#8221;left&#8221; overlay_strength=&#8221;0.3&#8243; shape_divider_position=&#8221;bottom&#8221;][vc_column column_padding=&#8221;no-extra-padding&#8221; column_padding_position=&#8221;all&#8221; background_color_opacity=&#8221;1&#8243; background_hover_color_opacity=&#8221;1&#8243; column_shadow=&#8221;none&#8221; column_border_radius=&#8221;none&#8221; width=&#8221;1\/1&#8243; tablet_text_alignment=&#8221;default&#8221; phone_text_alignment=&#8221;default&#8221; column_border_width=&#8221;none&#8221; column_border_style=&#8221;solid&#8221;]<div class=\"divider-wrap\"><div style=\"height: 200px;\" class=\"divider\"><\/div><\/div>[\/vc_column][\/vc_row]\n","protected":false},"excerpt":{"rendered":"<p>[vc_row type=&#8221;in_container&#8221; full_screen_row_position=&#8221;middle&#8221; scene_position=&#8221;center&#8221; text_color=&#8221;dark&#8221; text_align=&#8221;left&#8221; overlay_strength=&#8221;0.3&#8243; shape_divider_position=&#8221;bottom&#8221;][vc_column centered_text=&#8221;true&#8221; column_padding=&#8221;no-extra-padding&#8221; column_&#8230;<\/p>\n","protected":false},"author":2,"featured_media":610,"parent":38,"menu_order":0,"comment_status":"closed","ping_status":"closed","template":"","meta":{"footnotes":""},"class_list":["post-136","page","type-page","status-publish","has-post-thumbnail","hentry"],"_links":{"self":[{"href":"https:\/\/cityofmercy.lt\/lt_LT\/wp-json\/wp\/v2\/pages\/136","targetHints":{"allow":["GET"]}}],"collection":[{"href":"https:\/\/cityofmercy.lt\/lt_LT\/wp-json\/wp\/v2\/pages"}],"about":[{"href":"https:\/\/cityofmercy.lt\/lt_LT\/wp-json\/wp\/v2\/types\/page"}],"author":[{"embeddable":true,"href":"https:\/\/cityofmercy.lt\/lt_LT\/wp-json\/wp\/v2\/users\/2"}],"replies":[{"embeddable":true,"href":"https:\/\/cityofmercy.lt\/lt_LT\/wp-json\/wp\/v2\/comments?post=136"}],"version-history":[{"count":55,"href":"https:\/\/cityofmercy.lt\/lt_LT\/wp-json\/wp\/v2\/pages\/136\/revisions"}],"predecessor-version":[{"id":5803,"href":"https:\/\/cityofmercy.lt\/lt_LT\/wp-json\/wp\/v2\/pages\/136\/revisions\/5803"}],"up":[{"embeddable":true,"href":"https:\/\/cityofmercy.lt\/lt_LT\/wp-json\/wp\/v2\/pages\/38"}],"wp:featuredmedia":[{"embeddable":true,"href":"https:\/\/cityofmercy.lt\/lt_LT\/wp-json\/wp\/v2\/media\/610"}],"wp:attachment":[{"href":"https:\/\/cityofmercy.lt\/lt_LT\/wp-json\/wp\/v2\/media?parent=136"}],"curies":[{"name":"wp","href":"https:\/\/api.w.org\/{rel}","templated":true}]}}