{"id":134,"date":"2017-11-30T16:10:39","date_gmt":"2017-11-30T16:10:39","guid":{"rendered":"http:\/\/cityofmercy.lt\/?page_id=134"},"modified":"2021-05-27T17:24:28","modified_gmt":"2021-05-27T14:24:28","slug":"sv-ignoto-baznycia","status":"publish","type":"page","link":"https:\/\/cityofmercy.lt\/lt_LT\/objektai\/sv-ignoto-baznycia\/","title":{"rendered":"\u0160v. Ignoto ba\u017eny\u010dia"},"content":{"rendered":"[vc_row type=&#8221;in_container&#8221; full_screen_row_position=&#8221;middle&#8221; scene_position=&#8221;center&#8221; text_color=&#8221;dark&#8221; text_align=&#8221;left&#8221; overlay_strength=&#8221;0.3&#8243; shape_divider_position=&#8221;bottom&#8221;][vc_column column_padding=&#8221;no-extra-padding&#8221; column_padding_position=&#8221;all&#8221; background_color_opacity=&#8221;1&#8243; background_hover_color_opacity=&#8221;1&#8243; column_shadow=&#8221;none&#8221; column_border_radius=&#8221;none&#8221; width=&#8221;1\/1&#8243; tablet_text_alignment=&#8221;default&#8221; phone_text_alignment=&#8221;default&#8221; column_border_width=&#8221;none&#8221; column_border_style=&#8221;solid&#8221;][vc_column_text]\n<h4 style=\"text-align: center;\"><strong>\u0160v. Ignoto ba\u017eny\u010dia\u00a0<\/strong><\/h4>\n[\/vc_column_text]<div class=\"divider-wrap\"><div style=\"margin-top: 25px; height: 1px; margin-bottom: 25px;\" data-width=\"100%\" data-animate=\"\" data-animation-delay=\"\" data-color=\"default\" class=\"divider-border\"><\/div><\/div>[\/vc_column][\/vc_row][vc_row type=&#8221;in_container&#8221; full_screen_row_position=&#8221;middle&#8221; scene_position=&#8221;center&#8221; text_color=&#8221;dark&#8221; text_align=&#8221;left&#8221; overlay_strength=&#8221;0.3&#8243; shape_divider_position=&#8221;bottom&#8221;][vc_column column_padding=&#8221;no-extra-padding&#8221; column_padding_position=&#8221;all&#8221; background_color_opacity=&#8221;1&#8243; background_hover_color_opacity=&#8221;1&#8243; column_shadow=&#8221;none&#8221; column_border_radius=&#8221;none&#8221; top_margin=&#8221;-30&#8243; width=&#8221;1\/1&#8243; tablet_text_alignment=&#8221;default&#8221; phone_text_alignment=&#8221;default&#8221; column_border_width=&#8221;none&#8221; column_border_style=&#8221;solid&#8221;][vc_row_inner column_margin=&#8221;default&#8221; text_align=&#8221;left&#8221;][vc_column_inner column_padding=&#8221;no-extra-padding&#8221; column_padding_position=&#8221;all&#8221; background_color_opacity=&#8221;1&#8243; background_hover_color_opacity=&#8221;1&#8243; column_shadow=&#8221;none&#8221; column_border_radius=&#8221;none&#8221; width=&#8221;1\/2&#8243; column_border_width=&#8221;none&#8221; column_border_style=&#8221;solid&#8221;][nectar_image_with_hotspots image=&#8221;483&#8243; preview=&#8221;http:\/\/cityofmercy.lt\/wp-content\/uploads\/2017\/12\/IGNOTO.jpg&#8221; color_1=&#8221;Accent-Color&#8221; hotspot_icon=&#8221;plus_sign&#8221; tooltip=&#8221;hover&#8221; tooltip_shadow=&#8221;medium_depth&#8221; animation=&#8221;true&#8221;][nectar_hotspot left=&#8221;58.4521%&#8221; top=&#8221;45.8333%&#8221; position=&#8221;left&#8221;]Dievo Gailestingumo paveikslas, 2011\u20132013 m. buv\u0119s Afganistane Goro provincijos atk\u016brimo grup\u0117s\u00a0stovykloje esan\u010dioje koply\u010dioje.[\/nectar_hotspot][\/nectar_image_with_hotspots]<div class=\"divider-wrap\"><div style=\"height: 20px;\" class=\"divider\"><\/div><\/div>[vc_column_text]<u><\/u><strong><span lang=\"EN-US\">Ba<\/span>\u017eny\u010dia patenka \u012f<\/strong> <a href=\"http:\/\/cityofmercy.lt\/lt_LT\/marsrutai\/gailestingumo-kelias\/\" target=\"_blank\" rel=\"noopener\">Gailestingumo kelio<\/a> ir <a href=\"http:\/\/elephantastronaut.com\/marsrutai\/jezuitai-vilniuje\/\" target=\"_blank\" rel=\"noopener\">J\u0117zuit\u0173 kelio Vilniuje<\/a> mar\u0161rutus[\/vc_column_text]<div class=\"divider-wrap\"><div style=\"height: 20px;\" class=\"divider\"><\/div><\/div>[vc_column_text]\n<div class=\"wpb_text_column wpb_content_element \">\n<div class=\"wpb_wrapper\">\n<p align=\"JUSTIFY\">\u0160v. Ignoto ba\u017eny\u010dia pavadinta sulietuvintu \u0161v. Ignaco Lojolos, J\u0117zaus draugijos \u012fk\u016br\u0117jo, vardu. Vir\u0161 pagrindinio ba\u017eny\u010dios altoriaus kaban\u010diame dailininko paveiksle (1757 m.) vaizduojamas \u0161v. Ignaco reg\u0117jimas, kur\u012f jis patyr\u0117 su dviem draugais keliaudamas \u012f Rom\u0105.<\/p>\n<p align=\"JUSTIFY\">Ba\u017eny\u010dios istorija prasid\u0117jo 1569 m., kai Vilniuje apsigyveno ir \u0117m\u0117 kurtis pirmieji j\u0117zuitai ir \u0161ioje vietoje tetur\u0117jo vienuolijos noviciat\u0105 ir \u016bkinius pastatus. Kaip ir kitos j\u0117zuit\u0173 ba\u017eny\u010dios Lietuvoje, \u0160v. Ignoto ba\u017eny\u010dia yra bazilikin\u0117, su kupolu ir dviem bok\u0161tais abipus presbiterijos, vidus buvo i\u0161puo\u0161tas vertingomis freskomis. 1737 m. ba\u017eny\u010di\u0105 stipriai apgadino gaisras. XVIII a. viduryje ji buvo rekonstruota vadovaujant architektui Tomui \u017debrauskui.<\/p>\n<p align=\"JUSTIFY\">1798 m. vienuolynas ir ba\u017eny\u010dia perduoti rus\u0173 kariuomenei. Tuomet buvo i\u0161griauti dirbtinio marmuro altoriai, nukapoti lipdiniai, ba\u017eny\u010dios erdv\u0117 suskaidyta \u012f 3 auk\u0161tus, ba\u017eny\u010dioje apgyvendinti kareiviai, \u012frengtos arklid\u0117s. Po 1831 m. ir 1863 m. sukilim\u0173 vienuolyne ir ba\u017eny\u010dioje \u012frengtos caro kariuomen\u0117s kareivin\u0117s, arklid\u0117s, karinink\u0173 kazino \u2013 ba\u017eny\u010dia kaip sakralinis pastatas buvo sunaikinta.<\/p>\n<p align=\"JUSTIFY\">Vyskupo Jurgio Matulai\u010dio papra\u0161ytas 1924 m. \u012f Vilni\u0173 gr\u012f\u017eo karo kapelionas pal. Mykolas Sopo\u010dka, kurio iniciatyva ba\u017eny\u010dia buvo rekonstruota kariuomen\u0117s sielovadai ir 1929 m. at\u0161ventinta. Dabartin\u0117s ba\u017eny\u010dios skliautuose galima pamatyti atidengt\u0173 kun. M. Sopo\u010dkos pri\u017ei\u016brim\u0173 darb\u0173 metu sukurtos polichromijos rytieti\u0161k\u0173 fragment\u0173. Barokinio puo\u0161numo ba\u017eny\u010dia neatgavo \u2013 jos fasadas t\u0117ra XVII a. pirmosios pus\u0117s baroko stilizacija. Sovietme\u010diu ba\u017eny\u010dioje buvo \u012frengta kino studija su sand\u0117liu. Buvusio vienuolyno pastatais \u0161iuo metu naudojasi Lietuvos kra\u0161to apsaugos ministerija, kino teatras, restoranas, Lietuvos technikos biblioteka. Atgavus ba\u017eny\u010di\u0105 ir j\u0105 sutvarkius, 2004 m. Lietuvos kariuomen\u0117s ordinaras vyskupas Eugenijus Bartulis \u0160v. Ignoto ba\u017eny\u010di\u0105 paskelb\u0117 pagrindine kariuomen\u0117s Ordinariato ba\u017eny\u010dia. Ba\u017eny\u010dioje gerbiamas Dievo Gailestingumo paveikslas 2011\u20132013 m. buvo Afganistane Goro provincijos atk\u016brimo grup\u0117s\u00a0stovykloje esan\u010dioje koply\u010dioje.<\/p>\n<\/div>\n<\/div>\n[\/vc_column_text][\/vc_column_inner][vc_column_inner column_padding=&#8221;no-extra-padding&#8221; column_padding_position=&#8221;all&#8221; background_color_opacity=&#8221;1&#8243; background_hover_color_opacity=&#8221;1&#8243; column_shadow=&#8221;none&#8221; column_border_radius=&#8221;none&#8221; width=&#8221;1\/2&#8243; column_border_width=&#8221;none&#8221; column_border_style=&#8221;solid&#8221;]<div class=\"iwithtext\"><div class=\"iwt-icon\"> <i class=\"icon-default-style icon-map-marker accent-color\"><\/i> <\/div><div class=\"iwt-text\"> <a href=\"https:\/\/www.google.lt\/maps\/place\/\u0160v.+Ignoto+g.+6,+Vilnius+01121\/@54.6825565,25.2797926,17z\/data=!3m1!4b1!4m5!3m4!1s0x46dd9413f8f99559:0xc7e89cf2dee24c10!8m2!3d54.6825534!4d25.2819813\" target=\"_blank\" rel=\"noopener\">\u0160v. Ignoto g. 6, Vilnius<\/a> <\/div><div class=\"clear\"><\/div><\/div><div class=\"iwithtext\"><div class=\"iwt-icon\"> <i class=\"icon-default-style icon-time accent-color\"><\/i> <\/div><div class=\"iwt-text\"> <strong>Ba\u017eny\u010dia atidaryta<\/strong><br \/>\nI\u2013V: 7.30\u201318.00<br \/>\nVI: 16.00\u201318.00<br \/>\nVII: 9.00\u201313.00 <\/div><div class=\"clear\"><\/div><\/div><div class=\"iwithtext\"><div class=\"iwt-icon\"> <img decoding=\"async\" src=\"https:\/\/cityofmercy.lt\/wp-content\/uploads\/2017\/12\/taurinis.png\" alt=\"\" \/> <\/div><div class=\"iwt-text\"> <strong>\u0160v. Mi\u0161ios (lietuvi\u0173 k.)<\/strong><br \/>\nI\u2013VI: 17.15<br \/>\nVII: 10.30 <\/div><div class=\"clear\"><\/div><\/div><div class=\"iwithtext\"><div class=\"iwt-icon\"> <i class=\"icon-default-style icon-globe accent-color\"><\/i> <\/div><div class=\"iwt-text\"> <a href=\"https:\/\/www.ordinariatas.lt\/sv-ignoto-baznycia,509.html\" target=\"_blank\" rel=\"noopener\">www.ordinariatas.lt<\/a> <\/div><div class=\"clear\"><\/div><\/div>[\/vc_column_inner][\/vc_row_inner][\/vc_column][\/vc_row][vc_row type=&#8221;in_container&#8221; full_screen_row_position=&#8221;middle&#8221; scene_position=&#8221;center&#8221; text_color=&#8221;dark&#8221; text_align=&#8221;left&#8221; overlay_strength=&#8221;0.3&#8243; shape_divider_position=&#8221;bottom&#8221;][vc_column column_padding=&#8221;no-extra-padding&#8221; column_padding_position=&#8221;all&#8221; background_color_opacity=&#8221;1&#8243; background_hover_color_opacity=&#8221;1&#8243; column_shadow=&#8221;none&#8221; column_border_radius=&#8221;none&#8221; width=&#8221;1\/1&#8243; tablet_text_alignment=&#8221;default&#8221; phone_text_alignment=&#8221;default&#8221; column_border_width=&#8221;none&#8221; column_border_style=&#8221;solid&#8221;]<div class=\"divider-wrap\"><div style=\"height: 200px;\" class=\"divider\"><\/div><\/div>[\/vc_column][\/vc_row]\n","protected":false},"excerpt":{"rendered":"<p>[vc_row type=&#8221;in_container&#8221; full_screen_row_position=&#8221;middle&#8221; scene_position=&#8221;center&#8221; text_color=&#8221;dark&#8221; text_align=&#8221;left&#8221; overlay_strength=&#8221;0.3&#8243; shape_divider_position=&#8221;bottom&#8221;][vc_column column_padding=&#8221;no-extra-padding&#8221; column_padding_position=&#8221;all&#8230;<\/p>\n","protected":false},"author":2,"featured_media":296,"parent":38,"menu_order":0,"comment_status":"closed","ping_status":"closed","template":"","meta":{"footnotes":""},"class_list":["post-134","page","type-page","status-publish","has-post-thumbnail","hentry"],"_links":{"self":[{"href":"https:\/\/cityofmercy.lt\/lt_LT\/wp-json\/wp\/v2\/pages\/134","targetHints":{"allow":["GET"]}}],"collection":[{"href":"https:\/\/cityofmercy.lt\/lt_LT\/wp-json\/wp\/v2\/pages"}],"about":[{"href":"https:\/\/cityofmercy.lt\/lt_LT\/wp-json\/wp\/v2\/types\/page"}],"author":[{"embeddable":true,"href":"https:\/\/cityofmercy.lt\/lt_LT\/wp-json\/wp\/v2\/users\/2"}],"replies":[{"embeddable":true,"href":"https:\/\/cityofmercy.lt\/lt_LT\/wp-json\/wp\/v2\/comments?post=134"}],"version-history":[{"count":50,"href":"https:\/\/cityofmercy.lt\/lt_LT\/wp-json\/wp\/v2\/pages\/134\/revisions"}],"predecessor-version":[{"id":6055,"href":"https:\/\/cityofmercy.lt\/lt_LT\/wp-json\/wp\/v2\/pages\/134\/revisions\/6055"}],"up":[{"embeddable":true,"href":"https:\/\/cityofmercy.lt\/lt_LT\/wp-json\/wp\/v2\/pages\/38"}],"wp:featuredmedia":[{"embeddable":true,"href":"https:\/\/cityofmercy.lt\/lt_LT\/wp-json\/wp\/v2\/media\/296"}],"wp:attachment":[{"href":"https:\/\/cityofmercy.lt\/lt_LT\/wp-json\/wp\/v2\/media?parent=134"}],"curies":[{"name":"wp","href":"https:\/\/api.w.org\/{rel}","templated":true}]}}