{"id":132,"date":"2017-11-30T16:09:41","date_gmt":"2017-11-30T16:09:41","guid":{"rendered":"http:\/\/cityofmercy.lt\/?page_id=132"},"modified":"2021-05-27T17:19:44","modified_gmt":"2021-05-27T14:19:44","slug":"sv-hiacinto-jackaus-koplycia","status":"publish","type":"page","link":"https:\/\/cityofmercy.lt\/lt_LT\/objektai\/sv-hiacinto-jackaus-koplycia\/","title":{"rendered":"\u0160v. Hiacinto (Jackaus) koply\u010dia"},"content":{"rendered":"[vc_row type=&#8221;in_container&#8221; full_screen_row_position=&#8221;middle&#8221; scene_position=&#8221;center&#8221; text_color=&#8221;dark&#8221; text_align=&#8221;left&#8221; overlay_strength=&#8221;0.3&#8243; shape_divider_position=&#8221;bottom&#8221;][vc_column column_padding=&#8221;no-extra-padding&#8221; column_padding_position=&#8221;all&#8221; background_color_opacity=&#8221;1&#8243; background_hover_color_opacity=&#8221;1&#8243; column_shadow=&#8221;none&#8221; column_border_radius=&#8221;none&#8221; width=&#8221;1\/1&#8243; tablet_text_alignment=&#8221;default&#8221; phone_text_alignment=&#8221;default&#8221; column_border_width=&#8221;none&#8221; column_border_style=&#8221;solid&#8221;][vc_column_text]\n<h4 style=\"text-align: center;\"><strong>\u0160v. Hiacinto (Jackaus) koply\u010dia<\/strong><\/h4>\n[\/vc_column_text]<div class=\"divider-wrap\"><div style=\"margin-top: 25px; height: 1px; margin-bottom: 25px;\" data-width=\"100%\" data-animate=\"\" data-animation-delay=\"\" data-color=\"default\" class=\"divider-border\"><\/div><\/div>[\/vc_column][\/vc_row][vc_row type=&#8221;in_container&#8221; full_screen_row_position=&#8221;middle&#8221; scene_position=&#8221;center&#8221; text_color=&#8221;dark&#8221; text_align=&#8221;left&#8221; overlay_strength=&#8221;0.3&#8243; shape_divider_position=&#8221;bottom&#8221;][vc_column column_padding=&#8221;no-extra-padding&#8221; column_padding_position=&#8221;all&#8221; background_color_opacity=&#8221;1&#8243; background_hover_color_opacity=&#8221;1&#8243; column_shadow=&#8221;none&#8221; column_border_radius=&#8221;none&#8221; top_margin=&#8221;-30&#8243; width=&#8221;1\/1&#8243; tablet_text_alignment=&#8221;default&#8221; phone_text_alignment=&#8221;default&#8221; column_border_width=&#8221;none&#8221; column_border_style=&#8221;solid&#8221;][vc_row_inner column_margin=&#8221;default&#8221; text_align=&#8221;left&#8221;][vc_column_inner column_padding=&#8221;no-extra-padding&#8221; column_padding_position=&#8221;all&#8221; background_color_opacity=&#8221;1&#8243; background_hover_color_opacity=&#8221;1&#8243; column_shadow=&#8221;none&#8221; column_border_radius=&#8221;none&#8221; width=&#8221;1\/2&#8243; column_border_width=&#8221;none&#8221; column_border_style=&#8221;solid&#8221;][nectar_image_with_hotspots image=&#8221;485&#8243; preview=&#8221;http:\/\/cityofmercy.lt\/wp-content\/uploads\/2017\/12\/JACINTO.jpg&#8221; color_1=&#8221;Accent-Color&#8221; hotspot_icon=&#8221;plus_sign&#8221; tooltip=&#8221;hover&#8221; tooltip_shadow=&#8221;medium_depth&#8221; animation=&#8221;true&#8221;][nectar_hotspot left=&#8221;40.691825178934096%&#8221; top=&#8221;81.25261990529187%&#8221; position=&#8221;top&#8221;]2016 m. \u0161ven\u010diant Gailestingumo jubiliej\u0173, buvo \u012fstatytos ir atvertos bronzin\u0117s Gailestingumo durys (skulptorius Minaugas \u0160nipas). Ant mozaikos: Dievo Gailestingumo mozaik\u0105 suk\u016br\u0117 Albinas \u010carlis Degutis. [\/nectar_hotspot][\/nectar_image_with_hotspots]<div class=\"divider-wrap\"><div style=\"height: 20px;\" class=\"divider\"><\/div><\/div>[vc_column_text]<strong>Objektas patenka \u012f<\/strong> <a href=\"http:\/\/cityofmercy.lt\/lt_LT\/marsrutai\/dominikonai-vilniuje\/\" target=\"_blank\" rel=\"noopener\">Dominikon\u0173 kelio Vilniuje<\/a> mar\u0161rut\u0105[\/vc_column_text]<div class=\"divider-wrap\"><div style=\"height: 20px;\" class=\"divider\"><\/div><\/div>[vc_column_text]\n<div class=\"wpb_text_column wpb_content_element \">\n<div class=\"wpb_wrapper\">\n<p style=\"text-align: justify;\">\u0160v. Hiacintas buvo vienas i\u0161 pirm\u0173j\u0173 broli\u0173, kuriuos pats \u0161v. Dominykas pri\u0117m\u0117 \u012f ordin\u0105. Baig\u0119s noviciat\u0105 ir dav\u0119s \u012f\u017eadus su kitais broliais buvo i\u0161si\u0173stas \u012f misijas \u012f Lenkij\u0105. Kai 1228 metais Lenkijoje buvo \u012fkurta dominikon\u0173 ordino provincija, \u0161v. Hiacintas buvo paskirtas provincijolu, ta\u010diau \u0161io titulo atsisak\u0117.<\/p>\n<p style=\"text-align: justify;\">Misijonieriavo daugiausia Rusijoje, Pr\u016bsijoje ir Lenkijoje. Manoma, kad lank\u0117si Lietuvoje (apie 1231 m.), Latvijoje, Danijoje, \u0160vedijoje ir Norvegijoje. D\u0117l to buvo vadinamas \u201e\u0161iaur\u0117s apa\u0161talu\u201c. Pasak legendos, Kijev\u0105 u\u017epuolus totoriams, \u0161v. Hiacintas stebuklingai i\u0161gelb\u0117jo monstrancij\u0105 su \u0160v\u010d. Sakramentu ir \u0160v\u010d. Mergel\u0117s Marijos statul\u0105. D\u0117l to ikonografijoje da\u017eniausiai vaizduojamas vienoje rankoje laikantis monstrancij\u0105, arba Mi\u0161i\u0173 taur\u0119, kitoje \u2013 Dievo Motinos su K\u016bdikiu skulpt\u016br\u0117l\u0119.<\/p>\n<p style=\"text-align: justify;\">Mir\u0117 1257 m. rugpj\u016b\u010dio 15 d. Krokuvoje. Liturginis min\u0117jimas \u2013 rugpj\u016b\u010dio 17 d. 1527 metais beatifikuotas, 1594 m. kanonizuotas ir paskelbtas Ba\u017eny\u010dios \u0161ventuoju. 1686 m. popie\u017eiaus Inocento XI paskirtas Lietuvos glob\u0117ju.<\/p>\n<p style=\"text-align: justify;\">1501 m. vienuoliai dominikonai prie buvusi\u0173 Vilniaus miesto rib\u0173 \u0161v. Hiacinto garbei pastat\u0117 medin\u0119 koply\u010di\u0105.<\/p>\n<p style=\"text-align: justify;\">\u0160v. Hiacintas vadintas keliautoj\u0173 glob\u0117ju, tad ir pastatyta koply\u010dia skirta pasimelsti keliautojams, i\u0161sirengiantiems i\u0161 Vilniaus \u012f tolim\u0105 keli\u0105. M\u016brin\u0117 koply\u010dia pastatyta jau baroko laikais, o naujoji statula sukurta 1901 m. Senoji medin\u0117 skulpt\u016bra pergabenta \u012f \u0160v. apa\u0161tal\u0173 Jok\u016bbo ir Pilypo ba\u017eny\u010di\u0105 ir pastatyta \u0160v. Hiacinto vardo koply\u010dioje.<\/p>\n<\/div>\n<\/div>\n[\/vc_column_text][\/vc_column_inner][vc_column_inner column_padding=&#8221;no-extra-padding&#8221; column_padding_position=&#8221;all&#8221; background_color_opacity=&#8221;1&#8243; background_hover_color_opacity=&#8221;1&#8243; column_shadow=&#8221;none&#8221; column_border_radius=&#8221;none&#8221; width=&#8221;1\/2&#8243; column_border_width=&#8221;none&#8221; column_border_style=&#8221;solid&#8221;]<div class=\"iwithtext\"><div class=\"iwt-icon\"> <i class=\"icon-default-style icon-map-marker accent-color\"><\/i> <\/div><div class=\"iwt-text\"> <a href=\"https:\/\/www.google.com\/maps\/place\/\u0160v.+Hiacinto+(Jackaus)+koply\u010dia\/@54.6808155,25.2597335,17z\/data=!3m1!4b1!4m5!3m4!1s0x46dd94735742d2fd:0xfae20af64d56512!8m2!3d54.6808124!4d25.2619222\" target=\"_blank\" rel=\"noopener\">S.Konarskio ir Jovaro gatvi\u0173 sankry\u017ea<\/a> <\/div><div class=\"clear\"><\/div><\/div><div class=\"iwithtext\"><div class=\"iwt-icon\"> <i class=\"icon-default-style icon-info accent-color\"><\/i> <\/div><div class=\"iwt-text\"> Vie\u0161as objektas <\/div><div class=\"clear\"><\/div><\/div>[\/vc_column_inner][\/vc_row_inner][\/vc_column][\/vc_row][vc_row type=&#8221;in_container&#8221; full_screen_row_position=&#8221;middle&#8221; scene_position=&#8221;center&#8221; text_color=&#8221;dark&#8221; text_align=&#8221;left&#8221; overlay_strength=&#8221;0.3&#8243; shape_divider_position=&#8221;bottom&#8221;][vc_column column_padding=&#8221;no-extra-padding&#8221; column_padding_position=&#8221;all&#8221; background_color_opacity=&#8221;1&#8243; background_hover_color_opacity=&#8221;1&#8243; column_shadow=&#8221;none&#8221; column_border_radius=&#8221;none&#8221; width=&#8221;1\/1&#8243; tablet_text_alignment=&#8221;default&#8221; phone_text_alignment=&#8221;default&#8221; column_border_width=&#8221;none&#8221; column_border_style=&#8221;solid&#8221;]<div class=\"divider-wrap\"><div style=\"height: 200px;\" class=\"divider\"><\/div><\/div>[\/vc_column][\/vc_row]\n","protected":false},"excerpt":{"rendered":"<p>[vc_row type=&#8221;in_container&#8221; full_screen_row_position=&#8221;middle&#8221; scene_position=&#8221;center&#8221; text_color=&#8221;dark&#8221; text_align=&#8221;left&#8221; overlay_strength=&#8221;0.3&#8243; shape_divider_position=&#8221;bottom&#8221;][vc_column column_padding=&#8221;no-extra-padding&#8221; column_padding_position=&#8221;all&#8230;<\/p>\n","protected":false},"author":2,"featured_media":2829,"parent":38,"menu_order":0,"comment_status":"closed","ping_status":"closed","template":"","meta":{"footnotes":""},"class_list":["post-132","page","type-page","status-publish","has-post-thumbnail","hentry"],"_links":{"self":[{"href":"https:\/\/cityofmercy.lt\/lt_LT\/wp-json\/wp\/v2\/pages\/132","targetHints":{"allow":["GET"]}}],"collection":[{"href":"https:\/\/cityofmercy.lt\/lt_LT\/wp-json\/wp\/v2\/pages"}],"about":[{"href":"https:\/\/cityofmercy.lt\/lt_LT\/wp-json\/wp\/v2\/types\/page"}],"author":[{"embeddable":true,"href":"https:\/\/cityofmercy.lt\/lt_LT\/wp-json\/wp\/v2\/users\/2"}],"replies":[{"embeddable":true,"href":"https:\/\/cityofmercy.lt\/lt_LT\/wp-json\/wp\/v2\/comments?post=132"}],"version-history":[{"count":50,"href":"https:\/\/cityofmercy.lt\/lt_LT\/wp-json\/wp\/v2\/pages\/132\/revisions"}],"predecessor-version":[{"id":6757,"href":"https:\/\/cityofmercy.lt\/lt_LT\/wp-json\/wp\/v2\/pages\/132\/revisions\/6757"}],"up":[{"embeddable":true,"href":"https:\/\/cityofmercy.lt\/lt_LT\/wp-json\/wp\/v2\/pages\/38"}],"wp:featuredmedia":[{"embeddable":true,"href":"https:\/\/cityofmercy.lt\/lt_LT\/wp-json\/wp\/v2\/media\/2829"}],"wp:attachment":[{"href":"https:\/\/cityofmercy.lt\/lt_LT\/wp-json\/wp\/v2\/media?parent=132"}],"curies":[{"name":"wp","href":"https:\/\/api.w.org\/{rel}","templated":true}]}}