{"id":130,"date":"2017-11-30T16:08:51","date_gmt":"2017-11-30T16:08:51","guid":{"rendered":"http:\/\/cityofmercy.lt\/?page_id=130"},"modified":"2021-06-07T17:10:22","modified_gmt":"2021-06-07T14:10:22","slug":"sv-faustinos-namelis","status":"publish","type":"page","link":"https:\/\/cityofmercy.lt\/lt_LT\/objektai\/sv-faustinos-namelis\/","title":{"rendered":"\u0160v. Faustinos namelis"},"content":{"rendered":"[vc_row type=&#8221;in_container&#8221; full_screen_row_position=&#8221;middle&#8221; scene_position=&#8221;center&#8221; text_color=&#8221;dark&#8221; text_align=&#8221;left&#8221; overlay_strength=&#8221;0.3&#8243; shape_divider_position=&#8221;bottom&#8221;][vc_column centered_text=&#8221;true&#8221; column_padding=&#8221;no-extra-padding&#8221; column_padding_position=&#8221;all&#8221; background_color_opacity=&#8221;1&#8243; background_hover_color_opacity=&#8221;1&#8243; column_shadow=&#8221;none&#8221; column_border_radius=&#8221;none&#8221; width=&#8221;1\/1&#8243; tablet_text_alignment=&#8221;default&#8221; phone_text_alignment=&#8221;default&#8221; column_border_width=&#8221;none&#8221; column_border_style=&#8221;solid&#8221;][vc_column_text]\n<h4><strong>\u0160v. Faustinos namelis<\/strong><\/h4>\n[\/vc_column_text]<div class=\"divider-wrap\"><div style=\"margin-top: 25px; height: 1px; margin-bottom: 25px;\" data-width=\"100%\" data-animate=\"\" data-animation-delay=\"\" data-color=\"default\" class=\"divider-border\"><\/div><\/div>[\/vc_column][\/vc_row][vc_row type=&#8221;in_container&#8221; full_screen_row_position=&#8221;middle&#8221; scene_position=&#8221;center&#8221; text_color=&#8221;dark&#8221; text_align=&#8221;left&#8221; overlay_strength=&#8221;0.3&#8243; shape_divider_position=&#8221;bottom&#8221;][vc_column column_padding=&#8221;no-extra-padding&#8221; column_padding_position=&#8221;all&#8221; background_color_opacity=&#8221;1&#8243; background_hover_color_opacity=&#8221;1&#8243; column_shadow=&#8221;none&#8221; column_border_radius=&#8221;none&#8221; top_margin=&#8221;-30&#8243; width=&#8221;1\/1&#8243; tablet_text_alignment=&#8221;default&#8221; phone_text_alignment=&#8221;default&#8221; column_border_width=&#8221;none&#8221; column_border_style=&#8221;solid&#8221;][vc_row_inner column_margin=&#8221;default&#8221; text_align=&#8221;left&#8221;][vc_column_inner column_padding=&#8221;no-extra-padding&#8221; column_padding_position=&#8221;all&#8221; background_color_opacity=&#8221;1&#8243; background_hover_color_opacity=&#8221;1&#8243; column_shadow=&#8221;none&#8221; column_border_radius=&#8221;none&#8221; width=&#8221;1\/2&#8243; column_border_width=&#8221;none&#8221; column_border_style=&#8221;solid&#8221;][nectar_video_lightbox link_style=&#8221;play_button_2&#8243; nectar_play_button_color=&#8221;Default-Accent-Color&#8221; image_url=&#8221;651&#8243; hover_effect=&#8221;defaut&#8221; box_shadow=&#8221;none&#8221; border_radius=&#8221;none&#8221; play_button_size=&#8221;default&#8221; video_url=&#8221;https:\/\/www.youtube.com\/watch?v=-6WtfxkaTDs&#8221;]<div class=\"divider-wrap\"><div style=\"height: 20px;\" class=\"divider\"><\/div><\/div>[vc_column_text]\n<p align=\"JUSTIFY\"><strong><span lang=\"EN-US\">Objektas patenka <\/span>\u012f<\/strong> <a href=\"http:\/\/cityofmercy.lt\/lt_LT\/marsrutai\/gailestingumo-kelias\/\" target=\"_blank\" rel=\"noopener\">Gailestingumo kelio<\/a>\u00a0ir <a href=\"http:\/\/cityofmercy.lt\/lt_LT\/marsrutai\/vilniaus-sventieji\/\" target=\"_blank\" rel=\"noopener\">Vilniaus \u0160vent\u0173j\u0173<\/a> mar\u0161rutus<\/p>\n[\/vc_column_text]<div class=\"divider-wrap\"><div style=\"height: 10px;\" class=\"divider\"><\/div><\/div>[vc_column_text]\n<p align=\"JUSTIFY\">Gailestingumo Motinos seserys, kuri\u0173 vienuolijai priklaus\u0117 ir \u0161v. Faustina, \u012f Vilni\u0173 atvyko 1908 m. ir Antakalnyje \u012fsteig\u0117 vienuolyn\u0105. Seserys globojo buvusias kalines, moralinio elgesio problem\u0173 turin\u010dias merginas, nuteistas nepilnametes, r\u016bpinosi karo ligonine, kep\u0117 duon\u0105, skalb\u0117. Vienuolynui taip pat priklaus\u0117 didelis sodas, kurio keletas obel\u0173 i\u0161likusios iki \u0161i\u0173 dien\u0173. \u0160v. Faustina daugel\u012f aprei\u0161kim\u0173 patyr\u0117 gyvendama vienuolyno namuose Vilniuje.<\/p>\n<p align=\"JUSTIFY\">\u0160v. Faustina Vilniaus Gailestingumo Motinos vienuolyne gyveno 1929 m. nuo vasario 21 iki baland\u017eio 11 d. ir nuo 1933 m. gegu\u017e\u0117s pabaigos iki 1936 m. kovo 21 d. Skai\u010diuojama, kad Vilniuje \u0160v. Faustina patyr\u0117 apie 80 J\u0117zaus apsirei\u0161kim\u0173.<\/p>\n<p align=\"JUSTIFY\">I\u0161lik\u0119s vienintelis vienuolyno namas, kuriame gyveno \u0161v. Faustina, buvo restauruotas. Atkurtoje \u0161v. Faustinos cel\u0117je gerbiamos jos ir pal. M. Sopo\u010dkos relikvijos. Kiekvien\u0105 dien\u0105 15 val. kalbamas Gailestingumo vainik\u0117lis, kuris buvo padiktuotas \u0161iame vienuolyno name 1935 m. rugs\u0117jo 13\u201314 d. Gailestingumo vainik\u0117lio tekstas lietuvi\u0173 kalba buvo aprobuotas 1942 m. tuomet Vilniaus arkivyskupo pad\u0117j\u0117ju dirbusio vyskupo Me\u010dislovo Reinio.<\/p>\n[\/vc_column_text][\/vc_column_inner][vc_column_inner column_padding=&#8221;no-extra-padding&#8221; column_padding_position=&#8221;all&#8221; background_color_opacity=&#8221;1&#8243; background_hover_color_opacity=&#8221;1&#8243; column_shadow=&#8221;none&#8221; column_border_radius=&#8221;none&#8221; width=&#8221;1\/2&#8243; column_border_width=&#8221;none&#8221; column_border_style=&#8221;solid&#8221;]<div class=\"iwithtext\"><div class=\"iwt-icon\"> <i class=\"icon-default-style icon-map-marker accent-color\"><\/i> <\/div><div class=\"iwt-text\"> <a href=\"https:\/\/goo.gl\/maps\/WWVGiSJLhTUDxo9N8\" target=\"_blank\" rel=\"noopener\">V. Grybo g. 29 a, Vilnius<\/a> <\/div><div class=\"clear\"><\/div><\/div><div class=\"iwithtext\"><div class=\"iwt-icon\"> <i class=\"icon-default-style icon-time accent-color\"><\/i> <\/div><div class=\"iwt-text\"> <strong>Atidaryta<\/strong><br \/>\nI\u2013VII: 10.00\u201317.00 <\/div><div class=\"clear\"><\/div><\/div><div class=\"iwithtext\"><div class=\"iwt-icon\">  <\/div><div class=\"iwt-text\"> Gailestingumo vainik\u0117lis kalbamas kiekvien\u0105 dien\u0105 15.00 <\/div><div class=\"clear\"><\/div><\/div><div class=\"iwithtext\"><div class=\"iwt-icon\"> <i class=\"icon-default-style icon-facebook accent-color\"><\/i> <\/div><div class=\"iwt-text\"> <a href=\"https:\/\/www.facebook.com\/Faustinosnamelis\" target=\"_blank\" rel=\"noopener\">\u0160v. Faustinos namelis<\/a> <\/div><div class=\"clear\"><\/div><\/div><div class=\"iwithtext\"><div class=\"iwt-icon\"> <i class=\"icon-default-style icon-phone accent-color\"><\/i> <\/div><div class=\"iwt-text\"> Ekskursijos derinamos telefonu: +370 674 57966 <\/div><div class=\"clear\"><\/div><\/div><div class=\"iwithtext\"><div class=\"iwt-icon\"> <i class=\"icon-default-style icon-phone accent-color\"><\/i> <\/div><div class=\"iwt-text\"> \u0160v. Faustinos namelis i\u0161silaiko i\u0161 piligrim\u0173 auk\u0173.<\/p>\n<p>Vilniaus piligrim\u0173 centras<br \/>\n\u012emon\u0117s kodas: 305627846<br \/>\nAB SEB bankas<br \/>\nSWIFT (BIC): CBVILT2X<br \/>\nLT777044090101076736 <\/div><div class=\"clear\"><\/div><\/div>[\/vc_column_inner][\/vc_row_inner][\/vc_column][\/vc_row][vc_row type=&#8221;in_container&#8221; full_screen_row_position=&#8221;middle&#8221; scene_position=&#8221;center&#8221; text_color=&#8221;dark&#8221; text_align=&#8221;left&#8221; overlay_strength=&#8221;0.3&#8243; shape_divider_position=&#8221;bottom&#8221;][vc_column column_padding=&#8221;no-extra-padding&#8221; column_padding_position=&#8221;all&#8221; background_color_opacity=&#8221;1&#8243; background_hover_color_opacity=&#8221;1&#8243; column_shadow=&#8221;none&#8221; column_border_radius=&#8221;none&#8221; width=&#8221;1\/1&#8243; tablet_text_alignment=&#8221;default&#8221; phone_text_alignment=&#8221;default&#8221; column_border_width=&#8221;none&#8221; column_border_style=&#8221;solid&#8221;]<div class=\"divider-wrap\"><div style=\"height: 200px;\" class=\"divider\"><\/div><\/div>[\/vc_column][\/vc_row]\n","protected":false},"excerpt":{"rendered":"<p>[vc_row type=&#8221;in_container&#8221; full_screen_row_position=&#8221;middle&#8221; scene_position=&#8221;center&#8221; text_color=&#8221;dark&#8221; text_align=&#8221;left&#8221; overlay_strength=&#8221;0.3&#8243; shape_divider_position=&#8221;bottom&#8221;][vc_column centered_text=&#8221;true&#8221; column_padding=&#8221;no-extra-padding&#8221; column_&#8230;<\/p>\n","protected":false},"author":2,"featured_media":651,"parent":38,"menu_order":0,"comment_status":"closed","ping_status":"closed","template":"","meta":{"footnotes":""},"class_list":["post-130","page","type-page","status-publish","has-post-thumbnail","hentry"],"_links":{"self":[{"href":"https:\/\/cityofmercy.lt\/lt_LT\/wp-json\/wp\/v2\/pages\/130","targetHints":{"allow":["GET"]}}],"collection":[{"href":"https:\/\/cityofmercy.lt\/lt_LT\/wp-json\/wp\/v2\/pages"}],"about":[{"href":"https:\/\/cityofmercy.lt\/lt_LT\/wp-json\/wp\/v2\/types\/page"}],"author":[{"embeddable":true,"href":"https:\/\/cityofmercy.lt\/lt_LT\/wp-json\/wp\/v2\/users\/2"}],"replies":[{"embeddable":true,"href":"https:\/\/cityofmercy.lt\/lt_LT\/wp-json\/wp\/v2\/comments?post=130"}],"version-history":[{"count":78,"href":"https:\/\/cityofmercy.lt\/lt_LT\/wp-json\/wp\/v2\/pages\/130\/revisions"}],"predecessor-version":[{"id":6966,"href":"https:\/\/cityofmercy.lt\/lt_LT\/wp-json\/wp\/v2\/pages\/130\/revisions\/6966"}],"up":[{"embeddable":true,"href":"https:\/\/cityofmercy.lt\/lt_LT\/wp-json\/wp\/v2\/pages\/38"}],"wp:featuredmedia":[{"embeddable":true,"href":"https:\/\/cityofmercy.lt\/lt_LT\/wp-json\/wp\/v2\/media\/651"}],"wp:attachment":[{"href":"https:\/\/cityofmercy.lt\/lt_LT\/wp-json\/wp\/v2\/media?parent=130"}],"curies":[{"name":"wp","href":"https:\/\/api.w.org\/{rel}","templated":true}]}}