{"id":128,"date":"2017-11-30T16:08:09","date_gmt":"2017-11-30T16:08:09","guid":{"rendered":"http:\/\/cityofmercy.lt\/?page_id=128"},"modified":"2021-05-27T17:30:38","modified_gmt":"2021-05-27T14:30:38","slug":"sv-arkangelo-rapolo-baznycia","status":"publish","type":"page","link":"https:\/\/cityofmercy.lt\/lt_LT\/objektai\/sv-arkangelo-rapolo-baznycia\/","title":{"rendered":"\u0160v. arkangelo Rapolo ba\u017eny\u010dia"},"content":{"rendered":"[vc_row type=&#8221;in_container&#8221; full_screen_row_position=&#8221;middle&#8221; scene_position=&#8221;center&#8221; text_color=&#8221;dark&#8221; text_align=&#8221;left&#8221; overlay_strength=&#8221;0.3&#8243; shape_divider_position=&#8221;bottom&#8221;][vc_column column_padding=&#8221;no-extra-padding&#8221; column_padding_position=&#8221;all&#8221; background_color_opacity=&#8221;1&#8243; background_hover_color_opacity=&#8221;1&#8243; column_shadow=&#8221;none&#8221; column_border_radius=&#8221;none&#8221; width=&#8221;1\/1&#8243; tablet_text_alignment=&#8221;default&#8221; phone_text_alignment=&#8221;default&#8221; column_border_width=&#8221;none&#8221; column_border_style=&#8221;solid&#8221;][vc_column_text]\n<h4 style=\"text-align: center;\"><strong>\u0160v. arkangelo Rapolo ba\u017eny\u010dia<\/strong><\/h4>\n[\/vc_column_text]<div class=\"divider-wrap\"><div style=\"margin-top: 25px; height: 1px; margin-bottom: 25px;\" data-width=\"100%\" data-animate=\"\" data-animation-delay=\"\" data-color=\"default\" class=\"divider-border\"><\/div><\/div>[\/vc_column][\/vc_row][vc_row type=&#8221;in_container&#8221; full_screen_row_position=&#8221;middle&#8221; scene_position=&#8221;center&#8221; text_color=&#8221;dark&#8221; text_align=&#8221;left&#8221; overlay_strength=&#8221;0.3&#8243; shape_divider_position=&#8221;bottom&#8221;][vc_column column_padding=&#8221;no-extra-padding&#8221; column_padding_position=&#8221;all&#8221; background_color_opacity=&#8221;1&#8243; background_hover_color_opacity=&#8221;1&#8243; column_shadow=&#8221;none&#8221; column_border_radius=&#8221;none&#8221; top_margin=&#8221;-30&#8243; width=&#8221;1\/1&#8243; tablet_text_alignment=&#8221;default&#8221; phone_text_alignment=&#8221;default&#8221; column_border_width=&#8221;none&#8221; column_border_style=&#8221;solid&#8221;][vc_row_inner column_margin=&#8221;default&#8221; text_align=&#8221;left&#8221;][vc_column_inner column_padding=&#8221;no-extra-padding&#8221; column_padding_position=&#8221;all&#8221; background_color_opacity=&#8221;1&#8243; background_hover_color_opacity=&#8221;1&#8243; column_shadow=&#8221;none&#8221; column_border_radius=&#8221;none&#8221; width=&#8221;1\/2&#8243; column_border_width=&#8221;none&#8221; column_border_style=&#8221;solid&#8221;][nectar_image_with_hotspots image=&#8221;278&#8243; preview=&#8221;https:\/\/cityofmercy.lt\/wp-content\/uploads\/2017\/12\/RAPOLO.jpg&#8221; color_1=&#8221;Accent-Color&#8221; hotspot_icon=&#8221;plus_sign&#8221; tooltip=&#8221;hover&#8221; tooltip_shadow=&#8221;medium_depth&#8221; animation=&#8221;true&#8221;][nectar_hotspot left=&#8221;9.566749585406303%&#8221; top=&#8221;77.34983955702374%&#8221; position=&#8221;right&#8221;]Prie \u0160v. arkangelo Rapolo ba\u017eny\u010dios veik\u0117 j\u0117zuit\u0173 namai, skirti ordino vienuoliams, besiruo\u0161iantiems duoti paskutinius i\u0161kilminguosius \u012f\u017eadus. \u0160iandien buvusiose vienuolyno patalpose \u012fsik\u016br\u0119s Kult\u016bros paveldo departamentas ir kitos \u012fstaigos. [\/nectar_hotspot][\/nectar_image_with_hotspots]<div class=\"divider-wrap\"><div style=\"height: 20px;\" class=\"divider\"><\/div><\/div>[vc_column_text]<strong>Ba\u017eny\u010dia patenka \u012f<\/strong> <a href=\"http:\/\/cityofmercy.lt\/lt_LT\/marsrutai\/jezuitai-vilniuje\/\" target=\"_blank\" rel=\"noopener\">J\u0117zuit\u0173 kelio Vilniuje<\/a> mar\u0161rut\u0105.[\/vc_column_text]<div class=\"divider-wrap\"><div style=\"height: 20px;\" class=\"divider\"><\/div><\/div>[vc_column_text]\n<div class=\"wpb_text_column wpb_content_element \" style=\"text-align: justify;\">\n<div class=\"wpb_wrapper\">\n<p>\u0160v. arkangelo Rapolo ba\u017eny\u010dia ir j\u0117zuit\u0173 namai buvo skirti ordino vienuoliams, besiruo\u0161iantiems duoti paskutinius i\u0161kilminguosius \u012f\u017eadus. Vienuolyno ir ba\u017eny\u010dios ansamblis pastatytas \u0160nipi\u0161k\u0117se, keli\u0173 sankry\u017eoje. \u0160alia buvo nedidel\u0117 kalva, ant kurios apie 1710 m. Vilniuje siautusio maro metu buvo pastatytas stebuklingu laikytas koplytstulpis su kry\u017ei\u0173 ne\u0161an\u010diu Kristumi.<\/p>\n<p>Ba\u017eny\u010dia pa\u0161ventinta 1730 m. 1773 m. panaikinus j\u0117zuit\u0173 ordin\u0105, ba\u017eny\u010dia ir vienuolynas atiduoti pijor\u0173 ordinui, kurio tikslas \u2013 krik\u0161\u010dioni\u0161kas jaunimo aukl\u0117jimas mokyklose. 1791 m. ba\u017eny\u010dia tapo parapine ir perduota Pilait\u0117s parapijai, vienuolyne \u012frengtos kareivin\u0117s, ba\u017eny\u010dioje \u2013 sand\u0117lis. 1860 m. ba\u017eny\u010dia gr\u0105\u017einta katalikams. Vienuolynas rekonstruotas 1974 m., i\u0161 dalies atkuriant jo pirmyk\u0161t\u0119 i\u0161vaizd\u0105. \u0160iuo metu vienuolyne \u012fsik\u016br\u0119s Kult\u016bros paveldo departamentas.<\/p>\n<p>Ba\u017eny\u010dia yra barokin\u0117, sta\u010diakampio formos, trinar\u0117 bazilika, joje i\u0161lik\u0119 devyni altoriai. Ba\u017eny\u010dioje saugomi keli \u017eymesni XVII a. j\u0117zuitus primenantys paveikslai: \u201e\u0160v. Ignacas Lojola\u201c, \u201e\u0160v. Pranci\u0161kus Ksaveras\u201c, pijor\u0173 \u012fk\u016br\u0117jo \u0161v. Juozapo Kalasanto atvaizdas. Centriniame altoriuje vaizduojamas \u0161v. arkangelas Rapolas, i\u0161 sunkios kelion\u0117s namo parlyd\u0117j\u0119s jaunuol\u012f Tobij\u0105.<\/p>\n<p>1904 m. rugpj\u016b\u010dio 14\u00a0d. \u0161ioje ba\u017eny\u010dioje susituok\u0117 Lietuvos Respublikos prezidentas Antanas Smetona ir Sofija Chodakauskait\u0117-Smetonien\u0117.<\/p>\n<\/div>\n<\/div>\n[\/vc_column_text][\/vc_column_inner][vc_column_inner column_padding=&#8221;no-extra-padding&#8221; column_padding_position=&#8221;all&#8221; background_color_opacity=&#8221;1&#8243; background_hover_color_opacity=&#8221;1&#8243; column_shadow=&#8221;none&#8221; column_border_radius=&#8221;none&#8221; width=&#8221;1\/2&#8243; column_border_width=&#8221;none&#8221; column_border_style=&#8221;solid&#8221;]<div class=\"iwithtext\"><div class=\"iwt-icon\"> <i class=\"icon-default-style icon-map-marker accent-color\"><\/i> <\/div><div class=\"iwt-text\"> <a href=\"https:\/\/goo.gl\/maps\/A9dM7oP51U33qbZy5\" target=\"_blank\" rel=\"noopener\">\u0160nipi\u0161ki\u0173 g. 1, Vilnius<\/a> <\/div><div class=\"clear\"><\/div><\/div><div class=\"iwithtext\"><div class=\"iwt-icon\"> <i class=\"icon-default-style icon-time accent-color\"><\/i> <\/div><div class=\"iwt-text\"> <strong>Ba\u017eny\u010dia atidaryta<\/strong><br \/>\nI\u2013V: 6.30\u201313.00, 15.00\u201318.30<br \/>\nVI: 8.30\u201313.00, 15.00\u201319.00<br \/>\nVII: 6.30\u201314.30, 16.00\u201319.30 <\/div><div class=\"clear\"><\/div><\/div><div class=\"iwithtext\"><div class=\"iwt-icon\"> <img decoding=\"async\" src=\"https:\/\/cityofmercy.lt\/wp-content\/uploads\/2017\/12\/taurinis.png\" alt=\"\" \/> <\/div><div class=\"iwt-text\"> <strong>\u0160v. Mi\u0161ios (lietuvi\u0173 k.)<\/strong><br \/>\n<strong>Spal\u012f\u2013gegu\u017e\u0119<\/strong><br \/>\nI\u2013V: 7.00, 17.00<br \/>\nVI: 9.00, 17.00<br \/>\nVII: 7.00, 10.30, 11.30, 17.00<br \/>\n<strong>Bir\u017eel\u012f\u2013rugs\u0117j\u012f<\/strong><br \/>\nI\u2013V: 7.00, 17.00<br \/>\nVI: 9.00, 17.00<br \/>\nVII: 7.00, 11.30, 17.00 <\/div><div class=\"clear\"><\/div><\/div><div class=\"iwithtext\"><div class=\"iwt-icon\">  <\/div><div class=\"iwt-text\"> <strong>\u0160v. Mi\u0161ios (lenk\u0173 k.)<\/strong><br \/>\n<strong>Spal\u012f\u2013gegu\u017e\u0119<\/strong><br \/>\nI\u2013IV: 7.30, 18.00<br \/>\nV: 7.30, 13.00<br \/>\nVI: 10.00, 18.00<br \/>\nVII: 8.00, 9.00, 13.00, 18.00<br \/>\n<strong>Bir\u017eel\u012f\u2013rugs\u0117j\u012f<\/strong><br \/>\nI\u2013IV: 7.30, 18.00<br \/>\nV: 7.30, 13.00<br \/>\nVI: 10.00, 18.00<br \/>\nVII: 9.00, 13.00, 18.00 <\/div><div class=\"clear\"><\/div><\/div><div class=\"iwithtext\"><div class=\"iwt-icon\"> <i class=\"icon-default-style icon-phone accent-color\"><\/i> <\/div><div class=\"iwt-text\"> +370 5 272 4164 <\/div><div class=\"clear\"><\/div><\/div><div class=\"iwithtext\"><div class=\"iwt-icon\"> <i class=\"icon-default-style icon-globe accent-color\"><\/i> <\/div><div class=\"iwt-text\"> <a href=\"http:\/\/rapoloparapija.lt\/\" target=\"_blank\" rel=\"noopener\">rapoloparapija.lt<\/a> <\/div><div class=\"clear\"><\/div><\/div>[\/vc_column_inner][\/vc_row_inner][\/vc_column][\/vc_row][vc_row type=&#8221;in_container&#8221; full_screen_row_position=&#8221;middle&#8221; scene_position=&#8221;center&#8221; text_color=&#8221;dark&#8221; text_align=&#8221;left&#8221; overlay_strength=&#8221;0.3&#8243; shape_divider_position=&#8221;bottom&#8221;][vc_column column_padding=&#8221;no-extra-padding&#8221; column_padding_position=&#8221;all&#8221; background_color_opacity=&#8221;1&#8243; background_hover_color_opacity=&#8221;1&#8243; column_shadow=&#8221;none&#8221; column_border_radius=&#8221;none&#8221; width=&#8221;1\/1&#8243; tablet_text_alignment=&#8221;default&#8221; phone_text_alignment=&#8221;default&#8221; column_border_width=&#8221;none&#8221; column_border_style=&#8221;solid&#8221;]<div class=\"divider-wrap\"><div style=\"height: 200px;\" class=\"divider\"><\/div><\/div>[\/vc_column][\/vc_row]\n","protected":false},"excerpt":{"rendered":"<p>[vc_row type=&#8221;in_container&#8221; full_screen_row_position=&#8221;middle&#8221; scene_position=&#8221;center&#8221; text_color=&#8221;dark&#8221; text_align=&#8221;left&#8221; overlay_strength=&#8221;0.3&#8243; shape_divider_position=&#8221;bottom&#8221;][vc_column column_padding=&#8221;no-extra-padding&#8221; column_padding_position=&#8221;all&#8230;<\/p>\n","protected":false},"author":2,"featured_media":278,"parent":38,"menu_order":0,"comment_status":"closed","ping_status":"closed","template":"","meta":{"footnotes":""},"class_list":["post-128","page","type-page","status-publish","has-post-thumbnail","hentry"],"_links":{"self":[{"href":"https:\/\/cityofmercy.lt\/lt_LT\/wp-json\/wp\/v2\/pages\/128","targetHints":{"allow":["GET"]}}],"collection":[{"href":"https:\/\/cityofmercy.lt\/lt_LT\/wp-json\/wp\/v2\/pages"}],"about":[{"href":"https:\/\/cityofmercy.lt\/lt_LT\/wp-json\/wp\/v2\/types\/page"}],"author":[{"embeddable":true,"href":"https:\/\/cityofmercy.lt\/lt_LT\/wp-json\/wp\/v2\/users\/2"}],"replies":[{"embeddable":true,"href":"https:\/\/cityofmercy.lt\/lt_LT\/wp-json\/wp\/v2\/comments?post=128"}],"version-history":[{"count":56,"href":"https:\/\/cityofmercy.lt\/lt_LT\/wp-json\/wp\/v2\/pages\/128\/revisions"}],"predecessor-version":[{"id":6762,"href":"https:\/\/cityofmercy.lt\/lt_LT\/wp-json\/wp\/v2\/pages\/128\/revisions\/6762"}],"up":[{"embeddable":true,"href":"https:\/\/cityofmercy.lt\/lt_LT\/wp-json\/wp\/v2\/pages\/38"}],"wp:featuredmedia":[{"embeddable":true,"href":"https:\/\/cityofmercy.lt\/lt_LT\/wp-json\/wp\/v2\/media\/278"}],"wp:attachment":[{"href":"https:\/\/cityofmercy.lt\/lt_LT\/wp-json\/wp\/v2\/media?parent=128"}],"curies":[{"name":"wp","href":"https:\/\/api.w.org\/{rel}","templated":true}]}}