{"id":125,"date":"2017-11-30T16:07:12","date_gmt":"2017-11-30T16:07:12","guid":{"rendered":"http:\/\/cityofmercy.lt\/?page_id=125"},"modified":"2024-05-09T14:27:36","modified_gmt":"2024-05-09T11:27:36","slug":"sv-arkangelo-mykolo-baznycia-baznytinio-paveldo-muziejus","status":"publish","type":"page","link":"https:\/\/cityofmercy.lt\/lt_LT\/objektai\/sv-arkangelo-mykolo-baznycia-baznytinio-paveldo-muziejus\/","title":{"rendered":"\u0160v. arkangelo Mykolo ba\u017eny\u010dia (Ba\u017enytinio paveldo muziejus)"},"content":{"rendered":"[vc_row type=&#8221;in_container&#8221; full_screen_row_position=&#8221;middle&#8221; scene_position=&#8221;center&#8221; text_color=&#8221;dark&#8221; text_align=&#8221;left&#8221; overlay_strength=&#8221;0.3&#8243; shape_divider_position=&#8221;bottom&#8221;][vc_column centered_text=&#8221;true&#8221; column_padding=&#8221;no-extra-padding&#8221; column_padding_position=&#8221;all&#8221; background_color_opacity=&#8221;1&#8243; background_hover_color_opacity=&#8221;1&#8243; column_shadow=&#8221;none&#8221; column_border_radius=&#8221;none&#8221; width=&#8221;1\/1&#8243; tablet_text_alignment=&#8221;default&#8221; phone_text_alignment=&#8221;default&#8221; column_border_width=&#8221;none&#8221; column_border_style=&#8221;solid&#8221;][vc_column_text]\n<h4><strong>\u0160v. arkangelo Mykolo ba\u017eny\u010dia (Ba\u017enytinio paveldo muziejus)<\/strong><\/h4>\n[\/vc_column_text]<div class=\"divider-wrap\"><div style=\"margin-top: 25px; height: 1px; margin-bottom: 25px;\" data-width=\"100%\" data-animate=\"\" data-animation-delay=\"\" data-color=\"default\" class=\"divider-border\"><\/div><\/div>[\/vc_column][\/vc_row][vc_row type=&#8221;in_container&#8221; full_screen_row_position=&#8221;middle&#8221; scene_position=&#8221;center&#8221; text_color=&#8221;dark&#8221; text_align=&#8221;left&#8221; overlay_strength=&#8221;0.3&#8243; shape_divider_position=&#8221;bottom&#8221;][vc_column column_padding=&#8221;no-extra-padding&#8221; column_padding_position=&#8221;all&#8221; background_color_opacity=&#8221;1&#8243; background_hover_color_opacity=&#8221;1&#8243; column_shadow=&#8221;none&#8221; column_border_radius=&#8221;none&#8221; width=&#8221;1\/1&#8243; tablet_text_alignment=&#8221;default&#8221; phone_text_alignment=&#8221;default&#8221; column_border_width=&#8221;none&#8221; column_border_style=&#8221;solid&#8221;][vc_row_inner column_margin=&#8221;default&#8221; text_align=&#8221;left&#8221;][vc_column_inner column_padding=&#8221;no-extra-padding&#8221; column_padding_position=&#8221;all&#8221; background_color_opacity=&#8221;1&#8243; background_hover_color_opacity=&#8221;1&#8243; column_shadow=&#8221;none&#8221; column_border_radius=&#8221;none&#8221; width=&#8221;1\/2&#8243; column_border_width=&#8221;none&#8221; column_border_style=&#8221;solid&#8221;][nectar_image_with_hotspots image=&#8221;493&#8243; preview=&#8221;http:\/\/cityofmercy.lt\/wp-content\/uploads\/2017\/12\/LOBYNAS4.jpg&#8221; color_1=&#8221;Accent-Color&#8221; hotspot_icon=&#8221;plus_sign&#8221; tooltip=&#8221;hover&#8221; tooltip_shadow=&#8221;medium_depth&#8221; animation=&#8221;true&#8221;][nectar_hotspot left=&#8221;53.84%&#8221; top=&#8221;56.9134%&#8221; position=&#8221;bottom&#8221;]Did\u017eioji monstrancija (Vilnius, 1535 m.)[\/nectar_hotspot][\/nectar_image_with_hotspots]<div class=\"divider-wrap\"><div style=\"height: 20px;\" class=\"divider\"><\/div><\/div>[vc_column_text]<strong>Ba\u017eny\u010dia patenka \u012f <\/strong><a href=\"http:\/\/cityofmercy.lt\/lt_LT\/marsrutai\/gailestingumo-kelias\/\" target=\"_blank\" rel=\"noopener\">Gailestingumo<\/a> ir <a href=\"http:\/\/cityofmercy.lt\/lt_LT\/marsrutai\/katedra-varpine-lobynas\/\" target=\"_blank\" rel=\"noopener\">Katedra. Varpin\u0117. Lobynas<\/a> mar\u0161rutus[\/vc_column_text]<div class=\"divider-wrap\"><div style=\"height: 20px;\" class=\"divider\"><\/div><\/div>[vc_column_text]\n<div class=\"wpb_text_column wpb_content_element \">\n<div class=\"wpb_wrapper\">\n<p align=\"JUSTIFY\">1934\u20131938 metais pal. M. Sopo\u010dka buvo \u0160v. Mykolo ba\u017eny\u010dios rektorius ir seser\u0173 bernardini\u0173 kapelionas. Jis gyveno greta esan\u010diame pastate prie\u0161ais Bernardin\u0173 ba\u017eny\u010di\u0105. Nutapyt\u0105 Dievo Gailestingumo paveiksl\u0105, nors ir nepripa\u017eint\u0105 Ba\u017eny\u010dios vadovyb\u0117s, kun. M. Sopo\u010dka pirmiausia pakabino seser\u0173 bernardini\u0173 vienuolyno prie \u0160v. Mykolo ba\u017eny\u010dios koridoriuje, ta\u010diau reg\u0117jimuose J\u0117zus \u0161v. Faustinos pra\u0161\u0117, kad paveikslas b\u016bt\u0173 gerbiamas vie\u0161ai. 1937 m. leidus Vilniaus arkivyskupui Romualdui Jalb\u017eychovskiui paveikslas buvo pakabintas pagrindinio altoriaus de\u0161in\u0117je pus\u0117je. Taip prad\u0117jo stipr\u0117ti pamaldumas Dievo Gailestingumui. Antrojo pasaulinio karo metu Vilni\u0173 okupavus sovietams savo bute pal. M. Sopo\u010dka reng\u0117 slaptus katalik\u0173 inteligentijos grupi\u0173 ir marijon\u0173 religin\u0117s brolijos susitikimus. \u0160i veikla v\u0117liau leido atsirasti kandida\u010di\u0173 \u012f kuriam\u0105 Gailestingojo J\u0117zaus vienuoli\u0173 kongregacijai.<\/p>\n<p align=\"JUSTIFY\">\u0160v. arkangelo Mykolo ba\u017eny\u010dia ir buv\u0119s bernardini\u0173 vienuolynas \u2013 \u012fsp\u016bdingas Renesanso laik\u0173 ansamblis. Jo statyb\u0105 ir puo\u0161im\u0105 r\u0117m\u0117 Leonas Sapiega, vienas garsiausi\u0173 XVI\u2013XVII a. Lietuvos Did\u017eiosios Kunigaik\u0161tyst\u0117s didik\u0173. Tai pirmoji \u0161ventov\u0117 Lietuvoje, statyta kaip didik\u0173 \u0161eimos mauzoliejus. Vienuolyne \u012fsik\u016br\u0117 grie\u017et\u0105 klauz\u016br\u0105 pri\u0117musios seserys bernardin\u0117s. Ba\u017eny\u010dia tapo ne tik maldos namais, bet ir Sapieg\u0173 gimin\u0117s mauzoliejumi.<\/p>\n<p align=\"JUSTIFY\">Po ba\u017eny\u010dios grindimis yra i\u0161likusios penkios laidojimo kriptos. Vienose laidotos vienuol\u0117s, kitose \u2013 pasaulie\u010diai. Sapieg\u0173 \u0161eimos kriptoje palaidotas Leonas Sapiega, jo s\u016bn\u016bs Jonas Stanislovas, Kristupas ir kiti \u0161eimos nariai. Ba\u017eny\u010dioje i\u0161liko keturi ypa\u010d vertingi XVII a. pr. Sapieg\u0173 gimin\u0117s antkapiai, liudijantys u\u017esakov\u0173 gali\u0105, turt\u0105 ir subtil\u0173 menin\u012f skon\u012f.<\/p>\n<p align=\"JUSTIFY\">Sovietme\u010diu, u\u017edarius vienuolyn\u0105 ir ba\u017eny\u010di\u0105, pastatai kur\u012f laik\u0105 buvo nenaudojami, apleisti, XVIII a. ba\u017eny\u010dios altoriai ir sakykla i\u0161griauti. Po 1964 m. gaisro remontuotoje ba\u017eny\u010dioje atidarytas Architekt\u016bros muziejus, o vienuolyno patalpos pritaikytos student\u0173 bendrabu\u010dio, but\u0173, gamybini\u0173 dirbtuvi\u0173 reikm\u0117ms. 1993 m. ba\u017eny\u010dia ir apleistos vienuolyno patalpos gr\u0105\u017eintos Vilniaus arkivyskupijai. 2009 m. baigti ansamblio restauravimo darbai, lankytojams duris atv\u0117r\u0117 Ba\u017enytinio paveldo muziejus.<\/p>\n<\/div>\n<\/div>\n[\/vc_column_text][\/vc_column_inner][vc_column_inner column_padding=&#8221;no-extra-padding&#8221; column_padding_position=&#8221;all&#8221; background_color_opacity=&#8221;1&#8243; background_hover_color_opacity=&#8221;1&#8243; column_shadow=&#8221;none&#8221; column_border_radius=&#8221;none&#8221; width=&#8221;1\/2&#8243; column_border_width=&#8221;none&#8221; column_border_style=&#8221;solid&#8221;]<div class=\"iwithtext\"><div class=\"iwt-icon\"> <i class=\"icon-default-style icon-map-marker accent-color\"><\/i> <\/div><div class=\"iwt-text\"> <a href=\"https:\/\/www.google.com\/maps\/place\/\u0160v.+Mykolo+g.+9,+Vilnius+01124\/@54.6828121,25.2898742,17z\/data=!3m1!4b1!4m5!3m4!1s0x46dd94163a8f5801:0xf217d19efafea15!8m2!3d54.682809!4d25.2920629\" target=\"_blank\" rel=\"noopener\">\u0160v. Mykolo g. 9, Vilnius<\/a> <\/div><div class=\"clear\"><\/div><\/div><div class=\"iwithtext\"><div class=\"iwt-icon\"> <i class=\"icon-default-style icon-time accent-color\"><\/i> <\/div><div class=\"iwt-text\"> <strong>Darbo laikas<\/strong><br \/>\nII: 11.00\u201318.00<br \/>\nIII: 11.00\u201320.00<br \/>\nIV\u2013VI: 11.00\u201318.00 <\/div><div class=\"clear\"><\/div><\/div><div class=\"iwithtext\"><div class=\"iwt-icon\"> <i class=\"icon-default-style icon-info accent-color\"><\/i> <\/div><div class=\"iwt-text\"> Nedirba sekmadieniais, pirmadieniais ir valstybini\u0173 \u0161ven\u010di\u0173 dienomis.<br \/>\nValstybini\u0173 \u0161ven\u010di\u0173 i\u0161vakar\u0117se\u00a0\u2013 viena valanda trumpiau.<br \/>\nPavieniams lankytojams ekskursijos kiekvien\u0105 \u0161e\u0161tadien\u012f 14 val. <\/div><div class=\"clear\"><\/div><\/div><div class=\"iwithtext\"><div class=\"iwt-icon\"> <i class=\"icon-default-style icon-phone accent-color\"><\/i> <\/div><div class=\"iwt-text\"> +370 5 269 7803 <\/div><div class=\"clear\"><\/div><\/div><div class=\"iwithtext\"><div class=\"iwt-icon\"> <i class=\"icon-default-style icon-envelope accent-color\"><\/i> <\/div><div class=\"iwt-text\"> muziejus@bpmuziejus.lt <\/div><div class=\"clear\"><\/div><\/div><div class=\"iwithtext\"><div class=\"iwt-icon\"> <i class=\"icon-default-style icon-globe accent-color\"><\/i> <\/div><div class=\"iwt-text\"> <a href=\"http:\/\/www.bpmuziejus.lt\" target=\"_blank\" rel=\"noopener\">www.bpmuziejus.lt<\/a> <\/div><div class=\"clear\"><\/div><\/div>[\/vc_column_inner][\/vc_row_inner][\/vc_column][\/vc_row][vc_row type=&#8221;in_container&#8221; full_screen_row_position=&#8221;middle&#8221; scene_position=&#8221;center&#8221; text_color=&#8221;dark&#8221; text_align=&#8221;left&#8221; overlay_strength=&#8221;0.3&#8243; shape_divider_position=&#8221;bottom&#8221;][vc_column column_padding=&#8221;no-extra-padding&#8221; column_padding_position=&#8221;all&#8221; background_color_opacity=&#8221;1&#8243; background_hover_color_opacity=&#8221;1&#8243; column_shadow=&#8221;none&#8221; column_border_radius=&#8221;none&#8221; width=&#8221;1\/1&#8243; tablet_text_alignment=&#8221;default&#8221; phone_text_alignment=&#8221;default&#8221; column_border_width=&#8221;none&#8221; column_border_style=&#8221;solid&#8221;]<div class=\"divider-wrap\"><div style=\"height: 200px;\" class=\"divider\"><\/div><\/div>[\/vc_column][\/vc_row]\n","protected":false},"excerpt":{"rendered":"<p>[vc_row type=&#8221;in_container&#8221; full_screen_row_position=&#8221;middle&#8221; scene_position=&#8221;center&#8221; text_color=&#8221;dark&#8221; text_align=&#8221;left&#8221; overlay_strength=&#8221;0.3&#8243; shape_divider_position=&#8221;bottom&#8221;][vc_column centered_text=&#8221;true&#8221; column_padding=&#8221;no-extra-padding&#8221; column_&#8230;<\/p>\n","protected":false},"author":2,"featured_media":281,"parent":38,"menu_order":0,"comment_status":"closed","ping_status":"closed","template":"","meta":{"footnotes":""},"class_list":["post-125","page","type-page","status-publish","has-post-thumbnail","hentry"],"_links":{"self":[{"href":"https:\/\/cityofmercy.lt\/lt_LT\/wp-json\/wp\/v2\/pages\/125","targetHints":{"allow":["GET"]}}],"collection":[{"href":"https:\/\/cityofmercy.lt\/lt_LT\/wp-json\/wp\/v2\/pages"}],"about":[{"href":"https:\/\/cityofmercy.lt\/lt_LT\/wp-json\/wp\/v2\/types\/page"}],"author":[{"embeddable":true,"href":"https:\/\/cityofmercy.lt\/lt_LT\/wp-json\/wp\/v2\/users\/2"}],"replies":[{"embeddable":true,"href":"https:\/\/cityofmercy.lt\/lt_LT\/wp-json\/wp\/v2\/comments?post=125"}],"version-history":[{"count":51,"href":"https:\/\/cityofmercy.lt\/lt_LT\/wp-json\/wp\/v2\/pages\/125\/revisions"}],"predecessor-version":[{"id":7930,"href":"https:\/\/cityofmercy.lt\/lt_LT\/wp-json\/wp\/v2\/pages\/125\/revisions\/7930"}],"up":[{"embeddable":true,"href":"https:\/\/cityofmercy.lt\/lt_LT\/wp-json\/wp\/v2\/pages\/38"}],"wp:featuredmedia":[{"embeddable":true,"href":"https:\/\/cityofmercy.lt\/lt_LT\/wp-json\/wp\/v2\/media\/281"}],"wp:attachment":[{"href":"https:\/\/cityofmercy.lt\/lt_LT\/wp-json\/wp\/v2\/media?parent=125"}],"curies":[{"name":"wp","href":"https:\/\/api.w.org\/{rel}","templated":true}]}}