{"id":122,"date":"2017-11-30T16:06:01","date_gmt":"2017-11-30T16:06:01","guid":{"rendered":"http:\/\/cityofmercy.lt\/?page_id=122"},"modified":"2021-05-27T17:37:58","modified_gmt":"2021-05-27T14:37:58","slug":"sv-apastalu-petro-ir-povilo-baznycia","status":"publish","type":"page","link":"https:\/\/cityofmercy.lt\/lt_LT\/objektai\/sv-apastalu-petro-ir-povilo-baznycia\/","title":{"rendered":"\u0160v. apa\u0161tal\u0173 Petro ir Povilo ba\u017eny\u010dia"},"content":{"rendered":"[vc_row type=&#8221;in_container&#8221; full_screen_row_position=&#8221;middle&#8221; scene_position=&#8221;center&#8221; text_color=&#8221;dark&#8221; text_align=&#8221;left&#8221; overlay_strength=&#8221;0.3&#8243; shape_divider_position=&#8221;bottom&#8221;][vc_column centered_text=&#8221;true&#8221; column_padding=&#8221;no-extra-padding&#8221; column_padding_position=&#8221;all&#8221; background_color_opacity=&#8221;1&#8243; background_hover_color_opacity=&#8221;1&#8243; column_shadow=&#8221;none&#8221; column_border_radius=&#8221;none&#8221; width=&#8221;1\/1&#8243; tablet_text_alignment=&#8221;default&#8221; phone_text_alignment=&#8221;default&#8221; column_border_width=&#8221;none&#8221; column_border_style=&#8221;solid&#8221;][vc_column_text]\n<h4><strong>\u0160v. apa\u0161tal\u0173 Petro ir Povilo ba\u017eny\u010dia<\/strong><\/h4>\n[\/vc_column_text]<div class=\"divider-wrap\"><div style=\"margin-top: 25px; height: 1px; margin-bottom: 25px;\" data-width=\"100%\" data-animate=\"\" data-animation-delay=\"\" data-color=\"default\" class=\"divider-border\"><\/div><\/div>[\/vc_column][\/vc_row][vc_row type=&#8221;in_container&#8221; full_screen_row_position=&#8221;middle&#8221; scene_position=&#8221;center&#8221; text_color=&#8221;dark&#8221; text_align=&#8221;left&#8221; overlay_strength=&#8221;0.3&#8243; shape_divider_position=&#8221;bottom&#8221;][vc_column column_padding=&#8221;no-extra-padding&#8221; column_padding_position=&#8221;all&#8221; background_color_opacity=&#8221;1&#8243; background_hover_color_opacity=&#8221;1&#8243; column_shadow=&#8221;none&#8221; column_border_radius=&#8221;none&#8221; top_margin=&#8221;-30&#8243; width=&#8221;1\/1&#8243; tablet_text_alignment=&#8221;default&#8221; phone_text_alignment=&#8221;default&#8221; column_border_width=&#8221;none&#8221; column_border_style=&#8221;solid&#8221;][vc_row_inner column_margin=&#8221;default&#8221; text_align=&#8221;left&#8221;][vc_column_inner column_padding=&#8221;no-extra-padding&#8221; column_padding_position=&#8221;all&#8221; background_color_opacity=&#8221;1&#8243; background_hover_color_opacity=&#8221;1&#8243; column_shadow=&#8221;none&#8221; column_border_radius=&#8221;none&#8221; width=&#8221;1\/2&#8243; column_border_width=&#8221;none&#8221; column_border_style=&#8221;solid&#8221;][nectar_image_with_hotspots image=&#8221;497&#8243; preview=&#8221;http:\/\/cityofmercy.lt\/wp-content\/uploads\/2017\/12\/PETRO.jpg&#8221; color_1=&#8221;Accent-Color&#8221; hotspot_icon=&#8221;plus_sign&#8221; tooltip=&#8221;hover&#8221; tooltip_shadow=&#8221;medium_depth&#8221; animation=&#8221;true&#8221;][nectar_hotspot left=&#8221;67.3119%&#8221; top=&#8221;60.4119%&#8221; position=&#8221;left&#8221;]Ba\u017eny\u010dios interjeras puo\u0161tas balto stiuko lipdiniais. Priskai\u010diuojama apie 2040 vien \u017emogaus pavidalo skulpt\u016br\u0173. Puo\u0161ybos ikonografija i\u0161rei\u0161kia pagrindines vertybines Laterano kanaunink\u0173 vienuolijos ir mecenato M. K. Paco nuostatas. Vienuolijos glob\u0117jo \u0160v. Augustino, \u0160v. Karalieni\u0173, \u0160v. Riteri\u0173 Kankin\u0173 ir \u0160v. Mergeli\u0173 Kankini\u0173 koply\u010dios i\u0161ry\u0161kina Ba\u017eny\u010dios mokymo, barokinio galing\u0173j\u0173 nusi\u017eeminimo, kovos bei kan\u010dios u\u017e tik\u0117jim\u0105 ir skaistyb\u0117s vertybes.[\/nectar_hotspot][\/nectar_image_with_hotspots]<div class=\"divider-wrap\"><div style=\"height: 20px;\" class=\"divider\"><\/div><\/div>[vc_column_text]<strong>Ba\u017eny\u010dia patenka \u012f<\/strong> <a href=\"http:\/\/cityofmercy.lt\/lt_LT\/marsrutai\/marijos-gerbimo-vietos\/\" target=\"_blank\" rel=\"noopener\">Marijos gerbimo viet\u0173<\/a> mar\u0161rut\u0105[\/vc_column_text]<div class=\"divider-wrap\"><div style=\"height: 20px;\" class=\"divider\"><\/div><\/div>[vc_column_text]\n<div class=\"wpb_text_column wpb_content_element \">\n<div class=\"wpb_wrapper\">\n<p align=\"JUSTIFY\"><span lang=\"lt-LT\">\u0160v. apa\u0161tal\u0173 Petro ir Povilo ba\u017eny\u010dia yra Lietuvoje vienas \u017eymiausi\u0173 baroko statini\u0173, kurio i\u0161or\u0117s bei vidaus architekt\u016bra ma\u017eai keit\u0117si. Tai viena i\u0161 nedaugelio Vilniaus ba\u017eny\u010di\u0173, kuri be pertraukos veik\u0117 kaip katalik\u0173 maldos namai. Nuo 1625 m. \u0161ioje vietoje buvo \u012fsik\u016br\u0119 Laterano kanaunink\u0173 vienuoliai. Manoma, kad \u0161ios ba\u017eny\u010dios vietoje nuo XVI a. pabaigos stov\u0117jo medin\u0117s ba\u017eny\u010dios. Joms sudegus, dabartin\u0117 m\u016brin\u0117 ba\u017eny\u010dia prad\u0117ta statyti 1668 m. bir\u017eelio 29-\u0105j\u0105, \u0161ven\u010diant \u0161v. Petro ir Povilo dien\u0105 ir pra\u0161ant Marij\u0105 \u012ftvirtinti taik\u0105 kar\u0173 i\u0161vargintoje Lietuvoje. \u0160i\u0105 intencij\u0105 liudija u\u017era\u0161as ba\u017eny\u010dios fasade \u201eRegina Pacis funda nos in pace\u201c (\u201eTaikos Karaliene, stiprink mus taikoje\u201c). Retorinis barokui b\u016bdingas \u017eod\u017ei\u0173 \u017eaismas primena ir ba\u017eny\u010dios statybos fundatori\u0173 \u2013 Vilniaus vaivad\u0105 ir Lietuvos Did\u017eiosios Kunigaik\u0161tyst\u0117s kariuomen\u0117s vyriausi\u0105j\u012f vad\u0105 Mykol\u0105 Kazimier\u0105 Pac\u0105. Jo palaikai palaidoti ba\u017eny\u010dios r\u016bsyje po slenks\u010diu. <\/span><\/p>\n<p lang=\"lt-LT\" align=\"JUSTIFY\">Dekoruoti ba\u017eny\u010di\u0105 1678 m. atvyko puik\u016bs ital\u0173 skulptoriai Giovanni Pietro Perti ir Giovanni Maria Galli. B\u016btent stiuko skulpt\u016brinis dekoras \u0161i\u0105 ba\u017eny\u010di\u0105 pavert\u0117 Vilniaus v\u0117lyvojo baroko perlu. Puo\u0161ybos ikonografija i\u0161rei\u0161kia pagrindines vertybines vienuolijos ir mecenato M.\u00a0K. Paco nuostatas: Laterano kanaunink\u0173 glob\u0117jo \u0160v. Augustino, \u0160v. Karalieni\u0173, \u0160v. Riteri\u0173 Kankin\u0173 ir \u0160v. Mergeli\u0173 Kankini\u0173 koply\u010dios i\u0161ry\u0161kina Ba\u017eny\u010dios mokymo, barokinio galing\u0173j\u0173 nusi\u017eeminimo, kovos bei kan\u010dios u\u017e tik\u0117jim\u0105 ir skaistyb\u0117s (iki mirties galingasis M.\u00a0K. Pacas liko neved\u0119s) vertybes.<\/p>\n<p align=\"JUSTIFY\"><span lang=\"lt-LT\">Did\u017eiajame altoriuje \u2013 Pranci\u0161kaus Smuglevi\u010diaus paveikslas \u201e\u0160v. Petro ir Povilo atsisveikinimas\u201c. <\/span><\/p>\n<p align=\"JUSTIFY\"><span lang=\"lt-LT\">De\u0161iniajame \u0161oniniame altoriuje gerbiamas Penki\u0173 J\u0117zaus \u017eaizd\u0173 paveikslas, par\u016bpintas Vilniaus \u017evej\u0173 brolijos. Ba\u017eny\u010dioje taip pat gerbiama medin\u0117 J\u0117zaus Nazarie\u010dio skulpt\u016bra, pagaminta Romoje pagal Madride saugot\u0105 stebukling\u0105 <\/span><span lang=\"lt-LT\"><i>Ecce Homo<\/i><\/span><span lang=\"lt-LT\"> atvaizd\u0105. Pasak 1804 m. vizitacijos akto, i\u0161 dviej\u0173 dali\u0173 sumontuotos J\u0117zaus galvos ertm\u0117je \u012fd\u0117tos antspauduotos relikvijos. <\/span><\/p>\n<p align=\"JUSTIFY\"><span lang=\"lt-LT\">\u0160v\u010d. Mergel\u0117s Marijos Maloningosios paveikslas (kairiajame \u0161oniniame altoriuje) yra Italijos Faenzos mieste itin gerbto paveikslo kopija. J\u0105 atgabeno \u017eemai\u010di\u0173 vyskupas Jurgis Ti\u0161kevi\u010dius. Paveiksle vaizduojama Marija, lau\u017eanti Dievo r\u016bstyb\u0117s str\u0117les. Vilnie\u010diai prie \u0161io paveikslo u\u017etarimo melsdavosi siau\u010diant epidemijoms. \u0160alia pastatytas jau v\u0117liau nutapytas paveikslas su Vilniuje siautusio maro scena ir \u0160v\u010d. Mergele Marija Maloning\u0105ja. <\/span><\/p>\n<\/div>\n<\/div>\n[\/vc_column_text][\/vc_column_inner][vc_column_inner column_padding=&#8221;no-extra-padding&#8221; column_padding_position=&#8221;all&#8221; background_color_opacity=&#8221;1&#8243; background_hover_color_opacity=&#8221;1&#8243; column_shadow=&#8221;none&#8221; column_border_radius=&#8221;none&#8221; width=&#8221;1\/2&#8243; column_border_width=&#8221;none&#8221; column_border_style=&#8221;solid&#8221;]<div class=\"iwithtext\"><div class=\"iwt-icon\"> <i class=\"icon-default-style icon-map-marker accent-color\"><\/i> <\/div><div class=\"iwt-text\"> <a href=\"https:\/\/www.google.com\/maps\/search\/Antakalnio+g.+1%2F1,+Vilnius\/@54.6828121,25.2898742,17z\" target=\"_blank\" rel=\"noopener\">Antakalnio g. 1\/1, Vilnius<\/a> <\/div><div class=\"clear\"><\/div><\/div><div class=\"iwithtext\"><div class=\"iwt-icon\"> <i class=\"icon-default-style icon-time accent-color\"><\/i> <\/div><div class=\"iwt-text\"> <strong>Ba\u017eny\u010dia atidaryta<\/strong><br \/>\nI\u2013VII: 6.30\u201318.45 <\/div><div class=\"clear\"><\/div><\/div><div class=\"iwithtext\"><div class=\"iwt-icon\"> <img decoding=\"async\" src=\"https:\/\/cityofmercy.lt\/wp-content\/uploads\/2017\/12\/taurinis.png\" alt=\"\" \/> <\/div><div class=\"iwt-text\"> <strong>\u0160v. Mi\u0161ios (lietuvi\u0173 k.)<\/strong><br \/>\nI\u2013VI: 7.00, 7.30, 18.00<br \/>\nVII: 7.30, 10.00, 11.30, 18.00 <\/div><div class=\"clear\"><\/div><\/div><div class=\"iwithtext\"><div class=\"iwt-icon\">  <\/div><div class=\"iwt-text\"> <strong>\u0160v. Mi\u0161ios (lenk\u0173 k.)<\/strong><br \/>\nI\u2013VI: 17.00<br \/>\nVII: 8.30, 13.00, 17.00 <\/div><div class=\"clear\"><\/div><\/div><div class=\"iwithtext\"><div class=\"iwt-icon\"> <i class=\"icon-default-style icon-phone accent-color\"><\/i> <\/div><div class=\"iwt-text\"> +370 5 234 0229 <\/div><div class=\"clear\"><\/div><\/div><div class=\"iwithtext\"><div class=\"iwt-icon\"> <i class=\"icon-default-style icon-globe accent-color\"><\/i> <\/div><div class=\"iwt-text\"> <a href=\"http:\/\/vilniauspetropovilo.lt\">vilniauspetropovilo.lt<\/a> <\/div><div class=\"clear\"><\/div><\/div>[\/vc_column_inner][\/vc_row_inner][\/vc_column][\/vc_row][vc_row type=&#8221;in_container&#8221; full_screen_row_position=&#8221;middle&#8221; scene_position=&#8221;center&#8221; text_color=&#8221;dark&#8221; text_align=&#8221;left&#8221; overlay_strength=&#8221;0.3&#8243; shape_divider_position=&#8221;bottom&#8221;][vc_column column_padding=&#8221;no-extra-padding&#8221; column_padding_position=&#8221;all&#8221; background_color_opacity=&#8221;1&#8243; background_hover_color_opacity=&#8221;1&#8243; column_shadow=&#8221;none&#8221; column_border_radius=&#8221;none&#8221; width=&#8221;1\/1&#8243; tablet_text_alignment=&#8221;default&#8221; phone_text_alignment=&#8221;default&#8221; column_border_width=&#8221;none&#8221; column_border_style=&#8221;solid&#8221;]<div class=\"divider-wrap\"><div style=\"height: 200px;\" class=\"divider\"><\/div><\/div>[\/vc_column][\/vc_row]\n","protected":false},"excerpt":{"rendered":"<p>[vc_row type=&#8221;in_container&#8221; full_screen_row_position=&#8221;middle&#8221; scene_position=&#8221;center&#8221; text_color=&#8221;dark&#8221; text_align=&#8221;left&#8221; overlay_strength=&#8221;0.3&#8243; shape_divider_position=&#8221;bottom&#8221;][vc_column centered_text=&#8221;true&#8221; column_padding=&#8221;no-extra-padding&#8221; column_&#8230;<\/p>\n","protected":false},"author":2,"featured_media":497,"parent":38,"menu_order":0,"comment_status":"closed","ping_status":"closed","template":"","meta":{"footnotes":""},"class_list":["post-122","page","type-page","status-publish","has-post-thumbnail","hentry"],"_links":{"self":[{"href":"https:\/\/cityofmercy.lt\/lt_LT\/wp-json\/wp\/v2\/pages\/122","targetHints":{"allow":["GET"]}}],"collection":[{"href":"https:\/\/cityofmercy.lt\/lt_LT\/wp-json\/wp\/v2\/pages"}],"about":[{"href":"https:\/\/cityofmercy.lt\/lt_LT\/wp-json\/wp\/v2\/types\/page"}],"author":[{"embeddable":true,"href":"https:\/\/cityofmercy.lt\/lt_LT\/wp-json\/wp\/v2\/users\/2"}],"replies":[{"embeddable":true,"href":"https:\/\/cityofmercy.lt\/lt_LT\/wp-json\/wp\/v2\/comments?post=122"}],"version-history":[{"count":42,"href":"https:\/\/cityofmercy.lt\/lt_LT\/wp-json\/wp\/v2\/pages\/122\/revisions"}],"predecessor-version":[{"id":6021,"href":"https:\/\/cityofmercy.lt\/lt_LT\/wp-json\/wp\/v2\/pages\/122\/revisions\/6021"}],"up":[{"embeddable":true,"href":"https:\/\/cityofmercy.lt\/lt_LT\/wp-json\/wp\/v2\/pages\/38"}],"wp:featuredmedia":[{"embeddable":true,"href":"https:\/\/cityofmercy.lt\/lt_LT\/wp-json\/wp\/v2\/media\/497"}],"wp:attachment":[{"href":"https:\/\/cityofmercy.lt\/lt_LT\/wp-json\/wp\/v2\/media?parent=122"}],"curies":[{"name":"wp","href":"https:\/\/api.w.org\/{rel}","templated":true}]}}