{"id":120,"date":"2017-11-30T16:05:14","date_gmt":"2017-11-30T16:05:14","guid":{"rendered":"http:\/\/cityofmercy.lt\/?page_id=120"},"modified":"2021-05-27T15:54:45","modified_gmt":"2021-05-27T12:54:45","slug":"sv-apastalu-jokubo-ir-pilypo-baznycia-prie-dominikonu-vienuolyno","status":"publish","type":"page","link":"https:\/\/cityofmercy.lt\/lt_LT\/objektai\/sv-apastalu-jokubo-ir-pilypo-baznycia-prie-dominikonu-vienuolyno\/","title":{"rendered":"\u0160v. apa\u0161tal\u0173 Jok\u016bbo ir Pilypo ba\u017eny\u010dia prie dominikon\u0173 vienuolyno"},"content":{"rendered":"[vc_row type=&#8221;in_container&#8221; full_screen_row_position=&#8221;middle&#8221; scene_position=&#8221;center&#8221; text_color=&#8221;dark&#8221; text_align=&#8221;left&#8221; overlay_strength=&#8221;0.3&#8243; shape_divider_position=&#8221;bottom&#8221;][vc_column centered_text=&#8221;true&#8221; column_padding=&#8221;no-extra-padding&#8221; column_padding_position=&#8221;all&#8221; background_color_opacity=&#8221;1&#8243; background_hover_color_opacity=&#8221;1&#8243; column_shadow=&#8221;none&#8221; column_border_radius=&#8221;none&#8221; width=&#8221;1\/1&#8243; tablet_text_alignment=&#8221;default&#8221; phone_text_alignment=&#8221;default&#8221; column_border_width=&#8221;none&#8221; column_border_style=&#8221;solid&#8221;][vc_column_text]\n<h4><strong>\u0160v. apa\u0161tal\u0173 Jok\u016bbo ir Pilypo ba\u017eny\u010dia prie dominikon\u0173 vienuolyno<\/strong><\/h4>\n[\/vc_column_text]<div class=\"divider-wrap\"><div style=\"margin-top: 25px; height: 1px; margin-bottom: 25px;\" data-width=\"100%\" data-animate=\"\" data-animation-delay=\"\" data-color=\"default\" class=\"divider-border\"><\/div><\/div>[\/vc_column][\/vc_row][vc_row type=&#8221;in_container&#8221; full_screen_row_position=&#8221;middle&#8221; scene_position=&#8221;center&#8221; text_color=&#8221;dark&#8221; text_align=&#8221;left&#8221; overlay_strength=&#8221;0.3&#8243; shape_divider_position=&#8221;bottom&#8221;][vc_column column_padding=&#8221;no-extra-padding&#8221; column_padding_position=&#8221;all&#8221; background_color_opacity=&#8221;1&#8243; background_hover_color_opacity=&#8221;1&#8243; column_shadow=&#8221;none&#8221; column_border_radius=&#8221;none&#8221; top_margin=&#8221;-30&#8243; width=&#8221;1\/1&#8243; tablet_text_alignment=&#8221;default&#8221; phone_text_alignment=&#8221;default&#8221; column_border_width=&#8221;none&#8221; column_border_style=&#8221;solid&#8221;][vc_row_inner column_margin=&#8221;default&#8221; text_align=&#8221;left&#8221;][vc_column_inner column_padding=&#8221;no-extra-padding&#8221; column_padding_position=&#8221;all&#8221; background_color_opacity=&#8221;1&#8243; background_hover_color_opacity=&#8221;1&#8243; column_shadow=&#8221;none&#8221; column_border_radius=&#8221;none&#8221; width=&#8221;1\/2&#8243; column_border_width=&#8221;none&#8221; column_border_style=&#8221;solid&#8221;][nectar_image_with_hotspots image=&#8221;498&#8243; preview=&#8221;http:\/\/cityofmercy.lt\/wp-content\/uploads\/2017\/12\/PILYPAS3.jpg&#8221; color_1=&#8221;Accent-Color&#8221; hotspot_icon=&#8221;plus_sign&#8221; tooltip=&#8221;hover&#8221; tooltip_shadow=&#8221;medium_depth&#8221; animation=&#8221;true&#8221;][nectar_hotspot left=&#8221;25.4193%&#8221; top=&#8221;59.0776%&#8221; position=&#8221;right&#8221;]Luki\u0161ki\u0173 Dievo Motinos atvaizdas dominikon\u0173 ba\u017eny\u010dioje stebuklais gars\u0117jo nuo XVII a. pabaigos. \u0160i\u0105 ikon\u0105 i\u0161 \u201eMaskvos kar\u0173\u201c atsive\u017e\u0117 LDK artilerijos generolas, Lazdij\u0173 seni\u016bnas Motiejus Korvinas Gosievskis. Jo s\u016bnus atvaizd\u0105 atidav\u0117 Sein\u0173 dominikonams, o \u0161ie dovanojo Vilniaus \u0160v. apa\u0161tal\u0173 Pilypo ir Jok\u016bbo dominikon\u0173 vienuolynui. Netrukus prad\u0117ti liudyti per Luki\u0161ki\u0173 Dievo Motinos atvaizd\u0105 patirti stebuklai, 1737 m. apra\u0161yti stebukl\u0173 knygoje \u201eMistinis fontanas\u201c.[\/nectar_hotspot][\/nectar_image_with_hotspots]<div class=\"divider-wrap\"><div style=\"height: 20px;\" class=\"divider\"><\/div><\/div>[vc_column_text]<strong>Ba\u017eny\u010dia patenka \u012f<\/strong> <a href=\"http:\/\/cityofmercy.lt\/lt_LT\/marsrutai\/marijos-gerbimo-vietos\/\" target=\"_blank\" rel=\"noopener\">Marijos gerbimo viet\u0173<\/a>, <a href=\"http:\/\/cityofmercy.lt\/lt_LT\/marsrutai\/dominikonai-vilniuje\/\" target=\"_blank\" rel=\"noopener\">Dominikon\u0173 kelio Vilniuje<\/a> ir <a href=\"http:\/\/cityofmercy.lt\/lt_LT\/marsrutai\/jokubo-kelias\/\" target=\"_blank\" rel=\"noopener\">Jok\u016bbo kelio<\/a> mar\u0161rutus.[\/vc_column_text]<div class=\"divider-wrap\"><div style=\"height: 20px;\" class=\"divider\"><\/div><\/div>[vc_column_text]\n<div class=\"wpb_text_column wpb_content_element \">\n<div class=\"wpb_wrapper\">\n<p align=\"JUSTIFY\"><span lang=\"lt-LT\">Medin\u0117 \u0160v. apa\u0161tal\u0173 Pilypo ir Jok\u016bbo ba\u017eny\u010dia ir dominikon\u0173 vienuolynas Luki\u0161ki\u0173 priemiestyje buvo pastatyti 1642 m. Vienuoli\u0173 pareiga buvo nemokamai laidoti varg\u0161us ir teikti jiems ba\u017enytines paslaugas. Iki tol \u010dia b\u016bta miesto kapini\u0173, kuriose buvo laidojami betur\u010diai. Per karus su Maskvos kariuomene medin\u0117 ba\u017eny\u010dia sudeg\u0117, o XVIII a. buvo atstatyta m\u016brin\u0117, kuri ne daug pakitusi i\u0161liko iki \u0161i\u0173 laik\u0173. Sovietme\u010diu ba\u017eny\u010dioje buvo \u012frengtas vaisi\u0173 ir dar\u017eovi\u0173, v\u0117liau Operos ir baleto teatro sand\u0117lis. Buvusiame vienuolyne iki <\/span>2004 m. veik<span lang=\"lt-LT\">\u0117 ligonin\u0117.<\/span><\/p>\n<p align=\"JUSTIFY\"><span lang=\"lt-LT\">Luki\u0161ki\u0173 Dievo Motinos atvaizdas dominikon\u0173 ba\u017eny\u010dioje stebuklais gars\u0117jo nuo XVII a. pabaigos. \u0160i\u0105 ikon\u0105 i\u0161 kar\u0173 su Rusija parve\u017e\u0117 LDK artilerijos generolas Motiejus Korvinas Gosievskis. Atsid\u016brusi pas Luki\u0161ki\u0173 dominikonus ikona prad\u0117jo gars\u0117ti malon\u0117mis. Stebuklai apra\u0161yti 1737 m. i\u0161leistoje knygoje \u201eMistinis fontanas\u201c.<\/span><\/p>\n<p align=\"JUSTIFY\"><span lang=\"lt-LT\">Sovietme\u010diu manyta, kad stebuklingoji ikona yra pradingusi, ta\u010diau paai\u0161k\u0117jo, kad ji saugoma kitoje up\u0117s pus\u0117je esan\u010dioje \u0160v. Rapolo ba\u017eny\u010dioje. Atk\u016brus Lietuvos nepriklausomyb\u0119, ikona sugr\u0105\u017einta \u012f \u0160v. Pilypo ir Jok\u016bbo ba\u017eny\u010di\u0105, o pati ba\u017eny\u010dia sugr\u0105\u017einta dominikonams. \u010cia \u012fsteigtas Baltarusijos, Estijos, Latvijos ir Lietuvos dominikon\u0173 generalinio vikariato centras. 2015 m. pirm\u0105 kart\u0105 suskamb\u0117jo atkurtasis ba\u017eny\u010dios karilionas \u2013 unikalus 61 varpo instrumentas. \u0160is karilionas yra did\u017eiausias Baltijos \u0161alyse. <\/span><\/p>\n<\/div>\n<\/div>\n[\/vc_column_text][\/vc_column_inner][vc_column_inner column_padding=&#8221;no-extra-padding&#8221; column_padding_position=&#8221;all&#8221; background_color_opacity=&#8221;1&#8243; background_hover_color_opacity=&#8221;1&#8243; column_shadow=&#8221;none&#8221; column_border_radius=&#8221;none&#8221; width=&#8221;1\/2&#8243; column_border_width=&#8221;none&#8221; column_border_style=&#8221;solid&#8221;]<div class=\"iwithtext\"><div class=\"iwt-icon\"> <i class=\"icon-default-style icon-map-marker accent-color\"><\/i> <\/div><div class=\"iwt-text\"> <a href=\"https:\/\/goo.gl\/maps\/xaHD2LBhKoJmWstu7\" target=\"_blank\" rel=\"noopener\">Vasario 16-osios g. 11, Vilnius<\/a> <\/div><div class=\"clear\"><\/div><\/div><div class=\"iwithtext\"><div class=\"iwt-icon\"> <i class=\"icon-default-style icon-time accent-color\"><\/i> <\/div><div class=\"iwt-text\"> <strong>Ba\u017eny\u010dia atidaryta<\/strong><br \/>\nI\u2013VI: 10.00\u201319.00<br \/>\nVII: 8.00\u201319.00 <\/div><div class=\"clear\"><\/div><\/div><div class=\"iwithtext\"><div class=\"iwt-icon\"> <img decoding=\"async\" src=\"https:\/\/cityofmercy.lt\/wp-content\/uploads\/2017\/12\/taurinis.png\" alt=\"\" \/> <\/div><div class=\"iwt-text\"> <strong>\u0160v. Mi\u0161ios (lietuvi\u0173 k.)<\/strong><br \/>\nI\u2013VI: 12.00, 18.00<br \/>\nVII: 9.00, 11.00, 18.00 <\/div><div class=\"clear\"><\/div><\/div><div class=\"iwithtext\"><div class=\"iwt-icon\">  <\/div><div class=\"iwt-text\"> <strong>\u0160v. Mi\u0161ios (lenk\u0173 k.)<\/strong><br \/>\nVII: 16.00 <\/div><div class=\"clear\"><\/div><\/div><div class=\"iwithtext\"><div class=\"iwt-icon\"> <i class=\"icon-default-style icon-info accent-color\"><\/i> <\/div><div class=\"iwt-text\"> Karilion\u0173 skamb\u0117jim\u0105 galima i\u0161girsti kasdien. 15 min trukm\u0117s koncertai prasideda 13:00 ir 19:15.<br \/>\nDaugiau informacijos: <a href=\"http:\/\/www.vilniauskarilionas.lt\/karilionas\/\" target=\"_blank\" rel=\"noopener\">vilniauskarilionas.lt<\/a> <\/div><div class=\"clear\"><\/div><\/div><div class=\"iwithtext\"><div class=\"iwt-icon\"> <i class=\"icon-default-style icon-phone accent-color\"><\/i> <\/div><div class=\"iwt-text\"> +370 5 212 46 11 <\/div><div class=\"clear\"><\/div><\/div><div class=\"iwithtext\"><div class=\"iwt-icon\"> <i class=\"icon-default-style icon-envelope accent-color\"><\/i> <\/div><div class=\"iwt-text\"> rastine.dominikonai@gmail.com <\/div><div class=\"clear\"><\/div><\/div><div class=\"iwithtext\"><div class=\"iwt-icon\"> <i class=\"icon-default-style icon-globe accent-color\"><\/i> <\/div><div class=\"iwt-text\"> <a href=\"http:\/\/www.dominikonai.lt\" target=\"_blank\" rel=\"noopener\">www.dominikonai.lt<\/a> <\/div><div class=\"clear\"><\/div><\/div>[\/vc_column_inner][\/vc_row_inner][\/vc_column][\/vc_row][vc_row type=&#8221;in_container&#8221; full_screen_row_position=&#8221;middle&#8221; scene_position=&#8221;center&#8221; text_color=&#8221;dark&#8221; text_align=&#8221;left&#8221; overlay_strength=&#8221;0.3&#8243; shape_divider_position=&#8221;bottom&#8221;][vc_column column_padding=&#8221;no-extra-padding&#8221; column_padding_position=&#8221;all&#8221; background_color_opacity=&#8221;1&#8243; background_hover_color_opacity=&#8221;1&#8243; column_shadow=&#8221;none&#8221; column_border_radius=&#8221;none&#8221; width=&#8221;1\/1&#8243; tablet_text_alignment=&#8221;default&#8221; phone_text_alignment=&#8221;default&#8221; column_border_width=&#8221;none&#8221; column_border_style=&#8221;solid&#8221;]<div class=\"divider-wrap\"><div style=\"height: 200px;\" class=\"divider\"><\/div><\/div>[\/vc_column][\/vc_row]\n","protected":false},"excerpt":{"rendered":"<p>[vc_row type=&#8221;in_container&#8221; full_screen_row_position=&#8221;middle&#8221; scene_position=&#8221;center&#8221; text_color=&#8221;dark&#8221; text_align=&#8221;left&#8221; overlay_strength=&#8221;0.3&#8243; shape_divider_position=&#8221;bottom&#8221;][vc_column centered_text=&#8221;true&#8221; column_padding=&#8221;no-extra-padding&#8221; column_&#8230;<\/p>\n","protected":false},"author":2,"featured_media":287,"parent":38,"menu_order":0,"comment_status":"closed","ping_status":"closed","template":"","meta":{"footnotes":""},"class_list":["post-120","page","type-page","status-publish","has-post-thumbnail","hentry"],"_links":{"self":[{"href":"https:\/\/cityofmercy.lt\/lt_LT\/wp-json\/wp\/v2\/pages\/120","targetHints":{"allow":["GET"]}}],"collection":[{"href":"https:\/\/cityofmercy.lt\/lt_LT\/wp-json\/wp\/v2\/pages"}],"about":[{"href":"https:\/\/cityofmercy.lt\/lt_LT\/wp-json\/wp\/v2\/types\/page"}],"author":[{"embeddable":true,"href":"https:\/\/cityofmercy.lt\/lt_LT\/wp-json\/wp\/v2\/users\/2"}],"replies":[{"embeddable":true,"href":"https:\/\/cityofmercy.lt\/lt_LT\/wp-json\/wp\/v2\/comments?post=120"}],"version-history":[{"count":64,"href":"https:\/\/cityofmercy.lt\/lt_LT\/wp-json\/wp\/v2\/pages\/120\/revisions"}],"predecessor-version":[{"id":6038,"href":"https:\/\/cityofmercy.lt\/lt_LT\/wp-json\/wp\/v2\/pages\/120\/revisions\/6038"}],"up":[{"embeddable":true,"href":"https:\/\/cityofmercy.lt\/lt_LT\/wp-json\/wp\/v2\/pages\/38"}],"wp:featuredmedia":[{"embeddable":true,"href":"https:\/\/cityofmercy.lt\/lt_LT\/wp-json\/wp\/v2\/media\/287"}],"wp:attachment":[{"href":"https:\/\/cityofmercy.lt\/lt_LT\/wp-json\/wp\/v2\/media?parent=120"}],"curies":[{"name":"wp","href":"https:\/\/api.w.org\/{rel}","templated":true}]}}