{"id":118,"date":"2017-11-30T16:04:04","date_gmt":"2017-11-30T16:04:04","guid":{"rendered":"http:\/\/cityofmercy.lt\/?page_id=118"},"modified":"2021-05-27T14:02:59","modified_gmt":"2021-05-27T11:02:59","slug":"pal-m-sopockos-baznycia","status":"publish","type":"page","link":"https:\/\/cityofmercy.lt\/lt_LT\/objektai\/pal-m-sopockos-baznycia\/","title":{"rendered":"Pal. M. Sopo\u010dkos ba\u017eny\u010dia"},"content":{"rendered":"[vc_row type=&#8221;in_container&#8221; full_screen_row_position=&#8221;middle&#8221; scene_position=&#8221;center&#8221; text_color=&#8221;dark&#8221; text_align=&#8221;left&#8221; overlay_strength=&#8221;0.3&#8243; shape_divider_position=&#8221;bottom&#8221;][vc_column centered_text=&#8221;true&#8221; column_padding=&#8221;no-extra-padding&#8221; column_padding_position=&#8221;all&#8221; background_color_opacity=&#8221;1&#8243; background_hover_color_opacity=&#8221;1&#8243; column_shadow=&#8221;none&#8221; column_border_radius=&#8221;none&#8221; width=&#8221;1\/1&#8243; tablet_text_alignment=&#8221;default&#8221; phone_text_alignment=&#8221;default&#8221; column_border_width=&#8221;none&#8221; column_border_style=&#8221;solid&#8221;][vc_column_text]\n<h4><strong>Juod\u0161ili\u0173 pal. Mykolo Sopo\u010dkos ba\u017eny\u010dia<\/strong><\/h4>\n[\/vc_column_text]<div class=\"divider-wrap\"><div style=\"margin-top: 25px; height: 1px; margin-bottom: 25px;\" data-width=\"100%\" data-animate=\"\" data-animation-delay=\"\" data-color=\"default\" class=\"divider-border\"><\/div><\/div>[\/vc_column][\/vc_row][vc_row type=&#8221;in_container&#8221; full_screen_row_position=&#8221;middle&#8221; scene_position=&#8221;center&#8221; text_color=&#8221;dark&#8221; text_align=&#8221;left&#8221; overlay_strength=&#8221;0.3&#8243; shape_divider_position=&#8221;bottom&#8221;][vc_column column_padding=&#8221;no-extra-padding&#8221; column_padding_position=&#8221;all&#8221; background_color_opacity=&#8221;1&#8243; background_hover_color_opacity=&#8221;1&#8243; column_shadow=&#8221;none&#8221; column_border_radius=&#8221;none&#8221; top_margin=&#8221;-30&#8243; width=&#8221;1\/1&#8243; tablet_text_alignment=&#8221;default&#8221; phone_text_alignment=&#8221;default&#8221; column_border_width=&#8221;none&#8221; column_border_style=&#8221;solid&#8221;][vc_row_inner column_margin=&#8221;default&#8221; text_align=&#8221;left&#8221;][vc_column_inner column_padding=&#8221;no-extra-padding&#8221; column_padding_position=&#8221;all&#8221; background_color_opacity=&#8221;1&#8243; background_hover_color_opacity=&#8221;1&#8243; column_shadow=&#8221;none&#8221; column_border_radius=&#8221;none&#8221; width=&#8221;1\/2&#8243; column_border_width=&#8221;none&#8221; column_border_style=&#8221;solid&#8221;][nectar_image_with_hotspots image=&#8221;487&#8243; preview=&#8221;http:\/\/cityofmercy.lt\/wp-content\/uploads\/2017\/12\/JUOD\u0160ILIAI2-1.jpg&#8221; color_1=&#8221;Accent-Color&#8221; hotspot_icon=&#8221;plus_sign&#8221; tooltip=&#8221;hover&#8221; tooltip_shadow=&#8221;medium_depth&#8221; animation=&#8221;true&#8221;][nectar_hotspot left=&#8221;53.86160714285714%&#8221; top=&#8221;60.41188837920489%&#8221; position=&#8221;right&#8221;]Pagrindiniame altoriuje vaizduojama Vilniaus arkikatedra bazilika ir Trys kry\u017eiai.[\/nectar_hotspot][\/nectar_image_with_hotspots]<div class=\"divider-wrap\"><div style=\"height: 20px;\" class=\"divider\"><\/div><\/div>[vc_column_text]<strong>Ba\u017eny\u010dia patenka \u012f <\/strong><a href=\"http:\/\/cityofmercy.lt\/lt_LT\/marsrutai\/gailestingumo-kelias\/\" target=\"_blank\" rel=\"noopener\">Gailestingumo kelio<\/a> mar\u0161rut\u0105.[\/vc_column_text]<div class=\"divider-wrap\"><div style=\"height: 20px;\" class=\"divider\"><\/div><\/div>[vc_column_text]\n<div class=\"wpb_text_column wpb_content_element \">\n<div class=\"wpb_wrapper\">\n<p align=\"JUSTIFY\">Juod\u0161iliuose 1924\u20131946 m. buvo \u012fsik\u016br\u0119s Ken\u010dian\u010dio J\u0117zaus \u0160irdies ur\u0161ulie\u010di\u0173 kongregacijos vienuolynas. Seserys ur\u0161uliet\u0117s 1942\u20131944 m. priglaud\u0117 pal. M. Sopo\u010dk\u0105 Juod\u0161iliuose jam slapstantis nuo gr\u0117susio naci\u0173 are\u0161to. Jis gyveno \u201eApvaizda\u201c vadinamame pastate (M. Sopo\u010dkos g. <span lang=\"en-US\">16)<\/span>, tur\u0117jo netikrus dokumentus Vaclovo Rodzevi\u010d vardu. Pal. kun. M. Sopo\u010dkai tai buvo maldos, apm\u0105stymo, mokslinio darbo laikas. Kad neatkreipt\u0173 \u012f save aplinkini\u0173 d\u0117mesio, jis \u0117m\u0117si staliaus darbo, tod\u0117l vietiniai Juod\u0161ili\u0173 gyventojai kur\u012f laik\u0105 j\u012f prisimin\u0117 kaip ger\u0105 stali\u0173.<\/p>\n<p align=\"JUSTIFY\">Juod\u0161ili\u0173 ba\u017eny\u010dios statyba seser\u0173 ur\u0161ulie\u010di\u0173 iniciatyva prad\u0117ta 1936 m., ta\u010diau d\u0117l Antrojo pasaulinio karo sustabdyta, v\u0117liau \u0161ioje vietoje \u012frengta ligonin\u0117. Dabartin\u0117 ba\u017eny\u010dia pastatyta 2007 m. sudegusios ligonin\u0117s komplekso dalyje. 2016 m. ba\u017eny\u010dia konsekruota suteikiant jai <a href=\"https:\/\/cityofmercy.lt\/lt_LT\/marsrutai\/vilniaus-sventieji\/\" target=\"_blank\" rel=\"noopener\">pal. Mykolo Sopo\u010dkos<\/a> titul\u0105. Juod\u0161iliuose seserys ur\u0161uliet\u0117s taip pat r\u016bpinosi vaik\u0173 prieglauda, joms priklaus\u0117 nema\u017eas \u016bkis, \u016bkininkavimo mokykla, ambulatorija, pienin\u0117, kepykla su parduotuv\u0117. Ur\u0161uliet\u0117s dirbo bendrojo lavinimo mokykloje. 1924\u20131939 m. Juod\u0161iliuose ne kart\u0105 lank\u0117si kongregacijos \u012fk\u016br\u0117ja \u0161v. Ur\u0161ul\u0117 Leduchovska. Po Antrojo pasaulinio karo seserys pasitrauk\u0117 \u012f Lenkij\u0105, o ur\u0161ulie\u010di\u0173 gyvenim\u0105 ir darbus Juod\u0161iliuose primena seser\u0173 kapin\u0117s ir \u0161v. Ur\u0161ul\u0117s Leduchovskos vardu pavadinta Juod\u0161ili\u0173 gimnazija.<\/p>\n<\/div>\n<\/div>\n[\/vc_column_text][\/vc_column_inner][vc_column_inner column_padding=&#8221;no-extra-padding&#8221; column_padding_position=&#8221;all&#8221; background_color_opacity=&#8221;1&#8243; background_hover_color_opacity=&#8221;1&#8243; column_shadow=&#8221;none&#8221; column_border_radius=&#8221;none&#8221; width=&#8221;1\/2&#8243; column_border_width=&#8221;none&#8221; column_border_style=&#8221;solid&#8221;]<div class=\"iwithtext\"><div class=\"iwt-icon\"> <i class=\"icon-default-style icon-map-marker accent-color\"><\/i> <\/div><div class=\"iwt-text\"> <a href=\"https:\/\/goo.gl\/maps\/WTDWLCDdPNAbBuW78\" target=\"_blank\" rel=\"noopener\">\u0160v. Ur\u0161ul\u0117s g. 25, Juod\u0161iliai, Vilniaus raj.<\/a> <\/div><div class=\"clear\"><\/div><\/div><div class=\"iwithtext\"><div class=\"iwt-icon\"> <i class=\"icon-default-style icon-info accent-color\"><\/i> <\/div><div class=\"iwt-text\"> Juod\u0161iliuose esan\u010diame \u201eApvaizda\u201c vadinamame name, karo metu nuo 1942-03-03 iki 1944-08-14, pasivadin\u0119s Vaclovo Rodzevi\u010d vardu, gyveno palaimintasis kunigas Mykolas Sopo\u010dka. Namo adresas <a href=\"https:\/\/goo.gl\/maps\/1pARGvV4RixsJjZg7\" target=\"_blank\" rel=\"noopener\">M. Sopo\u010dkos g. 16, Juod\u0161iliai<\/a>. <\/div><div class=\"clear\"><\/div><\/div><div class=\"iwithtext\"><div class=\"iwt-icon\"> <img decoding=\"async\" src=\"https:\/\/cityofmercy.lt\/wp-content\/uploads\/2017\/12\/taurinis.png\" alt=\"\" \/> <\/div><div class=\"iwt-text\"> <strong>\u0160v. Mi\u0161ios (lietuvi\u0173 k.)<\/strong><br \/>\nIII, V: 17.00<br \/>\nVII: 12.00 <\/div><div class=\"clear\"><\/div><\/div><div class=\"iwithtext\"><div class=\"iwt-icon\">  <\/div><div class=\"iwt-text\"> <strong>\u0160v. Mi\u0161ios (lenk\u0173 k.)<\/strong><br \/>\nIII, V: 18.00<br \/>\nVII: 10.00 <\/div><div class=\"clear\"><\/div><\/div><div class=\"iwithtext\"><div class=\"iwt-icon\"> <i class=\"icon-default-style icon-envelope accent-color\"><\/i> <\/div><div class=\"iwt-text\"> vaidotuparapija@gmail.com <\/div><div class=\"clear\"><\/div><\/div>[\/vc_column_inner][\/vc_row_inner][\/vc_column][\/vc_row][vc_row type=&#8221;in_container&#8221; full_screen_row_position=&#8221;middle&#8221; scene_position=&#8221;center&#8221; text_color=&#8221;dark&#8221; text_align=&#8221;left&#8221; overlay_strength=&#8221;0.3&#8243; shape_divider_position=&#8221;bottom&#8221;][vc_column column_padding=&#8221;no-extra-padding&#8221; column_padding_position=&#8221;all&#8221; background_color_opacity=&#8221;1&#8243; background_hover_color_opacity=&#8221;1&#8243; column_shadow=&#8221;none&#8221; column_border_radius=&#8221;none&#8221; width=&#8221;1\/1&#8243; tablet_text_alignment=&#8221;default&#8221; phone_text_alignment=&#8221;default&#8221; column_border_width=&#8221;none&#8221; column_border_style=&#8221;solid&#8221;]<div class=\"divider-wrap\"><div style=\"height: 200px;\" class=\"divider\"><\/div><\/div>[\/vc_column][\/vc_row]\n","protected":false},"excerpt":{"rendered":"<p>[vc_row type=&#8221;in_container&#8221; full_screen_row_position=&#8221;middle&#8221; scene_position=&#8221;center&#8221; text_color=&#8221;dark&#8221; text_align=&#8221;left&#8221; overlay_strength=&#8221;0.3&#8243; shape_divider_position=&#8221;bottom&#8221;][vc_column centered_text=&#8221;true&#8221; column_padding=&#8221;no-extra-padding&#8221; column_&#8230;<\/p>\n","protected":false},"author":2,"featured_media":280,"parent":38,"menu_order":0,"comment_status":"closed","ping_status":"closed","template":"","meta":{"footnotes":""},"class_list":["post-118","page","type-page","status-publish","has-post-thumbnail","hentry"],"_links":{"self":[{"href":"https:\/\/cityofmercy.lt\/lt_LT\/wp-json\/wp\/v2\/pages\/118","targetHints":{"allow":["GET"]}}],"collection":[{"href":"https:\/\/cityofmercy.lt\/lt_LT\/wp-json\/wp\/v2\/pages"}],"about":[{"href":"https:\/\/cityofmercy.lt\/lt_LT\/wp-json\/wp\/v2\/types\/page"}],"author":[{"embeddable":true,"href":"https:\/\/cityofmercy.lt\/lt_LT\/wp-json\/wp\/v2\/users\/2"}],"replies":[{"embeddable":true,"href":"https:\/\/cityofmercy.lt\/lt_LT\/wp-json\/wp\/v2\/comments?post=118"}],"version-history":[{"count":81,"href":"https:\/\/cityofmercy.lt\/lt_LT\/wp-json\/wp\/v2\/pages\/118\/revisions"}],"predecessor-version":[{"id":6733,"href":"https:\/\/cityofmercy.lt\/lt_LT\/wp-json\/wp\/v2\/pages\/118\/revisions\/6733"}],"up":[{"embeddable":true,"href":"https:\/\/cityofmercy.lt\/lt_LT\/wp-json\/wp\/v2\/pages\/38"}],"wp:featuredmedia":[{"embeddable":true,"href":"https:\/\/cityofmercy.lt\/lt_LT\/wp-json\/wp\/v2\/media\/280"}],"wp:attachment":[{"href":"https:\/\/cityofmercy.lt\/lt_LT\/wp-json\/wp\/v2\/media?parent=118"}],"curies":[{"name":"wp","href":"https:\/\/api.w.org\/{rel}","templated":true}]}}