{"id":116,"date":"2017-11-30T16:02:57","date_gmt":"2017-11-30T16:02:57","guid":{"rendered":"http:\/\/cityofmercy.lt\/?page_id=116"},"modified":"2021-05-27T16:04:39","modified_gmt":"2021-05-27T13:04:39","slug":"isganytojo-baznycia-ir-sv-jono-broliu-vienuolynas","status":"publish","type":"page","link":"https:\/\/cityofmercy.lt\/lt_LT\/objektai\/isganytojo-baznycia-ir-sv-jono-broliu-vienuolynas\/","title":{"rendered":"I\u0161ganytojo ba\u017eny\u010dia ir \u0160v. Jono broli\u0173 vienuolynas"},"content":{"rendered":"[vc_row type=&#8221;in_container&#8221; full_screen_row_position=&#8221;middle&#8221; scene_position=&#8221;center&#8221; text_color=&#8221;dark&#8221; text_align=&#8221;left&#8221; overlay_strength=&#8221;0.3&#8243; shape_divider_position=&#8221;bottom&#8221;][vc_column centered_text=&#8221;true&#8221; column_padding=&#8221;no-extra-padding&#8221; column_padding_position=&#8221;all&#8221; background_color_opacity=&#8221;1&#8243; background_hover_color_opacity=&#8221;1&#8243; column_shadow=&#8221;none&#8221; column_border_radius=&#8221;none&#8221; width=&#8221;1\/1&#8243; tablet_text_alignment=&#8221;default&#8221; phone_text_alignment=&#8221;default&#8221; column_border_width=&#8221;none&#8221; column_border_style=&#8221;solid&#8221;][vc_column_text]\n<h4><strong>I\u0161ganytojo ba\u017eny\u010dia prie \u0161v. Jono broli\u0173 vienuolyno<\/strong><\/h4>\n[\/vc_column_text]<div class=\"divider-wrap\"><div style=\"margin-top: 25px; height: 1px; margin-bottom: 25px;\" data-width=\"100%\" data-animate=\"\" data-animation-delay=\"\" data-color=\"default\" class=\"divider-border\"><\/div><\/div>[\/vc_column][\/vc_row][vc_row type=&#8221;in_container&#8221; full_screen_row_position=&#8221;middle&#8221; scene_position=&#8221;center&#8221; text_color=&#8221;dark&#8221; text_align=&#8221;left&#8221; overlay_strength=&#8221;0.3&#8243; shape_divider_position=&#8221;bottom&#8221;][vc_column column_padding=&#8221;no-extra-padding&#8221; column_padding_position=&#8221;all&#8221; background_color_opacity=&#8221;1&#8243; background_hover_color_opacity=&#8221;1&#8243; column_shadow=&#8221;none&#8221; column_border_radius=&#8221;none&#8221; top_margin=&#8221;-30&#8243; width=&#8221;1\/1&#8243; tablet_text_alignment=&#8221;default&#8221; phone_text_alignment=&#8221;default&#8221; column_border_width=&#8221;none&#8221; column_border_style=&#8221;solid&#8221;][vc_row_inner column_margin=&#8221;default&#8221; text_align=&#8221;left&#8221;][vc_column_inner column_padding=&#8221;no-extra-padding&#8221; column_padding_position=&#8221;all&#8221; background_color_opacity=&#8221;1&#8243; background_hover_color_opacity=&#8221;1&#8243; column_shadow=&#8221;none&#8221; column_border_radius=&#8221;none&#8221; width=&#8221;1\/2&#8243; column_border_width=&#8221;none&#8221; column_border_style=&#8221;solid&#8221;][nectar_image_with_hotspots image=&#8221;6013&#8243; preview=&#8221;https:\/\/cityofmercy.lt\/wp-content\/uploads\/2021\/01\/Joanitai-1.jpg&#8221; color_1=&#8221;Accent-Color&#8221; hotspot_icon=&#8221;plus_sign&#8221; tooltip=&#8221;hover&#8221; tooltip_shadow=&#8221;medium_depth&#8221; animation=&#8221;true&#8221;][nectar_hotspot left=&#8221;58.25255102040816%&#8221; top=&#8221;62.52389143730886%&#8221; position=&#8221;top&#8221;]Pagrindiniame ba\u017eny\u010dios altoriuje \u2013 Nukry\u017eiuotas J\u0117zus ir Au\u0161ros Vart\u0173 Gailestingumo Motinos paveikslas. \u0160v. Jono broliai siekia gyventi sekdami mylimojo J\u0117zaus mokinio apa\u0161talo bei evangelisto Jono pavyzd\u017eiu. Kaip ir apa\u0161talas Jonas broliai stengiasi gyventi visi\u0161ka i\u0161tikimybe Mokytojui bei s\u016bni\u0161ku artumu Jo Motinai.[\/nectar_hotspot][\/nectar_image_with_hotspots][vc_column_text][\/vc_column_text]<div class=\"divider-wrap\"><div style=\"height: 20px;\" class=\"divider\"><\/div><\/div>[vc_column_text]\n<p style=\"text-align: justify;\">1693 m. \u012f Vilni\u0173 atvyko vienuoliai trinitoriai. \u0160i vienuolija \u012fsik\u016br\u0117 Kry\u017eiaus kar\u0173 laikais ir r\u016bpinosi krik\u0161\u010dioni\u0173 i\u0161pirkimu i\u0161 kitatiki\u0173 nelaisv\u0117s. \u012e Vilni\u0173 atvyko reformuota vienuolijos at\u0161aka. Kar\u0173 su turkais laikais Lietuvos ir Lenkijos teritorijose juos \u0117m\u0117 globoti karalius Jonas Sobieskis. Lietuvos Did\u017eiosios Kunigaik\u0161tyst\u0117s etmono bei Vilniaus vaivados Kazimiero Jono Sapiegos iniciatyva Vilniaus priemiestyje, Sapieg\u0173 rezidencijos teritorijoje, vienuoliams pastatyta puo\u0161ni ba\u017eny\u010dia ir vienuolynas. Ba\u017eny\u010dia buvo konsekruota \u0160v\u010d. Atpirk\u0117jo J\u0117zaus Nazarie\u010dio titulu pirm\u0105 1716 metais.<\/p>\n<p style=\"text-align: justify;\">Ba\u017eny\u010dia gars\u0117jo stebuklinga J\u0117zaus Nazarie\u010dio skulpt\u016bra, pagaminta Romoje pagal Madride saugot\u0105 stebukling\u0105 Ecce Homo atvaizd\u0105 (dabar skulpt\u016bra yra \u0160v. apa\u0161tal\u0173 Petro ir Povilo ba\u017eny\u010dioje). Tokios skulpt\u016bros buvo statomos vis\u0173 trinitori\u0173 ba\u017eny\u010di\u0173 did\u017eiuosiuose altoriuose.<br \/>\nBa\u017eny\u010dios architekt\u016bra ir i\u0161lik\u0119 jos dekoro fragmentai primena trinitori\u0173 veikl\u0105 ir liudija auk\u0161t\u0105 \u0161ventov\u0117s fundatori\u0173 menin\u0117s kult\u016bros lyg\u012f. Pagrindiniame ba\u017eny\u010dios fasade \u012fkomponuota skulpt\u016brin\u0117 grup\u0117 simbolizuoja trinitori\u0173 veikl\u0105: du krik\u0161\u010dionis karius, patekusius \u012f kitatiki\u0173 nelaisv\u0119, ir juos raminant\u012f angel\u0105.<\/p>\n<p style=\"text-align: justify;\">XIX a. trinitori\u0173 vienuolynai caro buvo u\u017edaryti, o ba\u017eny\u010dios paverstos cerkv\u0117mis. Buvo sugriauti Antakalnio trinitori\u0173 ba\u017eny\u010dios \u0161oniniai altoriai ir kitos ba\u017eny\u010dios interjero detal\u0117s, vienuolyne \u012frengtos kareivin\u0117s. Tarpukariu vienuolyno pastatuose veik\u0117 universitetin\u0117 ligonin\u0117. Sovietme\u010diu ba\u017eny\u010dioje buvo \u012fkurtas kariuomen\u0117s sand\u0117lis. Nuo 1993 m. vienuolyno ansamblyje veik\u0117Vilniaus kunig\u0173 seminarija. 2000 m. \u010dia \u012fsik\u016br\u0117 \u0160v. Jono broli\u0173 ir seser\u0173 \u0160v. Jono Teologo vienuolynas, prie kurio susib\u016br\u0117 gyva ir veikli pasaulie\u010di\u0173 bendruomen\u0117.<\/p>\n[\/vc_column_text][\/vc_column_inner][vc_column_inner column_padding=&#8221;no-extra-padding&#8221; column_padding_position=&#8221;all&#8221; background_color_opacity=&#8221;1&#8243; background_hover_color_opacity=&#8221;1&#8243; column_shadow=&#8221;none&#8221; column_border_radius=&#8221;none&#8221; width=&#8221;1\/2&#8243; column_border_width=&#8221;none&#8221; column_border_style=&#8221;solid&#8221;]<div class=\"iwithtext\"><div class=\"iwt-icon\"> <i class=\"icon-default-style icon-map-marker accent-color\"><\/i> <\/div><div class=\"iwt-text\"> <a href=\"https:\/\/www.google.com\/maps\/search\/Antakalnio+g.+1%2F1,+Vilnius\/@54.6828121,25.2898742,17z\" target=\"_blank\" rel=\"noopener\">Antakalnio g. 27, Vilnius<\/a> <\/div><div class=\"clear\"><\/div><\/div><div class=\"iwithtext\"><div class=\"iwt-icon\"> <img decoding=\"async\" src=\"https:\/\/cityofmercy.lt\/wp-content\/uploads\/2017\/12\/taurinis.png\" alt=\"\" \/> <\/div><div class=\"iwt-text\"> <strong>\u0160v. Mi\u0161ios (lietuvi\u0173 k.)<\/strong><br \/>\nII, III, V: 18.30<br \/>\nVI: 11.30<br \/>\nVII: 10.00, 12.00 <\/div><div class=\"clear\"><\/div><\/div><div class=\"iwithtext\"><div class=\"iwt-icon\">  <\/div><div class=\"iwt-text\"> <strong>\u0160v. Mi\u0161ios (lenk\u0173 k.)<\/strong><br \/>\nVII: 18.30 <\/div><div class=\"clear\"><\/div><\/div><div class=\"iwithtext\"><div class=\"iwt-icon\"> <i class=\"icon-default-style icon-phone accent-color\"><\/i> <\/div><div class=\"iwt-text\"> +370 5 268 55 72 <\/div><div class=\"clear\"><\/div><\/div><div class=\"iwithtext\"><div class=\"iwt-icon\"> <i class=\"icon-default-style icon-globe accent-color\"><\/i> <\/div><div class=\"iwt-text\"> <a href=\"http:\/\/www.joanitai.org\" target=\"_blank\" rel=\"noopener\">www.joanitai.org<\/a> <\/div><div class=\"clear\"><\/div><\/div>[\/vc_column_inner][\/vc_row_inner][\/vc_column][\/vc_row][vc_row type=&#8221;in_container&#8221; full_screen_row_position=&#8221;middle&#8221; scene_position=&#8221;center&#8221; text_color=&#8221;dark&#8221; text_align=&#8221;left&#8221; overlay_strength=&#8221;0.3&#8243; shape_divider_position=&#8221;bottom&#8221;][vc_column column_padding=&#8221;no-extra-padding&#8221; column_padding_position=&#8221;all&#8221; background_color_opacity=&#8221;1&#8243; background_hover_color_opacity=&#8221;1&#8243; column_shadow=&#8221;none&#8221; column_border_radius=&#8221;none&#8221; width=&#8221;1\/1&#8243; tablet_text_alignment=&#8221;default&#8221; phone_text_alignment=&#8221;default&#8221; column_border_width=&#8221;none&#8221; column_border_style=&#8221;solid&#8221;]<div class=\"divider-wrap\"><div style=\"height: 200px;\" class=\"divider\"><\/div><\/div>[\/vc_column][\/vc_row]\n","protected":false},"excerpt":{"rendered":"<p>[vc_row type=&#8221;in_container&#8221; full_screen_row_position=&#8221;middle&#8221; scene_position=&#8221;center&#8221; text_color=&#8221;dark&#8221; text_align=&#8221;left&#8221; overlay_strength=&#8221;0.3&#8243; shape_divider_position=&#8221;bottom&#8221;][vc_column centered_text=&#8221;true&#8221; column_padding=&#8221;no-extra-padding&#8221; column_&#8230;<\/p>\n","protected":false},"author":2,"featured_media":484,"parent":38,"menu_order":0,"comment_status":"closed","ping_status":"closed","template":"","meta":{"footnotes":""},"class_list":["post-116","page","type-page","status-publish","has-post-thumbnail","hentry"],"_links":{"self":[{"href":"https:\/\/cityofmercy.lt\/lt_LT\/wp-json\/wp\/v2\/pages\/116","targetHints":{"allow":["GET"]}}],"collection":[{"href":"https:\/\/cityofmercy.lt\/lt_LT\/wp-json\/wp\/v2\/pages"}],"about":[{"href":"https:\/\/cityofmercy.lt\/lt_LT\/wp-json\/wp\/v2\/types\/page"}],"author":[{"embeddable":true,"href":"https:\/\/cityofmercy.lt\/lt_LT\/wp-json\/wp\/v2\/users\/2"}],"replies":[{"embeddable":true,"href":"https:\/\/cityofmercy.lt\/lt_LT\/wp-json\/wp\/v2\/comments?post=116"}],"version-history":[{"count":56,"href":"https:\/\/cityofmercy.lt\/lt_LT\/wp-json\/wp\/v2\/pages\/116\/revisions"}],"predecessor-version":[{"id":6019,"href":"https:\/\/cityofmercy.lt\/lt_LT\/wp-json\/wp\/v2\/pages\/116\/revisions\/6019"}],"up":[{"embeddable":true,"href":"https:\/\/cityofmercy.lt\/lt_LT\/wp-json\/wp\/v2\/pages\/38"}],"wp:featuredmedia":[{"embeddable":true,"href":"https:\/\/cityofmercy.lt\/lt_LT\/wp-json\/wp\/v2\/media\/484"}],"wp:attachment":[{"href":"https:\/\/cityofmercy.lt\/lt_LT\/wp-json\/wp\/v2\/media?parent=116"}],"curies":[{"name":"wp","href":"https:\/\/api.w.org\/{rel}","templated":true}]}}