{"id":113,"date":"2017-11-30T16:02:18","date_gmt":"2017-11-30T16:02:18","guid":{"rendered":"http:\/\/cityofmercy.lt\/?page_id=113"},"modified":"2021-05-27T16:19:53","modified_gmt":"2021-05-27T13:19:53","slug":"gailestingojo-jezaus-seseru-vienuolynas-buvusio-vizitieciu-vienuolyno-pastatai","status":"publish","type":"page","link":"https:\/\/cityofmercy.lt\/lt_LT\/objektai\/gailestingojo-jezaus-seseru-vienuolynas-buvusio-vizitieciu-vienuolyno-pastatai\/","title":{"rendered":"Gailestingojo J\u0117zaus seser\u0173 vienuolynas (buvusio vizitie\u010di\u0173 vienuolyno pastatai)"},"content":{"rendered":"[vc_row type=&#8221;in_container&#8221; full_screen_row_position=&#8221;middle&#8221; scene_position=&#8221;center&#8221; text_color=&#8221;dark&#8221; text_align=&#8221;left&#8221; overlay_strength=&#8221;0.3&#8243; shape_divider_position=&#8221;bottom&#8221;][vc_column centered_text=&#8221;true&#8221; column_padding=&#8221;no-extra-padding&#8221; column_padding_position=&#8221;all&#8221; background_color_opacity=&#8221;1&#8243; background_hover_color_opacity=&#8221;1&#8243; column_shadow=&#8221;none&#8221; column_border_radius=&#8221;none&#8221; width=&#8221;1\/1&#8243; tablet_text_alignment=&#8221;default&#8221; phone_text_alignment=&#8221;default&#8221; column_border_width=&#8221;none&#8221; column_border_style=&#8221;solid&#8221;][vc_column_text]\n<h4><strong>Gailestingojo J\u0117zaus seser\u0173 vienuolynas (buvusio vizitie\u010di\u0173 vienuolyno pastatai)<\/strong><\/h4>\n[\/vc_column_text]<div class=\"divider-wrap\"><div style=\"margin-top: 25px; height: 1px; margin-bottom: 25px;\" data-width=\"100%\" data-animate=\"\" data-animation-delay=\"\" data-color=\"default\" class=\"divider-border\"><\/div><\/div>[\/vc_column][\/vc_row][vc_row type=&#8221;in_container&#8221; full_screen_row_position=&#8221;middle&#8221; scene_position=&#8221;center&#8221; text_color=&#8221;dark&#8221; text_align=&#8221;left&#8221; overlay_strength=&#8221;0.3&#8243; shape_divider_position=&#8221;bottom&#8221;][vc_column column_padding=&#8221;no-extra-padding&#8221; column_padding_position=&#8221;all&#8221; background_color_opacity=&#8221;1&#8243; background_hover_color_opacity=&#8221;1&#8243; column_shadow=&#8221;none&#8221; column_border_radius=&#8221;none&#8221; top_margin=&#8221;-30&#8243; width=&#8221;1\/1&#8243; tablet_text_alignment=&#8221;default&#8221; phone_text_alignment=&#8221;default&#8221; column_border_width=&#8221;none&#8221; column_border_style=&#8221;solid&#8221;][vc_row_inner column_margin=&#8221;default&#8221; text_align=&#8221;left&#8221;][vc_column_inner column_padding=&#8221;no-extra-padding&#8221; column_padding_position=&#8221;all&#8221; background_color_opacity=&#8221;1&#8243; background_hover_color_opacity=&#8221;1&#8243; column_shadow=&#8221;none&#8221; column_border_radius=&#8221;none&#8221; width=&#8221;1\/2&#8243; column_border_width=&#8221;none&#8221; column_border_style=&#8221;solid&#8221;][nectar_image_with_hotspots image=&#8221;500&#8243; preview=&#8221;http:\/\/cityofmercy.lt\/wp-content\/uploads\/2017\/12\/SESERU.jpg&#8221; color_1=&#8221;Accent-Color&#8221; hotspot_icon=&#8221;plus_sign&#8221; tooltip=&#8221;hover&#8221; tooltip_shadow=&#8221;medium_depth&#8221; animation=&#8221;true&#8221;][nectar_hotspot left=&#8221;35.07686910889184%&#8221; top=&#8221;53.14989389863404%&#8221; position=&#8221;right&#8221;]\u0160ioje patalpoje veik\u0117 dailininko Eugenijaus Kazimirovzkio dirbtuv\u0117s, kur 1934 m. buvo nutapytas Dievo Gailestingumo paveikslas. \u0160iandien \u010dia \u012fkurta Gailestingojo J\u0117zaus seser\u0173 vienuolyno koply\u010dia. [\/nectar_hotspot][\/nectar_image_with_hotspots]<div class=\"divider-wrap\"><div style=\"height: 20px;\" class=\"divider\"><\/div><\/div>[vc_column_text]\n<div class=\"wpb_text_column wpb_content_element \">\n<div class=\"wpb_wrapper\">\n<p align=\"JUSTIFY\"><strong>Objektas patenka \u012f<\/strong> <a href=\"http:\/\/cityofmercy.lt\/lt_LT\/marsrutai\/gailestingumo-kelias\/\" target=\"_blank\" rel=\"noopener\">Gailestingumo kelio<\/a>\u00a0<strong>ir<\/strong> <a href=\"http:\/\/cityofmercy.lt\/lt_LT\/marsrutai\/vilniaus-sventieji\/\" target=\"_blank\" rel=\"noopener\">Vilniaus \u0160vent\u0173j\u0173<\/a> <strong>mar\u0161rutus.<\/strong><\/p>\n<\/div>\n<\/div>\n[\/vc_column_text]<div class=\"divider-wrap\"><div style=\"height: 10px;\" class=\"divider\"><\/div><\/div>[vc_column_text]\n<div class=\"wpb_text_column wpb_content_element \">\n<div class=\"wpb_wrapper\">\n<p align=\"JUSTIFY\">1932\u20131934 m. pal. M. Sopo\u010dka gyveno seserims vizitiet\u0117ms priklausan\u010diame name \u0161alia vienuolyno ir ra\u0161\u0117 savo mokslin\u012f darb\u0105. 1933 m., b\u016bdamas Gailestingumo Motinos seser\u0173 kongregacijos nuod\u0117mklausiu, jis susitiko su \u0161v. Faustina ir \u0161i jam papasakojo apie J\u0117zaus pra\u0161ym\u0105 nutapyti paveiksl\u0105. Kadangi tame pa\u010diame name gyveno ir dirbo dailininkas Eugenijus Kazimirovskis, pal. M. Sopo\u010dka papra\u0161\u0117 jo nutapyti Dievo Gailestingumo paveiksl\u0105. 1934 m. pirm\u0105 pusmet\u012f \u0161v. Faustina kelis kartus per savait\u0119 \u010dia lankydavosi pa\u017ei\u016br\u0117ti, kaip tapomas paveikslas, ir duoti tolesni\u0173 nurodym\u0173.<\/p>\n<p align=\"JUSTIFY\">Vilniaus I\u0161ganytojo kalva yra istorinis Gailestingumo centras, nes nuo XVII a. \u010dia buvo \u012fsik\u016br\u0119 vizitie\u010di\u0173, misionieri\u0173 ir gailesting\u0173j\u0173 seser\u0173 (\u0161ari\u010di\u0173) vienuolynai. Misionieri\u0173 vienuolijos steig\u0117jas buvo \u0161v. Vincentas Paulietis \u2013 gailestingumo organizacij\u0173 glob\u0117jas, o vizitiet\u0117 sesuo \u0161v. Marija Margarita Alakok XVII a., patyrusi J\u0117zaus reg\u0117jimus, tapo J\u0117zaus \u0160irdies kulto pradininke.<\/p>\n<p align=\"JUSTIFY\">Sovietme\u010diu vizitie\u010di\u0173 vienuolyne ir ba\u017eny\u010dioje buvo \u012fkurta pataisos darb\u0173 kolonija, misionieri\u0173 vienuolyne \u2013 ligonin\u0117. \u0160iandien \u010dia \u012fsik\u016brusios Gailestingojo J\u0117zaus seserys ir j\u0173 pri\u017ei\u016brimas hospisas. Vienuolyno koply\u010dia \u012frengta buvusiose dailininko Eugenijus Kazimirovskio dirbtuv\u0117se. Joje gerbiamos \u0161v. Faustinos ir pal. M. Sopo\u010dkos relikvijos.<\/p>\n<\/div>\n<\/div>\n[\/vc_column_text][\/vc_column_inner][vc_column_inner column_padding=&#8221;no-extra-padding&#8221; column_padding_position=&#8221;all&#8221; background_color_opacity=&#8221;1&#8243; background_hover_color_opacity=&#8221;1&#8243; column_shadow=&#8221;none&#8221; column_border_radius=&#8221;none&#8221; width=&#8221;1\/2&#8243; column_border_width=&#8221;none&#8221; column_border_style=&#8221;solid&#8221;]<div class=\"iwithtext\"><div class=\"iwt-icon\"> <i class=\"icon-default-style icon-map-marker accent-color\"><\/i> <\/div><div class=\"iwt-text\"> <a href=\"https:\/\/www.google.com\/maps\/place\/Ras\u0173+g.+4a,+Vilnius+01300\/data=!4m2!3m1!1s0x46dd943f2d744323:0x7d2b09ca494fd72c?sa=X&amp;ved=0ahUKEwiYrbXQip7YAhUEM5oKHZoLBV4Q8gEIJjAA\" target=\"_blank\" rel=\"noopener\">Ras\u0173 g. 4a, Vilnius<\/a> <\/div><div class=\"clear\"><\/div><\/div><div class=\"iwithtext\"><div class=\"iwt-icon\"> <i class=\"icon-default-style icon-phone accent-color\"><\/i> <\/div><div class=\"iwt-text\"> Seserys susitinka su piligrimais, suteikia nakvyn\u0119, maitinim\u0105. D\u0117l susitikim\u0173 su seserimis skambinti +370 5 2121090 <\/div><div class=\"clear\"><\/div><\/div>[\/vc_column_inner][\/vc_row_inner][\/vc_column][\/vc_row][vc_row type=&#8221;in_container&#8221; full_screen_row_position=&#8221;middle&#8221; scene_position=&#8221;center&#8221; text_color=&#8221;dark&#8221; text_align=&#8221;left&#8221; overlay_strength=&#8221;0.3&#8243; shape_divider_position=&#8221;bottom&#8221;][vc_column column_padding=&#8221;no-extra-padding&#8221; column_padding_position=&#8221;all&#8221; background_color_opacity=&#8221;1&#8243; background_hover_color_opacity=&#8221;1&#8243; column_shadow=&#8221;none&#8221; column_border_radius=&#8221;none&#8221; width=&#8221;1\/1&#8243; tablet_text_alignment=&#8221;default&#8221; phone_text_alignment=&#8221;default&#8221; column_border_width=&#8221;none&#8221; column_border_style=&#8221;solid&#8221;]<div class=\"divider-wrap\"><div style=\"height: 200px;\" class=\"divider\"><\/div><\/div>[\/vc_column][\/vc_row]\n","protected":false},"excerpt":{"rendered":"<p>[vc_row type=&#8221;in_container&#8221; full_screen_row_position=&#8221;middle&#8221; scene_position=&#8221;center&#8221; text_color=&#8221;dark&#8221; text_align=&#8221;left&#8221; overlay_strength=&#8221;0.3&#8243; shape_divider_position=&#8221;bottom&#8221;][vc_column centered_text=&#8221;true&#8221; column_padding=&#8221;no-extra-padding&#8221; column_&#8230;<\/p>\n","protected":false},"author":2,"featured_media":500,"parent":38,"menu_order":0,"comment_status":"closed","ping_status":"closed","template":"","meta":{"footnotes":""},"class_list":["post-113","page","type-page","status-publish","has-post-thumbnail","hentry"],"_links":{"self":[{"href":"https:\/\/cityofmercy.lt\/lt_LT\/wp-json\/wp\/v2\/pages\/113","targetHints":{"allow":["GET"]}}],"collection":[{"href":"https:\/\/cityofmercy.lt\/lt_LT\/wp-json\/wp\/v2\/pages"}],"about":[{"href":"https:\/\/cityofmercy.lt\/lt_LT\/wp-json\/wp\/v2\/types\/page"}],"author":[{"embeddable":true,"href":"https:\/\/cityofmercy.lt\/lt_LT\/wp-json\/wp\/v2\/users\/2"}],"replies":[{"embeddable":true,"href":"https:\/\/cityofmercy.lt\/lt_LT\/wp-json\/wp\/v2\/comments?post=113"}],"version-history":[{"count":42,"href":"https:\/\/cityofmercy.lt\/lt_LT\/wp-json\/wp\/v2\/pages\/113\/revisions"}],"predecessor-version":[{"id":6146,"href":"https:\/\/cityofmercy.lt\/lt_LT\/wp-json\/wp\/v2\/pages\/113\/revisions\/6146"}],"up":[{"embeddable":true,"href":"https:\/\/cityofmercy.lt\/lt_LT\/wp-json\/wp\/v2\/pages\/38"}],"wp:featuredmedia":[{"embeddable":true,"href":"https:\/\/cityofmercy.lt\/lt_LT\/wp-json\/wp\/v2\/media\/500"}],"wp:attachment":[{"href":"https:\/\/cityofmercy.lt\/lt_LT\/wp-json\/wp\/v2\/media?parent=113"}],"curies":[{"name":"wp","href":"https:\/\/api.w.org\/{rel}","templated":true}]}}