{"id":111,"date":"2017-11-30T16:01:28","date_gmt":"2017-11-30T16:01:28","guid":{"rendered":"http:\/\/cityofmercy.lt\/?page_id=111"},"modified":"2021-05-27T18:10:13","modified_gmt":"2021-05-27T15:10:13","slug":"dievo-gailestingumo-sventove","status":"publish","type":"page","link":"https:\/\/cityofmercy.lt\/lt_LT\/objektai\/dievo-gailestingumo-sventove\/","title":{"rendered":"Dievo Gailestingumo \u0161ventov\u0117"},"content":{"rendered":"[vc_row type=&#8221;in_container&#8221; full_screen_row_position=&#8221;middle&#8221; scene_position=&#8221;center&#8221; text_color=&#8221;dark&#8221; text_align=&#8221;left&#8221; overlay_strength=&#8221;0.3&#8243; shape_divider_position=&#8221;bottom&#8221;][vc_column centered_text=&#8221;true&#8221; column_padding=&#8221;no-extra-padding&#8221; column_padding_position=&#8221;all&#8221; background_color_opacity=&#8221;1&#8243; background_hover_color_opacity=&#8221;1&#8243; column_shadow=&#8221;none&#8221; column_border_radius=&#8221;none&#8221; width=&#8221;1\/1&#8243; tablet_text_alignment=&#8221;default&#8221; phone_text_alignment=&#8221;default&#8221; column_border_width=&#8221;none&#8221; column_border_style=&#8221;solid&#8221;][vc_column_text]\n<h4><strong>Dievo Gailestingumo \u0161ventov\u0117<\/strong><\/h4>\n[\/vc_column_text]<div class=\"divider-wrap\"><div style=\"margin-top: 25px; height: 1px; margin-bottom: 25px;\" data-width=\"100%\" data-animate=\"\" data-animation-delay=\"\" data-color=\"default\" class=\"divider-border\"><\/div><\/div>[\/vc_column][\/vc_row][vc_row type=&#8221;in_container&#8221; full_screen_row_position=&#8221;middle&#8221; scene_position=&#8221;center&#8221; text_color=&#8221;dark&#8221; text_align=&#8221;left&#8221; overlay_strength=&#8221;0.3&#8243; shape_divider_position=&#8221;bottom&#8221;][vc_column column_padding=&#8221;no-extra-padding&#8221; column_padding_position=&#8221;all&#8221; background_color_opacity=&#8221;1&#8243; background_hover_color_opacity=&#8221;1&#8243; column_shadow=&#8221;none&#8221; column_border_radius=&#8221;none&#8221; top_margin=&#8221;-30&#8243; width=&#8221;1\/1&#8243; tablet_text_alignment=&#8221;default&#8221; phone_text_alignment=&#8221;default&#8221; column_border_width=&#8221;none&#8221; column_border_style=&#8221;solid&#8221;][vc_row_inner column_margin=&#8221;default&#8221; text_align=&#8221;left&#8221;][vc_column_inner column_padding=&#8221;no-extra-padding&#8221; column_padding_position=&#8221;all&#8221; background_color_opacity=&#8221;1&#8243; background_hover_color_opacity=&#8221;1&#8243; column_shadow=&#8221;none&#8221; column_border_radius=&#8221;none&#8221; width=&#8221;1\/2&#8243; column_border_width=&#8221;none&#8221; column_border_style=&#8221;solid&#8221;][nectar_video_lightbox link_style=&#8221;play_button_2&#8243; nectar_play_button_color=&#8221;Default-Accent-Color&#8221; image_url=&#8221;482&#8243; hover_effect=&#8221;defaut&#8221; box_shadow=&#8221;none&#8221; border_radius=&#8221;none&#8221; play_button_size=&#8221;default&#8221; video_url=&#8221;https:\/\/www.youtube.com\/watch?v=qu5pe4uFgbk&#8221;]<div class=\"divider-wrap\"><div style=\"height: 20px;\" class=\"divider\"><\/div><\/div>[vc_column_text]<strong>\u0160ventov\u0117 taip pat patenka \u012f<\/strong> <a href=\"http:\/\/cityofmercy.lt\/lt_LT\/marsrutai\/gailestingumo-kelias\/\" target=\"_blank\" rel=\"noopener\">Gailestingumo kelio<\/a> ir <a href=\"http:\/\/cityofmercy.lt\/lt_LT\/marsrutai\/sv-jono-pauliaus-ii-ojo-kelias\/\" target=\"_blank\" rel=\"noopener\">\u0160v. Jono Pauliaus II kelio<\/a> mar\u0161rutus[\/vc_column_text]<div class=\"divider-wrap\"><div style=\"height: 20px;\" class=\"divider\"><\/div><\/div>[vc_column_text]\n<div class=\"wpb_text_column wpb_content_element \">\n<div class=\"wpb_wrapper\">\n<p align=\"JUSTIFY\">Dievo Gailestingumo \u0161ventov\u0117je gerbiamas pirmasis Vilniuje nutapytas Dievo Gailestingumo paveikslas. Paveiksl\u0105 1935 m. pagal \u0161v. Faustinos reg\u0117jimus Vilniuje nutap\u0117 dailininkas Eugenijaus Kazimirovskis. Aprei\u0161kimuose seseriai Faustinai J\u0117zus kalb\u0117jo: \u201ePa\u017eadu, kad ta siela, kuri garbins \u0161\u012f paveiksl\u0105, nepra\u017eus. Taip pat pa\u017eadu jau \u010dia, \u017eem\u0117je, pergal\u0119 prie\u0161 prie\u0161us, ypa\u010d mirties valand\u0105. A\u0161 pats j\u0105 ginsiu kaip savo garb\u0119.\u201c<\/p>\n<p align=\"JUSTIFY\">Vizito Lietuvoje metu \u0161v. Jonas Paulius II meld\u0117si prie \u0161io paveikslo, kai jis dar buvo \u0160ventosios Dvasios ba\u017eny\u010dioje. Kalb\u0117damas tikintiesiems, popie\u017eius ragino, nepaisant nieko, stengtis b\u016bti dangi\u0161kojo T\u0117vo vaikais, pasiaukojusiais \u012esik\u016bnijusio \u017eod\u017eio mokiniais ir klusniais \u0160ventosios Dvasios \u012frankiais: \u201eTokiu Dievo \u012frankiu buvo \u0161v. Faustina, kuri pasitik\u0117jo jai apsirei\u0161kusio I\u0161ganytojo \u017eod\u017eiais ir i\u0161pild\u0117 Jo pra\u0161ym\u0105 nutapyti paguod\u0105 ir ramyb\u0119 \u017emon\u0117ms teiksiant\u012f paveiksl\u0105.\u201c<\/p>\n<p align=\"JUSTIFY\">Dabartin\u0117je Gailestingumo \u0160ventov\u0117s vietoje XV\u2013XVI a. stov\u0117jo pirmoji \u0160v\u010d. Trejyb\u0117s ba\u017eny\u010dia. XVIII a. ba\u017eny\u010dia buvo perstatyta, priklaus\u0117 Vilniaus universitetui. 1821 m. caro vald\u017eia \u0161ventov\u0119 pavert\u0117 Apsirei\u0161kimo cerkve, 1920 m. ji v\u0117l atiteko katalikams. 1946\u20131947 m. ba\u017eny\u010dioje dirbo \u0161v. Faustinos nuod\u0117mklausys pal. M. Sopo\u010dka. Po Antrojo pasaulinio karo soviet\u0173 vald\u017eia ba\u017eny\u010di\u0105 u\u017edar\u0117. 2004 m. kovo 8 d. dekretu kardinolas Audrys Juozas Ba\u010dkis \u012fsteig\u0117 Dievo Gailestingumo \u0161ventov\u0119 ir \u012f jos centrin\u012f altori\u0173 buvo perkeltas Dievo Gailestingumo paveikslas.<\/p>\n<\/div>\n<\/div>\n[\/vc_column_text][\/vc_column_inner][vc_column_inner column_padding=&#8221;no-extra-padding&#8221; column_padding_position=&#8221;all&#8221; background_color_opacity=&#8221;1&#8243; background_hover_color_opacity=&#8221;1&#8243; column_shadow=&#8221;none&#8221; column_border_radius=&#8221;none&#8221; width=&#8221;1\/2&#8243; column_border_width=&#8221;none&#8221; column_border_style=&#8221;solid&#8221;]<div class=\"iwithtext\"><div class=\"iwt-icon\"> <i class=\"icon-default-style icon-map-marker accent-color\"><\/i> <\/div><div class=\"iwt-text\"> <a href=\"https:\/\/www.google.com\/maps\/place\/Dominikon\u0173+g.+12,+Vilnius+01144\/@54.6813469,25.2832949,17z\/data=!3m1!4b1!4m5!3m4!1s0x46dd941424cd1af9:0xb1c6f2b5977b9602!8m2!3d54.6813438!4d25.2854836\" target=\"_blank\" rel=\"noopener\">Dominikon\u0173 g. 12, Vilnius<\/a> <\/div><div class=\"clear\"><\/div><\/div><div class=\"iwithtext\"><div class=\"iwt-icon\"> <i class=\"icon-default-style icon-time accent-color\"><\/i> <\/div><div class=\"iwt-text\"> \u0160ventov\u0117 atidaryta ir \u0160v\u010d. Sakramento adoracija vyksta vis\u0105 par\u0105 <\/div><div class=\"clear\"><\/div><\/div><div class=\"iwithtext\"><div class=\"iwt-icon\"> <img decoding=\"async\" src=\"https:\/\/cityofmercy.lt\/wp-content\/uploads\/2017\/12\/taurinis.png\" alt=\"\" \/> <\/div><div class=\"iwt-text\"> <strong>\u0160v. Mi\u0161ios (lietuvi\u0173 k.)<\/strong><br \/>\nI\u2013VI: 10.00, 12.00, 20.00<br \/>\nVII: 10.00, 12.00, 18.00, 20.00 <\/div><div class=\"clear\"><\/div><\/div><div class=\"iwithtext\"><div class=\"iwt-icon\">  <\/div><div class=\"iwt-text\"> <strong>\u0160v. Mi\u0161ios (lenk\u0173 k.)<\/strong><br \/>\nI\u2013VII: 16.00 <\/div><div class=\"clear\"><\/div><\/div><div class=\"iwithtext\"><div class=\"iwt-icon\">  <\/div><div class=\"iwt-text\"> <strong>\u0160v. Mi\u0161ios (pranc\u016bz\u0173 k.)<\/strong><br \/>\nAukojamos pirm\u0105 m\u0117nesio penktadien\u012f 18.00 <\/div><div class=\"clear\"><\/div><\/div><div class=\"iwithtext\"><div class=\"iwt-icon\">  <\/div><div class=\"iwt-text\"> Gailestingumo vainik\u0117lis kalbamas kasdien 12.45, 15.00 (lietuvi\u0173 k.), 15.40 (lenk\u0173 k.) <\/div><div class=\"clear\"><\/div><\/div><div class=\"iwithtext\"><div class=\"iwt-icon\"> <i class=\"icon-default-style icon-calendar accent-color\"><\/i> <\/div><div class=\"iwt-text\"> <strong>Atlaidai<\/strong><br \/>\nDievo Gailestingumo i\u0161kilm\u0117 (Gailestingumo sekmadienis) \u2013 pirmasis sekmadienis po \u0161v. Velyk\u0173<br \/>\n<a href=\"https:\/\/cityofmercy.lt\/lt_LT\/renginiai\/gailestingumo-savaite\/\" target=\"_blank\" rel=\"noopener\">Dievo Gailestingumo savait\u0117<\/a> \u2013 nuo antrosios Velyk\u0173 dienos iki Gailestingumo sekmadienio<br \/>\nKiekvienas penktadienis \u2013 ma\u017eoji \u0161ventov\u0117s i\u0161kilm\u0117 <\/div><div class=\"clear\"><\/div><\/div><div class=\"iwithtext\"><div class=\"iwt-icon\"> <i class=\"icon-default-style icon-globe accent-color\"><\/i> <\/div><div class=\"iwt-text\"> <a href=\"http:\/\/www.gailestingumas.lt\" target=\"_blank\" rel=\"noopener\">www.gailestingumas.lt<\/a> <\/div><div class=\"clear\"><\/div><\/div>[\/vc_column_inner][\/vc_row_inner][\/vc_column][\/vc_row][vc_row type=&#8221;in_container&#8221; full_screen_row_position=&#8221;middle&#8221; scene_position=&#8221;center&#8221; text_color=&#8221;dark&#8221; text_align=&#8221;left&#8221; overlay_strength=&#8221;0.3&#8243; shape_divider_position=&#8221;bottom&#8221;][vc_column column_padding=&#8221;no-extra-padding&#8221; column_padding_position=&#8221;all&#8221; background_color_opacity=&#8221;1&#8243; background_hover_color_opacity=&#8221;1&#8243; column_shadow=&#8221;none&#8221; column_border_radius=&#8221;none&#8221; width=&#8221;1\/1&#8243; tablet_text_alignment=&#8221;default&#8221; phone_text_alignment=&#8221;default&#8221; column_border_width=&#8221;none&#8221; column_border_style=&#8221;solid&#8221;]<div class=\"divider-wrap\"><div style=\"height: 200px;\" class=\"divider\"><\/div><\/div>[\/vc_column][\/vc_row]\n","protected":false},"excerpt":{"rendered":"<p>[vc_row type=&#8221;in_container&#8221; full_screen_row_position=&#8221;middle&#8221; scene_position=&#8221;center&#8221; text_color=&#8221;dark&#8221; text_align=&#8221;left&#8221; overlay_strength=&#8221;0.3&#8243; shape_divider_position=&#8221;bottom&#8221;][vc_column centered_text=&#8221;true&#8221; column_padding=&#8221;no-extra-padding&#8221; column_&#8230;<\/p>\n","protected":false},"author":2,"featured_media":0,"parent":38,"menu_order":0,"comment_status":"closed","ping_status":"closed","template":"","meta":{"footnotes":""},"class_list":["post-111","page","type-page","status-publish","hentry"],"_links":{"self":[{"href":"https:\/\/cityofmercy.lt\/lt_LT\/wp-json\/wp\/v2\/pages\/111","targetHints":{"allow":["GET"]}}],"collection":[{"href":"https:\/\/cityofmercy.lt\/lt_LT\/wp-json\/wp\/v2\/pages"}],"about":[{"href":"https:\/\/cityofmercy.lt\/lt_LT\/wp-json\/wp\/v2\/types\/page"}],"author":[{"embeddable":true,"href":"https:\/\/cityofmercy.lt\/lt_LT\/wp-json\/wp\/v2\/users\/2"}],"replies":[{"embeddable":true,"href":"https:\/\/cityofmercy.lt\/lt_LT\/wp-json\/wp\/v2\/comments?post=111"}],"version-history":[{"count":54,"href":"https:\/\/cityofmercy.lt\/lt_LT\/wp-json\/wp\/v2\/pages\/111\/revisions"}],"predecessor-version":[{"id":6020,"href":"https:\/\/cityofmercy.lt\/lt_LT\/wp-json\/wp\/v2\/pages\/111\/revisions\/6020"}],"up":[{"embeddable":true,"href":"https:\/\/cityofmercy.lt\/lt_LT\/wp-json\/wp\/v2\/pages\/38"}],"wp:attachment":[{"href":"https:\/\/cityofmercy.lt\/lt_LT\/wp-json\/wp\/v2\/media?parent=111"}],"curies":[{"name":"wp","href":"https:\/\/api.w.org\/{rel}","templated":true}]}}