{"id":107,"date":"2017-11-30T15:59:29","date_gmt":"2017-11-30T15:59:29","guid":{"rendered":"http:\/\/cityofmercy.lt\/?page_id=107"},"modified":"2021-09-17T12:04:05","modified_gmt":"2021-09-17T09:04:05","slug":"ausros-vartai","status":"publish","type":"page","link":"https:\/\/cityofmercy.lt\/lt_LT\/objektai\/ausros-vartai\/","title":{"rendered":"Au\u0161ros Vart\u0173 Gailestingumo Motinos koply\u010dia ir \u0160v. Teres\u0117s ba\u017eny\u010dia"},"content":{"rendered":"[vc_row type=&#8221;in_container&#8221; full_screen_row_position=&#8221;middle&#8221; scene_position=&#8221;center&#8221; text_color=&#8221;dark&#8221; text_align=&#8221;left&#8221; overlay_strength=&#8221;0.3&#8243; shape_divider_position=&#8221;bottom&#8221;][vc_column centered_text=&#8221;true&#8221; column_padding=&#8221;no-extra-padding&#8221; column_padding_position=&#8221;all&#8221; background_color_opacity=&#8221;1&#8243; background_hover_color_opacity=&#8221;1&#8243; column_shadow=&#8221;none&#8221; column_border_radius=&#8221;none&#8221; width=&#8221;1\/1&#8243; tablet_text_alignment=&#8221;default&#8221; phone_text_alignment=&#8221;default&#8221; column_border_width=&#8221;none&#8221; column_border_style=&#8221;solid&#8221;][vc_column_text]\n<h4><strong>Au\u0161ros Vart\u0173 Gailestingumo Motinos koply\u010dia ir \u0160v. Teres\u0117s ba\u017eny\u010dia<\/strong><\/h4>\n[\/vc_column_text]<div class=\"divider-wrap\"><div style=\"margin-top: 25px; height: 1px; margin-bottom: 25px;\" data-width=\"100%\" data-animate=\"\" data-animation-delay=\"\" data-color=\"default\" class=\"divider-border\"><\/div><\/div>[\/vc_column][\/vc_row][vc_row type=&#8221;in_container&#8221; full_screen_row_position=&#8221;middle&#8221; scene_position=&#8221;center&#8221; text_color=&#8221;dark&#8221; text_align=&#8221;left&#8221; top_padding=&#8221;-50&#8243; overlay_strength=&#8221;0.3&#8243; shape_divider_position=&#8221;bottom&#8221; shape_type=&#8221;&#8221;][vc_column column_padding=&#8221;no-extra-padding&#8221; column_padding_position=&#8221;all&#8221; background_color_opacity=&#8221;1&#8243; background_hover_color_opacity=&#8221;1&#8243; column_shadow=&#8221;none&#8221; column_border_radius=&#8221;none&#8221; top_margin=&#8221;-30&#8243; width=&#8221;1\/1&#8243; tablet_text_alignment=&#8221;default&#8221; phone_text_alignment=&#8221;default&#8221; column_border_width=&#8221;none&#8221; column_border_style=&#8221;solid&#8221;][vc_row_inner column_margin=&#8221;default&#8221; text_align=&#8221;left&#8221;][vc_column_inner column_padding=&#8221;no-extra-padding&#8221; column_padding_position=&#8221;all&#8221; background_color_opacity=&#8221;1&#8243; background_hover_color_opacity=&#8221;1&#8243; column_shadow=&#8221;none&#8221; column_border_radius=&#8221;none&#8221; width=&#8221;1\/2&#8243; column_border_width=&#8221;none&#8221; column_border_style=&#8221;solid&#8221;][nectar_video_lightbox link_style=&#8221;play_button_2&#8243; nectar_play_button_color=&#8221;Default-Accent-Color&#8221; image_url=&#8221;304&#8243; hover_effect=&#8221;defaut&#8221; box_shadow=&#8221;none&#8221; border_radius=&#8221;none&#8221; play_button_size=&#8221;default&#8221; video_url=&#8221;https:\/\/www.youtube.com\/watch?v=AIANzbLVjzc&#8221;]<div class=\"divider-wrap\"><div style=\"height: 20px;\" class=\"divider\"><\/div><\/div>[vc_column_text]<b>Objektas taip pat patenka \u012f <\/b><a href=\"http:\/\/cityofmercy.lt\/lt_LT\/marsrutai\/sv-jono-pauliaus-ii-ojo-kelias\/\" target=\"_blank\" rel=\"noopener\">\u0160v. Jono Pauliaus II kelio,<\/a>\u00a0<a href=\"http:\/\/cityofmercy.lt\/lt_LT\/marsrutai\/gailestingumo-kelias\/\" target=\"_blank\" rel=\"noopener\">Gailestingumo kelio<\/a>,\u00a0<a href=\"http:\/\/cityofmercy.lt\/lt_LT\/marsrutai\/marijos-gerbimo-vietos\/\" target=\"_blank\" rel=\"noopener\">Marijos gerbimo viet\u0173<\/a> mar\u0161rutus[\/vc_column_text]<div class=\"divider-wrap\"><div style=\"height: 20px;\" class=\"divider\"><\/div><\/div>[vc_column_text]\n<div class=\"wpb_text_column wpb_content_element \" style=\"text-align: justify;\">\n<div class=\"wpb_wrapper\">\n<p>Vizito Lietuvoje metu \u0161v. Jonas Paulius II Au\u0161ros Vart\u0173 koply\u010dioje kalb\u0117jo ro\u017einio mald\u0105. Vienoje kalboje jis prisimin\u0117, kad t\u0105 akimirk\u0105, kai buvo i\u0161rinktas \u012f Apa\u0161talo Petro sost\u0105, nuskub\u0117jo melstis \u012f Gailestingumo Motinos koply\u010di\u0105 Vatikano Bazilikos po\u017eemyje. Au\u0161ros Vart\u0173 koply\u010dia yra viena seniausi\u0173 ir svarbiausi\u0173 piligrimyst\u0117s viet\u0173 Lietuvoje. XVIII a. pabaigoje lietuviams ir lenkams ji tapo kovos u\u017e laisv\u0119 ir valstybingum\u0105 simboliu. Vilnie\u010diai Au\u0161ros Vart\u0173 Marij\u0105 gerb\u0117 kaip miesto glob\u0117j\u0105. \u0160v. Jonas Paulius II kalb\u0117jo, kad \u201e\u0161ie Vartai tapo ypatinga susitikim\u0173 su Kristaus ir Ba\u017eny\u010dios Motina, viso kra\u0161to tikin\u010di\u0173j\u0173 vienyb\u0117s vieta. Lietuvos, Lenkijos, Baltarusijos, Ukrainos ir kit\u0173 \u0161ali\u0173 krik\u0161\u010dionys susiburia, kad Mergel\u0117s Marijos akivaizdoje kaip broliai ir seserys pasidalyt\u0173 tuo pa\u010diu tik\u0117jimu, viena viltimi ir tikr\u0105ja meile.\u201c<\/p>\n<p>Gotikinio stiliaus Au\u0161ros vartai yra vieninteliai i\u0161lik\u0119 XVI a. statytos Vilniaus gynybin\u0117s sienos vartai. Gailestingumo Motinos paveikslas i\u0161 prad\u017ei\u0173 buvo \u012ftaisytas lauke ant vart\u0173 \u0161alia i\u0161orin\u0117je pus\u0117je kab\u0117jusio \u201ePasaulio I\u0161ganytojo\u201c atvaizdo. XVII a. \u012f Vilni\u0173 atvyk\u0119 basieji karmelitai gynybiniame vart\u0173 bok\u0161te pastat\u0117 koply\u010di\u0105 ir \u012f j\u0105 perk\u0117l\u0117 \u017emoni\u0173 gerbiam\u0105 paveiksl\u0105. I\u0161 prad\u017ei\u0173 \u012f koply\u010di\u0105 buvo galima patekti tik i\u0161 vienuolyno sodo, o pasaulie\u010diai meld\u0117si lauke. Galerija maldininkams buvo pastatyta XVIII a. pabaigoje, o XIX a. viduryje \u012f\u0117jimas \u012f koply\u010di\u0105 tapo atviras visiems tikintiesiems. Au\u0161ros Vart\u0173 koply\u010dia tapo vienu did\u017eiausi\u0173 Vilniaus karmelit\u0173 palikimu.<\/p>\n<p>Marijos paveikslas nutapytas XVII a. prad\u017eioje ant \u0105\u017euolini\u0173 lent\u0173 skydo pagal Nyderland\u0173 dailininko Martino de Voso pavyzd\u012f. Tai vienas i\u0161 nedaugelio Marijos paveiksl\u0173 be K\u016bdikio. Jame galima \u012f\u017evelgti ir angelo \u017einios klausan\u010di\u0105 Mergel\u0119, ir nuod\u0117mingus \u017emones prie \u0161irdies glaud\u017eian\u010di\u0105 Gailestingumo Motin\u0105.<\/p>\n<p>1927 m. Marija vainikuota popie\u017eiaus Pijaus XI pa\u0161ventintomis kar\u016bnomis ir jai suteiktas\u00a0 Gailestingumo Motinos titulas.<\/p>\n<p>Au\u0161ros Vart\u0173 koply\u010dia \u012ftraukta \u012f Europos Marijos \u0161ventovi\u0173 tinkl\u0105, jungiant\u012f 20 svarbiausi\u0173 Europos Marijos \u0161ventovi\u0173. \u0160alia Au\u0161ros Vart\u0173 koply\u010dios stovinti \u0160v. Teres\u0117s ba\u017eny\u010dia yra viena \u017eymiausi\u0173 v\u0117lyvojo baroko bebok\u0161\u010di\u0173 \u0161ventovi\u0173 Lietuvoje. Baigta statyti ir pa\u0161ventinta\u00a0 1654 m. ba\u017eny\u010dia priklaus\u0117 basiesiems karmelitams, kuri\u0173 vienuolyno pastatai buvo i\u0161sid\u0117st\u0119 prie Vilniaus miesto gynybin\u0117s sienos trij\u0173 kvartal\u0173 teritorijoje. \u0160iandien tai \u2013 vienintel\u0117 i\u0161 trij\u0173 i\u0161likusi\u0173 karmelit\u0173 ba\u017eny\u010di\u0173, veikusi\u0173 Vilniuje. 1760\u20131764 m. Vilniaus dailininkas Motiejus Slu\u0161\u010dianskis nutap\u0117 \u0161v. Teres\u0117s gyvenim\u0105 ir veikl\u0105 bei bas\u0173j\u0173 karmelit\u0173 ordino dvasingum\u0105 vaizduojan\u010dias freskas ir iliuzinius altorius. Centrinio altoriaus paveiksle vaizduojama \u0161v. Teres\u0117s ekstaz\u0117s patirtis, kai jos \u0161ird\u012f angelas perv\u0117r\u0117 Dievo meil\u0117s str\u0117le.<\/p>\n<\/div>\n<\/div>\n[\/vc_column_text][\/vc_column_inner][vc_column_inner column_padding=&#8221;no-extra-padding&#8221; column_padding_position=&#8221;all&#8221; background_color_opacity=&#8221;1&#8243; background_hover_color_opacity=&#8221;1&#8243; column_shadow=&#8221;none&#8221; column_border_radius=&#8221;none&#8221; width=&#8221;1\/2&#8243; column_border_width=&#8221;none&#8221; column_border_style=&#8221;solid&#8221;]<div class=\"iwithtext\"><div class=\"iwt-icon\"> <i class=\"icon-default-style icon-map-marker accent-color\"><\/i> <\/div><div class=\"iwt-text\"> <a href=\"https:\/\/www.google.com\/maps\/place\/Au\u0161ros+vartai\/@54.6745137,25.2887917,19.05z\/data=!4m8!1m2!2m1!1sAusros+Vartu+14!3m4!1s0x0:0x6c230215080211a!8m2!3d54.6741419!4d25.2896617\" target=\"_blank\" rel=\"noopener\">Au\u0161ros Vart\u0173 g. 14, Vilnius<\/a> <\/div><div class=\"clear\"><\/div><\/div><div class=\"iwithtext\"><div class=\"iwt-icon\"> <i class=\"icon-default-style icon-time accent-color\"><\/i> <\/div><div class=\"iwt-text\"> <strong>Koply\u010dia atidaryta<\/strong><br \/>\nI\u2013VII: 7.00\u201319.00 <\/div><div class=\"clear\"><\/div><\/div><div class=\"iwithtext\"><div class=\"iwt-icon\"> <img decoding=\"async\" src=\"https:\/\/cityofmercy.lt\/wp-content\/uploads\/2017\/12\/taurinis.png\" alt=\"\" \/> <\/div><div class=\"iwt-text\"> <strong>\u0160v. Mi\u0161ios<\/strong><br \/>\n<strong>Koply\u010dioje (lietuvi\u0173 k.)<\/strong><br \/>\nI\u2013VI: 9.00<br \/>\nVII: 9.30 <\/div><div class=\"clear\"><\/div><\/div><div class=\"iwithtext\"><div class=\"iwt-icon\">  <\/div><div class=\"iwt-text\"> <strong>Koply\u010dioje (lenk\u0173 k.)<\/strong><br \/>\nI\u2013VI: 10.00 <\/div><div class=\"clear\"><\/div><\/div><div class=\"iwithtext\"><div class=\"iwt-icon\">  <\/div><div class=\"iwt-text\"> <strong>Ba\u017eny\u010dioje (lietuvi\u0173 k.)<\/strong><br \/>\nI\u2013VI: 18.00<br \/>\nVII: 11.00<br \/>\nPirm\u0105 m\u0117nesio penktadien\u012f ir \u0161e\u0161tadien\u012f 9.00 <\/div><div class=\"clear\"><\/div><\/div><div class=\"iwithtext\"><div class=\"iwt-icon\">  <\/div><div class=\"iwt-text\"> <strong>Ba\u017eny\u010dioje (lenk\u0173 k.)<\/strong><br \/>\nI\u2013VI: 17.00<br \/>\nVII: 9.00, 13.00<br \/>\nPirm\u0105 m\u0117nesio penktadien\u012f ir \u0161e\u0161tadien\u012f 10.00 <\/div><div class=\"clear\"><\/div><\/div><div class=\"iwithtext\"><div class=\"iwt-icon\"> <i class=\"icon-default-style icon-calendar accent-color\"><\/i> <\/div><div class=\"iwt-text\"> <strong>Atlaidai<\/strong><br \/>\n<a href=\"https:\/\/cityofmercy.lt\/lt_LT\/renginiai\/ausros-vartu-gailestingumo-motinos-globos-atlaidai\/\" target=\"_blank\" rel=\"noopener\">Au\u0161ros Vart\u0173 Gailestingumo Motinos Globos atlaidai<\/a> \u0161ven\u010diami a\u0161tuonias dienas t\u0105 savait\u0119, \u012f kuri\u0105 patenka lapkri\u010dio 16 diena.<br \/>\nGailestingumo Motinos ma\u017eieji atlaidai \u2013 kiekvieno m\u0117nesio 16 dien\u0105. \u0160v. Mi\u0161ios lietuvi\u0173 k. \u2013 12.00, lenk\u0173 k. \u2013 10.00. <\/div><div class=\"clear\"><\/div><\/div><div class=\"iwithtext\"><div class=\"iwt-icon\"> <i class=\"icon-default-style icon-globe accent-color\"><\/i> <\/div><div class=\"iwt-text\"> <a href=\"http:\/\/www.ausrosvartai.lt\" target=\"_blank\" rel=\"noopener\">www.ausrosvartai.lt<\/a> <\/div><div class=\"clear\"><\/div><\/div>[\/vc_column_inner][\/vc_row_inner][\/vc_column][\/vc_row][vc_row type=&#8221;in_container&#8221; full_screen_row_position=&#8221;middle&#8221; scene_position=&#8221;center&#8221; text_color=&#8221;dark&#8221; text_align=&#8221;left&#8221; overlay_strength=&#8221;0.3&#8243; shape_divider_position=&#8221;bottom&#8221;][vc_column column_padding=&#8221;no-extra-padding&#8221; column_padding_position=&#8221;all&#8221; background_color_opacity=&#8221;1&#8243; background_hover_color_opacity=&#8221;1&#8243; column_shadow=&#8221;none&#8221; column_border_radius=&#8221;none&#8221; width=&#8221;1\/1&#8243; tablet_text_alignment=&#8221;default&#8221; phone_text_alignment=&#8221;default&#8221; column_border_width=&#8221;none&#8221; column_border_style=&#8221;solid&#8221; offset=&#8221;vc_hidden-xs&#8221;]<div class=\"divider-wrap\"><div style=\"height: 200px;\" class=\"divider\"><\/div><\/div>[\/vc_column][\/vc_row]\n","protected":false},"excerpt":{"rendered":"<p>[vc_row type=&#8221;in_container&#8221; full_screen_row_position=&#8221;middle&#8221; scene_position=&#8221;center&#8221; text_color=&#8221;dark&#8221; text_align=&#8221;left&#8221; overlay_strength=&#8221;0.3&#8243; shape_divider_position=&#8221;bottom&#8221;][vc_column centered_text=&#8221;true&#8221; column_padding=&#8221;no-extra-padding&#8221; column_&#8230;<\/p>\n","protected":false},"author":2,"featured_media":576,"parent":38,"menu_order":0,"comment_status":"closed","ping_status":"closed","template":"","meta":{"footnotes":""},"class_list":["post-107","page","type-page","status-publish","has-post-thumbnail","hentry"],"_links":{"self":[{"href":"https:\/\/cityofmercy.lt\/lt_LT\/wp-json\/wp\/v2\/pages\/107","targetHints":{"allow":["GET"]}}],"collection":[{"href":"https:\/\/cityofmercy.lt\/lt_LT\/wp-json\/wp\/v2\/pages"}],"about":[{"href":"https:\/\/cityofmercy.lt\/lt_LT\/wp-json\/wp\/v2\/types\/page"}],"author":[{"embeddable":true,"href":"https:\/\/cityofmercy.lt\/lt_LT\/wp-json\/wp\/v2\/users\/2"}],"replies":[{"embeddable":true,"href":"https:\/\/cityofmercy.lt\/lt_LT\/wp-json\/wp\/v2\/comments?post=107"}],"version-history":[{"count":116,"href":"https:\/\/cityofmercy.lt\/lt_LT\/wp-json\/wp\/v2\/pages\/107\/revisions"}],"predecessor-version":[{"id":7052,"href":"https:\/\/cityofmercy.lt\/lt_LT\/wp-json\/wp\/v2\/pages\/107\/revisions\/7052"}],"up":[{"embeddable":true,"href":"https:\/\/cityofmercy.lt\/lt_LT\/wp-json\/wp\/v2\/pages\/38"}],"wp:featuredmedia":[{"embeddable":true,"href":"https:\/\/cityofmercy.lt\/lt_LT\/wp-json\/wp\/v2\/media\/576"}],"wp:attachment":[{"href":"https:\/\/cityofmercy.lt\/lt_LT\/wp-json\/wp\/v2\/media?parent=107"}],"curies":[{"name":"wp","href":"https:\/\/api.w.org\/{rel}","templated":true}]}}