{"id":105,"date":"2017-11-30T15:56:35","date_gmt":"2017-11-30T15:56:35","guid":{"rendered":"http:\/\/cityofmercy.lt\/?page_id=105"},"modified":"2021-04-23T15:04:22","modified_gmt":"2021-04-23T15:04:22","slug":"vilniaus-arkivyskupijos-caritas-socialines-pagalbos-ir-integracijos-centras-betanija","status":"publish","type":"page","link":"https:\/\/cityofmercy.lt\/lt_LT\/susitikimai\/vilniaus-arkivyskupijos-caritas-socialines-pagalbos-ir-integracijos-centras-betanija\/","title":{"rendered":"Vilniaus arkivyskupijos \u201eCaritas\u201c socialin\u0117s pagalbos ir integracijos centras \u201eBetanija\u201c"},"content":{"rendered":"[vc_row type=&#8221;in_container&#8221; full_screen_row_position=&#8221;middle&#8221; scene_position=&#8221;center&#8221; text_color=&#8221;dark&#8221; text_align=&#8221;left&#8221; overlay_strength=&#8221;0.3&#8243; shape_divider_position=&#8221;bottom&#8221;][vc_column centered_text=&#8221;true&#8221; column_padding=&#8221;no-extra-padding&#8221; column_padding_position=&#8221;all&#8221; background_color_opacity=&#8221;1&#8243; background_hover_color_opacity=&#8221;1&#8243; column_shadow=&#8221;none&#8221; column_border_radius=&#8221;none&#8221; width=&#8221;1\/1&#8243; tablet_text_alignment=&#8221;default&#8221; phone_text_alignment=&#8221;default&#8221; column_border_width=&#8221;none&#8221; column_border_style=&#8221;solid&#8221;][vc_column_text]\n<h4><strong>Socialin\u0117s pagalbos ir integracijos centras \u201eBetanija\u201c<\/strong><\/h4>\n[\/vc_column_text]<div class=\"divider-wrap\"><div style=\"margin-top: 25px; height: 1px; margin-bottom: 25px;\" data-width=\"100%\" data-animate=\"\" data-animation-delay=\"\" data-color=\"default\" class=\"divider-border\"><\/div><\/div>[\/vc_column][\/vc_row][vc_row type=&#8221;in_container&#8221; full_screen_row_position=&#8221;middle&#8221; scene_position=&#8221;center&#8221; text_color=&#8221;dark&#8221; text_align=&#8221;left&#8221; overlay_strength=&#8221;0.3&#8243; shape_divider_position=&#8221;bottom&#8221;][vc_column column_padding=&#8221;no-extra-padding&#8221; column_padding_position=&#8221;all&#8221; background_color_opacity=&#8221;1&#8243; background_hover_color_opacity=&#8221;1&#8243; column_shadow=&#8221;none&#8221; column_border_radius=&#8221;none&#8221; width=&#8221;1\/2&#8243; tablet_text_alignment=&#8221;default&#8221; phone_text_alignment=&#8221;default&#8221; column_border_width=&#8221;none&#8221; column_border_style=&#8221;solid&#8221;][vc_gallery type=&#8221;nectarslider_style&#8221; images=&#8221;1044,1043,1042,248&#8243; flexible_slider_height=&#8221;true&#8221; bullet_navigation_style=&#8221;see_through&#8221; onclick=&#8221;link_no&#8221;][vc_column_text]Vilniaus arkivyskupijos \u201eCaritas\u201c Socialinis centras \u201eBetanija\u201c kuria erdv\u0119 \u017emoni\u0173 susitikimui, buvimui kartu ir \u012fgalinimui keisti savo gyvenimus. Betanijoje laukiami ne tik \u017emon\u0117s, kuriems reikia socialin\u0117 pagalbos (patarimais, maistu, r\u016bbais), bet ir visi norintys pad\u0117ti, patarnauti artimui.<\/p>\n<p><strong>Savanoryst\u0117s galimyb\u0117s:<\/strong><\/p>\n<ul>\n<li>Pagalba virtuv\u0117je ruo\u0161iant maist\u0105<\/li>\n<li>Pagalba sand\u0117lyje r\u016b\u0161iuojant maist\u0105<\/li>\n<li>Lankytoj\u0173 pasitikimas (registracijos punktas)<\/li>\n<li>Pagalba tvarkant patalpas, jas remontuojant<\/li>\n<li>Bendravimas su socialinio centro lankytojais ir dienos centro veikl\u0173 (k\u016brybini\u0173, ugdom\u0173j\u0173, informatyvi\u0173, pa\u017eintini\u0173 veikl\u0173) organizavimas (pilname\u010diai arba su pilname\u010di\u0173 prie\u017ei\u016bra)<\/li>\n<\/ul>\n[\/vc_column_text][\/vc_column][vc_column column_padding=&#8221;no-extra-padding&#8221; column_padding_position=&#8221;all&#8221; background_color_opacity=&#8221;1&#8243; background_hover_color_opacity=&#8221;1&#8243; column_shadow=&#8221;none&#8221; column_border_radius=&#8221;none&#8221; width=&#8221;1\/2&#8243; tablet_text_alignment=&#8221;default&#8221; phone_text_alignment=&#8221;default&#8221; column_border_width=&#8221;none&#8221; column_border_style=&#8221;solid&#8221;]<div class=\"iwithtext\"><div class=\"iwt-icon\"> <i class=\"icon-default-style icon-map-marker accent-color\"><\/i> <\/div><div class=\"iwt-text\"> <a href=\"https:\/\/goo.gl\/maps\/hy4u647KgCbkYUM1A\" target=\"_blank\" rel=\"noopener\">M. K. Paco g. 4, Vilnius<\/a> <\/div><div class=\"clear\"><\/div><\/div><div class=\"iwithtext\"><div class=\"iwt-icon\"> <i class=\"icon-default-style icon-time accent-color\"><\/i> <\/div><div class=\"iwt-text\"> <strong>Pirmadieniais\u2013Penktadieniais (10.01\u201307.01)<\/strong><br \/>\n<strong>Darbo laikas:<\/strong> 7.00\u201319.00 val.<br \/>\n<strong>Maistas dalijamas:<\/strong> 12.00\u201314.00 val.<br \/>\n<strong>Dienos centras:<\/strong> 14.00\u201319.00 val.<\/p>\n<p><strong>Pirmadieniais\u2013Penktadieniais (07.01\u201310.01)<\/strong><br \/>\n<strong>Darbo laikas:<\/strong> 7.00\u201317.00 val.<br \/>\n<strong>Maistas dalijamas:<\/strong> 12.00\u201314.00 val.<br \/>\n<strong>Dienos centras:<\/strong> 14.00\u201317.00 val. <\/div><div class=\"clear\"><\/div><\/div><div class=\"iwithtext\"><div class=\"iwt-icon\"> <i class=\"icon-default-style icon-phone accent-color\"><\/i> <\/div><div class=\"iwt-text\"> +370 602 74 234 <\/div><div class=\"clear\"><\/div><\/div><div class=\"iwithtext\"><div class=\"iwt-icon\"> <i class=\"icon-default-style icon-envelope accent-color\"><\/i> <\/div><div class=\"iwt-text\"> <a href=\"mailto:betanija@vilnius.caritas.lt\">betanija@vilnius.caritas.lt<\/a> <\/div><div class=\"clear\"><\/div><\/div><div class=\"iwithtext\"><div class=\"iwt-icon\"> <i class=\"icon-default-style icon-facebook accent-color\"><\/i> <\/div><div class=\"iwt-text\"> <a href=\"https:\/\/www.facebook.com\/socialinis.centras.betanija\/\" target=\"_blank\" rel=\"noopener\">VA Caritas socialin\u0117s pagalbos ir integracijos centras &#8220;Betanija&#8221;<\/a> <\/div><div class=\"clear\"><\/div><\/div>[\/vc_column][\/vc_row]\n","protected":false},"excerpt":{"rendered":"<p>[vc_row type=&#8221;in_container&#8221; full_screen_row_position=&#8221;middle&#8221; scene_position=&#8221;center&#8221; text_color=&#8221;dark&#8221; text_align=&#8221;left&#8221; overlay_strength=&#8221;0.3&#8243; shape_divider_position=&#8221;bottom&#8221;][vc_column centered_text=&#8221;true&#8221; column_padding=&#8221;no-extra-padding&#8221; column_&#8230;<\/p>\n","protected":false},"author":2,"featured_media":0,"parent":47,"menu_order":0,"comment_status":"closed","ping_status":"closed","template":"","meta":{"footnotes":""},"class_list":["post-105","page","type-page","status-publish","hentry"],"_links":{"self":[{"href":"https:\/\/cityofmercy.lt\/lt_LT\/wp-json\/wp\/v2\/pages\/105","targetHints":{"allow":["GET"]}}],"collection":[{"href":"https:\/\/cityofmercy.lt\/lt_LT\/wp-json\/wp\/v2\/pages"}],"about":[{"href":"https:\/\/cityofmercy.lt\/lt_LT\/wp-json\/wp\/v2\/types\/page"}],"author":[{"embeddable":true,"href":"https:\/\/cityofmercy.lt\/lt_LT\/wp-json\/wp\/v2\/users\/2"}],"replies":[{"embeddable":true,"href":"https:\/\/cityofmercy.lt\/lt_LT\/wp-json\/wp\/v2\/comments?post=105"}],"version-history":[{"count":50,"href":"https:\/\/cityofmercy.lt\/lt_LT\/wp-json\/wp\/v2\/pages\/105\/revisions"}],"predecessor-version":[{"id":6477,"href":"https:\/\/cityofmercy.lt\/lt_LT\/wp-json\/wp\/v2\/pages\/105\/revisions\/6477"}],"up":[{"embeddable":true,"href":"https:\/\/cityofmercy.lt\/lt_LT\/wp-json\/wp\/v2\/pages\/47"}],"wp:attachment":[{"href":"https:\/\/cityofmercy.lt\/lt_LT\/wp-json\/wp\/v2\/media?parent=105"}],"curies":[{"name":"wp","href":"https:\/\/api.w.org\/{rel}","templated":true}]}}