{"id":103,"date":"2017-11-30T15:55:57","date_gmt":"2017-11-30T15:55:57","guid":{"rendered":"http:\/\/cityofmercy.lt\/?page_id=103"},"modified":"2021-05-14T18:00:26","modified_gmt":"2021-05-14T15:00:26","slug":"sv-kryziaus-atradimo-kalvariju-bendruomene","status":"publish","type":"page","link":"https:\/\/cityofmercy.lt\/lt_LT\/susitikimai\/sv-kryziaus-atradimo-kalvariju-bendruomene\/","title":{"rendered":"\u0160v. Kry\u017eiaus Atradimo (Kalvarij\u0173) bendruomen\u0117"},"content":{"rendered":"[vc_row type=&#8221;in_container&#8221; full_screen_row_position=&#8221;middle&#8221; scene_position=&#8221;center&#8221; text_color=&#8221;dark&#8221; text_align=&#8221;left&#8221; overlay_strength=&#8221;0.3&#8243; shape_divider_position=&#8221;bottom&#8221;][vc_column centered_text=&#8221;true&#8221; column_padding=&#8221;no-extra-padding&#8221; column_padding_position=&#8221;all&#8221; background_color_opacity=&#8221;1&#8243; background_hover_color_opacity=&#8221;1&#8243; column_shadow=&#8221;none&#8221; column_border_radius=&#8221;none&#8221; width=&#8221;1\/1&#8243; tablet_text_alignment=&#8221;default&#8221; phone_text_alignment=&#8221;default&#8221; column_border_width=&#8221;none&#8221; column_border_style=&#8221;solid&#8221;][vc_column_text]\n<h4><strong>\u0160v. Kry\u017eiaus Atradimo (Kalvarij\u0173) bendruomen\u0117<\/strong><\/h4>\n[\/vc_column_text]<div class=\"divider-wrap\"><div style=\"margin-top: 25px; height: 1px; margin-bottom: 25px;\" data-width=\"100%\" data-animate=\"\" data-animation-delay=\"\" data-color=\"default\" class=\"divider-border\"><\/div><\/div>[\/vc_column][\/vc_row][vc_row type=&#8221;in_container&#8221; full_screen_row_position=&#8221;middle&#8221; scene_position=&#8221;center&#8221; text_color=&#8221;dark&#8221; text_align=&#8221;left&#8221; overlay_strength=&#8221;0.3&#8243; shape_divider_position=&#8221;bottom&#8221;][vc_column column_padding=&#8221;no-extra-padding&#8221; column_padding_position=&#8221;all&#8221; background_color_opacity=&#8221;1&#8243; background_hover_color_opacity=&#8221;1&#8243; column_shadow=&#8221;none&#8221; column_border_radius=&#8221;none&#8221; width=&#8221;1\/2&#8243; tablet_text_alignment=&#8221;default&#8221; phone_text_alignment=&#8221;default&#8221; column_border_width=&#8221;none&#8221; column_border_style=&#8221;solid&#8221;]<div class=\"img-with-aniamtion-wrap \" data-max-width=\"100%\" data-border-radius=\"none\"><div class=\"inner\"><img loading=\"lazy\" decoding=\"async\" data-shadow=\"none\" data-shadow-direction=\"middle\" class=\"img-with-animation \" data-delay=\"0\" height=\"400\" width=\"600\" data-animation=\"fade-in\" src=\"https:\/\/cityofmercy.lt\/wp-content\/uploads\/2017\/12\/KALVARIJOS.jpg\" srcset=\"https:\/\/cityofmercy.lt\/wp-content\/uploads\/2017\/12\/KALVARIJOS.jpg 600w, https:\/\/cityofmercy.lt\/wp-content\/uploads\/2017\/12\/KALVARIJOS-300x200.jpg 300w\" sizes=\"auto, 100vw\" alt=\"\" \/><\/div><\/div>[vc_column_text]Viena did\u017eiausi\u0173 Vilniaus arkivyskupijos parapij\u0173, kurioje priskai\u010diuojama apie 100 t\u016bkst. tikin\u010di\u0173j\u0173. Parapijoje veikia jaunimo, maldos, \u0161eim\u0173 bendruomen\u0117s, Caritas grup\u0117, anonimini\u0173 alkoholik\u0173 grup\u0117s, pranci\u0161konai pasaulie\u010diai (OFS), \u0161lovinimo grup\u0117 \u201eKalvos\u201c. \u0160v. Kry\u017eiaus Atradimo ba\u017eny\u010dia yra vieno did\u017eiausi\u0173 Europoje Kry\u017eiaus kelio dalis. Kry\u017eiaus kelias XVII a. buvo \u012fkurtas pagal J\u0117zaus laik\u0173 Jeruzal\u0117s miesto topografij\u0105 ir realius atstumus, tod\u0117l \u0161i Vilniaus miesto dalis dar vadinama Jeruzale. Ba\u017eny\u010dioje gerbiama \u0160v. Kry\u017eiaus relikvija. Tai pagrindin\u0117 Sekmini\u0173 \u0161ventimo vieta Vilniaus arkivyskupijoje.<\/p>\n<ul>\n<li>Kartu su bendruomene prisijungti savanorystei socialiniame centre \u201eBetanija\u201c<\/li>\n<li>Savanoryst\u0117 Sekmini\u0173 atlaid\u0173 metu<\/li>\n<li>Bendruomen\u0117s jaunimo susitikimai<\/li>\n<li>\u0160eim\u0173 susitikimai<\/li>\n<\/ul>\n[\/vc_column_text][\/vc_column][vc_column column_padding=&#8221;no-extra-padding&#8221; column_padding_position=&#8221;all&#8221; background_color_opacity=&#8221;1&#8243; background_hover_color_opacity=&#8221;1&#8243; column_shadow=&#8221;none&#8221; column_border_radius=&#8221;none&#8221; width=&#8221;1\/2&#8243; tablet_text_alignment=&#8221;default&#8221; phone_text_alignment=&#8221;default&#8221; column_border_width=&#8221;none&#8221; column_border_style=&#8221;solid&#8221;]<div class=\"iwithtext\"><div class=\"iwt-icon\"> <i class=\"icon-default-style icon-map-marker accent-color\"><\/i> <\/div><div class=\"iwt-text\"> <a href=\"https:\/\/www.google.lt\/maps\/place\/Kalvarij\u0173+g.+327,+Vilnius+08311\/@54.7403536,25.2773714,17z\/data=!3m1!4b1!4m5!3m4!1s0x46dd912391f6294b:0xe1209b17776f741c!8m2!3d54.7403536!4d25.2795601\" target=\"_blank\" rel=\"noopener\">Kalvarij\u0173 g. 327, Vilnius<\/a> <\/div><div class=\"clear\"><\/div><\/div><div class=\"iwithtext\"><div class=\"iwt-icon\"> <i class=\"icon-default-style icon-phone accent-color\"><\/i> <\/div><div class=\"iwt-text\"> +370 5 269 74 69 <\/div><div class=\"clear\"><\/div><\/div><div class=\"iwithtext\"><div class=\"iwt-icon\"> <i class=\"icon-default-style icon-envelope accent-color\"><\/i> <\/div><div class=\"iwt-text\"> info@vilniauskalvarijos.lt <\/div><div class=\"clear\"><\/div><\/div><div class=\"iwithtext\"><div class=\"iwt-icon\"> <i class=\"icon-default-style icon-globe accent-color\"><\/i> <\/div><div class=\"iwt-text\"> <a href=\"http:\/\/www.vilniauskalvarijos.lt\" target=\"_blank\" rel=\"noopener\">www.vilniauskalvarijos.lt<\/a> <\/div><div class=\"clear\"><\/div><\/div>[\/vc_column][\/vc_row]\n","protected":false},"excerpt":{"rendered":"<p>[vc_row type=&#8221;in_container&#8221; full_screen_row_position=&#8221;middle&#8221; scene_position=&#8221;center&#8221; text_color=&#8221;dark&#8221; text_align=&#8221;left&#8221; overlay_strength=&#8221;0.3&#8243; shape_divider_position=&#8221;bottom&#8221;][vc_column centered_text=&#8221;true&#8221; column_padding=&#8221;no-extra-padding&#8221; column_&#8230;<\/p>\n","protected":false},"author":2,"featured_media":333,"parent":47,"menu_order":0,"comment_status":"closed","ping_status":"closed","template":"","meta":{"footnotes":""},"class_list":["post-103","page","type-page","status-publish","has-post-thumbnail","hentry"],"_links":{"self":[{"href":"https:\/\/cityofmercy.lt\/lt_LT\/wp-json\/wp\/v2\/pages\/103","targetHints":{"allow":["GET"]}}],"collection":[{"href":"https:\/\/cityofmercy.lt\/lt_LT\/wp-json\/wp\/v2\/pages"}],"about":[{"href":"https:\/\/cityofmercy.lt\/lt_LT\/wp-json\/wp\/v2\/types\/page"}],"author":[{"embeddable":true,"href":"https:\/\/cityofmercy.lt\/lt_LT\/wp-json\/wp\/v2\/users\/2"}],"replies":[{"embeddable":true,"href":"https:\/\/cityofmercy.lt\/lt_LT\/wp-json\/wp\/v2\/comments?post=103"}],"version-history":[{"count":40,"href":"https:\/\/cityofmercy.lt\/lt_LT\/wp-json\/wp\/v2\/pages\/103\/revisions"}],"predecessor-version":[{"id":6554,"href":"https:\/\/cityofmercy.lt\/lt_LT\/wp-json\/wp\/v2\/pages\/103\/revisions\/6554"}],"up":[{"embeddable":true,"href":"https:\/\/cityofmercy.lt\/lt_LT\/wp-json\/wp\/v2\/pages\/47"}],"wp:featuredmedia":[{"embeddable":true,"href":"https:\/\/cityofmercy.lt\/lt_LT\/wp-json\/wp\/v2\/media\/333"}],"wp:attachment":[{"href":"https:\/\/cityofmercy.lt\/lt_LT\/wp-json\/wp\/v2\/media?parent=103"}],"curies":[{"name":"wp","href":"https:\/\/api.w.org\/{rel}","templated":true}]}}