{"id":101,"date":"2017-11-30T15:54:08","date_gmt":"2017-11-30T15:54:08","guid":{"rendered":"http:\/\/cityofmercy.lt\/?page_id=101"},"modified":"2021-01-24T17:48:41","modified_gmt":"2021-01-24T17:48:41","slug":"sv-jono-joanitu-bendruomene","status":"publish","type":"page","link":"https:\/\/cityofmercy.lt\/lt_LT\/susitikimai\/sv-jono-joanitu-bendruomene\/","title":{"rendered":"\u0160v. Jono (joanit\u0173) bendruomen\u0117"},"content":{"rendered":"[vc_row type=&#8221;in_container&#8221; full_screen_row_position=&#8221;middle&#8221; scene_position=&#8221;center&#8221; text_color=&#8221;dark&#8221; text_align=&#8221;left&#8221; overlay_strength=&#8221;0.3&#8243; shape_divider_position=&#8221;bottom&#8221;][vc_column centered_text=&#8221;true&#8221; column_padding=&#8221;no-extra-padding&#8221; column_padding_position=&#8221;all&#8221; background_color_opacity=&#8221;1&#8243; background_hover_color_opacity=&#8221;1&#8243; column_shadow=&#8221;none&#8221; column_border_radius=&#8221;none&#8221; width=&#8221;1\/1&#8243; tablet_text_alignment=&#8221;default&#8221; phone_text_alignment=&#8221;default&#8221; column_border_width=&#8221;none&#8221; column_border_style=&#8221;solid&#8221;][vc_column_text]\n<h4><strong>\u0160v. Jono (joanit\u0173) bendruomen\u0117<\/strong><\/h4>\n[\/vc_column_text]<div class=\"divider-wrap\"><div style=\"margin-top: 25px; height: 1px; margin-bottom: 25px;\" data-width=\"100%\" data-animate=\"\" data-animation-delay=\"\" data-color=\"default\" class=\"divider-border\"><\/div><\/div>[\/vc_column][\/vc_row][vc_row type=&#8221;in_container&#8221; full_screen_row_position=&#8221;middle&#8221; scene_position=&#8221;center&#8221; text_color=&#8221;dark&#8221; text_align=&#8221;left&#8221; overlay_strength=&#8221;0.3&#8243; shape_divider_position=&#8221;bottom&#8221;][vc_column column_padding=&#8221;no-extra-padding&#8221; column_padding_position=&#8221;all&#8221; background_color_opacity=&#8221;1&#8243; background_hover_color_opacity=&#8221;1&#8243; column_shadow=&#8221;none&#8221; column_border_radius=&#8221;none&#8221; width=&#8221;1\/2&#8243; tablet_text_alignment=&#8221;default&#8221; phone_text_alignment=&#8221;default&#8221; column_border_width=&#8221;none&#8221; column_border_style=&#8221;solid&#8221;][vc_gallery type=&#8221;nectarslider_style&#8221; images=&#8221;1046,1048,1049,253&#8243; flexible_slider_height=&#8221;true&#8221; bullet_navigation_style=&#8221;see_through&#8221; onclick=&#8221;link_no&#8221;][vc_column_text]\u0160v. Jono broliai ir seserys gyvena pa\u0161aukimu eiti paskui Krist\u0173 apa\u0161talo \u0161v. Jono b\u016bdu. Kaip ir \u0161v. apa\u0161talas Jonas kartu su Marija, broliai ir seserys trok\u0161ta myl\u0117ti J\u0117z\u0173 ir pa\u017einti Jo \u0161irdies paslaptis, kasdien pasinerdami \u012f tyli\u0105 vidin\u0119 mald\u0105, adoracij\u0105, \u0161v\u0119sdami Eucharistij\u0105 ir liturgines valandas. Broliai ir seserys taip pat dirba filosofin\u012f ir teologin\u012f darb\u0105. \u0160v. Jono bendruomen\u0119 sudaro trys savaranki\u0161kos vienuolijos: \u0161v. Jono broliai, \u0161v. Jono apa\u0161talin\u0117s seserys ir \u0161v. Jono kontempliatyviosios seserys, o taip pat oblatai \u2013 pasaulie\u010diai, pasi\u0161vent\u0119 Dievui pa\u017ead\u0117dami gyventi pasaulyje vienuolijos dvasingumu pagal jiems pritaikyt\u0105 gyvenimo regul\u0105. \u0160v. Jono broliai \u012f Lietuv\u0105 atvyko 1993 m.<\/p>\n<p><strong>Savanoryst\u0117s ir dalyvavimo bendruomen\u0117s gyvenime galimyb\u0117s:<\/strong><\/p>\n<ul>\n<li>\u0160lovinimo vakarai antradieniais po jaunimo \u0161v. Mi\u0161i\u0173, kurios vyksta 18:30 val.<\/li>\n<li>Taize Gailestingumo vakarai<\/li>\n<li>Nuolatin\u0117 \u0160v\u010d. Sakramento adoracija. D\u0117l galimyb\u0117s \u012fsipareigoti kreiptis \u012f vilnius@joanitai.org<\/li>\n<li>Pagalba tvarkant ba\u017eny\u010dios aplink\u0105 ir vid\u0173<\/li>\n<li>Vilniuje veikia mergin\u0173 ir vaikin\u0173 student\u0173 bendrabutis, tod\u0117l norintieji gali kreiptis d\u0117l apsigyvenimo jame.<\/li>\n<\/ul>\n[\/vc_column_text][\/vc_column][vc_column column_padding=&#8221;no-extra-padding&#8221; column_padding_position=&#8221;all&#8221; background_color_opacity=&#8221;1&#8243; background_hover_color_opacity=&#8221;1&#8243; column_shadow=&#8221;none&#8221; column_border_radius=&#8221;none&#8221; width=&#8221;1\/2&#8243; tablet_text_alignment=&#8221;default&#8221; phone_text_alignment=&#8221;default&#8221; column_border_width=&#8221;none&#8221; column_border_style=&#8221;solid&#8221;]<div class=\"iwithtext\"><div class=\"iwt-icon\"> <i class=\"icon-default-style icon-map-marker accent-color\"><\/i> <\/div><div class=\"iwt-text\"> <a href=\"https:\/\/www.google.com\/maps\/place\/Antakalnio+g.+27,+Vilnius+10312\/@54.7007531,25.3095792,17z\/data=!3m1!4b1!4m5!3m4!1s0x46dd9698a73e00e5:0xe797c57df9fa87d1!8m2!3d54.70075!4d25.3117679\" target=\"_blank\" rel=\"noopener\">Antakalnio g. 27, Vilnius<\/a> <\/div><div class=\"clear\"><\/div><\/div><div class=\"iwithtext\"><div class=\"iwt-icon\"> <i class=\"icon-default-style icon-phone accent-color\"><\/i> <\/div><div class=\"iwt-text\"> +370 677 75\u00a0163 <\/div><div class=\"clear\"><\/div><\/div><div class=\"iwithtext\"><div class=\"iwt-icon\"> <i class=\"icon-default-style icon-envelope accent-color\"><\/i> <\/div><div class=\"iwt-text\"> vilnius@joanitai.org <\/div><div class=\"clear\"><\/div><\/div><div class=\"iwithtext\"><div class=\"iwt-icon\"> <i class=\"icon-default-style icon-globe accent-color\"><\/i> <\/div><div class=\"iwt-text\"> <a href=\"http:\/\/www.joanitai.org\" target=\"_blank\" rel=\"noopener\">www.joanitai.org<\/a> <\/div><div class=\"clear\"><\/div><\/div>[\/vc_column][\/vc_row]\n","protected":false},"excerpt":{"rendered":"<p>[vc_row type=&#8221;in_container&#8221; full_screen_row_position=&#8221;middle&#8221; scene_position=&#8221;center&#8221; text_color=&#8221;dark&#8221; text_align=&#8221;left&#8221; overlay_strength=&#8221;0.3&#8243; shape_divider_position=&#8221;bottom&#8221;][vc_column centered_text=&#8221;true&#8221; column_padding=&#8221;no-extra-padding&#8221; column_&#8230;<\/p>\n","protected":false},"author":2,"featured_media":1048,"parent":47,"menu_order":0,"comment_status":"closed","ping_status":"closed","template":"","meta":{"footnotes":""},"class_list":["post-101","page","type-page","status-publish","has-post-thumbnail","hentry"],"_links":{"self":[{"href":"https:\/\/cityofmercy.lt\/lt_LT\/wp-json\/wp\/v2\/pages\/101","targetHints":{"allow":["GET"]}}],"collection":[{"href":"https:\/\/cityofmercy.lt\/lt_LT\/wp-json\/wp\/v2\/pages"}],"about":[{"href":"https:\/\/cityofmercy.lt\/lt_LT\/wp-json\/wp\/v2\/types\/page"}],"author":[{"embeddable":true,"href":"https:\/\/cityofmercy.lt\/lt_LT\/wp-json\/wp\/v2\/users\/2"}],"replies":[{"embeddable":true,"href":"https:\/\/cityofmercy.lt\/lt_LT\/wp-json\/wp\/v2\/comments?post=101"}],"version-history":[{"count":40,"href":"https:\/\/cityofmercy.lt\/lt_LT\/wp-json\/wp\/v2\/pages\/101\/revisions"}],"predecessor-version":[{"id":6095,"href":"https:\/\/cityofmercy.lt\/lt_LT\/wp-json\/wp\/v2\/pages\/101\/revisions\/6095"}],"up":[{"embeddable":true,"href":"https:\/\/cityofmercy.lt\/lt_LT\/wp-json\/wp\/v2\/pages\/47"}],"wp:featuredmedia":[{"embeddable":true,"href":"https:\/\/cityofmercy.lt\/lt_LT\/wp-json\/wp\/v2\/media\/1048"}],"wp:attachment":[{"href":"https:\/\/cityofmercy.lt\/lt_LT\/wp-json\/wp\/v2\/media?parent=101"}],"curies":[{"name":"wp","href":"https:\/\/api.w.org\/{rel}","templated":true}]}}