{"id":97,"date":"2017-11-30T15:51:35","date_gmt":"2017-11-30T15:51:35","guid":{"rendered":"http:\/\/cityofmercy.lt\/?page_id=97"},"modified":"2021-05-11T16:44:51","modified_gmt":"2021-05-11T13:44:51","slug":"bendruomeninis-integracijos-centras-kulturu-namai","status":"publish","type":"page","link":"https:\/\/cityofmercy.lt\/en_GB\/susitikimai\/bendruomeninis-integracijos-centras-kulturu-namai\/","title":{"rendered":"The community integration center \"House of Culture\u201d"},"content":{"rendered":"[vc_row type=&#8221;in_container&#8221; full_screen_row_position=&#8221;middle&#8221; scene_position=&#8221;center&#8221; text_color=&#8221;dark&#8221; text_align=&#8221;left&#8221; overlay_strength=&#8221;0.3&#8243; shape_divider_position=&#8221;bottom&#8221;][vc_column centered_text=&#8221;true&#8221; column_padding=&#8221;no-extra-padding&#8221; column_padding_position=&#8221;all&#8221; background_color_opacity=&#8221;1&#8243; background_hover_color_opacity=&#8221;1&#8243; column_shadow=&#8221;none&#8221; column_border_radius=&#8221;none&#8221; width=&#8221;1\/1&#8243; tablet_text_alignment=&#8221;default&#8221; phone_text_alignment=&#8221;default&#8221; column_border_width=&#8221;none&#8221; column_border_style=&#8221;solid&#8221;][vc_column_text]\n<h4><strong>The community integration center &#8220;House of Culture\u201d<\/strong><\/h4>\n[\/vc_column_text]<div class=\"divider-wrap\"><div style=\"margin-top: 25px; height: 1px; margin-bottom: 25px;\" data-width=\"100%\" data-animate=\"\" data-animation-delay=\"\" data-color=\"default\" class=\"divider-border\"><\/div><\/div>[\/vc_column][\/vc_row][vc_row type=&#8221;in_container&#8221; full_screen_row_position=&#8221;middle&#8221; scene_position=&#8221;center&#8221; text_color=&#8221;dark&#8221; text_align=&#8221;left&#8221; overlay_strength=&#8221;0.3&#8243; shape_divider_position=&#8221;bottom&#8221;][vc_column column_padding=&#8221;no-extra-padding&#8221; column_padding_position=&#8221;all&#8221; background_color_opacity=&#8221;1&#8243; background_hover_color_opacity=&#8221;1&#8243; column_shadow=&#8221;none&#8221; column_border_radius=&#8221;none&#8221; width=&#8221;1\/2&#8243; tablet_text_alignment=&#8221;default&#8221; phone_text_alignment=&#8221;default&#8221; column_border_width=&#8221;none&#8221; column_border_style=&#8221;solid&#8221;][vc_gallery type=&#8221;nectarslider_style&#8221; images=&#8221;1038,1039,1040,252&#8243; flexible_slider_height=&#8221;true&#8221; bullet_navigation_style=&#8221;see_through&#8221; onclick=&#8221;link_no&#8221;][vc_column_text]\n<p style=\"text-align: justify;\">The day center, &#8220;House of Culture&#8221;, serves as a gathering place for foreigners (refugees, asylum seekers, third-country nationals, as well as foreign students, volunteers, etc.) to meet with the residents of Vilnius.<\/p>\n<p style=\"text-align: justify;\">Foreigners holding a Lithuanian residence permit are provided with legal, psychological and employment counseling free of charge. Free English language classes, educational activities and special events are offered, and child care is provided during the consultations.<\/p>\n<p style=\"text-align: justify;\"><b>Volunteer opportunities:<\/b><\/p>\n<ul style=\"text-align: justify;\">\n<li>Contribute to the events for the visitors taking place in the community center or other locations in the City (for example: organize and play soccer, picnic in the park, play board games, hold a women&#8217;s craft or culinary class in our day center, go to an exhibition or concert, etc.)<\/li>\n<li>Teach an English language class to a group of refugees<\/li>\n<li>If you enjoy working with children, consider helping in our day center for an hour or two (adults or teens under adult supervision)<\/li>\n<\/ul>\n[\/vc_column_text][\/vc_column][vc_column column_padding=&#8221;no-extra-padding&#8221; column_padding_position=&#8221;all&#8221; background_color_opacity=&#8221;1&#8243; background_hover_color_opacity=&#8221;1&#8243; column_shadow=&#8221;none&#8221; column_border_radius=&#8221;none&#8221; width=&#8221;1\/2&#8243; tablet_text_alignment=&#8221;default&#8221; phone_text_alignment=&#8221;default&#8221; column_border_width=&#8221;none&#8221; column_border_style=&#8221;solid&#8221;]<div class=\"iwithtext\"><div class=\"iwt-icon\"> <i class=\"icon-default-style icon-map-marker accent-color\"><\/i> <\/div><div class=\"iwt-text\"> <a href=\"https:\/\/www.google.lt\/maps\/place\/Kalvarij\u0173+g.+39,+Vilnius+09313\/@54.6968111,25.2798373,17z\/data=!3m1!4b1!4m5!3m4!1s0x46dd9403a62162ff:0xe481ddc4ab6c0b99!8m2!3d54.696808!4d25.282026\" target=\"_blank\" rel=\"noopener\">Kalvariju Street 39 \/ Krokuvos Street, Vilnius<\/a> <\/div><div class=\"clear\"><\/div><\/div><div class=\"iwithtext\"><div class=\"iwt-icon\"> <i class=\"icon-default-style icon-time accent-color\"><\/i> <\/div><div class=\"iwt-text\"> Weekdays \u2013 11 a.m.\u20137 p.m. <\/div><div class=\"clear\"><\/div><\/div><div class=\"iwithtext\"><div class=\"iwt-icon\"> <i class=\"icon-default-style icon-envelope accent-color\"><\/i> <\/div><div class=\"iwt-text\"> kulturunamai@vilnius.caritas.lt <\/div><div class=\"clear\"><\/div><\/div><div class=\"iwithtext\"><div class=\"iwt-icon\"> <i class=\"icon-default-style icon-facebook accent-color\"><\/i> <\/div><div class=\"iwt-text\"> <a href=\"https:\/\/www.facebook.com\/uzsienieciu.integracijos.programa\/\" target=\"_blank\" rel=\"noopener\">U\u017esienie\u010di\u0173 intergracijos programa<\/a> <\/div><div class=\"clear\"><\/div><\/div><div class=\"iwithtext\"><div class=\"iwt-icon\"> <i class=\"icon-default-style icon-phone accent-color\"><\/i> <\/div><div class=\"iwt-text\"> +370 673 24 225 <\/div><div class=\"clear\"><\/div><\/div>[\/vc_column][\/vc_row]\n","protected":false},"excerpt":{"rendered":"<p>[vc_row type=&#8221;in_container&#8221; full_screen_row_position=&#8221;middle&#8221; scene_position=&#8221;center&#8221; text_color=&#8221;dark&#8221; text_align=&#8221;left&#8221; overlay_strength=&#8221;0.3&#8243; shape_divider_position=&#8221;bottom&#8221;][vc_column centered_text=&#8221;true&#8221; column_padding=&#8221;no-extra-padding&#8221; column_&#8230;<\/p>\n","protected":false},"author":2,"featured_media":0,"parent":47,"menu_order":0,"comment_status":"closed","ping_status":"closed","template":"","meta":{"footnotes":""},"class_list":["post-97","page","type-page","status-publish","hentry"],"_links":{"self":[{"href":"https:\/\/cityofmercy.lt\/en_GB\/wp-json\/wp\/v2\/pages\/97","targetHints":{"allow":["GET"]}}],"collection":[{"href":"https:\/\/cityofmercy.lt\/en_GB\/wp-json\/wp\/v2\/pages"}],"about":[{"href":"https:\/\/cityofmercy.lt\/en_GB\/wp-json\/wp\/v2\/types\/page"}],"author":[{"embeddable":true,"href":"https:\/\/cityofmercy.lt\/en_GB\/wp-json\/wp\/v2\/users\/2"}],"replies":[{"embeddable":true,"href":"https:\/\/cityofmercy.lt\/en_GB\/wp-json\/wp\/v2\/comments?post=97"}],"version-history":[{"count":40,"href":"https:\/\/cityofmercy.lt\/en_GB\/wp-json\/wp\/v2\/pages\/97\/revisions"}],"predecessor-version":[{"id":6490,"href":"https:\/\/cityofmercy.lt\/en_GB\/wp-json\/wp\/v2\/pages\/97\/revisions\/6490"}],"up":[{"embeddable":true,"href":"https:\/\/cityofmercy.lt\/en_GB\/wp-json\/wp\/v2\/pages\/47"}],"wp:attachment":[{"href":"https:\/\/cityofmercy.lt\/en_GB\/wp-json\/wp\/v2\/media?parent=97"}],"curies":[{"name":"wp","href":"https:\/\/api.w.org\/{rel}","templated":true}]}}