{"id":7934,"date":"2024-05-09T15:10:06","date_gmt":"2024-05-09T12:10:06","guid":{"rendered":"https:\/\/cityofmercy.lt\/?page_id=7934"},"modified":"2024-05-21T14:14:24","modified_gmt":"2024-05-21T11:14:24","slug":"tuskulenai","status":"publish","type":"page","link":"https:\/\/cityofmercy.lt\/en_GB\/objektai\/tuskulenai\/","title":{"rendered":"Memorial Complex of Tuskul\u0117nai Peace Park"},"content":{"rendered":"[vc_row type=&#8221;in_container&#8221; full_screen_row_position=&#8221;middle&#8221; scene_position=&#8221;center&#8221; text_color=&#8221;dark&#8221; text_align=&#8221;left&#8221; overlay_strength=&#8221;0.3&#8243; shape_divider_position=&#8221;bottom&#8221;][vc_column centered_text=&#8221;true&#8221; column_padding=&#8221;no-extra-padding&#8221; column_padding_position=&#8221;all&#8221; background_color_opacity=&#8221;1&#8243; background_hover_color_opacity=&#8221;1&#8243; column_shadow=&#8221;none&#8221; column_border_radius=&#8221;none&#8221; width=&#8221;1\/1&#8243; tablet_text_alignment=&#8221;default&#8221; phone_text_alignment=&#8221;default&#8221; column_border_width=&#8221;none&#8221; column_border_style=&#8221;solid&#8221;][vc_column_text]\n<h4><strong>Memorial Complex of Tuskul\u0117nai Peace Park<\/strong><\/h4>\n[\/vc_column_text]<div class=\"divider-wrap\"><div style=\"margin-top: 25px; height: 1px; margin-bottom: 25px;\" data-width=\"100%\" data-animate=\"\" data-animation-delay=\"\" data-color=\"default\" class=\"divider-border\"><\/div><\/div>[\/vc_column][\/vc_row][vc_row type=&#8221;in_container&#8221; full_screen_row_position=&#8221;middle&#8221; scene_position=&#8221;center&#8221; text_color=&#8221;dark&#8221; text_align=&#8221;left&#8221; overlay_strength=&#8221;0.3&#8243; shape_divider_position=&#8221;bottom&#8221;][vc_column column_padding=&#8221;no-extra-padding&#8221; column_padding_position=&#8221;all&#8221; background_color_opacity=&#8221;1&#8243; background_hover_color_opacity=&#8221;1&#8243; column_shadow=&#8221;none&#8221; column_border_radius=&#8221;none&#8221; top_margin=&#8221;-30&#8243; width=&#8221;1\/1&#8243; tablet_text_alignment=&#8221;default&#8221; phone_text_alignment=&#8221;default&#8221; column_border_width=&#8221;none&#8221; column_border_style=&#8221;solid&#8221;][vc_row_inner column_margin=&#8221;default&#8221; text_align=&#8221;left&#8221;][vc_column_inner column_padding=&#8221;no-extra-padding&#8221; column_padding_position=&#8221;all&#8221; background_color_opacity=&#8221;1&#8243; background_hover_color_opacity=&#8221;1&#8243; column_shadow=&#8221;none&#8221; column_border_radius=&#8221;none&#8221; width=&#8221;1\/2&#8243; column_border_width=&#8221;none&#8221; column_border_style=&#8221;solid&#8221;][nectar_image_with_hotspots image=&#8221;7932&#8243; preview=&#8221;https:\/\/cityofmercy.lt\/wp-content\/uploads\/2024\/05\/Tuskulenai_873-KB-scaled.jpg&#8221; color_1=&#8221;Accent-Color&#8221; hotspot_icon=&#8221;plus_sign&#8221; tooltip=&#8221;hover&#8221; tooltip_shadow=&#8221;medium_depth&#8221;][nectar_hotspot left=&#8221;11.6097%&#8221; top=&#8221;77.2271%&#8221; position=&#8221;top&#8221;][\/nectar_hotspot][\/nectar_image_with_hotspots]<div class=\"divider-wrap\"><div style=\"height: 20px;\" class=\"divider\"><\/div><\/div>[vc_column_text][\/vc_column_text]<div class=\"divider-wrap\"><div style=\"height: 20px;\" class=\"divider\"><\/div><\/div>[vc_column_text]\n<div class=\"wpb_text_column wpb_content_element \" style=\"text-align: justify;\">\n<div class=\"wpb_wrapper\">\n<p>The Memorial Complex of Tuskul\u0117nai Peace Park is a branch of the Museum of Occupation and Freedom Fights. It is a unique site that combines several completely different historical periods and shows both a glorious past and traces of the crimes committed here. Tuskul\u0117nai Manor, built in the 16th century, had a royal status. Until the middle of the 19th century, the extraordinarily magnificent palace of the manor acted as one of the cultural centers of Vilnius.<\/p>\n<p>Mid-20th century onwards, the area of Tuskul\u0117nai Manor became a place, testifying to the brutality and cruelty of the Soviet invaders. In 1944\u20131947, this was the secret burial site for those sentenced to death and executed in the NKGB (MGB) prison.<\/p>\n<p>In the complex, visitors can see a <a href=\"https:\/\/tuskulenumemorialas.lt\/en\/about-us\/pastatai\/koplycia-kolumbariumas\/\">chapel-columbarium<\/a>, the resting place of the victims of the Soviet totalitarian regime, Tuskul\u0117nai Peace Park, Tuskul\u0117nai Manor House and servants&#8217; quarters (officina), the White Manor House and the Chapel of St. Theresa.<\/p>\n<p>Exposition \u201c<a href=\"http:\/\/homo.tuskulenumemorialas.lt\/project-homo-sovieticus\/\">Project \u2013 HOMO SOVIETICUS<\/a>\u201d has been installed in the Tuskul\u0117nai Manor House. It aims at revealing the efforts and means, employed by Soviet totalitarian regime to create its new social, cultural and political environment. The White Manor House features a 17th century kiln for firing building ceramics, where bricks were made for the construction of St. Peter and Paul Church, and its basement exposition \u201c<a href=\"https:\/\/tuskulenumemorialas.lt\/en\/nuolatines-ekspozicijos\/tuskulenu-dvaro-paslaptys\/\">The Secrets of Tuskul\u0117nai Manor<\/a>\u201d reveals the mechanism of death sentences created by the Soviet totalitarian regime. One of the exhibition halls is dedicated to Bishop Vincentas Borisevi\u010dius of Tel\u0161iai, who was killed on 18 November 1946 in the internal prison of the NKGB (MGB) in Vilnius, and whose remains were buried in the territory of the Tuskul\u0117nai Manor.<\/p>\n<\/div>\n<\/div>\n[\/vc_column_text][\/vc_column_inner][vc_column_inner column_padding=&#8221;no-extra-padding&#8221; column_padding_position=&#8221;all&#8221; background_color_opacity=&#8221;1&#8243; background_hover_color_opacity=&#8221;1&#8243; column_shadow=&#8221;none&#8221; column_border_radius=&#8221;none&#8221; width=&#8221;1\/2&#8243; column_border_width=&#8221;none&#8221; column_border_style=&#8221;solid&#8221;]<div class=\"iwithtext\"><div class=\"iwt-icon\"> <i class=\"icon-default-style icon-map-marker accent-color\"><\/i> <\/div><div class=\"iwt-text\"> <a href=\"https:\/\/www.google.com\/maps\/place\/%C5%BDirm%C5%ABn%C5%B3+g.+1F,+Vilnius,+09101+Vilniaus+m.+sav.\/@54.6981264,25.3001922,17z\/data=!3m1!4b1!4m6!3m5!1s0x46dd96a0f1ab2655:0xad6a5d14bbc68fa5!8m2!3d54.6981264!4d25.3027671!16s%2Fg%2F11c5pbcth2?entry=ttu\" target=\"_blank\" rel=\"noopener\">\u017dirm\u016bn\u0173 Str. 1F, 1N, Vilnius<\/a> <\/div><div class=\"clear\"><\/div><\/div><div class=\"iwithtext\"><div class=\"iwt-icon\"> <i class=\"icon-default-style icon-time accent-color\"><\/i> <\/div><div class=\"iwt-text\"> <b>Opening hours<\/b><br \/>\nWednesday\u2013Saturday \u2013 10 a.m.\u20136 p.m.<br \/>\nSunday \u2013 10 a.m.\u2013 5 p.m. <\/div><div class=\"clear\"><\/div><\/div><div class=\"iwithtext\"><div class=\"iwt-icon\"> <i class=\"icon-default-style icon-phone accent-color\"><\/i> <\/div><div class=\"iwt-text\"> Guided tours: +370 602 87308, +370 646 46279, +370 602 04592<br \/>\nActivities and movies: +370 646 45949<br \/>\nTickets: +370 646 49629<\/p>\n<p>E-mail: tuskulenai@genocid.lt <\/div><div class=\"clear\"><\/div><\/div><div class=\"iwithtext\"><div class=\"iwt-icon\"> <i class=\"icon-default-style icon-globe accent-color\"><\/i> <\/div><div class=\"iwt-text\"> <a href=\"http:\/\/tuskulenumemorialas.lt\">tuskulenumemorialas.lt<\/a><\/p>\n <\/div><div class=\"clear\"><\/div><\/div>[\/vc_column_inner][\/vc_row_inner][\/vc_column][\/vc_row][vc_row type=&#8221;in_container&#8221; full_screen_row_position=&#8221;middle&#8221; scene_position=&#8221;center&#8221; text_color=&#8221;dark&#8221; text_align=&#8221;left&#8221; overlay_strength=&#8221;0.3&#8243; shape_divider_position=&#8221;bottom&#8221;][vc_column column_padding=&#8221;no-extra-padding&#8221; column_padding_position=&#8221;all&#8221; background_color_opacity=&#8221;1&#8243; background_hover_color_opacity=&#8221;1&#8243; column_shadow=&#8221;none&#8221; column_border_radius=&#8221;none&#8221; width=&#8221;1\/1&#8243; tablet_text_alignment=&#8221;default&#8221; phone_text_alignment=&#8221;default&#8221; column_border_width=&#8221;none&#8221; column_border_style=&#8221;solid&#8221;]<div class=\"divider-wrap\"><div style=\"height: 200px;\" class=\"divider\"><\/div><\/div>[\/vc_column][\/vc_row]\n","protected":false},"excerpt":{"rendered":"<p>[vc_row type=&#8221;in_container&#8221; full_screen_row_position=&#8221;middle&#8221; scene_position=&#8221;center&#8221; text_color=&#8221;dark&#8221; text_align=&#8221;left&#8221; overlay_strength=&#8221;0.3&#8243; shape_divider_position=&#8221;bottom&#8221;][vc_column centered_text=&#8221;true&#8221; column_padding=&#8221;no-extra-padding&#8221; column_&#8230;<\/p>\n","protected":false},"author":13,"featured_media":7932,"parent":38,"menu_order":0,"comment_status":"closed","ping_status":"closed","template":"","meta":{"footnotes":""},"class_list":["post-7934","page","type-page","status-publish","has-post-thumbnail","hentry"],"_links":{"self":[{"href":"https:\/\/cityofmercy.lt\/en_GB\/wp-json\/wp\/v2\/pages\/7934","targetHints":{"allow":["GET"]}}],"collection":[{"href":"https:\/\/cityofmercy.lt\/en_GB\/wp-json\/wp\/v2\/pages"}],"about":[{"href":"https:\/\/cityofmercy.lt\/en_GB\/wp-json\/wp\/v2\/types\/page"}],"author":[{"embeddable":true,"href":"https:\/\/cityofmercy.lt\/en_GB\/wp-json\/wp\/v2\/users\/13"}],"replies":[{"embeddable":true,"href":"https:\/\/cityofmercy.lt\/en_GB\/wp-json\/wp\/v2\/comments?post=7934"}],"version-history":[{"count":16,"href":"https:\/\/cityofmercy.lt\/en_GB\/wp-json\/wp\/v2\/pages\/7934\/revisions"}],"predecessor-version":[{"id":7952,"href":"https:\/\/cityofmercy.lt\/en_GB\/wp-json\/wp\/v2\/pages\/7934\/revisions\/7952"}],"up":[{"embeddable":true,"href":"https:\/\/cityofmercy.lt\/en_GB\/wp-json\/wp\/v2\/pages\/38"}],"wp:featuredmedia":[{"embeddable":true,"href":"https:\/\/cityofmercy.lt\/en_GB\/wp-json\/wp\/v2\/media\/7932"}],"wp:attachment":[{"href":"https:\/\/cityofmercy.lt\/en_GB\/wp-json\/wp\/v2\/media?parent=7934"}],"curies":[{"name":"wp","href":"https:\/\/api.w.org\/{rel}","templated":true}]}}