{"id":6390,"date":"2021-03-29T02:56:25","date_gmt":"2021-03-29T02:56:25","guid":{"rendered":"https:\/\/cityofmercy.lt\/?page_id=6390"},"modified":"2021-04-07T09:12:18","modified_gmt":"2021-04-07T09:12:18","slug":"pasakojimas2","status":"publish","type":"page","link":"https:\/\/cityofmercy.lt\/en_GB\/pasakojimas2\/","title":{"rendered":"Pasakojimas numeris 2"},"content":{"rendered":"[vc_row type=&#8221;full_width_background&#8221; full_screen_row_position=&#8221;middle&#8221; equal_height=&#8221;yes&#8221; content_placement=&#8221;middle&#8221; full_height=&#8221;yes&#8221; mouse_based_parallax_bg=&#8221;true&#8221; scene_position=&#8221;bottom&#8221; mouse_sensitivity=&#8221;5&#8243; layer_one_image=&#8221;193&#8243; layer_one_strength=&#8221;0.1&#8243; layer_two_strength=&#8221;0.4&#8243; layer_three_strength=&#8221;1&#8243; layer_four_image=&#8221;5143&#8243; text_color=&#8221;dark&#8221; text_align=&#8221;left&#8221; overlay_strength=&#8221;0.3&#8243; shape_divider_position=&#8221;bottom&#8221; shape_type=&#8221;&#8221;][vc_column column_padding=&#8221;no-extra-padding&#8221; column_padding_position=&#8221;all&#8221; background_color_opacity=&#8221;1&#8243; background_hover_color_opacity=&#8221;1&#8243; column_shadow=&#8221;none&#8221; column_border_radius=&#8221;none&#8221; width=&#8221;1\/1&#8243; tablet_text_alignment=&#8221;default&#8221; phone_text_alignment=&#8221;default&#8221; column_border_width=&#8221;none&#8221; column_border_style=&#8221;solid&#8221;][vc_row_inner column_margin=&#8221;default&#8221; top_padding=&#8221;5%&#8221; bottom_padding=&#8221;5%&#8221; text_align=&#8221;left&#8221;][vc_column_inner column_padding=&#8221;no-extra-padding&#8221; column_padding_position=&#8221;all&#8221; background_color_opacity=&#8221;1&#8243; background_hover_color_opacity=&#8221;1&#8243; column_shadow=&#8221;none&#8221; column_border_radius=&#8221;none&#8221; width=&#8221;1\/4&#8243; column_border_width=&#8221;none&#8221; column_border_style=&#8221;solid&#8221;][\/vc_column_inner][vc_column_inner column_padding=&#8221;no-extra-padding&#8221; column_padding_position=&#8221;all&#8221; background_color_opacity=&#8221;1&#8243; background_hover_color_opacity=&#8221;1&#8243; column_shadow=&#8221;none&#8221; column_border_radius=&#8221;none&#8221; width=&#8221;1\/2&#8243; column_border_width=&#8221;none&#8221; column_border_style=&#8221;solid&#8221;][vc_column_text]\n<h1>\u012eVADAS<\/h1>\n[\/vc_column_text]<div class=\"divider-wrap\"><div style=\"margin-top: 12px; height: 2px; margin-bottom: 12px;\" data-width=\"100%\" data-animate=\"yes\" data-animation-delay=\"\" data-color=\"accent-color\" class=\"divider-border\"><\/div><\/div>[vc_column_text]\n<h5 style=\"text-align: justify;\"><span style=\"font-weight: 400;\">Dievo Gailestingumo Motinos kongregacijos sesuo Faustina Kovalska po am\u017ein\u0173j\u0173 \u012f\u017ead\u0173 buvo paskirta \u012f vienuolyno namus Vilniuje. B\u016btent \u0161iame mieste \u012fvyko jos ir kunigo Mykolo Sopo\u010dkos susitikimas, atv\u0117r\u0119s galimyb\u0119 sklisti Dievo Gailestingumo \u017einiai. Kun. Mykolas Sopo\u010dka tapo sesers Faustinos nuod\u0117mklausiu ir dvasiniu vadovu. Jis prisid\u0117jo prie J\u0117zaus pra\u0161ym\u0173 ses. Faustinai \u012fgyvendinimo. \u0160iuose \u012fra\u0161uose pateiktos i\u0161traukos, kurios remiasi ses. Faustinos ir kun. Mykolo Sopo\u010dkos dienora\u0161\u010di\u0173 fragmentais, jo lai\u0161kais ses. Faustinai, ra\u0161ytais jai gyvenant Krokuvoje, ir kun. Mykolo atsiminimais apie ses. Faustin\u0105, atskleid\u017eia svarbiausius j\u0173 susitikim\u0173 epizodus, \u0161i\u0173 asmenybi\u0173 charakteri\u0173 skirtingum\u0105: sesers Faustinos r\u016bpest\u012f kun. M. Sopo\u010dka, jos tvirtum\u0105 perduodant \u017eini\u0105 ir pasitik\u0117jim\u0105 Dievu, o kunigo M. Sopo\u010dkos pradin\u0119 abejon\u0119, distancij\u0105 ir nepasitik\u0117jim\u0105, su laiku peraugus\u012f \u012f atidum\u0105, ry\u017et\u0105 ir uolum\u0105 besir\u016bpinant sesers perduot\u0173 pra\u0161ym\u0173 \u012fgyvendinimu.<\/span><\/h5>\n[\/vc_column_text]<div class=\"divider-wrap\"><div style=\"height: 50px;\" class=\"divider\"><\/div><\/div>[vc_column_text]\n<!--[if lt IE 9]><script>document.createElement('audio');<\/script><![endif]-->\n<audio class=\"wp-audio-shortcode\" id=\"audio-6390-1\" preload=\"none\" style=\"width: 100%;\" controls=\"controls\"><source type=\"audio\/mpeg\" src=\"https:\/\/cityofmercy.lt\/wp-content\/uploads\/2021\/03\/sample1.mp3?_=1\" \/><a href=\"https:\/\/cityofmercy.lt\/wp-content\/uploads\/2021\/03\/sample1.mp3\">https:\/\/cityofmercy.lt\/wp-content\/uploads\/2021\/03\/sample1.mp3<\/a><\/audio>\n[\/vc_column_text][\/vc_column_inner][vc_column_inner column_padding=&#8221;no-extra-padding&#8221; column_padding_position=&#8221;all&#8221; background_color_opacity=&#8221;1&#8243; background_hover_color_opacity=&#8221;1&#8243; column_shadow=&#8221;none&#8221; column_border_radius=&#8221;none&#8221; width=&#8221;1\/4&#8243; column_border_width=&#8221;none&#8221; column_border_style=&#8221;solid&#8221;][\/vc_column_inner][\/vc_row_inner][\/vc_column][\/vc_row][vc_row type=&#8221;full_width_background&#8221; full_screen_row_position=&#8221;middle&#8221; equal_height=&#8221;yes&#8221; content_placement=&#8221;middle&#8221; full_height=&#8221;yes&#8221; mouse_based_parallax_bg=&#8221;true&#8221; scene_position=&#8221;bottom&#8221; mouse_sensitivity=&#8221;5&#8243; layer_one_image=&#8221;6434&#8243; layer_one_strength=&#8221;0.1&#8243; layer_two_image=&#8221;195&#8243; layer_two_strength=&#8221;0.2&#8243; layer_three_strength=&#8221;0.4&#8243; layer_four_image=&#8221;5143&#8243; text_color=&#8221;dark&#8221; text_align=&#8221;left&#8221; overlay_strength=&#8221;0.3&#8243; shape_divider_position=&#8221;bottom&#8221; shape_type=&#8221;&#8221;][vc_column column_padding=&#8221;no-extra-padding&#8221; column_padding_position=&#8221;all&#8221; background_color_opacity=&#8221;1&#8243; background_hover_color_opacity=&#8221;1&#8243; column_shadow=&#8221;none&#8221; column_border_radius=&#8221;none&#8221; width=&#8221;1\/1&#8243; tablet_text_alignment=&#8221;default&#8221; phone_text_alignment=&#8221;default&#8221; column_border_width=&#8221;none&#8221; column_border_style=&#8221;solid&#8221;][vc_row_inner column_margin=&#8221;default&#8221; top_padding=&#8221;5%&#8221; bottom_padding=&#8221;5%&#8221; text_align=&#8221;left&#8221;][vc_column_inner column_padding=&#8221;no-extra-padding&#8221; column_padding_position=&#8221;all&#8221; background_color_opacity=&#8221;1&#8243; background_hover_color_opacity=&#8221;1&#8243; column_shadow=&#8221;none&#8221; column_border_radius=&#8221;none&#8221; width=&#8221;1\/2&#8243; column_border_width=&#8221;none&#8221; column_border_style=&#8221;solid&#8221;][\/vc_column_inner][vc_column_inner column_padding=&#8221;no-extra-padding&#8221; column_padding_position=&#8221;all&#8221; background_color_opacity=&#8221;1&#8243; background_hover_color_opacity=&#8221;1&#8243; column_shadow=&#8221;none&#8221; column_border_radius=&#8221;none&#8221; width=&#8221;1\/2&#8243; column_border_width=&#8221;none&#8221; column_border_style=&#8221;solid&#8221;][vc_column_text]\n<h3>SES. FAUSTINA KOVALSKA<\/h3>\n[\/vc_column_text][vc_column_text]1933 m. gegu\u017e\u0117, Vilnius[\/vc_column_text]<div class=\"divider-wrap\"><div style=\"margin-top: 12px; height: 2px; margin-bottom: 12px;\" data-width=\"100%\" data-animate=\"yes\" data-animation-delay=\"\" data-color=\"accent-color\" class=\"divider-border\"><\/div><\/div>[vc_column_text]\n<h5 style=\"text-align: justify;\"><span style=\"font-weight: 400;\">\u0160iandien jau esu Vilniuje. Ma\u017eu\u010diai nameliai \u2013 i\u0161sibarst\u0119 \u2013 sudaro vienuolyn\u0105. Man atrodo kiek keista po Juzefovo pastat\u0173. Seser\u0173 tik a\u0161tuoniolika. Ma\u017eas namelis, bet jos labai susigyvenusios. Visos seserys mane pri\u0117m\u0117 labai maloniai, ir tai man buvo did\u017eiul\u0117 paskata i\u0161k\u0119sti sunkumus, kurie man\u0119s lauk\u0117.<\/span><\/h5>\n[\/vc_column_text]<div class=\"divider-wrap\"><div style=\"height: 40px;\" class=\"divider\"><\/div><\/div>[vc_column_text]\n<h5 style=\"text-align: right;\"><em>Dienora\u0161tis (261)<\/em><\/h5>\n[\/vc_column_text]<div class=\"divider-wrap\"><div style=\"height: 40px;\" class=\"divider\"><\/div><\/div><div class=\"img-with-aniamtion-wrap right\" data-max-width=\"100%\" data-border-radius=\"none\"><div class=\"inner\"><img loading=\"lazy\" decoding=\"async\" data-shadow=\"none\" data-shadow-direction=\"middle\" class=\"img-with-animation \" data-delay=\"0\" height=\"137\" width=\"120\" data-animation=\"none\" src=\"https:\/\/cityofmercy.lt\/wp-content\/uploads\/2021\/03\/SAPOCKA-copy-1.png\"  alt=\"\" \/><\/div><\/div>[\/vc_column_inner][\/vc_row_inner][\/vc_column][\/vc_row][vc_row type=&#8221;full_width_background&#8221; full_screen_row_position=&#8221;middle&#8221; equal_height=&#8221;yes&#8221; content_placement=&#8221;middle&#8221; full_height=&#8221;yes&#8221; mouse_based_parallax_bg=&#8221;true&#8221; scene_position=&#8221;bottom&#8221; mouse_sensitivity=&#8221;5&#8243; layer_one_image=&#8221;6435&#8243; layer_one_strength=&#8221;0.1&#8243; layer_two_strength=&#8221;0.3&#8243; layer_three_strength=&#8221;0.3&#8243; layer_four_image=&#8221;5143&#8243; text_color=&#8221;dark&#8221; text_align=&#8221;left&#8221; overlay_strength=&#8221;0.3&#8243; shape_divider_position=&#8221;bottom&#8221; shape_type=&#8221;&#8221;][vc_column column_padding=&#8221;no-extra-padding&#8221; column_padding_position=&#8221;all&#8221; background_color_opacity=&#8221;1&#8243; background_hover_color_opacity=&#8221;1&#8243; column_shadow=&#8221;none&#8221; column_border_radius=&#8221;none&#8221; width=&#8221;1\/1&#8243; tablet_text_alignment=&#8221;default&#8221; phone_text_alignment=&#8221;default&#8221; column_border_width=&#8221;none&#8221; column_border_style=&#8221;solid&#8221;][vc_row_inner equal_height=&#8221;yes&#8221; column_margin=&#8221;default&#8221; top_padding=&#8221;5%&#8221; bottom_padding=&#8221;2%&#8221; text_align=&#8221;left&#8221;][vc_column_inner column_padding=&#8221;no-extra-padding&#8221; column_padding_position=&#8221;all&#8221; background_color_opacity=&#8221;1&#8243; background_hover_color_opacity=&#8221;1&#8243; column_shadow=&#8221;none&#8221; column_border_radius=&#8221;none&#8221; width=&#8221;1\/3&#8243; column_border_width=&#8221;none&#8221; column_border_style=&#8221;solid&#8221;][vc_column_text]\n<h3>SES. FAUSTINA KOVALSKA<\/h3>\n[\/vc_column_text]<div class=\"divider-wrap\"><div style=\"margin-top: 12px; height: 2px; margin-bottom: 12px;\" data-width=\"100%\" data-animate=\"yes\" data-animation-delay=\"\" data-color=\"accent-color\" class=\"divider-border\"><\/div><\/div>[vc_column_text]\n<h5 style=\"text-align: justify;\"><span style=\"font-weight: 400;\">J\u0117zaus gerumas beribis, \u017ead\u0117jo man regim\u0105 pagalb\u0105 \u017ee- m\u0117je ir gavau j\u0105 netrukus Vilniuje kaip kun. M. Sopo\u010dk\u0105. Dar prie\u0161 atva\u017eiuodama \u012f Vilni\u0173 pa\u017einau j\u012f vidiniu reg\u0117ji- mu. Tuomet i\u0161girdau sieloje bals\u0105: <\/span><i><span style=\"font-weight: 400;\">\u0160tai tau regima pagal- ba \u017eem\u0117je. Jis tau pad\u0117s \u012fvykdyti mano vali\u0105 \u017eem\u0117je.<\/span><\/i><\/h5>\n[\/vc_column_text]<div class=\"divider-wrap\"><div style=\"height: 20px;\" class=\"divider\"><\/div><\/div>[vc_column_text]\n<h5 style=\"text-align: right;\"><em>Dienora\u0161tis (53)<\/em><\/h5>\n[\/vc_column_text][\/vc_column_inner][vc_column_inner column_padding=&#8221;no-extra-padding&#8221; column_padding_position=&#8221;all&#8221; background_color_opacity=&#8221;1&#8243; background_hover_color_opacity=&#8221;1&#8243; column_shadow=&#8221;none&#8221; column_border_radius=&#8221;none&#8221; width=&#8221;1\/3&#8243; column_border_width=&#8221;none&#8221; column_border_style=&#8221;solid&#8221;][\/vc_column_inner][vc_column_inner column_padding=&#8221;no-extra-padding&#8221; column_padding_position=&#8221;all&#8221; background_color_opacity=&#8221;1&#8243; background_hover_color_opacity=&#8221;1&#8243; column_shadow=&#8221;none&#8221; column_border_radius=&#8221;none&#8221; width=&#8221;1\/3&#8243; column_border_width=&#8221;none&#8221; column_border_style=&#8221;solid&#8221;][vc_column_text]\n<h3 style=\"text-align: justify;\"><span data-preserver-spaces=\"true\">KUN. MYKOLAS SOPO\u010cKA<\/span><\/h3>\n[\/vc_column_text]<div class=\"divider-wrap\"><div style=\"margin-top: 12px; height: 2px; margin-bottom: 12px;\" data-width=\"100%\" data-animate=\"yes\" data-animation-delay=\"\" data-color=\"accent-color\" class=\"divider-border\"><\/div><\/div>[vc_column_text]\n<h5 style=\"text-align: justify;\"><span style=\"font-weight: 400;\">Su seserimi Faustina susipa\u017einau 1933 m., ji i\u0161 karto man pasak\u0117, kad mane pa\u017e\u012fsta jau seniau ir kad turiu b\u016bti jos vadovas ir skelbti pasauliui Dievo gailestingum\u0105. Tiems \u017eod\u017eiams nesuteikiau jokios reik\u0161m\u0117s ir ne\u017ei\u016br\u0117jau \u012f juos rimtai.<\/span><\/h5>\n<h5 style=\"text-align: justify;\"><\/h5>\n[\/vc_column_text]<div class=\"divider-wrap\"><div style=\"height: 20px;\" class=\"divider\"><\/div><\/div>[vc_column_text]\n<h5 style=\"text-align: right;\"><span data-preserver-spaces=\"true\">Dienora\u0161tis, antras s\u0105siuv. (50)<\/span><\/h5>\n[\/vc_column_text][\/vc_column_inner][\/vc_row_inner][vc_row_inner equal_height=&#8221;yes&#8221; content_placement=&#8221;top&#8221; column_margin=&#8221;default&#8221; top_padding=&#8221;2%&#8221; bottom_padding=&#8221;5%&#8221; text_align=&#8221;left&#8221;][vc_column_inner column_padding=&#8221;no-extra-padding&#8221; column_padding_position=&#8221;all&#8221; background_color_opacity=&#8221;1&#8243; background_hover_color_opacity=&#8221;1&#8243; column_shadow=&#8221;none&#8221; column_border_radius=&#8221;none&#8221; width=&#8221;1\/3&#8243; column_border_width=&#8221;none&#8221; column_border_style=&#8221;solid&#8221;]<div class=\"divider-wrap\"><div style=\"margin-top: 12px; height: 2px; margin-bottom: 12px;\" data-width=\"100%\" data-animate=\"yes\" data-animation-delay=\"\" data-color=\"extra-color-2\" class=\"divider-border\"><\/div><\/div>[vc_column_text]\n<h5 style=\"text-align: justify;\"><span style=\"font-weight: 400;\">O, kokia did\u017eiul\u0117 malon\u0117 yra tur\u0117ti sielos vadov\u0105. Kai papasakojau savo sielos vadovui apie baim\u0119, kuri mane apima d\u0117l \u0161ios pasiuntinyb\u0117s, kuriai mane Dievas naudoja kaip negab\u0173 \u012frank\u012f, dvasi\u0161kasis t\u0117vas man atsak\u0117, kad ar mes norime, ar ne, ta\u010diau Dievo vali\u0105 \u012fvykdyti privalome. Tada i\u0161girdau \u0161iuos \u017eod\u017eius: <\/span><i><span style=\"font-weight: 400;\">Kai kunigas mane pavaduoja, tai ne jis veikia, o a\u0161 per j\u012f, jo norai yra mano norai. <\/span><\/i><span style=\"font-weight: 400;\">Dabar ai\u0161kiau matau, kaip Dievas veikia per nuod\u0117mklaus\u012f ir koks yra i\u0161tikimas savo pa\u017eadams.\u00a0<\/span><\/h5>\n[\/vc_column_text][vc_column_text]\n<h5 style=\"text-align: right;\"><em>Dienora\u0161tis (331)<\/em><\/h5>\n[\/vc_column_text]<div class=\"divider-wrap\"><div style=\"height: 40px;\" class=\"divider\"><\/div><\/div><div class=\"img-with-aniamtion-wrap \" data-max-width=\"100%\" data-border-radius=\"none\"><div class=\"inner\"><img loading=\"lazy\" decoding=\"async\" data-shadow=\"none\" data-shadow-direction=\"middle\" class=\"img-with-animation \" data-delay=\"0\" height=\"137\" width=\"120\" data-animation=\"none\" src=\"https:\/\/cityofmercy.lt\/wp-content\/uploads\/2021\/03\/SAPOCKA-copy-1.png\"  alt=\"\" \/><\/div><\/div>[\/vc_column_inner][vc_column_inner column_padding=&#8221;no-extra-padding&#8221; column_padding_position=&#8221;all&#8221; background_color_opacity=&#8221;1&#8243; background_hover_color_opacity=&#8221;1&#8243; column_shadow=&#8221;none&#8221; column_border_radius=&#8221;none&#8221; width=&#8221;1\/3&#8243; column_border_width=&#8221;none&#8221; column_border_style=&#8221;solid&#8221;][\/vc_column_inner][vc_column_inner column_padding=&#8221;no-extra-padding&#8221; column_padding_position=&#8221;all&#8221; background_color_opacity=&#8221;1&#8243; background_hover_color_opacity=&#8221;1&#8243; column_shadow=&#8221;none&#8221; column_border_radius=&#8221;none&#8221; width=&#8221;1\/3&#8243; column_border_width=&#8221;none&#8221; column_border_style=&#8221;solid&#8221;]<div class=\"divider-wrap\"><div style=\"margin-top: 12px; height: 2px; margin-bottom: 12px;\" data-width=\"100%\" data-animate=\"yes\" data-animation-delay=\"\" data-color=\"extra-color-2\" class=\"divider-border\"><\/div><\/div>[vc_column_text]\n<h5 style=\"text-align: justify;\"><span style=\"font-weight: 400;\">Nors i\u0161 prad\u017ei\u0173 sesuo Faustina bijojo, dvejojo galimybe \u012fgyvendinti pra\u0161ymus ir band\u0117 nuo j\u0173 i\u0161sisukti, v\u0117liau ji pama\u017eu nurimo ir pasiek\u0117 visi\u0161kos ramyb\u0117s, u\u017etikrintu- mo ir gilaus vidinio d\u017eiaugsmo b\u016bsen\u0105 tapdama vis nuo- lankesn\u0117 ir klusnesn\u0117, vis labiau susivienijusi su Dievu ir kantresn\u0117, visi\u0161kai ir visame kame sutikdama su Jo valia.<\/span><\/h5>\n[\/vc_column_text]<div class=\"divider-wrap\"><div style=\"height: 40px;\" class=\"divider\"><\/div><\/div>[vc_column_text]\n<h5 style=\"text-align: right;\"><em>Atsiminimai apie ses. Faustin\u0105<\/em><\/h5>\n[\/vc_column_text]<div class=\"divider-wrap\"><div style=\"height: 40px;\" class=\"divider\"><\/div><\/div><div class=\"img-with-aniamtion-wrap right\" data-max-width=\"100%\" data-border-radius=\"none\"><div class=\"inner\"><img loading=\"lazy\" decoding=\"async\" data-shadow=\"none\" data-shadow-direction=\"middle\" class=\"img-with-animation \" data-delay=\"0\" height=\"137\" width=\"120\" data-animation=\"none\" src=\"https:\/\/cityofmercy.lt\/wp-content\/uploads\/2021\/03\/FAUSTINA-copy-1.png\"  alt=\"\" \/><\/div><\/div>[\/vc_column_inner][\/vc_row_inner][\/vc_column][\/vc_row][vc_row type=&#8221;full_width_background&#8221; full_screen_row_position=&#8221;middle&#8221; equal_height=&#8221;yes&#8221; content_placement=&#8221;middle&#8221; full_height=&#8221;yes&#8221; mouse_based_parallax_bg=&#8221;true&#8221; scene_position=&#8221;bottom&#8221; mouse_sensitivity=&#8221;5&#8243; layer_one_image=&#8221;217&#8243; layer_one_strength=&#8221;0.1&#8243; layer_two_strength=&#8221;0.4&#8243; layer_three_strength=&#8221;1&#8243; layer_four_image=&#8221;5143&#8243; text_color=&#8221;dark&#8221; text_align=&#8221;left&#8221; overlay_strength=&#8221;0.3&#8243; shape_divider_position=&#8221;bottom&#8221; shape_type=&#8221;&#8221;][vc_column column_padding=&#8221;no-extra-padding&#8221; column_padding_position=&#8221;all&#8221; background_color_opacity=&#8221;1&#8243; background_hover_color_opacity=&#8221;1&#8243; column_shadow=&#8221;none&#8221; column_border_radius=&#8221;none&#8221; width=&#8221;1\/1&#8243; tablet_text_alignment=&#8221;default&#8221; phone_text_alignment=&#8221;default&#8221; column_border_width=&#8221;none&#8221; column_border_style=&#8221;solid&#8221;][vc_row_inner column_margin=&#8221;default&#8221; top_padding=&#8221;5%&#8221; bottom_padding=&#8221;5%&#8221; text_align=&#8221;left&#8221;][vc_column_inner column_padding=&#8221;no-extra-padding&#8221; column_padding_position=&#8221;all&#8221; background_color_opacity=&#8221;1&#8243; background_hover_color_opacity=&#8221;1&#8243; column_shadow=&#8221;none&#8221; column_border_radius=&#8221;none&#8221; width=&#8221;1\/6&#8243; column_border_width=&#8221;none&#8221; column_border_style=&#8221;solid&#8221;][\/vc_column_inner][vc_column_inner column_padding=&#8221;no-extra-padding&#8221; column_padding_position=&#8221;all&#8221; background_color_opacity=&#8221;1&#8243; background_hover_color_opacity=&#8221;1&#8243; column_shadow=&#8221;none&#8221; column_border_radius=&#8221;none&#8221; width=&#8221;2\/3&#8243; column_border_width=&#8221;none&#8221; column_border_style=&#8221;solid&#8221;][vc_column_text]\n<h1>PABAIGA<\/h1>\n[\/vc_column_text]<div class=\"divider-wrap\"><div style=\"margin-top: 12px; height: 2px; margin-bottom: 12px;\" data-width=\"100%\" data-animate=\"yes\" data-animation-delay=\"\" data-color=\"accent-color\" class=\"divider-border\"><\/div><\/div>[vc_column_text]\n<h5 style=\"text-align: justify;\"><span style=\"font-weight: 400;\">Po ses. Faustinos mirties kun.\u00a0<\/span><span style=\"font-weight: 400;\">M. <\/span><span style=\"font-weight: 400;\">Sopo\u010dka toliau t\u0119s\u0117 prad\u0117t\u0105 \u017einios apie Dievo Gailestingum\u0105 ir \u0161io pamaldumo sklaidos darb\u0105. Jis r\u016bpinosi maldyn\u0117li\u0173, skirt\u0173 Dievo Gailestingumo pamaldumui,\u00a0 spausdinimu, taip pat paveiksl\u0117li\u0173 su Gailestingojo J\u0117zaus atvaizdu platinimu, ra\u0161\u0117 straipsnius Dievo Gailestingumo tema \u012fvairiuose teologiniuose \u017eurnaluose, pa\u017eym\u0117damas pastarosios temos teologin\u0119 reik\u0161m\u0119, prasm\u0119, biblin\u012f pagrindim\u0105. Visgi, prasid\u0117j\u0119s Antrasis pasaulinis karas ir sovietin\u0117 okupacija l\u0117m\u0117, kad Lietuva bei Dievo Gailestingumo paveikslas liko u\u017e \u201egele\u017ein\u0117s u\u017edangos\u201c. Vis d\u0117lto Dievo Gailestingumo \u017einia plito Lenkijoje, JAV.<\/span><\/h5>\n<h5 style=\"text-align: justify;\"><span style=\"font-weight: 400;\">Naujas Dievo Gailestingumo sklaidos etapas prasid\u0117jo kuomet Krokuvos\u00a0<\/span><span style=\"font-weight: 400;\">ar<\/span><span style=\"font-weight: 400;\">kivyskupo Karolio Vojtylos pastangomis buvo prad\u0117ta sesers Faustinos beatifikacijos byla, sugr\u012f\u017eta prie jos reg\u0117jim\u0173 patir\u010di\u0173 ir Gailestingumo \u017einios Ba\u017eny\u010dioje aktualizavimo. 2000 m. skelbiant seser\u012f Faustin\u0105 pirm\u0105ja prasid\u0117jusio tre\u010diojo t\u016bkstantme\u010dio \u0161vent\u0105ja, popie\u017eius Jonas Paulius II atkreip\u0117 d\u0117mes\u012f, kad gailestingumas yra svarbiausia \u017einia naujajam t\u016bkstantme\u010diui, tuo pakviesdamas vis\u0105 \u017emonij\u0105 atsigr\u0119\u017eti \u012f Dievo Gailestingum\u0105. \u012evesdamas Dievo Gailestingumo sekmadienio \u0161vent\u0119 visuotin\u0117je Katalik\u0173 Ba\u017eny\u010dioje, \u0161is popie\u017eius pa\u017eym\u0117jo jos, kaip po Velyk\u0173 sl\u0117pinio i\u0161gyvenam\u0105 susitaikinimo su \u017emonija ir santykio tarp Dievo ir \u017emogaus atkuriam\u0105j\u0105 reik\u0161m\u0119.\u00a0<\/span><\/h5>\n<h5 style=\"text-align: justify;\"><span style=\"font-weight: 400;\">Tik 2008 metais i\u0161sipild\u0117 kun. M. Sopo\u010dkos testamente pareik\u0161ta valia original\u0173 Dievo Gailestingumo paveiksl\u0105 gerbti atskiroje tam skirtoje ba\u017eny\u010dioje, Dievo Gailestingumo \u0161ventov\u0117je. \u0160i \u0161ventov\u0117 bei kitos su pal. M. Sopo\u010dkos ir \u0161v. Faustinos Kovalskos gyvenimu Vilniuje susijusios vietos atveria galimybes pa\u017einti Vilni\u0173 kaip Dievo Gailestingumo miest\u0105.<\/span><\/h5>\n[\/vc_column_text][\/vc_column_inner][vc_column_inner column_padding=&#8221;no-extra-padding&#8221; column_padding_position=&#8221;all&#8221; background_color_opacity=&#8221;1&#8243; background_hover_color_opacity=&#8221;1&#8243; column_shadow=&#8221;none&#8221; column_border_radius=&#8221;none&#8221; width=&#8221;1\/6&#8243; column_border_width=&#8221;none&#8221; column_border_style=&#8221;solid&#8221;][\/vc_column_inner][\/vc_row_inner][\/vc_column][\/vc_row]\n","protected":false},"excerpt":{"rendered":"<p>[vc_row type=&#8221;full_width_background&#8221; full_screen_row_position=&#8221;middle&#8221; equal_height=&#8221;yes&#8221; content_placement=&#8221;middle&#8221; full_height=&#8221;yes&#8221; mouse_based_parallax_bg=&#8221;true&#8221; scene_position=&#8221;bottom&#8221; mouse_sensitivity=&#8221;5&#8243; layer_one_image=&#8221;193&#8243; layer_one_str&#8230;<\/p>\n","protected":false},"author":2,"featured_media":0,"parent":0,"menu_order":0,"comment_status":"closed","ping_status":"closed","template":"","meta":{"footnotes":""},"class_list":["post-6390","page","type-page","status-publish","hentry"],"_links":{"self":[{"href":"https:\/\/cityofmercy.lt\/en_GB\/wp-json\/wp\/v2\/pages\/6390","targetHints":{"allow":["GET"]}}],"collection":[{"href":"https:\/\/cityofmercy.lt\/en_GB\/wp-json\/wp\/v2\/pages"}],"about":[{"href":"https:\/\/cityofmercy.lt\/en_GB\/wp-json\/wp\/v2\/types\/page"}],"author":[{"embeddable":true,"href":"https:\/\/cityofmercy.lt\/en_GB\/wp-json\/wp\/v2\/users\/2"}],"replies":[{"embeddable":true,"href":"https:\/\/cityofmercy.lt\/en_GB\/wp-json\/wp\/v2\/comments?post=6390"}],"version-history":[{"count":56,"href":"https:\/\/cityofmercy.lt\/en_GB\/wp-json\/wp\/v2\/pages\/6390\/revisions"}],"predecessor-version":[{"id":6471,"href":"https:\/\/cityofmercy.lt\/en_GB\/wp-json\/wp\/v2\/pages\/6390\/revisions\/6471"}],"wp:attachment":[{"href":"https:\/\/cityofmercy.lt\/en_GB\/wp-json\/wp\/v2\/media?parent=6390"}],"curies":[{"name":"wp","href":"https:\/\/api.w.org\/{rel}","templated":true}]}}