{"id":182,"date":"2017-11-30T16:30:10","date_gmt":"2017-11-30T16:30:10","guid":{"rendered":"http:\/\/cityofmercy.lt\/?page_id=182"},"modified":"2021-01-25T06:55:04","modified_gmt":"2021-01-25T06:55:04","slug":"traku-dievo-motinos-atlaidai-ir-paveikslo-karunavimo-300-metiniu-jubiliejus","status":"publish","type":"page","link":"https:\/\/cityofmercy.lt\/en_GB\/renginiai\/traku-dievo-motinos-atlaidai-ir-paveikslo-karunavimo-300-metiniu-jubiliejus\/","title":{"rendered":"The Birth of Our Lady (Trakin\u0117s)"},"content":{"rendered":"[vc_row type=&#8221;in_container&#8221; full_screen_row_position=&#8221;middle&#8221; scene_position=&#8221;center&#8221; text_color=&#8221;dark&#8221; text_align=&#8221;left&#8221; overlay_strength=&#8221;0.3&#8243; shape_divider_position=&#8221;bottom&#8221;][vc_column centered_text=&#8221;true&#8221; column_padding=&#8221;no-extra-padding&#8221; column_padding_position=&#8221;all&#8221; background_color_opacity=&#8221;1&#8243; background_hover_color_opacity=&#8221;1&#8243; column_shadow=&#8221;none&#8221; column_border_radius=&#8221;none&#8221; width=&#8221;1\/1&#8243; tablet_text_alignment=&#8221;default&#8221; phone_text_alignment=&#8221;default&#8221; column_border_width=&#8221;none&#8221; column_border_style=&#8221;solid&#8221;][vc_column_text]\n<h4><strong>Feast of\u00a0the Birth of the Mother of God \u2013 Patron of Lithuania.<\/strong> The pilgrimage Vilnius-Trakai.<\/h4>\n[\/vc_column_text]<div class=\"divider-wrap\"><div style=\"margin-top: 25px; height: 1px; margin-bottom: 25px;\" data-width=\"100%\" data-animate=\"\" data-animation-delay=\"\" data-color=\"default\" class=\"divider-border\"><\/div><\/div>[\/vc_column][\/vc_row][vc_row type=&#8221;in_container&#8221; full_screen_row_position=&#8221;middle&#8221; scene_position=&#8221;center&#8221; text_color=&#8221;dark&#8221; text_align=&#8221;left&#8221; overlay_strength=&#8221;0.3&#8243; shape_divider_position=&#8221;bottom&#8221;][vc_column column_padding=&#8221;no-extra-padding&#8221; column_padding_position=&#8221;all&#8221; background_color_opacity=&#8221;1&#8243; background_hover_color_opacity=&#8221;1&#8243; column_shadow=&#8221;none&#8221; column_border_radius=&#8221;none&#8221; width=&#8221;1\/1&#8243; tablet_text_alignment=&#8221;default&#8221; phone_text_alignment=&#8221;default&#8221; column_border_width=&#8221;none&#8221; column_border_style=&#8221;solid&#8221;][vc_row_inner column_margin=&#8221;default&#8221; text_align=&#8221;left&#8221;][vc_column_inner column_padding=&#8221;no-extra-padding&#8221; column_padding_position=&#8221;all&#8221; background_color_opacity=&#8221;1&#8243; background_hover_color_opacity=&#8221;1&#8243; column_shadow=&#8221;none&#8221; column_border_radius=&#8221;none&#8221; width=&#8221;1\/2&#8243; column_border_width=&#8221;none&#8221; column_border_style=&#8221;solid&#8221;][nectar_video_lightbox link_style=&#8221;play_button_2&#8243; nectar_play_button_color=&#8221;Default-Accent-Color&#8221; image_url=&#8221;262&#8243; hover_effect=&#8221;defaut&#8221; box_shadow=&#8221;none&#8221; border_radius=&#8221;none&#8221; play_button_size=&#8221;default&#8221; video_url=&#8221;https:\/\/www.youtube.com\/watch?v=KLpwL1aUQBc&#8221;]<div class=\"divider-wrap\"><div style=\"height: 20px;\" class=\"divider\"><\/div><\/div>[\/vc_column_inner][vc_column_inner column_padding=&#8221;no-extra-padding&#8221; column_padding_position=&#8221;all&#8221; background_color_opacity=&#8221;1&#8243; background_hover_color_opacity=&#8221;1&#8243; column_shadow=&#8221;none&#8221; column_border_radius=&#8221;none&#8221; width=&#8221;1\/2&#8243; column_border_width=&#8221;none&#8221; column_border_style=&#8221;solid&#8221;]<div class=\"iwithtext\"><div class=\"iwt-icon\"> <i class=\"icon-default-style icon-map-marker accent-color\"><\/i> <\/div><div class=\"iwt-text\"> <a href=\"https:\/\/www.google.com\/maps\/place\/Trak\u0173+\u0160v\u010d.+Mergel\u0117s+Marijos+Apsilankymo+Ba\u017eny\u010dia\/@54.6427585,24.9318228,17z\/data=!3m1!4b1!4m5!3m4!1s0x46ddf30ca5f9e3f7:0xfd70884f419d0bc9!8m2!3d54.6427585!4d24.9340115\" target=\"_blank\" rel=\"noopener\">Trakai Basilica of the Visitation of the Blessed Virgin Mary<\/a> <\/div><div class=\"clear\"><\/div><\/div><div class=\"divider-wrap\"><div style=\"height: 10px;\" class=\"divider\"><\/div><\/div><div class=\"iwithtext\"><div class=\"iwt-icon\"> <i class=\"icon-default-style icon-calendar accent-color\"><\/i> <\/div><div class=\"iwt-text\"> September 1 -8 <\/div><div class=\"clear\"><\/div><\/div><div class=\"divider-wrap\"><div style=\"margin-top: 15px; width: 20%px; height: 1px; margin-bottom: 15px;\" data-width=\"20%\" data-animate=\"\" data-animation-delay=\"\" data-color=\"accent-color\" class=\"divider-small-border\"><\/div><\/div>[vc_column_text]\n<p style=\"text-align: justify;\">Three hundred years have now passed since the miraculous image of the Trakai Mother of God, Protectress of Lithuania, was adorned with papal crowns. The parliament of Lithuania declared 2018 the Year of the Trakai Mother of God, Protectress of Lithuania, to mark the 300-year jubilee of the coronation of the image.<br \/>\nIn September 2017, the Trakai church was raised to the status of a basilica, and celebration of the jubilee year began. The title of basilica recalls the church\u2019s historical significance as one of the very first churches built after the baptism of Lithuania in the 14th century. Lithuanian Grand Duke Vytautas funded the construction of the church. Devotion to the Trakai Mother of God began to spread in the 17th century amid wars and hardship in the Commonwealth of Lithuania and Poland. People would come here to pray before the image, which was renowned for special graces. Over the years it has served as a reminder of Vytautas\u2019s majestic rule and the flourishing of the nation, becoming a pilgrimage destination for the state\u2019s leaders, nobility, and ordinary to pray for peace and prosperity in Lithuania.<br \/>\nOn September 4, 1718, the Trakai Mother of God image was adorned with golden crowns sent by Pope Clement XI and received the title Health of the Sick. It was the first image of Mary in Lithuania to be crowned by the pope and only the second worldwide outside of Rome. People came to call her Protectress of the Grand Duchy of Lithuania, and later \u2013 Protectress of Lithuania. The coronation festivities lasted eight days, giving origin to the annual indulgence feast.<br \/>\nToday pilgrims come to Trakai from nearby places and all over Lithuania to celebrate the Feast of the Nativity of Our Lady. Hundreds of young people walk in pilgrimage each year from <a href=\"https:\/\/cityofmercy.lt\/en_GB\/objektai\/ausros-vartai\/\" target=\"_blank\" rel=\"noopener\">the chapel of the Gate of Dawn<\/a> in Vilnius to <a href=\"https:\/\/cityofmercy.lt\/en_GB\/objektai\/traku-svc-mergeles-marijos-apsilankymo-bazilika\/\" target=\"_blank\" rel=\"noopener\">the Trakai Basilica<\/a> to pray before the image of the Mother of God, Protectress of Lithuania.<\/p>\n<p style=\"text-align: justify;\">For more information about Trakai Mother of God, see the description <a href=\"https:\/\/cityofmercy.lt\/en_GB\/marsrutai\/marijos-gerbimo-vietos\/\" target=\"_blank\" rel=\"noopener\">of this pilgrimage site.<\/a><\/p>\n[\/vc_column_text][\/vc_column_inner][\/vc_row_inner][\/vc_column][\/vc_row][vc_row type=&#8221;in_container&#8221; full_screen_row_position=&#8221;middle&#8221; scene_position=&#8221;center&#8221; text_color=&#8221;dark&#8221; text_align=&#8221;left&#8221; overlay_strength=&#8221;0.3&#8243; shape_divider_position=&#8221;bottom&#8221;][vc_column column_padding=&#8221;no-extra-padding&#8221; column_padding_position=&#8221;all&#8221; background_color_opacity=&#8221;1&#8243; background_hover_color_opacity=&#8221;1&#8243; column_shadow=&#8221;none&#8221; column_border_radius=&#8221;none&#8221; width=&#8221;1\/1&#8243; tablet_text_alignment=&#8221;default&#8221; phone_text_alignment=&#8221;default&#8221; column_border_width=&#8221;none&#8221; column_border_style=&#8221;solid&#8221;]<div class=\"divider-wrap\"><div style=\"height: 200px;\" class=\"divider\"><\/div><\/div>[\/vc_column][\/vc_row]\n","protected":false},"excerpt":{"rendered":"<p>[vc_row type=&#8221;in_container&#8221; full_screen_row_position=&#8221;middle&#8221; scene_position=&#8221;center&#8221; text_color=&#8221;dark&#8221; text_align=&#8221;left&#8221; overlay_strength=&#8221;0.3&#8243; shape_divider_position=&#8221;bottom&#8221;][vc_column centered_text=&#8221;true&#8221; column_padding=&#8221;no-extra-padding&#8221; column_&#8230;<\/p>\n","protected":false},"author":2,"featured_media":262,"parent":51,"menu_order":0,"comment_status":"closed","ping_status":"closed","template":"","meta":{"footnotes":""},"class_list":["post-182","page","type-page","status-publish","has-post-thumbnail","hentry"],"_links":{"self":[{"href":"https:\/\/cityofmercy.lt\/en_GB\/wp-json\/wp\/v2\/pages\/182","targetHints":{"allow":["GET"]}}],"collection":[{"href":"https:\/\/cityofmercy.lt\/en_GB\/wp-json\/wp\/v2\/pages"}],"about":[{"href":"https:\/\/cityofmercy.lt\/en_GB\/wp-json\/wp\/v2\/types\/page"}],"author":[{"embeddable":true,"href":"https:\/\/cityofmercy.lt\/en_GB\/wp-json\/wp\/v2\/users\/2"}],"replies":[{"embeddable":true,"href":"https:\/\/cityofmercy.lt\/en_GB\/wp-json\/wp\/v2\/comments?post=182"}],"version-history":[{"count":57,"href":"https:\/\/cityofmercy.lt\/en_GB\/wp-json\/wp\/v2\/pages\/182\/revisions"}],"predecessor-version":[{"id":5944,"href":"https:\/\/cityofmercy.lt\/en_GB\/wp-json\/wp\/v2\/pages\/182\/revisions\/5944"}],"up":[{"embeddable":true,"href":"https:\/\/cityofmercy.lt\/en_GB\/wp-json\/wp\/v2\/pages\/51"}],"wp:featuredmedia":[{"embeddable":true,"href":"https:\/\/cityofmercy.lt\/en_GB\/wp-json\/wp\/v2\/media\/262"}],"wp:attachment":[{"href":"https:\/\/cityofmercy.lt\/en_GB\/wp-json\/wp\/v2\/media?parent=182"}],"curies":[{"name":"wp","href":"https:\/\/api.w.org\/{rel}","templated":true}]}}