{"id":167,"date":"2017-11-30T16:24:17","date_gmt":"2017-11-30T16:24:17","guid":{"rendered":"http:\/\/cityofmercy.lt\/?page_id=167"},"modified":"2021-01-25T06:48:00","modified_gmt":"2021-01-25T06:48:00","slug":"ausros-vartu-gailestingumo-motinos-globos-atlaidai","status":"publish","type":"page","link":"https:\/\/cityofmercy.lt\/en_GB\/renginiai\/ausros-vartu-gailestingumo-motinos-globos-atlaidai\/","title":{"rendered":"Feast of the Dawn Gate Mother of Mercy"},"content":{"rendered":"[vc_row type=&#8221;in_container&#8221; full_screen_row_position=&#8221;middle&#8221; scene_position=&#8221;center&#8221; text_color=&#8221;dark&#8221; text_align=&#8221;left&#8221; overlay_strength=&#8221;0.3&#8243; shape_divider_position=&#8221;bottom&#8221;][vc_column centered_text=&#8221;true&#8221; column_padding=&#8221;no-extra-padding&#8221; column_padding_position=&#8221;all&#8221; background_color_opacity=&#8221;1&#8243; background_hover_color_opacity=&#8221;1&#8243; column_shadow=&#8221;none&#8221; column_border_radius=&#8221;none&#8221; width=&#8221;1\/1&#8243; tablet_text_alignment=&#8221;default&#8221; phone_text_alignment=&#8221;default&#8221; column_border_width=&#8221;none&#8221; column_border_style=&#8221;solid&#8221;][vc_column_text]\n<h4><b>Feast of Our Lady of the Gate of Dawn.<\/b> The Mother of God, clothed with the sun.<\/h4>\n[\/vc_column_text]<div class=\"divider-wrap\"><div style=\"margin-top: 25px; height: 1px; margin-bottom: 25px;\" data-width=\"100%\" data-animate=\"\" data-animation-delay=\"\" data-color=\"default\" class=\"divider-border\"><\/div><\/div>[\/vc_column][\/vc_row][vc_row type=&#8221;in_container&#8221; full_screen_row_position=&#8221;middle&#8221; scene_position=&#8221;center&#8221; text_color=&#8221;dark&#8221; text_align=&#8221;left&#8221; overlay_strength=&#8221;0.3&#8243; shape_divider_position=&#8221;bottom&#8221;][vc_column column_padding=&#8221;no-extra-padding&#8221; column_padding_position=&#8221;all&#8221; background_color_opacity=&#8221;1&#8243; background_hover_color_opacity=&#8221;1&#8243; column_shadow=&#8221;none&#8221; column_border_radius=&#8221;none&#8221; width=&#8221;1\/1&#8243; tablet_text_alignment=&#8221;default&#8221; phone_text_alignment=&#8221;default&#8221; column_border_width=&#8221;none&#8221; column_border_style=&#8221;solid&#8221;][vc_row_inner column_margin=&#8221;default&#8221; text_align=&#8221;left&#8221;][vc_column_inner column_padding=&#8221;no-extra-padding&#8221; column_padding_position=&#8221;all&#8221; background_color_opacity=&#8221;1&#8243; background_hover_color_opacity=&#8221;1&#8243; column_shadow=&#8221;none&#8221; column_border_radius=&#8221;none&#8221; width=&#8221;1\/2&#8243; column_border_width=&#8221;none&#8221; column_border_style=&#8221;solid&#8221;][nectar_video_lightbox link_style=&#8221;play_button_2&#8243; nectar_play_button_color=&#8221;Default-Accent-Color&#8221; image_url=&#8221;576&#8243; hover_effect=&#8221;defaut&#8221; box_shadow=&#8221;none&#8221; border_radius=&#8221;none&#8221; play_button_size=&#8221;default&#8221; video_url=&#8221;https:\/\/www.youtube.com\/watch?v=AIANzbLVjzc&#8221;]<div class=\"divider-wrap\"><div style=\"height: 20px;\" class=\"divider\"><\/div><\/div>[\/vc_column_inner][vc_column_inner column_padding=&#8221;no-extra-padding&#8221; column_padding_position=&#8221;all&#8221; background_color_opacity=&#8221;1&#8243; background_hover_color_opacity=&#8221;1&#8243; column_shadow=&#8221;none&#8221; column_border_radius=&#8221;none&#8221; width=&#8221;1\/2&#8243; column_border_width=&#8221;none&#8221; column_border_style=&#8221;solid&#8221;]<div class=\"iwithtext\"><div class=\"iwt-icon\"> <i class=\"icon-default-style icon-map-marker accent-color\"><\/i> <\/div><div class=\"iwt-text\"> <a href=\"https:\/\/www.google.lt\/maps\/place\/Vilniaus+Au\u0161ros+Vart\u0173+\u0160v\u010d.+Mergel\u0117s+Marijos,+Gailestingumo+Motinos,+koply\u010dia\/@54.6743752,25.2874017,17z\/data=!3m1!4b1!4m5!3m4!1s0x46dd9440638f6491:0x73ba7d0fc05293db!8m2!3d54.6743721!4d25.2895904?hl=lt\">Dawn Gate Chapel of Our Lady of Mercy<\/a> <\/div><div class=\"clear\"><\/div><\/div><div class=\"divider-wrap\"><div style=\"height: 10px;\" class=\"divider\"><\/div><\/div><div class=\"iwithtext\"><div class=\"iwt-icon\"> <i class=\"icon-default-style icon-calendar accent-color\"><\/i> <\/div><div class=\"iwt-text\"> The Indulgence Feast of the Dawn Gate Mother of Mercy is celebrated during the eight days of the week in which November 16 falls. <\/div><div class=\"clear\"><\/div><\/div><div class=\"divider-wrap\"><div style=\"margin-top: 15px; width: 20%px; height: 1px; margin-bottom: 15px;\" data-width=\"20%\" data-animate=\"\" data-animation-delay=\"\" data-color=\"accent-color\" class=\"divider-small-border\"><\/div><\/div>[vc_column_text]\n<div class=\"wpb_text_column wpb_content_element \" style=\"text-align: justify;\">\n<div class=\"wpb_wrapper\">\n<p>Already in the 17<sup>th<\/sup> century, the image of Our Lady of Mercy at <a href=\"https:\/\/cityofmercy.lt\/en_GB\/objektai\/ausros-vartai\/\" target=\"_blank\" rel=\"noopener\">the Gate of Dawn<\/a> gained fame for miracles and special graces. Over time many traditions of devotion developed around it. The solemnity of the Dawn Gate Mother of Mercy is celebrated still today and remains one of the most important feasts in the Archdiocese of Vilnius. Its tradition dates back to 1735, when the Feast of the Protection of the Blessed Virgin Mary was first celebrated during the second week of November. In 1761, the Fraternity of the Protection of Our Lady was established, and in 1773 it was given two privileges by Pope Clement XIV. The first privilege granted an indulgence to the members of the fraternity when they joined and on the feast of Mary\u2019s Protection. The second attached an indulgence to Holy Mass for deceased members. Since then, the celebration of Mary\u2019s Protection has grown into the great Indulgence Feast of the Dawn Gate Mother of Mercy. Today the feast is celebrated from Sunday to Sunday of the week in which November 16 falls.<\/p>\n<p>The Dawn Gate Mother of Mercy is also an important part of other feasts in the Archdiocese of Vilnius. On the eve of <a href=\"https:\/\/cityofmercy.lt\/en_GB\/renginiai\/gailestingumo-savaite\/\" target=\"_blank\" rel=\"noopener\">Divine Mercy Sunday<\/a>, the chapel at the Gate of Dawn is the starting point for an ecumenical Way of Light procession which ends at <a href=\"https:\/\/cityofmercy.lt\/en_GB\/objektai\/dievo-gailestingumo-sventove\/\" target=\"_blank\" rel=\"noopener\">the Shrine of Divine Mercy<\/a>. The annual Corpus Christi procession, which starts at <a href=\"https:\/\/cityofmercy.lt\/en_GB\/objektai\/vilniaus-arkikatedra-bazilika\/\" target=\"_blank\" rel=\"noopener\">the Vilnius Cathedral Basilica<\/a>, finishes at the Gate of Dawn chapel. Our Lady of the Gate of Dawn is also the starting point for an annual youth pilgrimage to <a href=\"https:\/\/cityofmercy.lt\/en_GB\/objektai\/traku-svc-mergeles-marijos-apsilankymo-bazilika\/\" target=\"_blank\" rel=\"noopener\">the Trakai Basilica of the Visitation of the Blessed Virgin Mary<\/a>, where the image of the Mother of God, Protectress of Lithuania, is venerated.<\/p>\n<p>For more information about Our Lady of Mercy of the Gate of Dawn, see the description of <a href=\"https:\/\/cityofmercy.lt\/en_GB\/marsrutai\/marijos-gerbimo-vietos\/\" target=\"_blank\" rel=\"noopener\">this pilgrimage site.<\/a><\/p>\n<\/div>\n<\/div>\n[\/vc_column_text][\/vc_column_inner][\/vc_row_inner][\/vc_column][\/vc_row][vc_row type=&#8221;in_container&#8221; full_screen_row_position=&#8221;middle&#8221; scene_position=&#8221;center&#8221; text_color=&#8221;dark&#8221; text_align=&#8221;left&#8221; overlay_strength=&#8221;0.3&#8243; shape_divider_position=&#8221;bottom&#8221;][vc_column column_padding=&#8221;no-extra-padding&#8221; column_padding_position=&#8221;all&#8221; background_color_opacity=&#8221;1&#8243; background_hover_color_opacity=&#8221;1&#8243; column_shadow=&#8221;none&#8221; column_border_radius=&#8221;none&#8221; width=&#8221;1\/1&#8243; tablet_text_alignment=&#8221;default&#8221; phone_text_alignment=&#8221;default&#8221; column_border_width=&#8221;none&#8221; column_border_style=&#8221;solid&#8221;]<div class=\"divider-wrap\"><div style=\"height: 200px;\" class=\"divider\"><\/div><\/div>[\/vc_column][\/vc_row]\n","protected":false},"excerpt":{"rendered":"<p>[vc_row type=&#8221;in_container&#8221; full_screen_row_position=&#8221;middle&#8221; scene_position=&#8221;center&#8221; text_color=&#8221;dark&#8221; text_align=&#8221;left&#8221; overlay_strength=&#8221;0.3&#8243; shape_divider_position=&#8221;bottom&#8221;][vc_column centered_text=&#8221;true&#8221; column_padding=&#8221;no-extra-padding&#8221; column_&#8230;<\/p>\n","protected":false},"author":2,"featured_media":575,"parent":51,"menu_order":0,"comment_status":"closed","ping_status":"closed","template":"","meta":{"footnotes":""},"class_list":["post-167","page","type-page","status-publish","has-post-thumbnail","hentry"],"_links":{"self":[{"href":"https:\/\/cityofmercy.lt\/en_GB\/wp-json\/wp\/v2\/pages\/167","targetHints":{"allow":["GET"]}}],"collection":[{"href":"https:\/\/cityofmercy.lt\/en_GB\/wp-json\/wp\/v2\/pages"}],"about":[{"href":"https:\/\/cityofmercy.lt\/en_GB\/wp-json\/wp\/v2\/types\/page"}],"author":[{"embeddable":true,"href":"https:\/\/cityofmercy.lt\/en_GB\/wp-json\/wp\/v2\/users\/2"}],"replies":[{"embeddable":true,"href":"https:\/\/cityofmercy.lt\/en_GB\/wp-json\/wp\/v2\/comments?post=167"}],"version-history":[{"count":40,"href":"https:\/\/cityofmercy.lt\/en_GB\/wp-json\/wp\/v2\/pages\/167\/revisions"}],"predecessor-version":[{"id":5950,"href":"https:\/\/cityofmercy.lt\/en_GB\/wp-json\/wp\/v2\/pages\/167\/revisions\/5950"}],"up":[{"embeddable":true,"href":"https:\/\/cityofmercy.lt\/en_GB\/wp-json\/wp\/v2\/pages\/51"}],"wp:featuredmedia":[{"embeddable":true,"href":"https:\/\/cityofmercy.lt\/en_GB\/wp-json\/wp\/v2\/media\/575"}],"wp:attachment":[{"href":"https:\/\/cityofmercy.lt\/en_GB\/wp-json\/wp\/v2\/media?parent=167"}],"curies":[{"name":"wp","href":"https:\/\/api.w.org\/{rel}","templated":true}]}}