{"id":153,"date":"2017-11-30T16:19:24","date_gmt":"2017-11-30T16:19:24","guid":{"rendered":"http:\/\/cityofmercy.lt\/?page_id=153"},"modified":"2021-05-27T15:51:36","modified_gmt":"2021-05-27T12:51:36","slug":"tabariskiu-sv-arkangelo-mykolo-baznycia","status":"publish","type":"page","link":"https:\/\/cityofmercy.lt\/en_GB\/objektai\/tabariskiu-sv-arkangelo-mykolo-baznycia\/","title":{"rendered":"Church of St. Michael the Archangel in Tabariskes"},"content":{"rendered":"[vc_row type=&#8221;in_container&#8221; full_screen_row_position=&#8221;middle&#8221; scene_position=&#8221;center&#8221; text_color=&#8221;dark&#8221; text_align=&#8221;left&#8221; overlay_strength=&#8221;0.3&#8243; shape_divider_position=&#8221;bottom&#8221;][vc_column column_padding=&#8221;no-extra-padding&#8221; column_padding_position=&#8221;all&#8221; background_color_opacity=&#8221;1&#8243; background_hover_color_opacity=&#8221;1&#8243; column_shadow=&#8221;none&#8221; column_border_radius=&#8221;none&#8221; width=&#8221;1\/1&#8243; tablet_text_alignment=&#8221;default&#8221; phone_text_alignment=&#8221;default&#8221; column_border_width=&#8221;none&#8221; column_border_style=&#8221;solid&#8221;][vc_column_text]\n<h4 style=\"text-align: center;\"><strong>Church of St. Michael the Archangel in Tabariskes\u00a0<\/strong><\/h4>\n[\/vc_column_text]<div class=\"divider-wrap\"><div style=\"margin-top: 25px; height: 1px; margin-bottom: 25px;\" data-width=\"100%\" data-animate=\"\" data-animation-delay=\"\" data-color=\"default\" class=\"divider-border\"><\/div><\/div>[\/vc_column][\/vc_row][vc_row type=&#8221;in_container&#8221; full_screen_row_position=&#8221;middle&#8221; scene_position=&#8221;center&#8221; text_color=&#8221;dark&#8221; text_align=&#8221;left&#8221; overlay_strength=&#8221;0.3&#8243; shape_divider_position=&#8221;bottom&#8221;][vc_column column_padding=&#8221;no-extra-padding&#8221; column_padding_position=&#8221;all&#8221; background_color_opacity=&#8221;1&#8243; background_hover_color_opacity=&#8221;1&#8243; column_shadow=&#8221;none&#8221; column_border_radius=&#8221;none&#8221; top_margin=&#8221;-30&#8243; width=&#8221;1\/1&#8243; tablet_text_alignment=&#8221;default&#8221; phone_text_alignment=&#8221;default&#8221; column_border_width=&#8221;none&#8221; column_border_style=&#8221;solid&#8221;][vc_row_inner column_margin=&#8221;default&#8221; text_align=&#8221;left&#8221;][vc_column_inner column_padding=&#8221;no-extra-padding&#8221; column_padding_position=&#8221;all&#8221; background_color_opacity=&#8221;1&#8243; background_hover_color_opacity=&#8221;1&#8243; column_shadow=&#8221;none&#8221; column_border_radius=&#8221;none&#8221; width=&#8221;1\/2&#8243; column_border_width=&#8221;none&#8221; column_border_style=&#8221;solid&#8221;][nectar_image_with_hotspots image=&#8221;503&#8243; preview=&#8221;https:\/\/cityofmercy.lt\/wp-content\/uploads\/2017\/12\/TABARI\u0160K\u0116S2.jpg&#8221; color_1=&#8221;Accent-Color&#8221; hotspot_icon=&#8221;plus_sign&#8221; tooltip=&#8221;hover&#8221; tooltip_shadow=&#8221;medium_depth&#8221; animation=&#8221;true&#8221;][nectar_hotspot left=&#8221;41.0971363635433%&#8221; top=&#8221;62.463311729191226%&#8221; position=&#8221;right&#8221;]Our Lady of Mount Carmel, also known as Our Lady of Scapular, is situated in the main altar of the church. Even though the current image was created after the monastery had already been closed, its iconography testifies to the tradition of the Carmelites and to their piety to Our Lady of Scapular.[\/nectar_hotspot][\/nectar_image_with_hotspots]<div class=\"divider-wrap\"><div style=\"height: 20px;\" class=\"divider\"><\/div><\/div>[vc_column_text]<b>This Church is included as part of the <\/b><a href=\"https:\/\/cityofmercy.lt\/marsrutai\/gailestingumo-kelias\/\" target=\"_blank\" rel=\"noopener\">Way of Mercy<\/a>.[\/vc_column_text]<div class=\"divider-wrap\"><div style=\"height: 20px;\" class=\"divider\"><\/div><\/div>[vc_column_text]\n<div class=\"wpb_text_column wpb_content_element \" style=\"text-align: justify;\">\n<div class=\"wpb_wrapper\">\n<p>The newly ordained Fr. M. Sopocko was named assistant pastor at St. Michael the Archangel parish in the town of Tabariskes, where he served from 1914 to 1918. He taught religion to young people and children and created the parish choir and library. He also made visits to the nearby villages of Medininkai and Anzadava, where he established new chapels. The town\u2019s main street is named for Bl. M. Sopocko.<\/p>\n<p>The first church in this town is thought to have been built in the early 16th century by Vaitiekus Taboras, after whom the locality is named. But little is known about the fate of that church. The founder of the new Church and monastery was Mykolas Vazinskis, a clerk of the Grand Duchy of Lithuania and a favorite of King Augustus III. The Church, named for its founder\u2019s patron St. Michael the Archangel, was intended from the start to be a family mausoleum, and the Carmelites of the Old Rule residing here were to constantly pray for their benefactors. At the start of the 19th century, the Carmelites were also tasked with caring for the parish. They were the true soul of the parish until the monastery was closed. They ran a school, a hospital, and a shelter for the poor. The Church continued functioning after the monastery was eliminated in 1832.<\/p>\n<p>The only thing that makes this traditional Church building stand out is the undulating gable of its facade, which seeks to imitate the plasticity of stone Baroque structures. But the Church\u2019s interior features abundant carved wooden Baroque altars, as well as brightly colored wood and metal reliquaries of varied shapes and sizes with relics of diverse martyrs and saints. This reflects the deep faith of both ordinary people and nobility during the Baroque era in the intercession and communion of the saints. Old vestments have survived, along with liturgical vessels and a bell that was cast in Vilnius at the start of the 19th century. The altarpieces contain several works of great value. One of the most beautiful paintings is of Christ with a reed.<\/p>\n<\/div>\n<\/div>\n[\/vc_column_text][\/vc_column_inner][vc_column_inner column_padding=&#8221;no-extra-padding&#8221; column_padding_position=&#8221;all&#8221; background_color_opacity=&#8221;1&#8243; background_hover_color_opacity=&#8221;1&#8243; column_shadow=&#8221;none&#8221; column_border_radius=&#8221;none&#8221; width=&#8221;1\/2&#8243; column_border_width=&#8221;none&#8221; column_border_style=&#8221;solid&#8221;]<div class=\"iwithtext\"><div class=\"iwt-icon\"> <i class=\"icon-default-style icon-map-marker accent-color\"><\/i> <\/div><div class=\"iwt-text\"> <a href=\"https:\/\/www.google.com\/maps\/place\/Tabari\u0161ki\u0173+\u0160v.+Arkangelo+Mykolo+ba\u017eny\u010dia\/@54.4389707,25.6057515,17z\/data=!3m1!4b1!4m5!3m4!1s0x46ddcecb289892f3:0xcd298fe1a5e98029!8m2!3d54.4389676!4d25.6079402\" target=\"_blank\" rel=\"noopener\">Tabariskes village, Salcininkai district<\/a> <\/div><div class=\"clear\"><\/div><\/div><div class=\"iwithtext\"><div class=\"iwt-icon\"> <img decoding=\"async\" src=\"https:\/\/cityofmercy.lt\/wp-content\/uploads\/2017\/12\/taurinis.png\" alt=\"\" \/> <\/div><div class=\"iwt-text\"> <strong>Holy Mass (In Polish)<\/strong><br \/>\nSunday \u2013 1 p.m. <\/div><div class=\"clear\"><\/div><\/div>[\/vc_column_inner][\/vc_row_inner][\/vc_column][\/vc_row][vc_row type=&#8221;in_container&#8221; full_screen_row_position=&#8221;middle&#8221; scene_position=&#8221;center&#8221; text_color=&#8221;dark&#8221; text_align=&#8221;left&#8221; overlay_strength=&#8221;0.3&#8243; shape_divider_position=&#8221;bottom&#8221;][vc_column column_padding=&#8221;no-extra-padding&#8221; column_padding_position=&#8221;all&#8221; background_color_opacity=&#8221;1&#8243; background_hover_color_opacity=&#8221;1&#8243; column_shadow=&#8221;none&#8221; column_border_radius=&#8221;none&#8221; width=&#8221;1\/1&#8243; tablet_text_alignment=&#8221;default&#8221; phone_text_alignment=&#8221;default&#8221; column_border_width=&#8221;none&#8221; column_border_style=&#8221;solid&#8221;]<div class=\"divider-wrap\"><div style=\"height: 200px;\" class=\"divider\"><\/div><\/div>[\/vc_column][\/vc_row]\n","protected":false},"excerpt":{"rendered":"<p>[vc_row type=&#8221;in_container&#8221; full_screen_row_position=&#8221;middle&#8221; scene_position=&#8221;center&#8221; text_color=&#8221;dark&#8221; text_align=&#8221;left&#8221; overlay_strength=&#8221;0.3&#8243; shape_divider_position=&#8221;bottom&#8221;][vc_column column_padding=&#8221;no-extra-padding&#8221; column_padding_position=&#8221;all&#8230;<\/p>\n","protected":false},"author":2,"featured_media":283,"parent":38,"menu_order":0,"comment_status":"closed","ping_status":"closed","template":"","meta":{"footnotes":""},"class_list":["post-153","page","type-page","status-publish","has-post-thumbnail","hentry"],"_links":{"self":[{"href":"https:\/\/cityofmercy.lt\/en_GB\/wp-json\/wp\/v2\/pages\/153","targetHints":{"allow":["GET"]}}],"collection":[{"href":"https:\/\/cityofmercy.lt\/en_GB\/wp-json\/wp\/v2\/pages"}],"about":[{"href":"https:\/\/cityofmercy.lt\/en_GB\/wp-json\/wp\/v2\/types\/page"}],"author":[{"embeddable":true,"href":"https:\/\/cityofmercy.lt\/en_GB\/wp-json\/wp\/v2\/users\/2"}],"replies":[{"embeddable":true,"href":"https:\/\/cityofmercy.lt\/en_GB\/wp-json\/wp\/v2\/comments?post=153"}],"version-history":[{"count":41,"href":"https:\/\/cityofmercy.lt\/en_GB\/wp-json\/wp\/v2\/pages\/153\/revisions"}],"predecessor-version":[{"id":5578,"href":"https:\/\/cityofmercy.lt\/en_GB\/wp-json\/wp\/v2\/pages\/153\/revisions\/5578"}],"up":[{"embeddable":true,"href":"https:\/\/cityofmercy.lt\/en_GB\/wp-json\/wp\/v2\/pages\/38"}],"wp:featuredmedia":[{"embeddable":true,"href":"https:\/\/cityofmercy.lt\/en_GB\/wp-json\/wp\/v2\/media\/283"}],"wp:attachment":[{"href":"https:\/\/cityofmercy.lt\/en_GB\/wp-json\/wp\/v2\/media?parent=153"}],"curies":[{"name":"wp","href":"https:\/\/api.w.org\/{rel}","templated":true}]}}