{"id":144,"date":"2017-11-30T16:15:29","date_gmt":"2017-11-30T16:15:29","guid":{"rendered":"http:\/\/cityofmercy.lt\/?page_id=144"},"modified":"2021-05-27T14:14:00","modified_gmt":"2021-05-27T11:14:00","slug":"sv-mikalojaus-baznycia","status":"publish","type":"page","link":"https:\/\/cityofmercy.lt\/en_GB\/objektai\/sv-mikalojaus-baznycia\/","title":{"rendered":"Church of Saint Nicholas"},"content":{"rendered":"[vc_row type=&#8221;in_container&#8221; full_screen_row_position=&#8221;middle&#8221; scene_position=&#8221;center&#8221; text_color=&#8221;dark&#8221; text_align=&#8221;left&#8221; overlay_strength=&#8221;0.3&#8243; shape_divider_position=&#8221;bottom&#8221;][vc_column centered_text=&#8221;true&#8221; column_padding=&#8221;no-extra-padding&#8221; column_padding_position=&#8221;all&#8221; background_color_opacity=&#8221;1&#8243; background_hover_color_opacity=&#8221;1&#8243; column_shadow=&#8221;none&#8221; column_border_radius=&#8221;none&#8221; width=&#8221;1\/1&#8243; tablet_text_alignment=&#8221;default&#8221; phone_text_alignment=&#8221;default&#8221; column_border_width=&#8221;none&#8221; column_border_style=&#8221;solid&#8221;][vc_column_text]\n<h4><strong>Church of Saint Nicholas<\/strong><\/h4>\n[\/vc_column_text]<div class=\"divider-wrap\"><div style=\"margin-top: 25px; height: 1px; margin-bottom: 25px;\" data-width=\"100%\" data-animate=\"\" data-animation-delay=\"\" data-color=\"default\" class=\"divider-border\"><\/div><\/div>[\/vc_column][\/vc_row][vc_row type=&#8221;in_container&#8221; full_screen_row_position=&#8221;middle&#8221; scene_position=&#8221;center&#8221; text_color=&#8221;dark&#8221; text_align=&#8221;left&#8221; overlay_strength=&#8221;0.3&#8243; shape_divider_position=&#8221;bottom&#8221;][vc_column column_padding=&#8221;no-extra-padding&#8221; column_padding_position=&#8221;all&#8221; background_color_opacity=&#8221;1&#8243; background_hover_color_opacity=&#8221;1&#8243; column_shadow=&#8221;none&#8221; column_border_radius=&#8221;none&#8221; top_margin=&#8221;-30&#8243; width=&#8221;1\/1&#8243; tablet_text_alignment=&#8221;default&#8221; phone_text_alignment=&#8221;default&#8221; column_border_width=&#8221;none&#8221; column_border_style=&#8221;solid&#8221;][vc_row_inner column_margin=&#8221;default&#8221; text_align=&#8221;left&#8221;][vc_column_inner column_padding=&#8221;no-extra-padding&#8221; column_padding_position=&#8221;all&#8221; background_color_opacity=&#8221;1&#8243; background_hover_color_opacity=&#8221;1&#8243; column_shadow=&#8221;none&#8221; column_border_radius=&#8221;none&#8221; width=&#8221;1\/2&#8243; column_border_width=&#8221;none&#8221; column_border_style=&#8221;solid&#8221;][nectar_image_with_hotspots image=&#8221;495&#8243; preview=&#8221;https:\/\/cityofmercy.lt\/wp-content\/uploads\/2017\/12\/MIKALOJAUS4.jpg&#8221; color_1=&#8221;Accent-Color&#8221; hotspot_icon=&#8221;plus_sign&#8221; tooltip=&#8221;hover&#8221; tooltip_shadow=&#8221;medium_depth&#8221; animation=&#8221;true&#8221;][nectar_hotspot left=&#8221;35.601%&#8221; top=&#8221;42.5183%&#8221; position=&#8221;right&#8221;]In 1959, a sculpture by Antanas Kmieliauskas of the patron saint of Vilnius, Saint Christopher, was erected near the Church. In a way it was an act of resistance, because the City emblem depicting this Saint had been banned by the Soviet regime. The sculptor was suspended from the Artists\u2018 Association, but the sculpture remained standing.[\/nectar_hotspot][nectar_hotspot left=&#8221;83.1866%&#8221; top=&#8221;46.2435%&#8221; position=&#8221;left&#8221;]When the Vilnius Cathedral Basilica was closed during the Soviet period and the curia of the Vilnius Archdiocese was established in Saint Nicholas\u2019s parochial house, this church performed the functions of pro-cathedral.[\/nectar_hotspot][\/nectar_image_with_hotspots]<div class=\"divider-wrap\"><div style=\"height: 20px;\" class=\"divider\"><\/div><\/div>[vc_column_text]<b>This Church is included as part of the following itinerary: <\/b><a href=\"https:\/\/cityofmercy.lt\/marsrutai\/marijos-gerbimo-vietos\/\" target=\"_blank\" rel=\"noopener\">Places of Veneration of Our Lady<\/a>[\/vc_column_text]<div class=\"divider-wrap\"><div style=\"height: 20px;\" class=\"divider\"><\/div><\/div>[vc_column_text]\n<div class=\"wpb_text_column wpb_content_element \" style=\"text-align: justify;\">\n<div class=\"wpb_wrapper\">\n<p>This is the oldest Church in Vilnius, mentioned for the first time in historical sources in 1320 when Grand Duke Gediminas invited Christian European craftsmen and merchants to come to Vilnius. In his letter to the Franciscans in 1323, he wrote that a Church was built for them in Vilnius. The fact that the Church was associated with the arrival of merchants in the City is evidenced by its title of Saint Bishop Nicholas of Myra, who was considered a patron of travelers, merchants, craftsmen, prisoners of war, and children.<\/p>\n<p>The Church\u2019s brickwork was completed between 1382-1387. The project was overseen and financed by J. Jaunius (Janulis), the vicegerent of the Grand Duchy of Lithuania in Vilnius. The archaic Early Gothic architectural lines of the Church confirm this timeframe of the construction. The Church has been reconstructed and renewed several times, and as a result, its interior (vaulted ceilings, altars) represents the Late Gothic style of the 16th century and the Late Baroque architectural forms of the middle of the 18th century.<\/p>\n<p>The Church is divided into three naves by graceful pillars, which uphold starry vaults. Crucified Jesus is above the great altar; above the left altar hangs a painting of St. Nicholas; and the right altar features a wooden painted image of Our Lady of Sorrows, adorned with goldplated metal coverings.<\/p>\n<p>Between 1901-1939, the Church of Saint Nicholas was the only church in Vilnius where worship services were conducted in Lithuanian, so it became known as a source of Lithuanian culture. In 1930, a memorial dedicated to the 500th anniversary of the death of Vytautas the Great, was erected at this Church. In the post-war years, after Vilnius Archcathedral Basilica was shut down, St. Nicholas served as a pro-cathedral. In 1959, a sculpture of the patron saint of Vilnius, Saint Christopher, by sculptor Antanas Kmieliauskas, was erected near the Church. In a way, it was an act of resistance because the City emblem depicting this Saint had been banned by the Soviet regime.<\/p>\n<\/div>\n<\/div>\n[\/vc_column_text][\/vc_column_inner][vc_column_inner column_padding=&#8221;no-extra-padding&#8221; column_padding_position=&#8221;all&#8221; background_color_opacity=&#8221;1&#8243; background_hover_color_opacity=&#8221;1&#8243; column_shadow=&#8221;none&#8221; column_border_radius=&#8221;none&#8221; width=&#8221;1\/2&#8243; column_border_width=&#8221;none&#8221; column_border_style=&#8221;solid&#8221;]<div class=\"iwithtext\"><div class=\"iwt-icon\"> <i class=\"icon-default-style icon-map-marker accent-color\"><\/i> <\/div><div class=\"iwt-text\"> <a href=\"https:\/\/www.google.com\/maps\/place\/Vilniaus+\u0160v.+Mikalojaus+ba\u017eny\u010dia\/@54.6782005,25.2806172,17z\/data=!3m1!4b1!4m5!3m4!1s0x46dd9414c2cdfaf1:0xf0afa821ff427298!8m2!3d54.6781974!4d25.2828059\" target=\"_blank\" rel=\"noopener\">Sv. Mikalojaus St. 4, Vilnius<\/a> <\/div><div class=\"clear\"><\/div><\/div><div class=\"iwithtext\"><div class=\"iwt-icon\"> <i class=\"icon-default-style icon-time accent-color\"><\/i> <\/div><div class=\"iwt-text\"> <b>Church is opened<\/b><br \/>\nMonday\u2013Friday \u2013 3.30 p.m.\u20136.30 p.m.<br \/>\nSunday \u2013 7.15 a.m.\u20133 p.m. <\/div><div class=\"clear\"><\/div><\/div><div class=\"iwithtext\"><div class=\"iwt-icon\"> <img decoding=\"async\" src=\"https:\/\/cityofmercy.lt\/wp-content\/uploads\/2017\/12\/taurinis.png\" alt=\"\" \/> <\/div><div class=\"iwt-text\"> <strong>Holy Mass (in Lithuanian)<\/strong><br \/>\nMonday\u2013Friday \u2013 6 p.m.<br \/>\nSaturday (and national holidays) \u2013 9 a.m.<br \/>\nSunday \u2013 8 a.m., 10 a.m. (with translation to sign language), 2 p.m. <\/div><div class=\"clear\"><\/div><\/div><div class=\"iwithtext\"><div class=\"iwt-icon\"> <i class=\"icon-default-style icon-phone accent-color\"><\/i> <\/div><div class=\"iwt-text\"> +370 5 262 3069 <\/div><div class=\"clear\"><\/div><\/div><div class=\"iwithtext\"><div class=\"iwt-icon\"> <i class=\"icon-default-style icon-globe accent-color\"><\/i> <\/div><div class=\"iwt-text\"> <a href=\"http:\/\/www.mikalojus.lt\" target=\"_blank\" rel=\"noopener\">www.mikalojus.lt<\/a> <\/div><div class=\"clear\"><\/div><\/div>[\/vc_column_inner][\/vc_row_inner][\/vc_column][\/vc_row][vc_row type=&#8221;in_container&#8221; full_screen_row_position=&#8221;middle&#8221; scene_position=&#8221;center&#8221; text_color=&#8221;dark&#8221; text_align=&#8221;left&#8221; overlay_strength=&#8221;0.3&#8243; shape_divider_position=&#8221;bottom&#8221;][vc_column column_padding=&#8221;no-extra-padding&#8221; column_padding_position=&#8221;all&#8221; background_color_opacity=&#8221;1&#8243; background_hover_color_opacity=&#8221;1&#8243; column_shadow=&#8221;none&#8221; column_border_radius=&#8221;none&#8221; width=&#8221;1\/1&#8243; tablet_text_alignment=&#8221;default&#8221; phone_text_alignment=&#8221;default&#8221; column_border_width=&#8221;none&#8221; column_border_style=&#8221;solid&#8221;]<div class=\"divider-wrap\"><div style=\"height: 200px;\" class=\"divider\"><\/div><\/div>[\/vc_column][\/vc_row]\n","protected":false},"excerpt":{"rendered":"<p>[vc_row type=&#8221;in_container&#8221; full_screen_row_position=&#8221;middle&#8221; scene_position=&#8221;center&#8221; text_color=&#8221;dark&#8221; text_align=&#8221;left&#8221; overlay_strength=&#8221;0.3&#8243; shape_divider_position=&#8221;bottom&#8221;][vc_column centered_text=&#8221;true&#8221; column_padding=&#8221;no-extra-padding&#8221; column_&#8230;<\/p>\n","protected":false},"author":2,"featured_media":0,"parent":38,"menu_order":0,"comment_status":"closed","ping_status":"closed","template":"","meta":{"footnotes":""},"class_list":["post-144","page","type-page","status-publish","hentry"],"_links":{"self":[{"href":"https:\/\/cityofmercy.lt\/en_GB\/wp-json\/wp\/v2\/pages\/144","targetHints":{"allow":["GET"]}}],"collection":[{"href":"https:\/\/cityofmercy.lt\/en_GB\/wp-json\/wp\/v2\/pages"}],"about":[{"href":"https:\/\/cityofmercy.lt\/en_GB\/wp-json\/wp\/v2\/types\/page"}],"author":[{"embeddable":true,"href":"https:\/\/cityofmercy.lt\/en_GB\/wp-json\/wp\/v2\/users\/2"}],"replies":[{"embeddable":true,"href":"https:\/\/cityofmercy.lt\/en_GB\/wp-json\/wp\/v2\/comments?post=144"}],"version-history":[{"count":49,"href":"https:\/\/cityofmercy.lt\/en_GB\/wp-json\/wp\/v2\/pages\/144\/revisions"}],"predecessor-version":[{"id":6037,"href":"https:\/\/cityofmercy.lt\/en_GB\/wp-json\/wp\/v2\/pages\/144\/revisions\/6037"}],"up":[{"embeddable":true,"href":"https:\/\/cityofmercy.lt\/en_GB\/wp-json\/wp\/v2\/pages\/38"}],"wp:attachment":[{"href":"https:\/\/cityofmercy.lt\/en_GB\/wp-json\/wp\/v2\/media?parent=144"}],"curies":[{"name":"wp","href":"https:\/\/api.w.org\/{rel}","templated":true}]}}