{"id":128,"date":"2017-11-30T16:08:09","date_gmt":"2017-11-30T16:08:09","guid":{"rendered":"http:\/\/cityofmercy.lt\/?page_id=128"},"modified":"2021-05-27T17:30:38","modified_gmt":"2021-05-27T14:30:38","slug":"sv-arkangelo-rapolo-baznycia","status":"publish","type":"page","link":"https:\/\/cityofmercy.lt\/en_GB\/objektai\/sv-arkangelo-rapolo-baznycia\/","title":{"rendered":"St. Raphael the Archangel Church"},"content":{"rendered":"[vc_row type=&#8221;in_container&#8221; full_screen_row_position=&#8221;middle&#8221; scene_position=&#8221;center&#8221; text_color=&#8221;dark&#8221; text_align=&#8221;left&#8221; overlay_strength=&#8221;0.3&#8243; shape_divider_position=&#8221;bottom&#8221;][vc_column centered_text=&#8221;true&#8221; column_padding=&#8221;no-extra-padding&#8221; column_padding_position=&#8221;all&#8221; background_color_opacity=&#8221;1&#8243; background_hover_color_opacity=&#8221;1&#8243; column_shadow=&#8221;none&#8221; column_border_radius=&#8221;none&#8221; width=&#8221;1\/1&#8243; tablet_text_alignment=&#8221;default&#8221; phone_text_alignment=&#8221;default&#8221; column_border_width=&#8221;none&#8221; column_border_style=&#8221;solid&#8221;][vc_column_text]\n<h4><strong>St. Raphael the Archangel Church<\/strong><\/h4>\n[\/vc_column_text]<div class=\"divider-wrap\"><div style=\"margin-top: 25px; height: 1px; margin-bottom: 25px;\" data-width=\"100%\" data-animate=\"\" data-animation-delay=\"\" data-color=\"default\" class=\"divider-border\"><\/div><\/div>[\/vc_column][\/vc_row][vc_row type=&#8221;in_container&#8221; full_screen_row_position=&#8221;middle&#8221; scene_position=&#8221;center&#8221; text_color=&#8221;dark&#8221; text_align=&#8221;left&#8221; overlay_strength=&#8221;0.3&#8243; shape_divider_position=&#8221;bottom&#8221;][vc_column column_padding=&#8221;no-extra-padding&#8221; column_padding_position=&#8221;all&#8221; background_color_opacity=&#8221;1&#8243; background_hover_color_opacity=&#8221;1&#8243; column_shadow=&#8221;none&#8221; column_border_radius=&#8221;none&#8221; top_margin=&#8221;-30&#8243; width=&#8221;1\/1&#8243; tablet_text_alignment=&#8221;default&#8221; phone_text_alignment=&#8221;default&#8221; column_border_width=&#8221;none&#8221; column_border_style=&#8221;solid&#8221;][vc_row_inner column_margin=&#8221;default&#8221; text_align=&#8221;left&#8221;][vc_column_inner column_padding=&#8221;no-extra-padding&#8221; column_padding_position=&#8221;all&#8221; background_color_opacity=&#8221;1&#8243; background_hover_color_opacity=&#8221;1&#8243; column_shadow=&#8221;none&#8221; column_border_radius=&#8221;none&#8221; width=&#8221;1\/2&#8243; column_border_width=&#8221;none&#8221; column_border_style=&#8221;solid&#8221;][nectar_image_with_hotspots image=&#8221;278&#8243; preview=&#8221;https:\/\/cityofmercy.lt\/wp-content\/uploads\/2017\/12\/RAPOLO.jpg&#8221; color_1=&#8221;Accent-Color&#8221; hotspot_icon=&#8221;plus_sign&#8221; tooltip=&#8221;hover&#8221; tooltip_shadow=&#8221;medium_depth&#8221; animation=&#8221;true&#8221;][nectar_hotspot left=&#8221;11.114566058595909%&#8221; top=&#8221;70.55391238572501%&#8221; position=&#8221;right&#8221;]The Church of Saint Raphael and the Jesuit House of Tertianship, for the monks of this order preparing to take their final solemn vows, were established in \u0160nipi\u0161k\u0117s. Today the Department of Cultural Heritage and other institutions are located in the territory of the monastery.[\/nectar_hotspot][\/nectar_image_with_hotspots]<div class=\"divider-wrap\"><div style=\"height: 20px;\" class=\"divider\"><\/div><\/div>[vc_column_text]<strong>This Church is included as part of the following itinerariy:<\/strong> <a href=\"http:\/\/cityofmercy.lt\/marsrutai\/jezuitai-vilniuje\/\" target=\"_blank\" rel=\"noopener\">Jesuits in Vilnius<\/a>[\/vc_column_text]<div class=\"divider-wrap\"><div style=\"height: 20px;\" class=\"divider\"><\/div><\/div>[vc_column_text]\n<div class=\"wpb_text_column wpb_content_element \" style=\"text-align: right;\">\n<div class=\"wpb_wrapper\">\n<p style=\"text-align: justify;\">In the monastery near St. Raphael the Archangel Church lived those Jesuits, who were preparing to take their final vows. The monastery and the Church ensemble is built in the Vilnius suburb of Snipiskes. Nearby was a small hill known for its miraculous wayside shrine, containing a statue of Christ Carrying the Cross, which was erected around 1710 during the outbreak of plague in Vilnius.<\/p>\n<p style=\"text-align: justify;\">St. Raphael Church was consecrated in 1730. After the suppression of the Society of Jesus in 1773, the Church and the monastery were given to the Order of Piarists, whose goal was the Christian education of youth in schools. In 1791 the Church was transferred to Pilaites parish. Army barracks were set up in the monastery, and the Church was turned into a warehouse. The Church was returned to Catholics in 1860. The monastery was reconstructed in 1974 with its original appearance partially restored. The Department of Cultural Heritage of Lithuania is currently located in the monastery.<\/p>\n<p style=\"text-align: justify;\">The Church was constructed in Baroque-style as a rectangular tripartite basilica. Its interior contains nine remaining altars. Some more notable 17th-century paintings, reminiscent of Jesuit times, can be seen in this Church: \u201cSt. Ignatius Loyola\u201d, \u201cSt. Francis Xavier\u201d and the image of Joseph Calasanz, the founder of the Piarists. The main altar painting depicts St. Raphael the Archangel, escorting young Tobias home from a difficult journey.<\/p>\n<p style=\"text-align: justify;\">On August 14th, 1904, the President of the Republic of Lithuania Antanas Smetona and Sofia Chodakauskaite \u2013 Smetoniene were married at St. Raphael\u2019s.<\/p>\n<\/div>\n<\/div>\n[\/vc_column_text][\/vc_column_inner][vc_column_inner column_padding=&#8221;no-extra-padding&#8221; column_padding_position=&#8221;all&#8221; background_color_opacity=&#8221;1&#8243; background_hover_color_opacity=&#8221;1&#8243; column_shadow=&#8221;none&#8221; column_border_radius=&#8221;none&#8221; width=&#8221;1\/2&#8243; column_border_width=&#8221;none&#8221; column_border_style=&#8221;solid&#8221;]<div class=\"iwithtext\"><div class=\"iwt-icon\"> <i class=\"icon-default-style icon-map-marker accent-color\"><\/i> <\/div><div class=\"iwt-text\"> <a href=\"https:\/\/goo.gl\/maps\/A9dM7oP51U33qbZy5\" target=\"_blank\" rel=\"noopener\">\u0160nipi\u0161ki\u0173 St. 1, Vilnius<\/a> <\/div><div class=\"clear\"><\/div><\/div><div class=\"iwithtext\"><div class=\"iwt-icon\"> <i class=\"icon-default-style icon-time accent-color\"><\/i> <\/div><div class=\"iwt-text\"> <strong>Church is opened<\/strong><br \/>\nMonday\u2013Friday \u2013 6.30 a.m.\u20131 p.m., 3 p.m.\u20136.30 p.m.<br \/>\nSaturday \u2013 8.30 a.m.\u20131 p.m., 3 p.m.\u20137 p.m.<br \/>\nSunday \u2013 6.30 a.m.\u20132.30 p.m., 4 p.m.\u20137 p.m.  <\/div><div class=\"clear\"><\/div><\/div><div class=\"iwithtext\"><div class=\"iwt-icon\"> <img decoding=\"async\" src=\"https:\/\/cityofmercy.lt\/wp-content\/uploads\/2017\/12\/taurinis.png\" alt=\"\" \/> <\/div><div class=\"iwt-text\"> <strong>Holy Mass (in Lithuanian)<\/strong><br \/>\n<strong>October\u2013May<\/strong><br \/>\nMonday\u2013Friday \u2013 7 a.m., 5 p.m.<br \/>\nSaturday\u00a0\u2013 9 a.m., 5 p.m.<br \/>\nSunday \u2013 7 a.m., 10.30 a.m., 11.30 a.m., 5 p.m.<\/p>\n<p><strong>June\u2013September<\/strong><br \/>\nMonday\u2013Friday \u2013 7 a.m., 5 p.m.<br \/>\nSaturday\u00a0\u2013 9 a.m., 5 p.m.<br \/>\nSunday \u2013 7 a.m., 11.30 a.m., 5 p.m.<\/p>\n <\/div><div class=\"clear\"><\/div><\/div><div class=\"iwithtext\"><div class=\"iwt-icon\">  <\/div><div class=\"iwt-text\"> <strong>Holy Mass (in Polish)<\/strong><br \/>\n<strong>October\u2013May<\/strong><br \/>\nMonday\u2013Thursday \u2013 7.30 a.m., 6 p.m.<br \/>\nFriday \u2013 7.30 a.m., 1 p.m.<br \/>\nSaturday \u2013 10 a.m., 6 p.m.<br \/>\nSunday \u2013 8 a.m., 9 a.m., 1 p.m., 6 p.m.<\/p>\n<p><strong>June\u2013September<\/strong><br \/>\nMonday\u2013Thursday \u2013 7.30 a.m., 6 p.m.<br \/>\nFriday \u2013 7.30 a.m., 1 p.m.<br \/>\nSaturday \u2013 10 a.m., 6 p.m.<br \/>\nSunday \u2013 9 a.m., 1 p.m., 6 p.m. <\/div><div class=\"clear\"><\/div><\/div><div class=\"iwithtext\"><div class=\"iwt-icon\"> <i class=\"icon-default-style icon-phone accent-color\"><\/i> <\/div><div class=\"iwt-text\"> +370 5 272 4164 <\/div><div class=\"clear\"><\/div><\/div><div class=\"iwithtext\"><div class=\"iwt-icon\"> <i class=\"icon-default-style icon-globe accent-color\"><\/i> <\/div><div class=\"iwt-text\"> <a href=\"http:\/\/rapoloparapija.lt\/\" target=\"_blank\" rel=\"noopener\">rapoloparapija.lt<\/a> <\/div><div class=\"clear\"><\/div><\/div>[\/vc_column_inner][\/vc_row_inner][\/vc_column][\/vc_row][vc_row type=&#8221;in_container&#8221; full_screen_row_position=&#8221;middle&#8221; scene_position=&#8221;center&#8221; text_color=&#8221;dark&#8221; text_align=&#8221;left&#8221; overlay_strength=&#8221;0.3&#8243; shape_divider_position=&#8221;bottom&#8221;][vc_column column_padding=&#8221;no-extra-padding&#8221; column_padding_position=&#8221;all&#8221; background_color_opacity=&#8221;1&#8243; background_hover_color_opacity=&#8221;1&#8243; column_shadow=&#8221;none&#8221; column_border_radius=&#8221;none&#8221; width=&#8221;1\/1&#8243; tablet_text_alignment=&#8221;default&#8221; phone_text_alignment=&#8221;default&#8221; column_border_width=&#8221;none&#8221; column_border_style=&#8221;solid&#8221;]<div class=\"divider-wrap\"><div style=\"height: 200px;\" class=\"divider\"><\/div><\/div>[\/vc_column][\/vc_row]\n","protected":false},"excerpt":{"rendered":"<p>[vc_row type=&#8221;in_container&#8221; full_screen_row_position=&#8221;middle&#8221; scene_position=&#8221;center&#8221; text_color=&#8221;dark&#8221; text_align=&#8221;left&#8221; overlay_strength=&#8221;0.3&#8243; shape_divider_position=&#8221;bottom&#8221;][vc_column centered_text=&#8221;true&#8221; column_padding=&#8221;no-extra-padding&#8221; column_&#8230;<\/p>\n","protected":false},"author":2,"featured_media":278,"parent":38,"menu_order":0,"comment_status":"closed","ping_status":"closed","template":"","meta":{"footnotes":""},"class_list":["post-128","page","type-page","status-publish","has-post-thumbnail","hentry"],"_links":{"self":[{"href":"https:\/\/cityofmercy.lt\/en_GB\/wp-json\/wp\/v2\/pages\/128","targetHints":{"allow":["GET"]}}],"collection":[{"href":"https:\/\/cityofmercy.lt\/en_GB\/wp-json\/wp\/v2\/pages"}],"about":[{"href":"https:\/\/cityofmercy.lt\/en_GB\/wp-json\/wp\/v2\/types\/page"}],"author":[{"embeddable":true,"href":"https:\/\/cityofmercy.lt\/en_GB\/wp-json\/wp\/v2\/users\/2"}],"replies":[{"embeddable":true,"href":"https:\/\/cityofmercy.lt\/en_GB\/wp-json\/wp\/v2\/comments?post=128"}],"version-history":[{"count":56,"href":"https:\/\/cityofmercy.lt\/en_GB\/wp-json\/wp\/v2\/pages\/128\/revisions"}],"predecessor-version":[{"id":6762,"href":"https:\/\/cityofmercy.lt\/en_GB\/wp-json\/wp\/v2\/pages\/128\/revisions\/6762"}],"up":[{"embeddable":true,"href":"https:\/\/cityofmercy.lt\/en_GB\/wp-json\/wp\/v2\/pages\/38"}],"wp:featuredmedia":[{"embeddable":true,"href":"https:\/\/cityofmercy.lt\/en_GB\/wp-json\/wp\/v2\/media\/278"}],"wp:attachment":[{"href":"https:\/\/cityofmercy.lt\/en_GB\/wp-json\/wp\/v2\/media?parent=128"}],"curies":[{"name":"wp","href":"https:\/\/api.w.org\/{rel}","templated":true}]}}